{"id":39200,"date":"2025-03-23T15:04:57","date_gmt":"2025-03-23T06:04:57","guid":{"rendered":"https:\/\/listman.shop\/autoparts-br\/product\/1005007238749508\/"},"modified":"2026-05-07T20:21:05","modified_gmt":"2026-05-07T11:21:05","slug":"1005007238749508","status":"publish","type":"product","link":"https:\/\/listman.shop\/autoparts-br\/product\/1005007238749508\/","title":{"rendered":"Genu\u00edno no : 94749639   Resist\u00eancia do motor do ventilador do ventilador do radiador se encaixa Chevrolet Cruze 1.8L Opel Astra Zafira, Vectra 2006 3134503108"},"content":{"rendered":"<div class=\"detailmodule_html\">\n<div class=\"detail-desc-decorate-richtext\">\n<div class=\"detailmodule_html\">\n<div class=\"detail-desc-decorate-richtext\">\n<div style=\"font-size:large\"><span style=\"font-family:arial\"><span style=\"font-size:28px\"><strong>OEM N\u00c3O.:<\/strong><\/span><\/span><span style=\"font-size:22px\"><span>94749639<\/span><\/span><\/div>\n<div style=\"font-family:arial;font-size:medium\"><\/div>\n<div style=\"font-family:arial;font-size:large\">\n<div style=\"font-size:small\"><span style=\"font-size:14px\"><strong>HONGWIN AUTO PE\u00c7AS CO., LTD.CHINA<\/strong><\/span><\/div>\n<div style=\"font-size:small\"><\/div>\n<div style=\"font-size:small\"><span style=\"font-size:14px\"><strong>Grande quantidade \u00e9 aceit\u00e1vel!BEM-VINDO ATACADO, PRE\u00c7O ATACADO.<\/strong><\/span><\/div>\n<div style=\"font-size:small\"><\/div>\n<div style=\"font-size:small\"><span style=\"font-size:14px\">GARANTIA: UM ANO, DESENVOLVERE MOUDLE DE ACORDO \u00c0 AMOSTRA ORIGINAL, QUALIDADE ORIGINAL.<\/span><\/div>\n<\/div>\n<p style=\"font-family:arial;font-size:large\"><span style=\"font-size:18px\">USO PARA ABAIXO:<\/span><\/p>\n<p style=\"font-family:arial;font-size:large\"><span>Chevrolet Cruze 1,8L Opel Astra Zafira,Vectra<\/span><\/p>\n<p style=\"font-family:arial;font-size:large\"><img data-recalc-dims=\"1\" decoding=\"async\" src=\"https:\/\/i0.wp.com\/ae01.alicdn.com\/kf\/S38f753d2584640909f358a58c1fa5f28q.jpg?w=1200&#038;ssl=1\"><\/p>\n<div style=\"font-family:Arial;font-size:large\"><\/div>\n<div style=\"font-family:Arial;font-size:large\"><\/div>\n<p><\/p>\n<\/div>\n<\/div>\n<p><\/p>\n<\/div>\n<\/div>\n","protected":false},"excerpt":{"rendered":"<p>OEM N\u00c3O.:94749639 HONGWIN AUTO PE\u00c7AS CO., LTD.CHINA Grande quantidade \u00e9 aceit\u00e1vel!BEM-VINDO ATACADO, PRE\u00c7O ATACADO. GARANTIA: UM ANO, DESENVOLVERE MOUDLE DE ACORDO \u00c0 AMOSTRA ORIGINAL, QUALIDADE ORIGINAL. USO PARA ABAIXO: Chevrolet Cruze 1,8L Opel Astra Zafira,Vectra<\/p>\n","protected":false},"featured_media":39194,"template":"","meta":{"neve_meta_sidebar":"","neve_meta_container":"","neve_meta_enable_content_width":"","neve_meta_content_width":0,"neve_meta_title_alignment":"","neve_meta_author_avatar":"","neve_post_elements_order":"","neve_meta_disable_header":"","neve_meta_disable_footer":"","neve_meta_disable_title":""},"product_brand":[],"product_cat":[139,32,17],"product_tag":[],"class_list":{"0":"post-39200","1":"product","2":"type-product","3":"status-publish","4":"has-post-thumbnail","6":"product_cat-ar-condicionado-e-temperatura","7":"product_cat-equipamentos-eletricos","8":"product_cat-pecas-e-acessorios-automotivos","10":"first","11":"instock","12":"shipping-taxable","13":"purchasable","14":"product-type-variable"},"jetpack_sharing_enabled":true,"_links":{"self":[{"href":"https:\/\/listman.shop\/autoparts-br\/wp-json\/wp\/v2\/product\/39200","targetHints":{"allow":["GET"]}}],"collection":[{"href":"https:\/\/listman.shop\/autoparts-br\/wp-json\/wp\/v2\/product"}],"about":[{"href":"https:\/\/listman.shop\/autoparts-br\/wp-json\/wp\/v2\/types\/product"}],"wp:featuredmedia":[{"embeddable":true,"href":"https:\/\/listman.shop\/autoparts-br\/wp-json\/wp\/v2\/media\/39194"}],"wp:attachment":[{"href":"https:\/\/listman.shop\/autoparts-br\/wp-json\/wp\/v2\/media?parent=39200"}],"wp:term":[{"taxonomy":"product_brand","embeddable":true,"href":"https:\/\/listman.shop\/autoparts-br\/wp-json\/wp\/v2\/product_brand?post=39200"},{"taxonomy":"product_cat","embeddable":true,"href":"https:\/\/listman.shop\/autoparts-br\/wp-json\/wp\/v2\/product_cat?post=39200"},{"taxonomy":"product_tag","embeddable":true,"href":"https:\/\/listman.shop\/autoparts-br\/wp-json\/wp\/v2\/product_tag?post=39200"}],"curies":[{"name":"wp","href":"https:\/\/api.w.org\/{rel}","templated":true}]}}