{"id":39250,"date":"2025-03-23T15:06:35","date_gmt":"2025-03-23T06:06:35","guid":{"rendered":"https:\/\/listman.shop\/autoparts-br\/product\/1005007921822312\/"},"modified":"2026-04-14T12:44:16","modified_gmt":"2026-04-14T03:44:16","slug":"1005007921822312","status":"publish","type":"product","link":"https:\/\/listman.shop\/autoparts-br\/product\/1005007921822312\/","title":{"rendered":"W636 w639 painel dianteiro do carro central esquerda direita ar condicionado ac ventila\u00e7\u00e3o grill capa para mercedes benz vito viano 6366800800"},"content":{"rendered":"<div class=\"detailmodule_html\">\n<div class=\"detail-desc-decorate-richtext\">\n<p><span style=\"font-size:18px\"><strong>Nome do produto:<\/strong><\/span><span style=\"font-size:18px\">W636 W639 Painel dianteiro do carro Central Esquerda Direita Ar Condicionado Ac Vent Grill Capa Para Mercedes Benz Vito Viano6366800800<\/span><\/p>\n<p><\/p>\n<p><span style=\"font-size:18px\"><strong>Montagem:<\/strong><\/span><\/p>\n<p><span style=\"font-size:18px\">Para Mercedes-BENZ Viano W636 2004-2015<\/span><\/p>\n<p><span style=\"font-size:18px\">Para Mercedes-BENZ Vito W639 2004-2015<\/span><\/p>\n<p><span style=\"font-size:20px\"><strong>LHD e RHD Ambos podem ser usados<\/strong><\/span><\/p>\n<p><\/p>\n<p><span style=\"font-size:18px\"><strong>OE N\u00c3O.:<\/strong><\/span><\/p>\n<p><span style=\"font-size:18px\">Modelo Padr\u00e3o Central A: 636 680 0800<\/span><\/p>\n<p><span style=\"font-size:18px\">Modelo central de \u00faltima gera\u00e7\u00e3o B: 636 680 1000<\/span><\/p>\n<p><span style=\"font-size:18px\">Esquerda: 636 830 0300<\/span><\/p>\n<p><span style=\"font-size:18px\">Direita: 636 830 0200<\/span><\/p>\n<p><span style=\"font-size:18px\"><br \/><\/span><\/p>\n<p><span style=\"font-size:18px\"><strong>Cor:<\/strong><\/span><span style=\"font-size:18px\">Preto<\/span><\/p>\n<p><span style=\"font-size:18px\"><br \/><\/span><\/p>\n<p><span style=\"font-size:18px;font-family:tahoma, geneva, sans-serif\"><span style=\"font-size:18px\"><strong>Material:<\/strong><\/span><\/span><span style=\"font-size:18px\">PC e ABS, revestimento emborrachado.<\/span><\/p>\n<p><\/p>\n<p><span style=\"font-size:18px\"><strong>Caracter\u00edsticas:<\/strong><\/span><span style=\"font-size:18px\">Produto 100% novo, design atualizado para o painel de cobertura de sa\u00edda da grade de ventila\u00e7\u00e3o CA, mais dur\u00e1vel que a pe\u00e7a original, substitua a pe\u00e7a original para instalar diretamente.<\/span><\/p>\n<p><\/p>\n<p><img data-recalc-dims=\"1\" decoding=\"async\" src=\"https:\/\/i0.wp.com\/ae01.alicdn.com\/kf\/Sffe1fc64fa484e2b88138cb8b6265dedO.png?w=1200&#038;ssl=1\"><img data-recalc-dims=\"1\" decoding=\"async\" src=\"https:\/\/i0.wp.com\/ae01.alicdn.com\/kf\/S5398d1e1e90c4d02823ba145cf6f2e76p.png?w=1200&#038;ssl=1\"><img data-recalc-dims=\"1\" decoding=\"async\" src=\"https:\/\/i0.wp.com\/ae01.alicdn.com\/kf\/Sa2013cf91ff248d79a00823e3110c6ff9.png?w=1200&#038;ssl=1\"><img data-recalc-dims=\"1\" decoding=\"async\" src=\"https:\/\/i0.wp.com\/ae01.alicdn.com\/kf\/S0f8c4917cf0540a99c4862cdef26de53m.png?w=1200&#038;ssl=1\"><img data-recalc-dims=\"1\" decoding=\"async\" src=\"https:\/\/i0.wp.com\/ae01.alicdn.com\/kf\/Sd247d0e222d04698a971f852912bc6e15.png?w=1200&#038;ssl=1\"><img data-recalc-dims=\"1\" decoding=\"async\" src=\"https:\/\/i0.wp.com\/ae01.alicdn.com\/kf\/Sbd95d1c9721d4e24b3c0ecde0fe223a3u.jpg?w=1200&#038;ssl=1\"><img data-recalc-dims=\"1\" decoding=\"async\" src=\"https:\/\/i0.wp.com\/ae01.alicdn.com\/kf\/S8318230169b449e085593233158ea542k.jpg?w=1200&#038;ssl=1\"><img data-recalc-dims=\"1\" decoding=\"async\" src=\"https:\/\/i0.wp.com\/ae01.alicdn.com\/kf\/S06b98f5120c64bbca8d8dc87b298f73ab.png?w=1200&#038;ssl=1\"><img data-recalc-dims=\"1\" decoding=\"async\" src=\"https:\/\/i0.wp.com\/ae01.alicdn.com\/kf\/S6e08bccba4f64a8d89df0faa22f81f3cj.png?w=1200&#038;ssl=1\"><img data-recalc-dims=\"1\" decoding=\"async\" src=\"https:\/\/i0.wp.com\/ae01.alicdn.com\/kf\/S227b84284954466dbcc40b9933240a6bI.jpg?w=1200&#038;ssl=1\"><img data-recalc-dims=\"1\" decoding=\"async\" src=\"https:\/\/i0.wp.com\/ae01.alicdn.com\/kf\/S15b76ec680ef4c2bb1edc61c7c6cb553p.jpg?w=1200&#038;ssl=1\"><img data-recalc-dims=\"1\" decoding=\"async\" src=\"https:\/\/i0.wp.com\/ae01.alicdn.com\/kf\/S31d54df385884f4b8b0e71a865dbd6aeb.png?w=1200&#038;ssl=1\"><img data-recalc-dims=\"1\" decoding=\"async\" src=\"https:\/\/i0.wp.com\/ae01.alicdn.com\/kf\/See24c0ae900f401ab72bf35a8cdec135b.png?w=1200&#038;ssl=1\"><img data-recalc-dims=\"1\" decoding=\"async\" src=\"https:\/\/i0.wp.com\/ae01.alicdn.com\/kf\/Sc16ead38ba0f47ffa1bd566d69ce436aw.png?w=1200&#038;ssl=1\"><img data-recalc-dims=\"1\" decoding=\"async\" src=\"https:\/\/i0.wp.com\/ae01.alicdn.com\/kf\/Sf6e6d2fb32dc458ba2807e8f2596f576W.png?w=1200&#038;ssl=1\"><img data-recalc-dims=\"1\" decoding=\"async\" src=\"https:\/\/i0.wp.com\/ae01.alicdn.com\/kf\/Sa8f0eef818c8403aaa00b477f1282076w.png?w=1200&#038;ssl=1\"><img data-recalc-dims=\"1\" decoding=\"async\" src=\"https:\/\/i0.wp.com\/ae01.alicdn.com\/kf\/S09eac443fa11459292e620a8ae6911c9L.png?w=1200&#038;ssl=1\"><img data-recalc-dims=\"1\" decoding=\"async\" src=\"https:\/\/i0.wp.com\/ae01.alicdn.com\/kf\/Sc375c53f579d4b40b5737ec7f33508b2Q.png?w=1200&#038;ssl=1\"><img data-recalc-dims=\"1\" loading=\"lazy\" decoding=\"async\" width=\"944\" height=\"1259\" src=\"https:\/\/i0.wp.com\/ae01.alicdn.com\/kf\/Scbb9bab2e1624edea28a0eb7ed288b9eO.png?resize=944%2C1259&#038;ssl=1\"><\/p>\n<p><img data-recalc-dims=\"1\" decoding=\"async\" src=\"https:\/\/i0.wp.com\/ae01.alicdn.com\/kf\/Sba38d473a886479697af1d25cba0c8882.jpg?w=1200&#038;ssl=1\"><\/p>\n<p class=\"MsoNormal\"><span style=\"font-size:14px\">*Por favor, verifique a descri\u00e7\u00e3o detalhada do produto e certifique-se de que as pe\u00e7as s\u00e3o adequadas para o seu carro antes de comprar.Se voc\u00ea n\u00e3o conseguir confirmar se a pe\u00e7a cabe no seu carro ou n\u00e3o, entre em contato conosco.Se voc\u00ea encomendou os produtos errados, poder\u00e1 nos devolver, mas precisar\u00e1 pagar o frete.<\/span><\/p>\n<p class=\"MsoNormal\"><span style=\"font-size:14px\">*Embora tenhamos tentado o nosso melhor para garantir que as imagens sejam precisas, devido \u00e0 diferen\u00e7a de luz e tela, a cor do produto pode ser ligeiramente diferente da imagem.Mercadoria real para prevalecer em esp\u00e9cie.<\/span><\/p>\n<p class=\"MsoNormal\"><span style=\"font-size:14px\">*Por favor, confirme os endere\u00e7os de entrega, tel.N\u00e3o., o nome do destinat\u00e1rio e o ID fiscal s\u00e3o detalhados e exatamente corretos.<\/span><\/p>\n<p class=\"MsoNormal\"><span style=\"font-size:14px\">*Se voc\u00ea n\u00e3o conseguir substituir bem as pe\u00e7as sozinho, poder\u00e1 reajust\u00e1-las ou ir \u00e0 loja de manuten\u00e7\u00e3o profissional local para instal\u00e1-las.<\/span><\/p>\n<p class=\"MsoNormal\"><span style=\"font-size:14px\">* Quaisquer danos e instala\u00e7\u00e3o inadequada durante a instala\u00e7\u00e3o n\u00e3o permitir\u00e3o obter reembolso de dinheiro.<\/span><\/p>\n<p class=\"MsoNormal\"><img data-recalc-dims=\"1\" decoding=\"async\" src=\"https:\/\/i0.wp.com\/ae01.alicdn.com\/kf\/S7d8414eec291485390436e06485f2e69Y.jpg?w=1200&#038;ssl=1\"><\/p>\n<p class=\"MsoNormal\"><span style=\"font-size:14px\">*Normalmente, o pedido ser\u00e1 enviado dentro de 2 a 7 dias \u00fateis ap\u00f3s receber o pagamento on-line, excluindo feriados.Aguarde de 24 a 48 horas para que os detalhes de rastreamento sejam atualizados online.<\/span><\/p>\n<p class=\"MsoNormal\"><span style=\"font-size:14px\">*Os dias de envio depender\u00e1\u00e3o da entrega do correio.Se voc\u00ea n\u00e3o recebeu o pacote dentro de 45 dias, entre em contato conosco para que possamos rastre\u00e1-lo para voc\u00ea.<\/span><\/p>\n<p class=\"MsoNormal\"><span style=\"font-size:14px\">*Se o pacote foi danificado durante o transporte, recuse-se a aceit\u00e1-lo e mantenha o registro e as evid\u00eancias de reclama\u00e7\u00e3o.<\/span><\/p>\n<p class=\"MsoNormal\"><img data-recalc-dims=\"1\" decoding=\"async\" src=\"https:\/\/i0.wp.com\/ae01.alicdn.com\/kf\/S2a75ac035fc64a7eae23dffe2df631d78.jpg?w=1200&#038;ssl=1\">*Se voc\u00ea n\u00e3o estiver satisfeito com nossos produtos, poder\u00e1 devolv\u00ea-los no prazo de 30 dias para substitui\u00e7\u00e3o ou devolu\u00e7\u00e3o do dinheiro.ent\u00e3o atualize o n\u00famero de rastreamento.de devolver o pacote no pedido de disputa.entre em contato conosco antes de devolv\u00ea-lo.<\/p>\n<p class=\"MsoNormal\">*O imposto de importa\u00e7\u00e3o do pacote ser\u00e1 pago pelos compradores.Se o comprador se recusar a fazer o desembara\u00e7o aduaneiro ou se recusar a aceitar o pacote da transportadora local para que o pacote seja destru\u00eddo ou faltando, n\u00e3o reembolsaremos aos clientes.<\/p>\n<p class=\"MsoNormal\">* Deixe-nos um coment\u00e1rio positivo se estiver satisfeito com nossos produtos e servi\u00e7os, caso contr\u00e1rio, sinta-se \u00e0 vontade para entrar em contato conosco, faremos o poss\u00edvel para oferecer a solu\u00e7\u00e3o.<\/p>\n<p class=\"MsoNormal\">*Adicionaremos os clientes \u00e0 nossa lista negra que deixar\u00e3o o coment\u00e1rio negativo apesaramente.<\/p>\n<p style=\"line-height:13.6pt;margin:0pt 0pt 8.15pt;margin-bottom:8.15pt;margin-top:0pt;margin-left:0pt;margin-right:0pt;padding:0pt 0pt 0pt 0em;padding-bottom:0pt;padding-top:0pt;padding-right:0pt\" class=\"p\"><img data-recalc-dims=\"1\" decoding=\"async\" src=\"https:\/\/i0.wp.com\/ae01.alicdn.com\/kf\/Sfc0d6457b1a54a10afa878721555a393V.jpg?w=1200&#038;ssl=1\"><\/p>\n<\/div>\n<\/div>\n","protected":false},"excerpt":{"rendered":"<p>Nome do produto:W636 W639 Painel dianteiro do carro Central Esquerda Direita Ar Condicionado Ac Vent Grill Capa Para Mercedes Benz Vito Viano6366800800 Montagem: Para Mercedes-BENZ Viano W636 2004-2015 Para Mercedes-BENZ Vito W639 2004-2015 LHD e RHD Ambos podem ser usados OE N\u00c3O.: Modelo Padr\u00e3o Central A: 636 680 0800 Modelo central de \u00faltima gera\u00e7\u00e3o B:&hellip;&nbsp;<\/p>\n","protected":false},"featured_media":39244,"template":"","meta":{"neve_meta_sidebar":"","neve_meta_container":"","neve_meta_enable_content_width":"","neve_meta_content_width":0,"neve_meta_title_alignment":"","neve_meta_author_avatar":"","neve_post_elements_order":"","neve_meta_disable_header":"","neve_meta_disable_footer":"","neve_meta_disable_title":""},"product_brand":[],"product_cat":[32,75,17],"product_tag":[],"class_list":{"0":"post-39250","1":"product","2":"type-product","3":"status-publish","4":"has-post-thumbnail","6":"product_cat-equipamentos-eletricos","7":"product_cat-instalacao-de-ar-condicionado","8":"product_cat-pecas-e-acessorios-automotivos","10":"first","11":"instock","12":"shipping-taxable","13":"purchasable","14":"product-type-variable","15":"has-default-attributes"},"jetpack_sharing_enabled":true,"_links":{"self":[{"href":"https:\/\/listman.shop\/autoparts-br\/wp-json\/wp\/v2\/product\/39250","targetHints":{"allow":["GET"]}}],"collection":[{"href":"https:\/\/listman.shop\/autoparts-br\/wp-json\/wp\/v2\/product"}],"about":[{"href":"https:\/\/listman.shop\/autoparts-br\/wp-json\/wp\/v2\/types\/product"}],"wp:featuredmedia":[{"embeddable":true,"href":"https:\/\/listman.shop\/autoparts-br\/wp-json\/wp\/v2\/media\/39244"}],"wp:attachment":[{"href":"https:\/\/listman.shop\/autoparts-br\/wp-json\/wp\/v2\/media?parent=39250"}],"wp:term":[{"taxonomy":"product_brand","embeddable":true,"href":"https:\/\/listman.shop\/autoparts-br\/wp-json\/wp\/v2\/product_brand?post=39250"},{"taxonomy":"product_cat","embeddable":true,"href":"https:\/\/listman.shop\/autoparts-br\/wp-json\/wp\/v2\/product_cat?post=39250"},{"taxonomy":"product_tag","embeddable":true,"href":"https:\/\/listman.shop\/autoparts-br\/wp-json\/wp\/v2\/product_tag?post=39250"}],"curies":[{"name":"wp","href":"https:\/\/api.w.org\/{rel}","templated":true}]}}