{"id":39308,"date":"2025-03-23T15:08:52","date_gmt":"2025-03-23T06:08:52","guid":{"rendered":"https:\/\/listman.shop\/autoparts-br\/product\/4000307384084\/"},"modified":"2026-04-11T04:45:48","modified_gmt":"2026-04-10T19:45:48","slug":"4000307384084","status":"publish","type":"product","link":"https:\/\/listman.shop\/autoparts-br\/product\/4000307384084\/","title":{"rendered":"Lhd rhd frente traseira ar condicionado ac ventila\u00e7\u00e3o grade painel de sa\u00edda capa para bmw s\u00e9rie 6 f06 f12 f13 630 635 640 645 650 2011-2018"},"content":{"rendered":"<div class=\"detailmodule_html\">\n<div class=\"detail-desc-decorate-richtext\">\n<div class=\"detailmodule_text\">\n<p style=\"font-family:OpenSans;font-size:20px;font-weight:900;line-height:28px;white-space:pre-wrap;margin-bottom:12px\" class=\"detail-desc-decorate-title\">Lhd rhd frente traseira ar condicionado ac ventila\u00e7\u00e3o grade sa\u00edda painel capa para bmw s\u00e9rie 6 f06 f12 f13 630 635 640 645 650 2011-2018<\/p>\n<p style=\"font-family:OpenSans;font-size:14px;font-weight:300;line-height:20px;white-space:pre-wrap;margin-bottom:12px\" class=\"detail-desc-decorate-content\">OE N\u00c3O.:<br \/>6422 9197 486 Central<br \/>6422 9197 484 Esquerda<br \/>6422 9197 485 Direita<br \/>6422 9237 105 traseira A<br \/>6422 9249 354 Traseiro B<br \/>6422 9248 820 Traseiro C<\/p>\n<p>Material: PC e ABS, revestimento emborrachado.<\/p>\n<p>Vantagem: Design atualizado, mais s\u00f3lido, n\u00e3o \u00e9 f\u00e1cil de quebrar, substitua perfeitamente.<\/p>\n<p>Aplica\u00e7\u00e3o:<br \/>Para BMW S\u00e9rie 6 F06 F12 F13 630 635 640 645 650 2011-2018<\/p>\n<\/div>\n<div class=\"detailmodule_text-image\"><img data-recalc-dims=\"1\" decoding=\"async\" style=\"margin-bottom:10px\" class=\"detail-desc-decorate-image\" src=\"https:\/\/i0.wp.com\/ae01.alicdn.com\/kf\/S136c268c4f9c4d7f8b708347f1342d42i.jpg?w=1200&#038;ssl=1\"><img data-recalc-dims=\"1\" decoding=\"async\" style=\"margin-bottom:10px\" class=\"detail-desc-decorate-image\" src=\"https:\/\/i0.wp.com\/ae01.alicdn.com\/kf\/S4d753f3cf3b74823ab14ee66778f5d0bA.jpg?w=1200&#038;ssl=1\"><img data-recalc-dims=\"1\" decoding=\"async\" style=\"margin-bottom:10px\" class=\"detail-desc-decorate-image\" src=\"https:\/\/i0.wp.com\/ae01.alicdn.com\/kf\/S2d752622eabc4b45bd5c0de91aa7bc45a.jpg?w=1200&#038;ssl=1\"><img data-recalc-dims=\"1\" decoding=\"async\" style=\"margin-bottom:10px\" class=\"detail-desc-decorate-image\" src=\"https:\/\/i0.wp.com\/ae01.alicdn.com\/kf\/Sa74568639fc24108af7ecdc83e867a902.jpg?w=1200&#038;ssl=1\"><\/div>\n<div class=\"detailmodule_text-image\">\n<div><\/div>\n<div><img data-recalc-dims=\"1\" decoding=\"async\" style=\"margin-bottom:10px\" class=\"detail-desc-decorate-image\" src=\"https:\/\/i0.wp.com\/ae01.alicdn.com\/kf\/Sdfbb39b9643e42fbb695d9e113e0b5c5S.jpg?w=1200&#038;ssl=1\"><img data-recalc-dims=\"1\" decoding=\"async\" style=\"margin-bottom:10px\" class=\"detail-desc-decorate-image\" src=\"https:\/\/i0.wp.com\/ae01.alicdn.com\/kf\/S15b97bb402ef411385c4141d9c98b5b9Y.jpg?w=1200&#038;ssl=1\"><img data-recalc-dims=\"1\" decoding=\"async\" style=\"margin-bottom:10px\" class=\"detail-desc-decorate-image\" src=\"https:\/\/i0.wp.com\/ae01.alicdn.com\/kf\/S8615243219a64c9a98bf5243f0b35177o.jpg?w=1200&#038;ssl=1\"><img data-recalc-dims=\"1\" decoding=\"async\" style=\"margin-bottom:10px\" class=\"detail-desc-decorate-image\" src=\"https:\/\/i0.wp.com\/ae01.alicdn.com\/kf\/S1ab35a1715c44d99bea9a0617761fcb4j.jpg?w=1200&#038;ssl=1\"><img data-recalc-dims=\"1\" decoding=\"async\" style=\"margin-bottom:10px\" class=\"detail-desc-decorate-image\" src=\"https:\/\/i0.wp.com\/ae01.alicdn.com\/kf\/S9892091ed3674595a1aba38785396cdal.jpg?w=1200&#038;ssl=1\"><\/div>\n<\/div>\n<div class=\"detailmodule_text\">\n<p style=\"font-family:OpenSans;font-size:20px;font-weight:900;line-height:28px;white-space:pre-wrap;margin-bottom:12px\" class=\"detail-desc-decorate-title\">LEMBRETE QUENTE<\/p>\n<p style=\"font-family:OpenSans;font-size:14px;font-weight:300;line-height:20px;white-space:pre-wrap;margin-bottom:12px\" class=\"detail-desc-decorate-content\">\uf06c\tPor favor confirme o n\u00famero OE.est\u00e1 correto com nossas pe\u00e7as antes de comprar para que possa ser instalado no seu carro.<br \/>\uf06c\tTodas as fotos dos produtos s\u00e3o apenas para demonstra\u00e7\u00e3o e talvez uma pequena diferen\u00e7a com as pe\u00e7as reais.As diferen\u00e7as de cor e detalhes s\u00e3o em condi\u00e7\u00f5es normais.<br \/>\uf06c\tJ\u00e1 fizemos verifica\u00e7\u00e3o de qualidade de todas as pe\u00e7as antes do envio, portanto, abra o pacote para verificar se as pe\u00e7as e acess\u00f3rios com pacotes n\u00e3o est\u00e3o danificados durante o envio antes de assinar o pacote.<br \/>\uf06c\tPor favor confirme os endere\u00e7os de entrega e o telefone.N\u00e3o.s\u00e3o detalhados e exatamente corretos.<br \/>\uf06c\tSe voc\u00ea n\u00e3o conseguir substituir bem as pe\u00e7as sozinho, poder\u00e1 reajust\u00e1-las ou ir \u00e0 loja de reparos profissional local para instal\u00e1-las.<\/p>\n<\/div>\n<div class=\"detailmodule_text\">\n<p style=\"font-family:OpenSans;font-size:20px;font-weight:900;line-height:28px;white-space:pre-wrap;margin-bottom:12px\" class=\"detail-desc-decorate-title\">SOBRE N\u00d3S<\/p>\n<p style=\"font-family:OpenSans;font-size:14px;font-weight:300;line-height:20px;white-space:pre-wrap;margin-bottom:12px\" class=\"detail-desc-decorate-content\">\uf06c\tA f\u00e1brica profissional especializada em pe\u00e7as de desgaste r\u00e1pido para B.M.W e B.E.N.Z.<br \/>\uf06c\tPesquisa e produz com qualidade superior, melhor material e bom molde correspondente.<br \/>\uf06c\tF2C-de f\u00e1brica de origem ao cliente diretamente.<br \/>\uf06c\tMuito estoque, pode ser enviado rapidamente.<br \/>\uf06c\tGama completa de pe\u00e7as de desgaste r\u00e1pido.<br \/>\uf06c\tPedidos por atacado de grande quantidade ser\u00e3o bem-vindos.<br \/>\uf06c\tOEM pode ser aceito.<\/p>\n<\/div>\n<div class=\"detailmodule_text\">\n<p style=\"font-family:OpenSans;font-size:20px;font-weight:900;line-height:28px;white-space:pre-wrap;margin-bottom:12px\" class=\"detail-desc-decorate-title\">ENVIO<\/p>\n<p style=\"font-family:OpenSans;font-size:14px;font-weight:300;line-height:20px;white-space:pre-wrap;margin-bottom:12px\" class=\"detail-desc-decorate-content\">\uf06c\tNormalmente, o pedido ser\u00e1 enviado dentro de 2 a 5 dias \u00fateis ap\u00f3s receber o pagamento on-line, excluindo feriados.<br \/>\uf06c\tOs dias de envio depender\u00e1\u00e3o do correio de entrega.Se voc\u00ea n\u00e3o recebeu o pacote dentro de 45 dias, entre em contato conosco para que possamos rastre\u00e1-lo para voc\u00ea.<br \/>\uf06c\tSe o pacote foi danificado durante o transporte, recuse-se a aceit\u00e1-lo e mantenha o registro e as evid\u00eancias de reclama\u00e7\u00e3o.<\/p>\n<\/div>\n<div class=\"detailmodule_text\">\n<p style=\"font-family:OpenSans;font-size:20px;font-weight:900;line-height:28px;white-space:pre-wrap;margin-bottom:12px\" class=\"detail-desc-decorate-title\">GARANTIA E FEEDBACK<\/p>\n<p style=\"font-family:OpenSans;font-size:14px;font-weight:300;line-height:20px;white-space:pre-wrap;margin-bottom:12px\" class=\"detail-desc-decorate-content\">\uf06c\tSe voc\u00ea n\u00e3o estiver satisfeito com nossos produtos, poder\u00e1 devolv\u00ea-los no prazo de 30 dias para substitui\u00e7\u00e3o ou devolu\u00e7\u00e3o do dinheiro.e entre em contato conosco antes de devolv\u00ea-lo.<br \/>\uf06c\tO custo de envio da devolu\u00e7\u00e3o dever\u00e1 ser pago pelos compradores.<br \/>\uf06c \t Se voc\u00ea estiver satisfeito com nossos produtos e servi\u00e7os, envie-nos um bom coment\u00e1rio e um feedback de cinco estrelas.<\/p>\n<\/div>\n<p><\/p>\n<\/div>\n<\/div>\n","protected":false},"excerpt":{"rendered":"<p>Lhd rhd frente traseira ar condicionado ac ventila\u00e7\u00e3o grade sa\u00edda painel capa para bmw s\u00e9rie 6 f06 f12 f13 630 635 640 645 650 2011-2018 OE N\u00c3O.:6422 9197 486 Central6422 9197 484 Esquerda6422 9197 485 Direita6422 9237 105 traseira A6422 9249 354 Traseiro B6422 9248 820 Traseiro C Material: PC e ABS, revestimento emborrachado. Vantagem:&hellip;&nbsp;<\/p>\n","protected":false},"featured_media":39302,"template":"","meta":{"neve_meta_sidebar":"","neve_meta_container":"","neve_meta_enable_content_width":"","neve_meta_content_width":0,"neve_meta_title_alignment":"","neve_meta_author_avatar":"","neve_post_elements_order":"","neve_meta_disable_header":"","neve_meta_disable_footer":"","neve_meta_disable_title":""},"product_brand":[],"product_cat":[32,75,17],"product_tag":[],"class_list":{"0":"post-39308","1":"product","2":"type-product","3":"status-publish","4":"has-post-thumbnail","6":"product_cat-equipamentos-eletricos","7":"product_cat-instalacao-de-ar-condicionado","8":"product_cat-pecas-e-acessorios-automotivos","10":"first","11":"instock","12":"shipping-taxable","13":"purchasable","14":"product-type-variable","15":"has-default-attributes"},"jetpack_sharing_enabled":true,"_links":{"self":[{"href":"https:\/\/listman.shop\/autoparts-br\/wp-json\/wp\/v2\/product\/39308","targetHints":{"allow":["GET"]}}],"collection":[{"href":"https:\/\/listman.shop\/autoparts-br\/wp-json\/wp\/v2\/product"}],"about":[{"href":"https:\/\/listman.shop\/autoparts-br\/wp-json\/wp\/v2\/types\/product"}],"wp:featuredmedia":[{"embeddable":true,"href":"https:\/\/listman.shop\/autoparts-br\/wp-json\/wp\/v2\/media\/39302"}],"wp:attachment":[{"href":"https:\/\/listman.shop\/autoparts-br\/wp-json\/wp\/v2\/media?parent=39308"}],"wp:term":[{"taxonomy":"product_brand","embeddable":true,"href":"https:\/\/listman.shop\/autoparts-br\/wp-json\/wp\/v2\/product_brand?post=39308"},{"taxonomy":"product_cat","embeddable":true,"href":"https:\/\/listman.shop\/autoparts-br\/wp-json\/wp\/v2\/product_cat?post=39308"},{"taxonomy":"product_tag","embeddable":true,"href":"https:\/\/listman.shop\/autoparts-br\/wp-json\/wp\/v2\/product_tag?post=39308"}],"curies":[{"name":"wp","href":"https:\/\/api.w.org\/{rel}","templated":true}]}}