{"id":3931,"date":"2024-10-13T01:57:35","date_gmt":"2024-10-12T16:57:35","guid":{"rendered":"https:\/\/listman.shop\/autoparts-br\/product\/1005007268568754\/"},"modified":"2026-04-14T14:38:35","modified_gmt":"2026-04-14T05:38:35","slug":"1005007268568754","status":"publish","type":"product","link":"https:\/\/listman.shop\/autoparts-br\/product\/1005007268568754\/","title":{"rendered":"Para bmw x3 f25 f26 2011-2013 kit de reparo do farol do carro garras de reparo cantos fixos de pl\u00e1stico suporte de luz preta suporte do farol"},"content":{"rendered":"<div class=\"detailmodule_html\">\n<div class=\"detail-desc-decorate-richtext\">\n<div class=\"detailmodule_html\">\n<div class=\"detail-desc-decorate-richtext\"><span style=\"font-size:22px\">Nome do produto: kit de reparo de farol de carro<\/p>\n<p>Modelos aplic\u00e1veis: para BMW X3 F25 F26 2011-2013<br \/>Condi\u00e7\u00e3o: Novo<\/p>\n<p>Lista de produtos: Este produto tem um total de 4 pe\u00e7as.Esquerda (2 pe\u00e7as) e Direita (2 pe\u00e7as).<\/p>\n<p>Como usar o produto: Encontre o orif\u00edcio do parafuso correspondente. Remova detritos que n\u00e3o sejam prop\u00edcios \u00e0 instala\u00e7\u00e3o. Use nossos produtos. Em seguida, fixe-o com parafusos. Pode ser perfeitamente instalado e usado.<\/span><\/p>\n<p style=\"margin:0;display: block;width: 100%\"><img data-recalc-dims=\"1\" decoding=\"async\" src=\"https:\/\/i0.wp.com\/ae01.alicdn.com\/kf\/Sf3ef2f7213a749d281b87d0c2a0dcbd2K.jpg?w=1200&#038;ssl=1\"><img data-recalc-dims=\"1\" decoding=\"async\" src=\"https:\/\/i0.wp.com\/ae01.alicdn.com\/kf\/S415ab15c9c284c6a9987380a6259d8c3H.jpg?w=1200&#038;ssl=1\"><img data-recalc-dims=\"1\" decoding=\"async\" src=\"https:\/\/i0.wp.com\/ae01.alicdn.com\/kf\/S7586c11d1afa4189bdc6dc8ab612ed30L.jpg?w=1200&#038;ssl=1\"><img data-recalc-dims=\"1\" decoding=\"async\" src=\"https:\/\/i0.wp.com\/ae01.alicdn.com\/kf\/Sa7e0e181eb1a4effbf98f4176bee90917.jpg?w=1200&#038;ssl=1\"><img data-recalc-dims=\"1\" decoding=\"async\" src=\"https:\/\/i0.wp.com\/ae01.alicdn.com\/kf\/S256926fa56a54a72905087e40077d4d8B.jpg?w=1200&#038;ssl=1\"><\/p>\n<p><span style=\"font-size:22px\"><\/span><\/p>\n<p style=\"margin:0;display: block;width: 100%\">&nbsp;<\/p>\n<p><span style=\"font-size:22px\"><\/span><\/p>\n<p style=\"margin:0;display: block;width: 100%\">&nbsp;<\/p>\n<p><span style=\"font-size:22px\"><\/span><\/p>\n<p style=\"margin:0;display: block;width: 100%\">&nbsp;<\/p>\n<p><span style=\"font-size:22px\"><\/span><\/div>\n<\/div>\n<\/div>\n<\/div>\n","protected":false},"excerpt":{"rendered":"<p>Nome do produto: kit de reparo de farol de carro Modelos aplic\u00e1veis: para BMW X3 F25 F26 2011-2013Condi\u00e7\u00e3o: Novo Lista de produtos: Este produto tem um total de 4 pe\u00e7as.Esquerda (2 pe\u00e7as) e Direita (2 pe\u00e7as). Como usar o produto: Encontre o orif\u00edcio do parafuso correspondente. Remova detritos que n\u00e3o sejam prop\u00edcios \u00e0 instala\u00e7\u00e3o. Use&hellip;&nbsp;<\/p>\n","protected":false},"featured_media":3925,"template":"","meta":{"neve_meta_sidebar":"","neve_meta_container":"","neve_meta_enable_content_width":"","neve_meta_content_width":0,"neve_meta_title_alignment":"","neve_meta_author_avatar":"","neve_post_elements_order":"","neve_meta_disable_header":"","neve_meta_disable_footer":"","neve_meta_disable_title":""},"product_brand":[],"product_cat":[119,19,17],"product_tag":[],"class_list":{"0":"post-3931","1":"product","2":"type-product","3":"status-publish","4":"has-post-thumbnail","6":"product_cat-acessorios-de-iluminacao-para-carro","7":"product_cat-luzes-automotivas","8":"product_cat-pecas-e-acessorios-automotivos","10":"first","11":"instock","12":"shipping-taxable","13":"purchasable","14":"product-type-variable","15":"has-default-attributes"},"jetpack_sharing_enabled":true,"_links":{"self":[{"href":"https:\/\/listman.shop\/autoparts-br\/wp-json\/wp\/v2\/product\/3931","targetHints":{"allow":["GET"]}}],"collection":[{"href":"https:\/\/listman.shop\/autoparts-br\/wp-json\/wp\/v2\/product"}],"about":[{"href":"https:\/\/listman.shop\/autoparts-br\/wp-json\/wp\/v2\/types\/product"}],"wp:featuredmedia":[{"embeddable":true,"href":"https:\/\/listman.shop\/autoparts-br\/wp-json\/wp\/v2\/media\/3925"}],"wp:attachment":[{"href":"https:\/\/listman.shop\/autoparts-br\/wp-json\/wp\/v2\/media?parent=3931"}],"wp:term":[{"taxonomy":"product_brand","embeddable":true,"href":"https:\/\/listman.shop\/autoparts-br\/wp-json\/wp\/v2\/product_brand?post=3931"},{"taxonomy":"product_cat","embeddable":true,"href":"https:\/\/listman.shop\/autoparts-br\/wp-json\/wp\/v2\/product_cat?post=3931"},{"taxonomy":"product_tag","embeddable":true,"href":"https:\/\/listman.shop\/autoparts-br\/wp-json\/wp\/v2\/product_tag?post=3931"}],"curies":[{"name":"wp","href":"https:\/\/api.w.org\/{rel}","templated":true}]}}