{"id":39484,"date":"2025-03-23T16:34:01","date_gmt":"2025-03-23T07:34:01","guid":{"rendered":"https:\/\/listman.shop\/autoparts-br\/product\/1005005816858243\/"},"modified":"2026-04-14T14:24:06","modified_gmt":"2026-04-14T05:24:06","slug":"1005005816858243","status":"publish","type":"product","link":"https:\/\/listman.shop\/autoparts-br\/product\/1005005816858243\/","title":{"rendered":"Bloqueio universal anti-roubo para volante de carro, trava de freio, pedal anti-corte, trava de embreagem de a\u00e7o, gancho duplo retr\u00e1til"},"content":{"rendered":"<div class=\"detailmodule_html\">\n<div class=\"detail-desc-decorate-richtext\">\n<div class=\"detailmodule_html\">\n<div class=\"detail-desc-decorate-richtext\">\n<div style=\"margin:10px auto 0px;margin-bottom:0px;margin-top:10px;margin-left:auto;margin-right:auto;display:inline-block;max-width:100%\">\n<div><img data-recalc-dims=\"1\" decoding=\"async\" style=\"width:932px\"  src=\"https:\/\/i0.wp.com\/ae03.alicdn.com\/kf\/S4b3c1d4877f04c0c95c2a17c1340dc658.jpg?w=1200&#038;ssl=1\"><\/div>\n<div style=\"margin-top:-85.84%\">\n<div style=\"margin-top:0%;margin-left:0%;width:33.3333%\"><a href=\"http:\/\/www.aliexpress.com\/item\/detail\/4000765440643.html\" target=\"_blank\" class=\"\"><img data-recalc-dims=\"1\" decoding=\"async\" style=\"width:310px;height:400px\"   src=\"https:\/\/i0.wp.com\/ae01.alicdn.com\/kf\/Sa989f468489f41299e2b3ad47951ef39C.png?w=1200&#038;ssl=1\"><\/a><\/div>\n<div style=\"margin-top:-42.92%;margin-left:33%;width:33.3333%\"><a href=\"http:\/\/www.aliexpress.com\/item\/detail\/32891855303.html\" target=\"_blank\" class=\"\"><img data-recalc-dims=\"1\" decoding=\"async\" style=\"width:310px;height:400px\"   src=\"https:\/\/i0.wp.com\/ae01.alicdn.com\/kf\/Sa989f468489f41299e2b3ad47951ef39C.png?w=1200&#038;ssl=1\"><\/a><\/div>\n<div style=\"margin-top:-42.92%;margin-left:66%;width:33.3333%\"><a href=\"http:\/\/www.aliexpress.com\/item\/detail\/32898464040.html\" target=\"_blank\" class=\"\"><img data-recalc-dims=\"1\" decoding=\"async\" style=\"width:310px;height:400px\"   src=\"https:\/\/i0.wp.com\/ae01.alicdn.com\/kf\/Sa989f468489f41299e2b3ad47951ef39C.png?w=1200&#038;ssl=1\"><\/a><\/div>\n<div style=\"margin-top:0%;margin-left:0%;width:33.3333%\"><a href=\"http:\/\/www.aliexpress.com\/item\/detail\/1005002997217133.html\" target=\"_blank\" class=\"\"><img data-recalc-dims=\"1\" decoding=\"async\" style=\"width:310px;height:400px\"   src=\"https:\/\/i0.wp.com\/ae01.alicdn.com\/kf\/Sa989f468489f41299e2b3ad47951ef39C.png?w=1200&#038;ssl=1\"><\/a><\/div>\n<div style=\"margin-top:-42.92%;margin-left:33%;width:33.3333%\"><a href=\"http:\/\/www.aliexpress.com\/item\/detail\/32950157690.html\" target=\"_blank\" class=\"\"><img data-recalc-dims=\"1\" decoding=\"async\" style=\"width:310px;height:400px\"   src=\"https:\/\/i0.wp.com\/ae01.alicdn.com\/kf\/Sa989f468489f41299e2b3ad47951ef39C.png?w=1200&#038;ssl=1\"><\/a><\/div>\n<div style=\"margin-top:-42.92%;margin-left:66%;width:33.3333%\"><a href=\"http:\/\/www.aliexpress.com\/item\/detail\/32908378533.html\" target=\"_blank\" class=\"\"><img data-recalc-dims=\"1\" decoding=\"async\" style=\"width:310px;height:400px\"   src=\"https:\/\/i0.wp.com\/ae01.alicdn.com\/kf\/Sa989f468489f41299e2b3ad47951ef39C.png?w=1200&#038;ssl=1\"><\/a><\/div>\n<\/div>\n<\/div>\n<div>\n<div>\n<div>\n<div><strong><span style=\"font-size:20px\"><span><span style=\"font-family:Arial, Helvetica, sans-serif\"><span>Caracter\u00edstica:<\/span><\/span><\/span><\/span><\/strong><\/div>\n<\/div>\n<\/div>\n<\/div>\n<ul class=\"eb_list\">\n<li>\n<p><span style=\"font-size:20px\"><span style=\"font-family:Arial, Helvetica, sans-serif\">Novo e de alta qualidade<\/span><\/span><\/p>\n<\/li>\n<li>\n<p><span style=\"font-size:20px\"><span style=\"font-family:Arial, Helvetica, sans-serif\">A prote\u00e7\u00e3o dupla com gancho duplo pode reduzir o risco de roubo, al\u00e7a de borracha macia de alta resist\u00eancia, evita arranhar o volante<\/span><\/span><\/p>\n<\/li>\n<li>\n<p><span style=\"font-size:20px\"><span style=\"font-family:Arial, Helvetica, sans-serif\">N\u00e3o \u00e9 apenas uma trava de seguran\u00e7a para carro, mas tamb\u00e9m um martelo de seguran\u00e7a., Pode ser usado como arma de autodefesa e fuga segura de janelas quebradas.<\/span><\/span><\/p>\n<\/li>\n<li>\n<p><span style=\"font-size:20px\"><span style=\"font-family:Arial, Helvetica, sans-serif\">Material grosso, viga de bloqueio de a\u00e7o inoxid\u00e1vel resistente, melhor efeito anti-roubo<\/span><\/span><\/p>\n<\/li>\n<li>\n<p><span style=\"font-size:20px\"><span style=\"font-family:Arial, Helvetica, sans-serif\">Retr\u00e1til, melhor armazenamento<\/span><\/span><\/p>\n<\/li>\n<\/ul>\n<p class=\"eb_subtitle\"><strong><span style=\"font-size:20px\"><span><span style=\"font-family:Arial, Helvetica, sans-serif\"><span>Especifica\u00e7\u00e3o:<\/span><\/span><\/span><\/span><\/strong><\/p>\n<ul class=\"eb_list\">\n<li>\n<p><span style=\"font-size:20px\"><span style=\"font-family:Arial, Helvetica, sans-serif\">Cor: prata<\/span><\/span><\/p>\n<\/li>\n<li>\n<p><span style=\"font-size:20px\"><span style=\"font-family:Arial, Helvetica, sans-serif\">Material: a\u00e7o<\/span><\/span><\/p>\n<\/li>\n<li>\n<p><span style=\"font-size:20px\"><span style=\"font-family:Arial, Helvetica, sans-serif\">Tamanho: 36 cm\/14,17 polegadas &#8211; 61 cm\/24,01 polegadas.<\/span><\/span><\/p>\n<\/li>\n<\/ul>\n<p class=\"eb_subtitle\"><strong><span style=\"font-size:20px\"><span><span style=\"font-family:Arial, Helvetica, sans-serif\"><span>Pacote inclu\u00eddo:<\/span><\/span><\/span><\/span><\/strong><\/p>\n<ul class=\"eb_list\">\n<li>\n<p><span style=\"font-size:20px\"><span style=\"font-family:Arial, Helvetica, sans-serif\">1 x trava do volante do carro<\/span><\/span><\/p>\n<\/li>\n<\/ul>\n<div><\/div>\n<div><span style=\"font-size:20px\"><span style=\"font-family:Arial, Helvetica, sans-serif\"><span><strong><span>Aten\u00e7\u00e3o:<\/span><\/strong><\/span><\/span><\/span><span style=\"font-size:20px\"><span style=\"font-family:Arial, Helvetica, sans-serif\"><br \/>1.Este produto \u00e9 adequado para a maioria dos ve\u00edculos.<br \/>2. Pode ser usado com capa de volante.<\/span><\/span><\/div>\n<p style=\"text-align:left;margin:0px;margin-bottom:0px;margin-top:0px;margin-left:0px;margin-right:0px\" align=\"left\"><img data-recalc-dims=\"1\" decoding=\"async\" src=\"https:\/\/i0.wp.com\/ae01.alicdn.com\/kf\/S95a9cd91e52a42109a1e2f186b0033d5q.jpg?w=1200&#038;ssl=1\"><img data-recalc-dims=\"1\" decoding=\"async\" src=\"https:\/\/i0.wp.com\/ae01.alicdn.com\/kf\/Sad7ef34ab8944fc28ada6afd8cbcea760.jpg?w=1200&#038;ssl=1\"><img data-recalc-dims=\"1\" decoding=\"async\" src=\"https:\/\/i0.wp.com\/ae01.alicdn.com\/kf\/S4d37a27998674318b39d21e4297f2f2fs.jpg?w=1200&#038;ssl=1\"><img data-recalc-dims=\"1\" decoding=\"async\" src=\"https:\/\/i0.wp.com\/ae01.alicdn.com\/kf\/Saaad57043b284a45b334b1a2fd5bb37bw.jpg?w=1200&#038;ssl=1\"><img data-recalc-dims=\"1\" decoding=\"async\" src=\"https:\/\/i0.wp.com\/ae01.alicdn.com\/kf\/S8b4e4bc79c654e0aab9c00e6fd15b1e9s.jpg?w=1200&#038;ssl=1\"><img data-recalc-dims=\"1\" decoding=\"async\" src=\"https:\/\/i0.wp.com\/ae01.alicdn.com\/kf\/Sdeaf41ca8bc145849e470d23c5924c69w.jpg?w=1200&#038;ssl=1\"><img data-recalc-dims=\"1\" decoding=\"async\" src=\"https:\/\/i0.wp.com\/ae01.alicdn.com\/kf\/S98f21e369e304ebc8520049e2d98dd98g.jpg?w=1200&#038;ssl=1\"><img data-recalc-dims=\"1\" decoding=\"async\" src=\"https:\/\/i0.wp.com\/ae01.alicdn.com\/kf\/S3d12ca13663645a4bfd7ab32fabd3ac5J.jpg?w=1200&#038;ssl=1\"><img data-recalc-dims=\"1\" decoding=\"async\" src=\"https:\/\/i0.wp.com\/ae01.alicdn.com\/kf\/Sd86e6785136d4b31b33aee8748081e28H.jpg?w=1200&#038;ssl=1\"><\/p>\n<div>\n<\/div>\n<div>\n<div>\n<div>\n<div>\n<div>&nbsp;<\/div>\n<div>\n<div>\n<div>\n<div>\n<div>\n<div>\n<div>\n<div>\n<div>\n<div><\/div>\n<\/div>\n<\/div>\n<\/div>\n<\/div>\n<\/div>\n<\/div>\n<\/div>\n<\/div>\n<\/div>\n<\/div>\n<\/div>\n<\/div>\n<\/div>\n<\/div>\n<\/div>\n<p><\/p>\n<\/div>\n<\/div>\n","protected":false},"excerpt":{"rendered":"<p>Caracter\u00edstica: Novo e de alta qualidade A prote\u00e7\u00e3o dupla com gancho duplo pode reduzir o risco de roubo, al\u00e7a de borracha macia de alta resist\u00eancia, evita arranhar o volante N\u00e3o \u00e9 apenas uma trava de seguran\u00e7a para carro, mas tamb\u00e9m um martelo de seguran\u00e7a., Pode ser usado como arma de autodefesa e fuga segura de&hellip;&nbsp;<\/p>\n","protected":false},"featured_media":39478,"template":"","meta":{"neve_meta_sidebar":"","neve_meta_container":"","neve_meta_enable_content_width":"","neve_meta_content_width":0,"neve_meta_title_alignment":"","neve_meta_author_avatar":"","neve_post_elements_order":"","neve_meta_disable_header":"","neve_meta_disable_footer":"","neve_meta_disable_title":""},"product_brand":[],"product_cat":[28,17,186],"product_tag":[],"class_list":{"0":"post-39484","1":"product","2":"type-product","3":"status-publish","4":"has-post-thumbnail","6":"product_cat-lavagem-e-manutencao-de-carros","7":"product_cat-pecas-e-acessorios-automotivos","8":"product_cat-trava-antifurto-para-volante","10":"first","11":"instock","12":"shipping-taxable","13":"purchasable","14":"product-type-variable"},"jetpack_sharing_enabled":true,"_links":{"self":[{"href":"https:\/\/listman.shop\/autoparts-br\/wp-json\/wp\/v2\/product\/39484","targetHints":{"allow":["GET"]}}],"collection":[{"href":"https:\/\/listman.shop\/autoparts-br\/wp-json\/wp\/v2\/product"}],"about":[{"href":"https:\/\/listman.shop\/autoparts-br\/wp-json\/wp\/v2\/types\/product"}],"wp:featuredmedia":[{"embeddable":true,"href":"https:\/\/listman.shop\/autoparts-br\/wp-json\/wp\/v2\/media\/39478"}],"wp:attachment":[{"href":"https:\/\/listman.shop\/autoparts-br\/wp-json\/wp\/v2\/media?parent=39484"}],"wp:term":[{"taxonomy":"product_brand","embeddable":true,"href":"https:\/\/listman.shop\/autoparts-br\/wp-json\/wp\/v2\/product_brand?post=39484"},{"taxonomy":"product_cat","embeddable":true,"href":"https:\/\/listman.shop\/autoparts-br\/wp-json\/wp\/v2\/product_cat?post=39484"},{"taxonomy":"product_tag","embeddable":true,"href":"https:\/\/listman.shop\/autoparts-br\/wp-json\/wp\/v2\/product_tag?post=39484"}],"curies":[{"name":"wp","href":"https:\/\/api.w.org\/{rel}","templated":true}]}}