{"id":39600,"date":"2025-03-23T16:37:49","date_gmt":"2025-03-23T07:37:49","guid":{"rendered":"https:\/\/listman.shop\/autoparts-br\/product\/1005006146828411\/"},"modified":"2026-04-14T14:23:07","modified_gmt":"2026-04-14T05:23:07","slug":"1005006146828411","status":"publish","type":"product","link":"https:\/\/listman.shop\/autoparts-br\/product\/1005006146828411\/","title":{"rendered":"Seametal microfibra carro espanador terno telesc\u00f3pico ajust\u00e1vel limpeza de poeira mop cerdas escovas para acess\u00f3rios de lavagem de carro"},"content":{"rendered":"<div class=\"detailmodule_html\">\n<div class=\"detail-desc-decorate-richtext\">\n<div>\n<div style=\"overflow:hidden;height:0px\">\n  modname=ckeditor\n <\/div>\n<div>\n<p><span style=\"font-size:12px\">Marca: SEAMETAL<\/span><br \/> <span style=\"font-size:12px\">Nome do produto: escova de lavagem de carro<\/span><br \/> <span style=\"font-size:12px\">Cor: bege, caf&eacute;<\/span><br \/> <span style=\"font-size:12px\">Material: liga de alum&iacute;nio com fio de algod&atilde;o tratado com cera<\/span><br \/> <span style=\"font-size:12px\">Comprimento do fio de algod&atilde;o: 12cm<\/span><br \/> <span style=\"font-size:12px\">Comprimento: 55cm (fechado),70cm (aberto)<\/span><\/p>\n<p> <span style=\"font-size:12px\">Caracter&iacute;sticas:<\/span><br \/> <span style=\"font-size:12px\">1.A cabe&ccedil;a da escova grande cobre uma &aacute;rea maior por escova para remo&ccedil;&atilde;o de poeira r&aacute;pida e conveniente.<\/span><br \/> <span style=\"font-size:12px\">A al&ccedil;a telesc&oacute;pica de liga de alum&iacute;nio de 2,55-70 cm ajuda voc&ecirc; a alcan&ccedil;ar o cap&ocirc; do p&aacute;ra-brisa do telhado da clarab&oacute;ia e outras &aacute;reas de dif&iacute;cil acesso e evita dores nas costas causadas por se curvar para limpar as &aacute;reas inferiores.<\/span><br \/> <span style=\"font-size:12px\">3.Remova com efic&aacute;cia o p&oacute;len da poeira sem &aacute;gua gra&ccedil;as aos fios de algod&atilde;o de 12 cm de comprimento que captam a poeira sempre que voc&ecirc; varre.<\/span><br \/> <span style=\"font-size:12px\">4.Os fios de algod&atilde;o tratados com cera s&atilde;o suaves para todas as superf&iacute;cies, vidro, metal cromado, n&atilde;o risca e n&atilde;o solta fiapos.<\/span><br \/> <span style=\"font-size:12px\">5.Com uma bainha para proteger a cabe&ccedil;a da escova para uma longa vida &uacute;til.<\/span><\/p>\n<p> <span style=\"font-size:12px\">O pacote inclui:<\/span><br \/> <span style=\"font-size:12px\">1 escova de cera para carro<\/span><br \/> <span style=\"font-size:12px\">1 estojo de escova (presentes limitados, compre agora!!!)<\/span><br \/> <span style=\"font-size:12px\">1 Pincel pequeno (presentes limitados, compre agora!!!)<\/span><\/p>\n<p> <span style=\"font-size:12px\">Aviso :<\/span><br \/> <span style=\"font-size:12px\">1. As imagens s&atilde;o apenas para refer&ecirc;ncia. O produto real prevalecer&aacute;.Sua satisfa&ccedil;&atilde;o &eacute; nossa maior preocupa&ccedil;&atilde;o.<\/span><br \/> <span style=\"font-size:12px\">2.Entre em contato conosco para resolver melhor qualquer problema antes de deixar qualquer feedback neutro ou negativo.<\/span><\/p>\n<p> <span style=\"font-size:12px\">Muito obrigado!<\/span><\/p>\n<p><img data-recalc-dims=\"1\" decoding=\"async\" src=\"https:\/\/i0.wp.com\/ae01.alicdn.com\/kf\/S60b809fa957d4283b30fcf6f9bc1ea30e.jpg?w=1200&#038;ssl=1\" \/><img data-recalc-dims=\"1\" decoding=\"async\" src=\"https:\/\/i0.wp.com\/ae01.alicdn.com\/kf\/Sfbfb04ed01244d28a6201558d559a173q.jpg?w=1200&#038;ssl=1\" \/><img data-recalc-dims=\"1\" decoding=\"async\" src=\"https:\/\/i0.wp.com\/ae01.alicdn.com\/kf\/S28d051af2cbb4d40b7a61a07fddeec72G.jpg?w=1200&#038;ssl=1\" \/><img data-recalc-dims=\"1\" decoding=\"async\" src=\"https:\/\/i0.wp.com\/ae01.alicdn.com\/kf\/S770e9310662a411dbb1e7450e176f249f.jpg?w=1200&#038;ssl=1\" \/><img data-recalc-dims=\"1\" decoding=\"async\" src=\"https:\/\/i0.wp.com\/ae01.alicdn.com\/kf\/S14bb505865fe4838a4d1644cb73f4402T.jpg?w=1200&#038;ssl=1\" \/><img data-recalc-dims=\"1\" decoding=\"async\" src=\"https:\/\/i0.wp.com\/ae01.alicdn.com\/kf\/Se806530ccdd24b60a60f78db4d5fa8bep.jpg?w=1200&#038;ssl=1\" \/><img data-recalc-dims=\"1\" decoding=\"async\" src=\"https:\/\/i0.wp.com\/ae01.alicdn.com\/kf\/S8eb4441820db41588ee2d490d7fc61b8V.jpg?w=1200&#038;ssl=1\" \/><img data-recalc-dims=\"1\" decoding=\"async\" src=\"https:\/\/i0.wp.com\/ae01.alicdn.com\/kf\/Sb778950eef7049638c85519beff837c6v.jpg?w=1200&#038;ssl=1\" \/><img data-recalc-dims=\"1\" decoding=\"async\" src=\"https:\/\/i0.wp.com\/ae01.alicdn.com\/kf\/Sdcd20e08d323443ca013a2e5946146d9m.jpg?w=1200&#038;ssl=1\" \/><img data-recalc-dims=\"1\" decoding=\"async\" src=\"https:\/\/i0.wp.com\/ae01.alicdn.com\/kf\/Scad7396088384bcc9a5ad5625a68da63A.jpg?w=1200&#038;ssl=1\" \/><img data-recalc-dims=\"1\" decoding=\"async\" src=\"https:\/\/i0.wp.com\/ae01.alicdn.com\/kf\/Se1cbec3d796641fea2c8a12e2415559fe.jpg?w=1200&#038;ssl=1\" \/><img data-recalc-dims=\"1\" decoding=\"async\" src=\"https:\/\/i0.wp.com\/ae01.alicdn.com\/kf\/Sbbda3f123bf944508b713b17949a6bd6b.jpg?w=1200&#038;ssl=1\" \/><img data-recalc-dims=\"1\" decoding=\"async\" src=\"https:\/\/i0.wp.com\/ae01.alicdn.com\/kf\/Scbf6146aebb5447c8578097a116a313ay.jpg?w=1200&#038;ssl=1\" \/><\/p>\n<\/p><\/div>\n<\/div>\n<p><\/p>\n<\/div>\n<\/div>\n","protected":false},"excerpt":{"rendered":"<p>modname=ckeditor Marca: SEAMETAL Nome do produto: escova de lavagem de carro Cor: bege, caf&eacute; Material: liga de alum&iacute;nio com fio de algod&atilde;o tratado com cera Comprimento do fio de algod&atilde;o: 12cm Comprimento: 55cm (fechado),70cm (aberto) Caracter&iacute;sticas: 1.A cabe&ccedil;a da escova grande cobre uma &aacute;rea maior por escova para remo&ccedil;&atilde;o de poeira r&aacute;pida e conveniente. A&hellip;&nbsp;<\/p>\n","protected":false},"featured_media":39594,"template":"","meta":{"neve_meta_sidebar":"","neve_meta_container":"","neve_meta_enable_content_width":"","neve_meta_content_width":0,"neve_meta_title_alignment":"","neve_meta_author_avatar":"","neve_post_elements_order":"","neve_meta_disable_header":"","neve_meta_disable_footer":"","neve_meta_disable_title":""},"product_brand":[],"product_cat":[78,28,17],"product_tag":[],"class_list":{"0":"post-39600","1":"product","2":"type-product","3":"status-publish","4":"has-post-thumbnail","6":"product_cat-esponjas-toalhas-e-escovas","7":"product_cat-lavagem-e-manutencao-de-carros","8":"product_cat-pecas-e-acessorios-automotivos","10":"first","11":"instock","12":"shipping-taxable","13":"purchasable","14":"product-type-variable","15":"has-default-attributes"},"jetpack_sharing_enabled":true,"_links":{"self":[{"href":"https:\/\/listman.shop\/autoparts-br\/wp-json\/wp\/v2\/product\/39600","targetHints":{"allow":["GET"]}}],"collection":[{"href":"https:\/\/listman.shop\/autoparts-br\/wp-json\/wp\/v2\/product"}],"about":[{"href":"https:\/\/listman.shop\/autoparts-br\/wp-json\/wp\/v2\/types\/product"}],"wp:featuredmedia":[{"embeddable":true,"href":"https:\/\/listman.shop\/autoparts-br\/wp-json\/wp\/v2\/media\/39594"}],"wp:attachment":[{"href":"https:\/\/listman.shop\/autoparts-br\/wp-json\/wp\/v2\/media?parent=39600"}],"wp:term":[{"taxonomy":"product_brand","embeddable":true,"href":"https:\/\/listman.shop\/autoparts-br\/wp-json\/wp\/v2\/product_brand?post=39600"},{"taxonomy":"product_cat","embeddable":true,"href":"https:\/\/listman.shop\/autoparts-br\/wp-json\/wp\/v2\/product_cat?post=39600"},{"taxonomy":"product_tag","embeddable":true,"href":"https:\/\/listman.shop\/autoparts-br\/wp-json\/wp\/v2\/product_tag?post=39600"}],"curies":[{"name":"wp","href":"https:\/\/api.w.org\/{rel}","templated":true}]}}