{"id":39724,"date":"2025-03-23T16:41:34","date_gmt":"2025-03-23T07:41:34","guid":{"rendered":"https:\/\/listman.shop\/autoparts-br\/product\/1005006916448755\/"},"modified":"2026-04-14T14:06:05","modified_gmt":"2026-04-14T05:06:05","slug":"1005006916448755","status":"publish","type":"product","link":"https:\/\/listman.shop\/autoparts-br\/product\/1005006916448755\/","title":{"rendered":"2 pe\u00e7as 90x5cm correias de eixo de carro com anel d e manga protetora para fixa\u00e7\u00e3o de eixo de transporte de carro correias de amarra\u00e7\u00e3o 4500 kg quebrando"},"content":{"rendered":"<div class=\"detailmodule_html\">\n<div class=\"detail-desc-decorate-richtext\">\n<div class=\"detailmodule_text\">\n<p style=\"font-family:OpenSans;font-size:20px;font-weight:900;line-height:28px;white-space:pre-wrap;margin-bottom:12px\" class=\"detail-desc-decorate-title\">2 pe\u00e7as de tiras de eixo de carro 90x5cm com anel em D e capa protetora para proteger o transporte de carro, tiras de amarra\u00e7\u00e3o de eixo 4500 kg de resist\u00eancia \u00e0 ruptura; 1500 kg de carga de trabalho<\/p>\n<\/div>\n<div class=\"detailmodule_text\">\n<p style=\"font-family:OpenSans;font-size:20px;font-weight:900;line-height:28px;white-space:pre-wrap;margin-bottom:12px\" class=\"detail-desc-decorate-title\">Caracter\u00edsticas:<\/p>\n<p style=\"font-size:16px\">\u2705As tiras do eixo oferecem uma dimens\u00e3o de 90 x 5 cm com resist\u00eancia \u00e0 ruptura de 4.500 kg e limite de carga de trabalho de 1.500 kg.<br \/>\u2705Feito de tecido flex\u00edvel de camada \u00fanica (protegido contra UV) vem em uma cor amarela brilhante para alta visibilidade em todos os momentos.<br \/>\u2705Manga protctiva para dar \u00e0s tiras durabilidade extra, e a capa protetora prolonga a vida \u00fatil desta cinta de eixo premium.<br \/>\u2705 O anel em D em ambas as extremidades aceita mosquet\u00e3o, gancho de apoio, gancho em T ou gancho em J. Pode caber em qualquer tipo de cabo ou amarra\u00e7\u00e3o.<\/p>\n<\/div>\n<div class=\"detailmodule_text-image\"><img data-recalc-dims=\"1\" decoding=\"async\" class=\"detail-desc-decorate-image\" src=\"https:\/\/i0.wp.com\/ae01.alicdn.com\/kf\/S850df4fdeb99446c9d3286b5a534ea42o.jpg?w=1200&#038;ssl=1\"><img data-recalc-dims=\"1\" decoding=\"async\" class=\"detail-desc-decorate-image\" src=\"https:\/\/i0.wp.com\/ae01.alicdn.com\/kf\/Sed8350827d434663a60656b21f64787fK.jpg?w=1200&#038;ssl=1\"><img data-recalc-dims=\"1\" decoding=\"async\" class=\"detail-desc-decorate-image\" src=\"https:\/\/i0.wp.com\/ae01.alicdn.com\/kf\/Sdea030f9f2db4e85a8114cd13d64f8053.jpg?w=1200&#038;ssl=1\"><img data-recalc-dims=\"1\" decoding=\"async\" class=\"detail-desc-decorate-image\" src=\"https:\/\/i0.wp.com\/ae01.alicdn.com\/kf\/S93dcbf5902a5489699669b3c216e0a10h.jpg?w=1200&#038;ssl=1\"><img data-recalc-dims=\"1\" decoding=\"async\" class=\"detail-desc-decorate-image\" src=\"https:\/\/i0.wp.com\/ae01.alicdn.com\/kf\/Sf6fc851a956146aabbe86c55ae82a5c0O.jpg?w=1200&#038;ssl=1\"><img data-recalc-dims=\"1\" decoding=\"async\" class=\"detail-desc-decorate-image\" src=\"https:\/\/i0.wp.com\/ae01.alicdn.com\/kf\/Sc62905afc38f432bbce807db3fa68598b.jpg?w=1200&#038;ssl=1\"><img data-recalc-dims=\"1\" decoding=\"async\" class=\"detail-desc-decorate-image\" src=\"https:\/\/i0.wp.com\/ae01.alicdn.com\/kf\/S7b162b600eb74b87b3bf0330321e28c8X.jpg?w=1200&#038;ssl=1\"><img data-recalc-dims=\"1\" decoding=\"async\" class=\"detail-desc-decorate-image\" src=\"https:\/\/i0.wp.com\/ae01.alicdn.com\/kf\/S28fbb666579c47939ad9925e42d7b516X.jpg?w=1200&#038;ssl=1\"><img data-recalc-dims=\"1\" decoding=\"async\" class=\"detail-desc-decorate-image\" src=\"https:\/\/i0.wp.com\/ae01.alicdn.com\/kf\/S4649682ca62b4bce99707641f1bca0bf9.jpg?w=1200&#038;ssl=1\"><\/div>\n<p><\/p>\n<\/div>\n<\/div>\n","protected":false},"excerpt":{"rendered":"<p>2 pe\u00e7as de tiras de eixo de carro 90x5cm com anel em D e capa protetora para proteger o transporte de carro, tiras de amarra\u00e7\u00e3o de eixo 4500 kg de resist\u00eancia \u00e0 ruptura; 1500 kg de carga de trabalho Caracter\u00edsticas: \u2705As tiras do eixo oferecem uma dimens\u00e3o de 90 x 5 cm com resist\u00eancia \u00e0&hellip;&nbsp;<\/p>\n","protected":false},"featured_media":39718,"template":"","meta":{"neve_meta_sidebar":"","neve_meta_container":"","neve_meta_enable_content_width":"","neve_meta_content_width":0,"neve_meta_title_alignment":"","neve_meta_author_avatar":"","neve_post_elements_order":"","neve_meta_disable_header":"","neve_meta_disable_footer":"","neve_meta_disable_title":""},"product_brand":[],"product_cat":[147,28,17],"product_tag":[],"class_list":{"0":"post-39724","1":"product","2":"type-product","3":"status-publish","4":"has-post-thumbnail","6":"product_cat-cordas-de-reboque","7":"product_cat-lavagem-e-manutencao-de-carros","8":"product_cat-pecas-e-acessorios-automotivos","10":"first","11":"instock","12":"shipping-taxable","13":"purchasable","14":"product-type-variable","15":"has-default-attributes"},"jetpack_sharing_enabled":true,"_links":{"self":[{"href":"https:\/\/listman.shop\/autoparts-br\/wp-json\/wp\/v2\/product\/39724","targetHints":{"allow":["GET"]}}],"collection":[{"href":"https:\/\/listman.shop\/autoparts-br\/wp-json\/wp\/v2\/product"}],"about":[{"href":"https:\/\/listman.shop\/autoparts-br\/wp-json\/wp\/v2\/types\/product"}],"wp:featuredmedia":[{"embeddable":true,"href":"https:\/\/listman.shop\/autoparts-br\/wp-json\/wp\/v2\/media\/39718"}],"wp:attachment":[{"href":"https:\/\/listman.shop\/autoparts-br\/wp-json\/wp\/v2\/media?parent=39724"}],"wp:term":[{"taxonomy":"product_brand","embeddable":true,"href":"https:\/\/listman.shop\/autoparts-br\/wp-json\/wp\/v2\/product_brand?post=39724"},{"taxonomy":"product_cat","embeddable":true,"href":"https:\/\/listman.shop\/autoparts-br\/wp-json\/wp\/v2\/product_cat?post=39724"},{"taxonomy":"product_tag","embeddable":true,"href":"https:\/\/listman.shop\/autoparts-br\/wp-json\/wp\/v2\/product_tag?post=39724"}],"curies":[{"name":"wp","href":"https:\/\/api.w.org\/{rel}","templated":true}]}}