{"id":3973,"date":"2024-10-13T01:58:41","date_gmt":"2024-10-12T16:58:41","guid":{"rendered":"https:\/\/listman.shop\/autoparts-br\/product\/1005007321991557\/"},"modified":"2026-04-14T13:06:17","modified_gmt":"2026-04-14T04:06:17","slug":"1005007321991557","status":"publish","type":"product","link":"https:\/\/listman.shop\/autoparts-br\/product\/1005007321991557\/","title":{"rendered":"3\/4 &#8220;1&#8221; 1-1\/2 &#8220;2&#8221; 3 &#8220;4&#8221; PPR200 Encaixe de alargador de tubo de PVC com eixo sextavado de 3\/8 polegadas Protetor de soquete de PVC para programa\u00e7\u00e3o 40 tubos de PVC"},"content":{"rendered":"<div class=\"detailmodule_html\">\n<div class=\"detail-desc-decorate-richtext\">\n<div class=\"detailmodule_html\">\n<div class=\"detail-desc-decorate-richtext\">\n<div style=\"text-align:center\" align=\"center\"><span style=\"font-size:26px\"><strong>3\/4 \u201d1 \u201d1\/2 \u201d2 \u201d3 \u201d4 \u201dPPR200 Encaixe de alargador de tubula\u00e7\u00e3o de PVC com eixo sextavado de 3\/8-Polegada Protetor de soquete de PVC para programa\u00e7\u00e3o 40 tubos de PVC<\/strong><\/span><\/p>\n<p><\/div>\n<p><span style=\"font-size:18px\"><strong>Aplica\u00e7\u00e3o:<\/strong><\/span><\/p>\n<p style=\"font-family:Helvetica, Arial, sans-serif;font-size:14px;font-weight:400;letter-spacing:normal;text-align:start;white-space:normal\" align=\"start\"><span style=\"font-size:18px\"><strong>Diferentes especifica\u00e7\u00f5es de protetores de encaixe de PVC para atender a v\u00e1rias necessidades de processamento de tubos de pl\u00e1stico.<\/strong><\/span><\/p>\n<p><\/p>\n<div class=\"detailmodule_html\">\n<div class=\"detail-desc-decorate-richtext\">\n<p style=\"font-family:Helvetica, Arial, sans-serif;font-size:14px;font-weight:400;letter-spacing:normal;line-height:inherit;text-align:start;white-space:normal;margin:0px;margin-bottom:0px;margin-top:0px;margin-left:0px;margin-right:0px;padding:0px;padding-bottom:0px;padding-top:0px;padding-left:0px;padding-right:0px\" align=\"start\"><strong><span style=\"font-size:18px;font-family:arial, helvetica, sans-serif\"><span style=\"font-size:18px;font-family:arial, helvetica, sans-serif\">Cont\u00e9m PPR75 (3\/4 polegadas), PPR100 (1 polegada), PPR150 (1-1\/2 polegadas), PPR200 (2 polegadas), PPR300 (3 polegadas) e PPR400 (4 polegadas), use para 04521, 04522, 04524, 04525, 04526, 04527.<\/span><\/span><\/strong><\/p>\n<p><strong><br \/><\/strong><\/p>\n<div style=\", Roboto, Arial, Helvetica, sans-serif, SimSun;font-size:14px;font-weight:400;letter-spacing:normal;text-align:start;white-space:normal;margin:0px;margin-bottom:0px;margin-top:0px;margin-left:0px;margin-right:0px;padding:0px;padding-bottom:0px;padding-top:0px;padding-left:0px;padding-right:0px\" class=\"detailmodule_html\" align=\"start\">\n<div style=\"margin:0px;margin-bottom:0px;margin-top:0px;margin-left:0px;margin-right:0px;padding:0px;padding-bottom:0px;padding-top:0px;padding-left:0px;padding-right:0px\" class=\"detail-desc-decorate-richtext\">\n<div style=\"margin:0px;margin-bottom:0px;margin-top:0px;margin-left:0px;margin-right:0px;padding:0px;padding-bottom:0px;padding-top:0px;padding-left:0px;padding-right:0px\" class=\"detailmodule_html\">\n<div style=\"margin:0px;margin-bottom:0px;margin-top:0px;margin-left:0px;margin-right:0px;padding:0px;padding-bottom:0px;padding-top:0px;padding-left:0px;padding-right:0px\" class=\"detail-desc-decorate-richtext\">\n<p style=\"font-family:Helvetica, Arial, sans-serif;font-size:14px;font-weight:400;letter-spacing:normal;line-height:inherit;text-align:start;white-space:normal;margin:0px;margin-bottom:0px;margin-top:0px;margin-left:0px;margin-right:0px;padding:0px;padding-bottom:0px;padding-top:0px;padding-left:0px;padding-right:0px\" align=\"start\"><strong><span style=\"font-size:18px;font-family:arial, helvetica, sans-serif\"><span style=\"font-size:18px;font-family:arial, helvetica, sans-serif\">PPR75 (3\/4 polegadas), PPR100 (1 polegada) Cabe em brocas padr\u00e3o de 1\/2 polegada.Tamanho do eixo: 1\/4&#8243; hex\u00e1gono.<\/span><\/span><\/strong><\/p>\n<\/div>\n<\/div>\n<\/div>\n<\/div>\n<div style=\", Roboto, Arial, Helvetica, sans-serif, SimSun;font-size:14px;font-weight:400;letter-spacing:normal;text-align:start;white-space:normal;margin:0px;margin-bottom:0px;margin-top:0px;margin-left:0px;margin-right:0px;padding:0px;padding-bottom:0px;padding-top:0px;padding-left:0px;padding-right:0px\" class=\"detailmodule_html\" align=\"start\">\n<div style=\"margin:0px;margin-bottom:0px;margin-top:0px;margin-left:0px;margin-right:0px;padding:0px;padding-bottom:0px;padding-top:0px;padding-left:0px;padding-right:0px\" class=\"detail-desc-decorate-richtext\">\n<p style=\"font-family:Helvetica, Arial, sans-serif;font-size:14px;font-weight:400;letter-spacing:normal;line-height:inherit;text-align:start;white-space:normal;margin:0px;margin-bottom:0px;margin-top:0px;margin-left:0px;margin-right:0px;padding:0px;padding-bottom:0px;padding-top:0px;padding-left:0px;padding-right:0px\" align=\"start\"><strong><span style=\"font-size:18px;font-family:arial, helvetica, sans-serif\"><span style=\"font-size:18px;font-family:arial, helvetica, sans-serif\">PPR150(1-1\/2 polegadas), PPR200 (2 polegadas), PPR300 (3 polegadas), PPR400 (4 polegadas) Cabe em furadeira padr\u00e3o de 1\/2 polegada.Tamanho do eixo: 3\/8&#8243; hex\u00e1gono.<\/span><\/span><\/strong><\/p>\n<\/div>\n<\/div>\n<\/div>\n<\/div>\n<p style=\"font-family:Helvetica, Arial, sans-serif;font-size:14px;font-weight:400;letter-spacing:normal;text-align:start;white-space:normal\" align=\"start\"><span style=\"font-size:18px\"><strong>Este conjunto de alargador de tubos de PVC \u00e9 adequado para tubos de escape, tubos de drenagem, tubos de ventila\u00e7\u00e3o e tubos de \u00e1gua.<\/strong><\/span><\/p>\n<div><\/div>\n<p style=\"font-family:Helvetica, Arial, sans-serif;font-size:14px;font-weight:400;letter-spacing:normal;text-align:start;white-space:normal\" align=\"start\"><strong><span style=\"font-size:18px\">Caracter\u00edsticas:<\/span><\/strong><\/p>\n<p style=\"font-family:Helvetica, Arial, sans-serif;font-size:14px;font-weight:400;letter-spacing:normal;text-align:start;white-space:normal\" align=\"start\"><span style=\"font-size:18px\"><strong>Ampla aplica\u00e7\u00e3o:<\/strong><\/span><\/p>\n<p style=\"font-family:Helvetica, Arial, sans-serif;font-size:14px;font-weight:400;letter-spacing:normal;text-align:start;white-space:normal\" align=\"start\"><span style=\"font-size:18px\"><strong>Este conjunto de alargador de tubos de PVC \u00e9 adequado para tubos de escape, tubos de drenagem, tubos de ventila\u00e7\u00e3o e tubos de \u00e1gua.\u00c9 usado para limpar tubos residuais e res\u00edduos de cimento solvente em acess\u00f3rios de PVC, CPVC ou ABS.Acess\u00f3rios reutiliz\u00e1veis podem economizar tempo e dinheiro, facilitando a remo\u00e7\u00e3o de canos antigos.<\/strong><\/span><\/p>\n<div><\/div>\n<p style=\"font-family:Helvetica, Arial, sans-serif;font-size:14px;font-weight:400;letter-spacing:normal;text-align:start;white-space:normal\" align=\"start\"><span style=\"font-size:18px\"><strong>Alto desempenho:<\/strong><\/span><\/p>\n<p style=\"font-family:Helvetica, Arial, sans-serif;font-size:14px;font-weight:400;letter-spacing:normal;text-align:start;white-space:normal\" align=\"start\"><span style=\"font-size:18px\"><strong>Constru\u00eddo com uma inser\u00e7\u00e3o quadrada de metal duro, cada lado possui uma ponta, que pode ser girada 180 graus antes da substitui\u00e7\u00e3o para obter uma nova superf\u00edcie de corte.Usando um alto torque e uma configura\u00e7\u00e3o de broca de baixa rota\u00e7\u00e3o pode reduzir o calor causado pelo atrito e fornecer o ambiente mais limpo.NOTA: N\u00e3o \u00e9 recomendado o uso em sistemas pressurizados.<\/strong><\/span><\/p>\n<div><\/div>\n<p style=\"font-family:Helvetica, Arial, sans-serif;font-size:14px;font-weight:400;letter-spacing:normal;text-align:start;white-space:normal\" align=\"start\"><span style=\"font-size:18px\"><strong>Material de alta qualidade:<\/strong><\/span><\/p>\n<p style=\"font-family:Helvetica, Arial, sans-serif;font-size:14px;font-weight:400;letter-spacing:normal;text-align:start;white-space:normal\" align=\"start\"><span style=\"font-size:18px\"><strong>Feito de corpo de liga de qualidade e eixo de chave sextavada de a\u00e7o resistente, a superf\u00edcie \u00e9 revestida para evitar ferrugem, durabilidade, alta resist\u00eancia, alta precis\u00e3o, resist\u00eancia ao desgaste, resist\u00eancia \u00e0 corros\u00e3o, n\u00e3o deforma\u00e7\u00e3o e longa vida \u00fatil.Adequado para trabalhos de alargamento de di\u00e2metro interno\/externo espec\u00edfico.<\/strong><\/span><\/p>\n<div><\/div>\n<p style=\"font-family:Helvetica, Arial, sans-serif;font-size:14px;font-weight:400;letter-spacing:normal;text-align:start;white-space:normal\" align=\"start\"><span style=\"font-size:18px\"><strong>F\u00e1cil de usar:<\/strong><\/span><\/p>\n<p style=\"font-family:Helvetica, Arial, sans-serif;font-size:14px;font-weight:400;letter-spacing:normal;text-align:start;white-space:normal\" align=\"start\"><span style=\"font-size:18px\"><strong>Equipado com uma caixa port\u00e1til para melhor armazenamento e movimento.O conjunto de alargador de tubos de PVC pode ser usado com furadeiras padr\u00e3o, furadeiras sem fio e furadeiras de impacto, muito adequado para trabalhos dom\u00e9sticos e tempor\u00e1rios.Corte perto de tubos danificados, selecione a broca do tamanho certo, coloque-a no mandril e aperte-a, insira o alargador verticalmente na junta danificada, remova qualquer material extra e os acess\u00f3rios podem ser reutilizados.<\/strong><\/span><\/p>\n<div><\/div>\n<p style=\"font-family:Helvetica, Arial, sans-serif;font-size:14px;font-weight:400;letter-spacing:normal;text-align:start;white-space:normal\" align=\"start\"><span style=\"font-size:18px\"><strong>Material e cor:<\/strong><\/span><\/p>\n<p style=\"font-family:Helvetica, Arial, sans-serif;font-size:14px;font-weight:400;letter-spacing:normal;text-align:start;white-space:normal\" align=\"start\"><span style=\"font-size:18px\"><strong>Cor: Como mostrado<\/strong><\/span><\/p>\n<p style=\"font-family:Helvetica, Arial, sans-serif;font-size:14px;font-weight:400;letter-spacing:normal;text-align:start;white-space:normal\" align=\"start\"><span style=\"font-size:18px\"><strong>Material: liga<\/strong><\/span><\/p>\n<div>\n<\/div>\n<p><span style=\"font-size:18px\"><strong>Pacote inclu\u00eddo:<\/strong><\/span><\/p>\n<p><span style=\"font-size:18px\"><strong>Produto de pe\u00e7a \u00fanica\/1 conjunto de alargador de tubo de PVC<\/strong><\/span><\/p>\n<p><\/p>\n<div class=\"detailmodule_html\">\n<div class=\"detail-desc-decorate-richtext\">\n<p style=\", Roboto, Arial, Helvetica, sans-serif, SimSun;font-size:14px;font-weight:400;letter-spacing:normal;line-height:inherit;text-align:start;white-space:normal;margin:0px;margin-bottom:0px;margin-top:0px;margin-left:0px;margin-right:0px;padding:0px;padding-bottom:0px;padding-top:0px;padding-left:0px;padding-right:0px\" align=\"start\"><span style=\"font-size:18px\"><strong>Nota:<\/strong><\/span><\/p>\n<p style=\", Roboto, Arial, Helvetica, sans-serif, SimSun;font-size:14px;font-weight:400;letter-spacing:normal;line-height:inherit;text-align:start;white-space:normal;margin:0px;margin-bottom:0px;margin-top:0px;margin-left:0px;margin-right:0px;padding:0px;padding-bottom:0px;padding-top:0px;padding-left:0px;padding-right:0px\" align=\"start\"><strong><span style=\"font-size:18px;font-family:arial, helvetica, sans-serif\">1.Devido \u00e0 diferen\u00e7a de configura\u00e7\u00e3o de luz e tela, a cor do item pode ser ligeiramente diferente das imagens.<br \/><\/span><\/strong><\/p>\n<p style=\", Roboto, Arial, Helvetica, sans-serif, SimSun;font-size:14px;font-weight:400;letter-spacing:normal;line-height:inherit;text-align:start;white-space:normal;margin:0px;margin-bottom:0px;margin-top:0px;margin-left:0px;margin-right:0px;padding:0px;padding-bottom:0px;padding-top:0px;padding-left:0px;padding-right:0px\" align=\"start\"><strong><span style=\"font-size:18px;font-family:arial, helvetica, sans-serif\">2. Por favor, permita uma ligeira diferen\u00e7a de dimens\u00e3o devido a diferentes medi\u00e7\u00f5es manuais.<\/span><\/strong><\/p>\n<\/div>\n<\/div>\n<p><\/p>\n<p><img data-recalc-dims=\"1\" decoding=\"async\" src=\"https:\/\/i0.wp.com\/ae01.alicdn.com\/kf\/S2488e940d2de4dc8b27cad05ba9bb75as.jpg?w=1200&#038;ssl=1\"><img data-recalc-dims=\"1\" decoding=\"async\" src=\"https:\/\/i0.wp.com\/ae01.alicdn.com\/kf\/S05a4bbea69b44ecfb31353b4d2643da5q.jpg?w=1200&#038;ssl=1\"><img data-recalc-dims=\"1\" decoding=\"async\" src=\"https:\/\/i0.wp.com\/ae01.alicdn.com\/kf\/S64f5f6233a59488e9261b975fa076491O.jpg?w=1200&#038;ssl=1\"><img data-recalc-dims=\"1\" decoding=\"async\" src=\"https:\/\/i0.wp.com\/ae01.alicdn.com\/kf\/S68b9402c38cc43199bf32a24ddef6167V.jpg?w=1200&#038;ssl=1\"><img data-recalc-dims=\"1\" decoding=\"async\" src=\"https:\/\/i0.wp.com\/ae01.alicdn.com\/kf\/S692ed1ea1fba4cd7a7eb40a187f1c33dH.jpg?w=1200&#038;ssl=1\"><\/p>\n<p><\/p>\n<p><img data-recalc-dims=\"1\" decoding=\"async\" src=\"https:\/\/i0.wp.com\/ae01.alicdn.com\/kf\/Sed08452b5178444790050daff0fb8197F.jpg?w=1200&#038;ssl=1\"><img data-recalc-dims=\"1\" decoding=\"async\" src=\"https:\/\/i0.wp.com\/ae01.alicdn.com\/kf\/S99d984f046fc4054a72fc0c33c49417f3.jpg?w=1200&#038;ssl=1\"><img data-recalc-dims=\"1\" decoding=\"async\" src=\"https:\/\/i0.wp.com\/ae01.alicdn.com\/kf\/S3bef3cf874c1456da165e9cbe01b75f8U.jpg?w=1200&#038;ssl=1\"><\/p>\n<p><img data-recalc-dims=\"1\" decoding=\"async\" src=\"https:\/\/i0.wp.com\/ae01.alicdn.com\/kf\/S316b7ed3bb014ead9635aa7fed6fcf79X.jpg?w=1200&#038;ssl=1\"><img data-recalc-dims=\"1\" decoding=\"async\" src=\"https:\/\/i0.wp.com\/ae01.alicdn.com\/kf\/Sfb44cb651704425ba824b5932516ca3bn.jpg?w=1200&#038;ssl=1\"><img data-recalc-dims=\"1\" decoding=\"async\" src=\"https:\/\/i0.wp.com\/ae01.alicdn.com\/kf\/S9e5e5f1a0b5b4811aaf46eb0298aeea3A.jpg?w=1200&#038;ssl=1\"><img data-recalc-dims=\"1\" decoding=\"async\" src=\"https:\/\/i0.wp.com\/ae01.alicdn.com\/kf\/Sb93fcf78eb394fef89b1a4a2aa2539234.jpg?w=1200&#038;ssl=1\"><img data-recalc-dims=\"1\" decoding=\"async\" src=\"https:\/\/i0.wp.com\/ae01.alicdn.com\/kf\/Sd9b8d18a83454345a05c106237d1167aG.jpg?w=1200&#038;ssl=1\"><\/p>\n<\/div>\n<\/div>\n<p><\/p>\n<\/div>\n<\/div>\n","protected":false},"excerpt":{"rendered":"<p>3\/4 \u201d1 \u201d1\/2 \u201d2 \u201d3 \u201d4 \u201dPPR200 Encaixe de alargador de tubula\u00e7\u00e3o de PVC com eixo sextavado de 3\/8-Polegada Protetor de soquete de PVC para programa\u00e7\u00e3o 40 tubos de PVC Aplica\u00e7\u00e3o: Diferentes especifica\u00e7\u00f5es de protetores de encaixe de PVC para atender a v\u00e1rias necessidades de processamento de tubos de pl\u00e1stico. Cont\u00e9m PPR75 (3\/4 polegadas), PPR100&hellip;&nbsp;<\/p>\n","protected":false},"featured_media":3967,"template":"","meta":{"neve_meta_sidebar":"","neve_meta_container":"","neve_meta_enable_content_width":"","neve_meta_content_width":0,"neve_meta_title_alignment":"","neve_meta_author_avatar":"","neve_post_elements_order":"","neve_meta_disable_header":"","neve_meta_disable_footer":"","neve_meta_disable_title":""},"product_brand":[],"product_cat":[197,209,17],"product_tag":[],"class_list":{"0":"post-3973","1":"product","2":"type-product","3":"status-publish","4":"has-post-thumbnail","6":"product_cat-ferramentas-de-manutencao-de-automoveis","7":"product_cat-ferramentas-especializadas-para-repintura-automotiva","8":"product_cat-pecas-e-acessorios-automotivos","10":"first","11":"instock","12":"shipping-taxable","13":"purchasable","14":"product-type-variable","15":"has-default-attributes"},"jetpack_sharing_enabled":true,"_links":{"self":[{"href":"https:\/\/listman.shop\/autoparts-br\/wp-json\/wp\/v2\/product\/3973","targetHints":{"allow":["GET"]}}],"collection":[{"href":"https:\/\/listman.shop\/autoparts-br\/wp-json\/wp\/v2\/product"}],"about":[{"href":"https:\/\/listman.shop\/autoparts-br\/wp-json\/wp\/v2\/types\/product"}],"wp:featuredmedia":[{"embeddable":true,"href":"https:\/\/listman.shop\/autoparts-br\/wp-json\/wp\/v2\/media\/3967"}],"wp:attachment":[{"href":"https:\/\/listman.shop\/autoparts-br\/wp-json\/wp\/v2\/media?parent=3973"}],"wp:term":[{"taxonomy":"product_brand","embeddable":true,"href":"https:\/\/listman.shop\/autoparts-br\/wp-json\/wp\/v2\/product_brand?post=3973"},{"taxonomy":"product_cat","embeddable":true,"href":"https:\/\/listman.shop\/autoparts-br\/wp-json\/wp\/v2\/product_cat?post=3973"},{"taxonomy":"product_tag","embeddable":true,"href":"https:\/\/listman.shop\/autoparts-br\/wp-json\/wp\/v2\/product_tag?post=3973"}],"curies":[{"name":"wp","href":"https:\/\/api.w.org\/{rel}","templated":true}]}}