{"id":39934,"date":"2025-03-23T16:47:22","date_gmt":"2025-03-23T07:47:22","guid":{"rendered":"https:\/\/listman.shop\/autoparts-br\/product\/1005007403053802\/"},"modified":"2026-04-11T06:23:15","modified_gmt":"2026-04-10T21:23:15","slug":"1005007403053802","status":"publish","type":"product","link":"https:\/\/listman.shop\/autoparts-br\/product\/1005007403053802\/","title":{"rendered":"Remendos de reparo de couro pu para lavagem de carro, adesivo de fixa\u00e7\u00e3o 30cm x 150cm, fa\u00e7a voc\u00ea mesmo, cola autoadesiva para sof\u00e1, assento de carro, mesa, acess\u00f3rios de carro"},"content":{"rendered":"<div class=\"detailmodule_html\">\n<div class=\"detail-desc-decorate-richtext\">\n<div class=\"detailmodule_html\">\n<div class=\"detail-desc-decorate-richtext\">\n<div>\n<div>\n<div style=\"overflow:hidden;height:0px\">modname=ckeditor<\/div>\n<div>\n<div>\n<p><strong><span style=\"font-size:22px\"><span style=\", Times, serif\">Remendos de reparo de couro pu para lavagem de carro, adesivo fixo 30cm x 150cm, cola autoadesiva diy para sof\u00e1, assento de carro, mesa, acess\u00f3rios de carro<\/span><\/span><\/strong><strong><span style=\"font-size:18px\"><span style=\", Times, serif\"><\/p>\n<p>Descri\u00e7\u00e3o do item<\/span><\/span><\/strong><span style=\"font-size:16px\"><span style=\", Times, serif\"><strong><br \/>Tamanho:<\/strong><\/span><\/span><span style=\"font-size:16px\"><span style=\", Times, serif\"><br \/>35*150cm<br \/>*Esta fita de reparo de couro. Use tecnologia avan\u00e7ada, cole forte, n\u00e3o deixe cair, cole em alguns segundos.<\/p>\n<p>*<\/span><\/span><span style=\"font-size:16px\"><span style=\", Times, serif\"><strong>Material macio<\/strong><\/span><\/span><span style=\"font-size:16px\"><span style=\", Times, serif\"><br \/>O material \u00e9 flex\u00edvel e perfeito para costura. Voc\u00ea tamb\u00e9m pode cort\u00e1-lo em v\u00e1rios formatos.<\/p>\n<p>*<\/span><\/span><span style=\"font-size:16px\"><span style=\", Times, serif\"><strong>Com autoadesivo e f\u00e1cil de usar<\/strong><\/span><\/span><span style=\"font-size:16px\"><span style=\", Times, serif\"><br \/>Basta descascar o papel protetor da fita de reparo de couro e colar o remendo de reparo em buracos, rasgos e manchas em assentos de carro, sof\u00e1s, bolsas ou outros produtos de couro.Imperme\u00e1vel, forte e dur\u00e1vel.<\/p>\n<p>*<\/span><\/span><span style=\"font-size:16px\"><span style=\", Times, serif\"><strong>Fita de reparo de couro de alta qualidade<\/strong><\/span><\/span><span style=\"font-size:16px\"><span style=\", Times, serif\"><br \/>Ajude a reparar uma rachadura ou cubra um buraco para sof\u00e1s de vinil, sof\u00e1s, cadeiras, assentos de carro, bolsas, bolsas, botas, jaquetas, cintos, malas, botas, assentos de autom\u00f3veis, luvas, assentos de motocicleta, poltrona reclin\u00e1vel, bolsa, sof\u00e1 de dois lugares, caminh\u00e3o assento, pufe e m\u00f3veis.<\/span><\/span><\/p>\n<p><span style=\"font-size:16px\"><span style=\", Times, serif\"><strong>Dicas quentes:<\/strong><\/span><\/span><span style=\"font-size:16px\"><span style=\", Times, serif\"><br \/>1.O vinco n\u00e3o afeta o uso.Se voc\u00ea est\u00e1 preocupado com costuras, pode comprar tamanhos grandes para cobrir todas as \u00e1reas de m\u00f3veis.<br \/>2.Se voc\u00ea est\u00e1 preocupado com a diferen\u00e7a de cor, tamb\u00e9m pode comprar tamanhos grandes para cobrir todos os m\u00f3veis antigos.<br \/>(Porque talvez o couro original dos m\u00f3veis n\u00e3o seja necessariamente da mesma cor do nosso)<\/span><\/span><span style=\"font-size:18px\"><span style=\", Times, serif\"><strong><span><\/p>\n<p>Pacote inclu\u00eddo:<\/span><\/strong><\/span><\/span><br \/><span style=\"font-size:16px\"><span style=\", Times, serif\">1x filme de embrulho de vinil para carro de couro<\/span><\/span><\/p>\n<p><strong><span style=\"font-size:18px\"><span style=\", Times, serif\">Instala\u00e7\u00e3o:<\/span><\/span><\/strong><span style=\"font-size:16px\"><span style=\", Times, serif\"><br \/>1.Antes de col\u00e1-los, limpe a superf\u00edcie.Se o seu carro for encerado recentemente, remova a cera.<br \/>2. Aque\u00e7a o adesivo com um secador de cabelo ou pistola de ar quente profissional para um servi\u00e7o mais longo.<br \/>3. Use um rodo de borracha macia para suavizar bolhas e rugas.<br \/>4.Depois de preso, n\u00e3o lave o carro em 24 horas.<\/span><\/span><\/p>\n<div><\/div>\n<p style=\", Roboto, Arial, Helvetica, sans-serif, SimSun;font-size:14px;font-weight:400;letter-spacing:normal;line-height:inherit;text-align:start;white-space:normal;margin:0px;margin-bottom:0px;margin-top:0px;margin-left:0px;margin-right:0px;padding:0px;padding-bottom:0px;padding-top:0px;padding-left:0px;padding-right:0px\" align=\"start\"><span style=\"font-size:16px\"><span style=\", Times, serif\"><span>-1&#215;35*150cm<\/span><\/span><\/span><span style=\"font-size:16px\"><span style=\", Times, serif\"><span><span style=\"font-size:16px;font-family:PingFangSC-Regular\">Fita de reparo de couro PU<\/span><\/span><\/span><\/span><img data-recalc-dims=\"1\" decoding=\"async\" src=\"https:\/\/i0.wp.com\/ae01.alicdn.com\/kf\/S178f090d0ff54dff8fcdea61265c02c9U.jpg?w=1200&#038;ssl=1\"><img data-recalc-dims=\"1\" decoding=\"async\" src=\"https:\/\/i0.wp.com\/ae01.alicdn.com\/kf\/Sb9bcb930f53e4e67932cfbdf5c01aca0b.jpg?w=1200&#038;ssl=1\"><img data-recalc-dims=\"1\" decoding=\"async\" src=\"https:\/\/i0.wp.com\/ae01.alicdn.com\/kf\/S200069b503bb4d718bdcee4966e64490M.jpg?w=1200&#038;ssl=1\"><img data-recalc-dims=\"1\" decoding=\"async\" src=\"https:\/\/i0.wp.com\/ae01.alicdn.com\/kf\/S8e25c3541a8a4cd2b0d44f562b11ba485.jpg?w=1200&#038;ssl=1\"><img data-recalc-dims=\"1\" decoding=\"async\" src=\"https:\/\/i0.wp.com\/ae01.alicdn.com\/kf\/Se668c56829824d87b7c9a337aeea36a93.jpg?w=1200&#038;ssl=1\"><img data-recalc-dims=\"1\" decoding=\"async\" src=\"https:\/\/i0.wp.com\/ae01.alicdn.com\/kf\/S5d40feabf19a48c9a6d973d63ac79e6bO.jpg?w=1200&#038;ssl=1\"><img data-recalc-dims=\"1\" decoding=\"async\" src=\"https:\/\/i0.wp.com\/ae01.alicdn.com\/kf\/S0525b2a5b1e8451aa545fedf96ac7dadX.jpg?w=1200&#038;ssl=1\"><img data-recalc-dims=\"1\" decoding=\"async\" src=\"https:\/\/i0.wp.com\/ae01.alicdn.com\/kf\/S9d5e9184720c41b58155cf9c21cd2724F.jpg?w=1200&#038;ssl=1\"><img data-recalc-dims=\"1\" decoding=\"async\" src=\"https:\/\/i0.wp.com\/ae01.alicdn.com\/kf\/S31627fc2c2d04ea6812b14614d787570e.jpg?w=1200&#038;ssl=1\"><img data-recalc-dims=\"1\" decoding=\"async\" src=\"https:\/\/i0.wp.com\/ae01.alicdn.com\/kf\/S27b686dc27444e69b071c4d981f5e92ee.jpg?w=1200&#038;ssl=1\"><img data-recalc-dims=\"1\" decoding=\"async\" src=\"https:\/\/i0.wp.com\/ae01.alicdn.com\/kf\/Se751dbdf08de43b58533c4d06f006decY.jpg?w=1200&#038;ssl=1\"><img data-recalc-dims=\"1\" decoding=\"async\" src=\"https:\/\/i0.wp.com\/ae01.alicdn.com\/kf\/S6f88ff0737714b9593088897dddbf514s.jpg?w=1200&#038;ssl=1\"><img data-recalc-dims=\"1\" decoding=\"async\" src=\"https:\/\/i0.wp.com\/ae01.alicdn.com\/kf\/Saf0c2f7b52d64f7fb56c239c62731279W.jpg?w=1200&#038;ssl=1\"><img data-recalc-dims=\"1\" decoding=\"async\" src=\"https:\/\/i0.wp.com\/ae01.alicdn.com\/kf\/S164009c21c304899b5c196bea166f765c.jpg?w=1200&#038;ssl=1\"><img data-recalc-dims=\"1\" decoding=\"async\" src=\"https:\/\/i0.wp.com\/ae01.alicdn.com\/kf\/Sb433005746fc47b0bc0b969956b0f6efr.jpg?w=1200&#038;ssl=1\"><img data-recalc-dims=\"1\" decoding=\"async\" src=\"https:\/\/i0.wp.com\/ae01.alicdn.com\/kf\/Sb9f78d38ce2247469a8fb06c076a96f84.jpg?w=1200&#038;ssl=1\"><img data-recalc-dims=\"1\" decoding=\"async\" src=\"https:\/\/i0.wp.com\/ae01.alicdn.com\/kf\/S6bba1114cf7f422496c7c912af63d711w.jpg?w=1200&#038;ssl=1\"><img data-recalc-dims=\"1\" decoding=\"async\" src=\"https:\/\/i0.wp.com\/ae01.alicdn.com\/kf\/Scc29478f4f3c4d0384664262ab3b2f03L.jpg?w=1200&#038;ssl=1\"><img data-recalc-dims=\"1\" decoding=\"async\" src=\"https:\/\/i0.wp.com\/ae01.alicdn.com\/kf\/S886e17480d234681835b2684f7052fb4R.jpg?w=1200&#038;ssl=1\"><\/p>\n<\/div>\n<\/div>\n<\/div>\n<\/div>\n<div><\/div>\n<\/div>\n<\/div>\n<p><\/p>\n<\/div>\n<\/div>\n","protected":false},"excerpt":{"rendered":"<p>modname=ckeditor Remendos de reparo de couro pu para lavagem de carro, adesivo fixo 30cm x 150cm, cola autoadesiva diy para sof\u00e1, assento de carro, mesa, acess\u00f3rios de carro Descri\u00e7\u00e3o do itemTamanho:35*150cm*Esta fita de reparo de couro. Use tecnologia avan\u00e7ada, cole forte, n\u00e3o deixe cair, cole em alguns segundos. *Material macioO material \u00e9 flex\u00edvel e perfeito&hellip;&nbsp;<\/p>\n","protected":false},"featured_media":39928,"template":"","meta":{"neve_meta_sidebar":"","neve_meta_container":"","neve_meta_enable_content_width":"","neve_meta_content_width":0,"neve_meta_title_alignment":"","neve_meta_author_avatar":"","neve_post_elements_order":"","neve_meta_disable_header":"","neve_meta_disable_footer":"","neve_meta_disable_title":""},"product_brand":[],"product_cat":[28,183,17],"product_tag":[],"class_list":{"0":"post-39934","1":"product","2":"type-product","3":"status-publish","4":"has-post-thumbnail","6":"product_cat-lavagem-e-manutencao-de-carros","7":"product_cat-limpador-de-couro-e-estofados","8":"product_cat-pecas-e-acessorios-automotivos","10":"first","11":"instock","12":"shipping-taxable","13":"purchasable","14":"product-type-variable","15":"has-default-attributes"},"jetpack_sharing_enabled":true,"_links":{"self":[{"href":"https:\/\/listman.shop\/autoparts-br\/wp-json\/wp\/v2\/product\/39934","targetHints":{"allow":["GET"]}}],"collection":[{"href":"https:\/\/listman.shop\/autoparts-br\/wp-json\/wp\/v2\/product"}],"about":[{"href":"https:\/\/listman.shop\/autoparts-br\/wp-json\/wp\/v2\/types\/product"}],"wp:featuredmedia":[{"embeddable":true,"href":"https:\/\/listman.shop\/autoparts-br\/wp-json\/wp\/v2\/media\/39928"}],"wp:attachment":[{"href":"https:\/\/listman.shop\/autoparts-br\/wp-json\/wp\/v2\/media?parent=39934"}],"wp:term":[{"taxonomy":"product_brand","embeddable":true,"href":"https:\/\/listman.shop\/autoparts-br\/wp-json\/wp\/v2\/product_brand?post=39934"},{"taxonomy":"product_cat","embeddable":true,"href":"https:\/\/listman.shop\/autoparts-br\/wp-json\/wp\/v2\/product_cat?post=39934"},{"taxonomy":"product_tag","embeddable":true,"href":"https:\/\/listman.shop\/autoparts-br\/wp-json\/wp\/v2\/product_tag?post=39934"}],"curies":[{"name":"wp","href":"https:\/\/api.w.org\/{rel}","templated":true}]}}