{"id":40024,"date":"2025-03-23T16:49:45","date_gmt":"2025-03-23T07:49:45","guid":{"rendered":"https:\/\/listman.shop\/autoparts-br\/product\/1005007655063976\/"},"modified":"2026-05-04T13:53:06","modified_gmt":"2026-05-04T04:53:06","slug":"1005007655063976","status":"publish","type":"product","link":"https:\/\/listman.shop\/autoparts-br\/product\/1005007655063976\/","title":{"rendered":"Pistola pulverizadora el\u00e9trica sem fio, 1000ml, pulverizador de tinta, m\u00f3veis automotivos, revestimento de a\u00e7o, aer\u00f3grafo para bateria ryobi 18v (sem bateria)"},"content":{"rendered":"<div class=\"detailmodule_html\">\n<div class=\"detail-desc-decorate-richtext\">\n<p><strong><span style=\"font-size:18px\">Caracter\u00edsticas:<\/span><\/strong><\/p>\n<p><span style=\"font-size:18px\">\u25cfResfrie rapidamente a entrada de ar e a entrada de ar de dissipa\u00e7\u00e3o de calor para facilitar<br \/>dissipa\u00e7\u00e3o de calor e garantir a vida \u00fatil da m\u00e1quina.<\/span><\/p>\n<p><span style=\"font-size:18px\">\u25cf Interruptor de uma tecla, fonte de alimenta\u00e7\u00e3o mais segura e conveniente de acordo com o design ergon\u00f4mico.<\/span><\/p>\n<p><span style=\"font-size:18px\">\u25cf O bot\u00e3o de ajuste pode ajustar de forma mais eficaz a vaz\u00e3o do bico, ajustar de acordo com suas pr\u00f3prias necessidades e economizar materiais.<\/span><\/p>\n<p><span style=\"font-size:18px\">\u25cf Uma ampla gama de aplica\u00e7\u00f5es, adequada para pintar portas, janelas,<br \/>paredes, cercas, pisos, tetos, pisos, arm\u00e1rios, m\u00f3veis dom\u00e9sticos<br \/>e outros objetos.<\/span><\/p>\n<p><span style=\"font-size:18px\"><br \/><\/span><\/p>\n<p><strong><span style=\"font-size:18px\">Especifica\u00e7\u00f5es:<\/span><\/strong><\/p>\n<p><span style=\"font-size:18px\">Nome: pulverizador de tinta sem fio<\/span><\/p>\n<p><\/p>\n<p><span style=\"font-size:18px;, sans-serif\"><span style=\"font-size:18px;, sans-serif\"><span style=\"font-size:18px;, sans-serif\">Tens\u00e3o: Para bateria de \u00edon-l\u00edtio Ryobi 18V 20V.<\/span><\/span><\/span><\/p>\n<p><span style=\"font-size:18px\">Material: Pl\u00e1stico<\/span><\/p>\n<p><span style=\"font-size:18px\">M\u00e9todo de fornecimento de tinta: tipo de suc\u00e7\u00e3o<\/span><\/p>\n<p><span style=\"font-size:18px\">Bateria: para bateria Ryobi<\/span><\/p>\n<p><span style=\"font-size:18px\">Calibres de quatro bicos: 3 mm, 2,5 mm, 1,8 mm, 1 mm<\/span><span style=\"font-size:18px\">(<\/span><span style=\"font-size:18px\">Um foi instalado na m\u00e1quina)<\/span><\/p>\n<p><span style=\"font-size:18px\">Dist\u00e2ncia ideal de pulveriza\u00e7\u00e3o: 200-250 mm<\/span><\/p>\n<p><span style=\"font-size:18px\">Capacidade do recipiente: 1000mL<\/span><\/p>\n<p><span style=\"font-size:18px\">Tens\u00e3o de entrada: 20V<\/span><\/p>\n<p><span style=\"font-size:18px\">Pot\u00eancia de sa\u00edda: 200W<\/span><\/p>\n<p><span style=\"font-size:18px\">Velocidade do motor: 39000RPM\/MIN<\/span><\/p>\n<p><span style=\"font-size:18px\">Taxa de fluxo de ar: 160L\/MIN<\/span><\/p>\n<p><span style=\"font-size:18px\">Largura de pulveriza\u00e7\u00e3o: 200-300mm<\/span><\/p>\n<p><span style=\"font-size:18px\"><br \/><\/span><\/p>\n<p><span style=\"font-size:18px\"><br \/><\/span><\/p>\n<p><strong><span style=\"font-size:18px\">Lembrete caloroso:<\/span><\/strong><\/p>\n<p><span style=\"font-size:18px\">Ap\u00f3s a utiliza\u00e7\u00e3o da pistola de pulveriza\u00e7\u00e3o, ela deve ser limpa a tempo de evitar que a solidifica\u00e7\u00e3o da tinta e outras tintas bloqueie o orif\u00edcio de pulveriza\u00e7\u00e3o.Ap\u00f3s a limpeza, encha a \u00e1gua com um regador e borrife por cerca de 1 minuto para remover completamente os res\u00edduos dentro da m\u00e1quina.O uso e manuten\u00e7\u00e3o adequados podem fazer com que a m\u00e1quina dure mais.<\/span><\/p>\n<p><span style=\"font-size:18px\"><br \/><\/span><\/p>\n<p><strong><span style=\"font-size:18px\">Nota:<\/span><\/strong><\/p>\n<p><span style=\"font-size:18px\">1.Por favor, permita um erro de 1-5cm devido \u00e0 medi\u00e7\u00e3o manual.Certifique-se de que n\u00e3o se importa antes de fazer uma oferta.<\/span><\/p>\n<p><span style=\"font-size:18px\">2. Devido aos efeitos de ilumina\u00e7\u00e3o, configura\u00e7\u00f5es de brilho\/contraste do monitor, etc., pode haver algumas pequenas diferen\u00e7as no tom da cor das imagens e no item real!<\/span><img data-recalc-dims=\"1\" decoding=\"async\" src=\"https:\/\/i0.wp.com\/ae01.alicdn.com\/kf\/See44048394cc4419a48356ae8994c62dd.jpg?w=1200&#038;ssl=1\"><span style=\"font-size:18px\"><\/span><img data-recalc-dims=\"1\" decoding=\"async\" src=\"https:\/\/i0.wp.com\/ae01.alicdn.com\/kf\/Acebedefb37084beeb7e1ce02142d83c67.jpg?w=1200&#038;ssl=1\"><span style=\"font-size:18px\"><\/span><img data-recalc-dims=\"1\" decoding=\"async\" src=\"https:\/\/i0.wp.com\/ae01.alicdn.com\/kf\/S7857cb3c46d14055929ab12ed7587c25h.jpg?w=1200&#038;ssl=1\"><span style=\"font-size:18px\"><\/span><img data-recalc-dims=\"1\" decoding=\"async\" src=\"https:\/\/i0.wp.com\/ae01.alicdn.com\/kf\/S65b9d8aee75d4834987fd0384eb41908I.jpg?w=1200&#038;ssl=1\"><span style=\"font-size:18px\"><\/span><img data-recalc-dims=\"1\" decoding=\"async\" src=\"https:\/\/i0.wp.com\/ae01.alicdn.com\/kf\/S13cdcc89e8724a46885f3117558bdf01T.jpg?w=1200&#038;ssl=1\"><span style=\"font-size:18px\"><\/span><img data-recalc-dims=\"1\" decoding=\"async\" src=\"https:\/\/i0.wp.com\/ae01.alicdn.com\/kf\/Ab1d4482400b94bf7b4b79569338a2db9q.jpg?w=1200&#038;ssl=1\"><span style=\"font-size:18px\"><\/span><\/p>\n<\/div>\n<\/div>\n","protected":false},"excerpt":{"rendered":"<p>Caracter\u00edsticas: \u25cfResfrie rapidamente a entrada de ar e a entrada de ar de dissipa\u00e7\u00e3o de calor para facilitardissipa\u00e7\u00e3o de calor e garantir a vida \u00fatil da m\u00e1quina. \u25cf Interruptor de uma tecla, fonte de alimenta\u00e7\u00e3o mais segura e conveniente de acordo com o design ergon\u00f4mico. \u25cf O bot\u00e3o de ajuste pode ajustar de forma mais&hellip;&nbsp;<\/p>\n","protected":false},"featured_media":40018,"template":"","meta":{"neve_meta_sidebar":"","neve_meta_container":"","neve_meta_enable_content_width":"","neve_meta_content_width":0,"neve_meta_title_alignment":"","neve_meta_author_avatar":"","neve_post_elements_order":"","neve_meta_disable_header":"","neve_meta_disable_footer":"","neve_meta_disable_title":""},"product_brand":[],"product_cat":[28,17,108],"product_tag":[],"class_list":{"0":"post-40024","1":"product","2":"type-product","3":"status-publish","4":"has-post-thumbnail","6":"product_cat-lavagem-e-manutencao-de-carros","7":"product_cat-pecas-e-acessorios-automotivos","8":"product_cat-pistola-dagua-e-lancador-de-espuma","10":"first","11":"instock","12":"shipping-taxable","13":"purchasable","14":"product-type-variable","15":"has-default-attributes"},"jetpack_sharing_enabled":true,"_links":{"self":[{"href":"https:\/\/listman.shop\/autoparts-br\/wp-json\/wp\/v2\/product\/40024","targetHints":{"allow":["GET"]}}],"collection":[{"href":"https:\/\/listman.shop\/autoparts-br\/wp-json\/wp\/v2\/product"}],"about":[{"href":"https:\/\/listman.shop\/autoparts-br\/wp-json\/wp\/v2\/types\/product"}],"wp:featuredmedia":[{"embeddable":true,"href":"https:\/\/listman.shop\/autoparts-br\/wp-json\/wp\/v2\/media\/40018"}],"wp:attachment":[{"href":"https:\/\/listman.shop\/autoparts-br\/wp-json\/wp\/v2\/media?parent=40024"}],"wp:term":[{"taxonomy":"product_brand","embeddable":true,"href":"https:\/\/listman.shop\/autoparts-br\/wp-json\/wp\/v2\/product_brand?post=40024"},{"taxonomy":"product_cat","embeddable":true,"href":"https:\/\/listman.shop\/autoparts-br\/wp-json\/wp\/v2\/product_cat?post=40024"},{"taxonomy":"product_tag","embeddable":true,"href":"https:\/\/listman.shop\/autoparts-br\/wp-json\/wp\/v2\/product_tag?post=40024"}],"curies":[{"name":"wp","href":"https:\/\/api.w.org\/{rel}","templated":true}]}}