{"id":40117,"date":"2025-03-23T16:52:53","date_gmt":"2025-03-23T07:52:53","guid":{"rendered":"https:\/\/listman.shop\/autoparts-br\/product\/1005008113202600\/"},"modified":"2026-04-14T14:09:06","modified_gmt":"2026-04-14T05:09:06","slug":"1005008113202600","status":"publish","type":"product","link":"https:\/\/listman.shop\/autoparts-br\/product\/1005008113202600\/","title":{"rendered":"Toalha de secagem de carro dupla face 1500gsm, design de la\u00e7o torcido, toalha de secagem de microfibra para lavagem de carro, absor\u00e7\u00e3o superior, sem riscos"},"content":{"rendered":"<div class=\"detailmodule_html\">\n<div class=\"detail-desc-decorate-richtext\">\n<div class=\"detailmodule_html\">\n<div class=\"detail-desc-decorate-richtext\">\n<div data-slate-node=\"element\" style=\"position: relative\"><span data-slate-node=\"text\"><span class=\"null\" data-sent-id=\"V7DLKvD71z\" data-slate-leaf=\"true\"><span data-slate-string=\"true\">Uma toalha seca todo o carro &#8211; Nossa toalha de microfibra preta com tecnologia Twist-Loop \u00e9 a solu\u00e7\u00e3o definitiva, apresentando uma espessura de 1.500 GSM que absorve mais de 7 vezes seu peso na \u00e1gua.<\/span><\/span><\/span><span data-slate-node=\"text\"><span class=\"null\" data-sent-id=\"B4rZ5WrmpV\" data-slate-leaf=\"true\"><span data-slate-string=\"true\">Esta grande toalha de microfibra garante uma experi\u00eancia de secagem r\u00e1pida e eficiente, tornando-a a \u00faltima toalha que voc\u00ea nunca precisa para a limpeza do carro.<\/span><\/span><\/span><\/div>\n<div data-slate-node=\"element\" style=\"position: relative\"><span data-slate-node=\"text\"><span class=\"null\" data-sent-id=\"VAljLMlqKe\" data-slate-leaf=\"true\"><span data-slate-string=\"true\">Brilho sem esfor\u00e7o e sem riscos &#8211; Obtenha um acabamento sem riscos em apenas uma passagem com nossas toalhas de microfibra para carros.<\/span><\/span><\/span><span data-slate-node=\"text\"><span class=\"null\" data-sent-id=\"eGwM62wDae\" data-slate-leaf=\"true\"><span data-slate-string=\"true\">A alta capacidade de absor\u00e7\u00e3o da mistura de microfibra 70\/30 garante que uma passada seja tudo o que voc\u00ea precisa para absorver \u00e1gua, deixando seu ve\u00edculo impec\u00e1vel sem a necessidade de limpeza repetida.<\/span><\/span><\/span><span data-slate-node=\"text\"><span class=\"null\" data-sent-id=\"e6WDM1WK1V\" data-slate-leaf=\"true\"><span data-slate-string=\"true\">A mistura 70\/30 proporciona um toque suave, mantendo a pintura do seu carro livre de arranh\u00f5es e redemoinhos, preservando o brilho do showroom.<\/span><\/span><\/span><\/div>\n<div data-slate-node=\"element\" style=\"position: relative\"><span data-slate-node=\"text\"><span class=\"null\" data-sent-id=\"VRl9ZLljJB\" data-slate-leaf=\"true\"><span data-slate-string=\"true\">Adeus aos manchas de \u00e1gua \u2013 diga adeus aos manchas de \u00e1gua com nossa toalha de secagem avan\u00e7ada de microfibra com la\u00e7o torcido.<\/span><\/span><\/span><span data-slate-node=\"text\"><span class=\"null\" data-sent-id=\"V54lp84MLe\" data-slate-leaf=\"true\"><span data-slate-string=\"true\">Projetada para secar completamente seu carro com o m\u00ednimo esfor\u00e7o, a absor\u00e7\u00e3o superior desta toalha deixa seu ve\u00edculo com um acabamento polido e impec\u00e1vel sempre, tornando-a uma ferramenta essencial em sua rotina de cuidados com o carro.<\/span><\/span><\/span><\/div>\n<div data-slate-node=\"element\" style=\"position: relative\"><span data-slate-node=\"text\"><span class=\"null\" data-sent-id=\"zyZlrNZJDB\" data-slate-leaf=\"true\"><span data-slate-string=\"true\">Secagem em uma passagem \u2013 Seque todo o seu ve\u00edculo em uma \u00fanica passagem com nosso pano de limpeza de microfibra extragrande de 24&#8243; x 36&#8243;.<\/span><\/span><\/span><span data-slate-node=\"text\"><span class=\"null\" data-sent-id=\"e2og6QoYdV\" data-slate-leaf=\"true\"><span data-slate-string=\"true\">Esta toalha de alta absor\u00e7\u00e3o cobre mais \u00e1rea de superf\u00edcie, tornando-a uma ferramenta indispens\u00e1vel em seus suprimentos de limpeza de carro e kit de detalhamento.<\/span><\/span><\/span><\/div>\n<div data-slate-node=\"element\" style=\"position: relative\"><span data-slate-node=\"text\"><span class=\"null\" data-sent-id=\"eEgk6MgZ4z\" data-slate-leaf=\"true\"><span data-slate-string=\"true\">Dur\u00e1vel e sem fiapos \u2013 Fabricada a partir de uma mistura de microfibra premium 70\/30, nossa toalha preta de secagem \u00e9 feita para durar.<\/span><\/span><\/span><span data-slate-node=\"text\"><span class=\"null\" data-sent-id=\"BoP6xNPJ7e\" data-slate-leaf=\"true\"><span data-slate-string=\"true\">Seu design sem derramamento e sem fiapos garante que ele permane\u00e7a uma lavagem eficaz ap\u00f3s a lavagem, tornando-o uma escolha confi\u00e1vel para toalhas de lavagem de carros.<\/span><\/span><\/span><\/div>\n<div data-slate-fragment=\"JTVCJTdCJTIydHlwZSUyMiUzQSUyMnBhcmFncmFwaCUyMiUyQyUyMmNoaWxkcmVuJTIyJTNBJTVCJTdCJTIyaWQlMjIlM0ElMjJWN0RMS3ZENzF6JTIyJTJDJTIycGFyYUlkeCUyMiUzQTAlMkMlMjJzcmMlMjIlM0ElMjJPbmUlMjBUb3dlbCUyMERyaWVzJTIwVGhlJTIwV2hvbGUlMjBDYXIlMjAtJTIwT3VyJTIwQmxhY2slMjBNaWNyb2ZpYmVyJTIwVG93ZWwlMjBXaXRoJTIwVHdpc3RlZC1Mb29wJTIwVGVjaG5vbG9neSUyMElzJTIwVGhlJTIwVWx0aW1hdGUlMjBTb2x1dGlvbiUyQyUyMEZlYXR1cmluZyUyMEElMjAxNTAwJTIwR1NNJTIwVGhpY2tuZXNzJTIwVGhhdCUyMEFic29yYnMlMjBPdmVyJTIwNyUyMFRpbWVzJTIwSXRzJTIwV2VpZ2h0JTIwSW4lMjBXYXRlci4lMjAlMjIlMkMlMjJkc3QlMjIlM0ElMjIlRTQlQjglODAlRTYlOUQlQTElRTYlQUYlOUIlRTUlQjclQkUlRTUlOEYlQUYlRTQlQkIlQTUlRTYlOTMlQTYlRTUlQjklQjIlRTYlOTUlQjQlRTglQkUlODYlRTglQkQlQTYlRTIlODAlOTQlRTIlODAlOTQlRTYlODglOTElRTQlQkIlQUMlRTclOUElODQlRTklQkIlOTElRTglODklQjIlRTglQjYlODUlRTclQkIlODYlRTclQkElQTQlRTclQkIlQjQlRTYlQUYlOUIlRTUlQjclQkUlRTklODclODclRTclOTQlQTglRTYlODklQUQlRTclQkIlOTMlRTYlOEElODAlRTYlOUMlQUYlRUYlQkMlOEMlRTYlOTglQUYlRTclQkIlODglRTYlOUUlODElRTglQTclQTMlRTUlODYlQjMlRTYlOTYlQjklRTYlQTElODglRUYlQkMlOEMlRTUlOEUlOUElRTUlQkElQTYlRTQlQjglQkExNTAwJTIwR1NNJUVGJUJDJThDJUU1JTkwJUI4JUU2JUIwJUI0JUU5JTg3JThGJUU2JTk4JUFGJUU1JTg1JUI2JUU5JTg3JThEJUU5JTg3JThGJUU3JTlBJTg0NyVFNSU4MCU4RCVFNCVCQiVBNSVFNCVCOCU4QSVFMyU4MCU4MiUyMiUyQyUyMm1ldGFkYXRhJTIyJTNBJTIyJTIyJTJDJTIybWV0YURhdGElMjIlM0ElNUIlNUQlMkMlMjJ0ZXh0JTIyJTNBJTIyT25lJTIwVG93ZWwlMjBEcmllcyUyMFRoZSUyMFdob2xlJTIwQ2FyJTIwLSUyME91ciUyMEJsYWNrJTIwTWljcm9maWJlciUyMFRvd2VsJTIwV2l0aCUyMFR3aXN0ZWQtTG9vcCUyMFRlY2hub2xvZ3klMjBJcyUyMFRoZSUyMFVsdGltYXRlJTIwU29sdXRpb24lMkMlMjBGZWF0dXJpbmclMjBBJTIwMTUwMCUyMEdTTSUyMFRoaWNrbmVzcyUyMFRoYXQlMjBBYnNvcmJzJTIwT3ZlciUyMDclMjBUaW1lcyUyMEl0cyUyMFdlaWdodCUyMEluJTIwV2F0ZXIuJTIwJTIyJTdEJTJDJTdCJTIyaWQlMjIlM0ElMjJCNHJaNVdybXBWJTIyJTJDJTIycGFyYUlkeCUyMiUzQTAlMkMlMjJzcmMlMjIlM0ElMjJUaGlzJTIwTGFyZ2UlMjBNaWNyb2ZpYmVyJTIwVG93ZWwlMjBFbnN1cmVzJTIwQSUyMFF1aWNrJTJDJTIwRWZmaWNpZW50JTIwRHJ5aW5nJTIwRXhwZXJpZW5jZSUyQyUyME1ha2luZyUyMEl0JTIwVGhlJTIwTGFzdCUyMFRvd2VsJTIwWW91J2xsJTIwRXZlciUyME5lZWQlMjBGb3IlMjBDYXIlMjBDbGVhbmluZy4lMjIlMkMlMjJkc3QlMjIlM0ElMjIlRTglQkYlOTklRTYlQUMlQkUlRTUlQTQlQTclRTUlOUUlOEIlRTglQjYlODUlRTclQkIlODYlRTclQkElQTQlRTclQkIlQjQlRTYlQUYlOUIlRTUlQjclQkUlRTUlOEYlQUYlRTclQTElQUUlRTQlQkYlOUQlRTUlQkYlQUIlRTklODAlOUYlRTMlODAlODElRTklQUIlOTglRTYlOTUlODglRTclOUElODQlRTUlQjklQjIlRTclODclQTUlRTQlQkQlOTMlRTklQUElOEMlRUYlQkMlOEMlRTQlQkQlQkYlRTUlODUlQjYlRTYlODglOTAlRTQlQjglQkElRTYlODIlQTglRTYlQjQlOTclRTglQkQlQTYlRTYlODklODAlRTklOUMlODAlRTclOUElODQlRTYlOUMlODAlRTUlOTAlOEUlRTQlQjglODAlRTUlOUQlOTclRTYlQUYlOUIlRTUlQjclQkUlRTMlODAlODIlMjIlMkMlMjJtZXRhZGF0YSUyMiUzQSUyMiUyMiUyQyUyMm1ldGFEYXRhJTIyJTNBJTVCJTVEJTJDJTIydGV4dCUyMiUzQSUyMlRoaXMlMjBMYXJnZSUyME1pY3JvZmliZXIlMjBUb3dlbCUyMEVuc3VyZXMlMjBBJTIwUXVpY2slMkMlMjBFZmZpY2llbnQlMjBEcnlpbmclMjBFeHBlcmllbmNlJTJDJTIwTWFraW5nJTIwSXQlMjBUaGUlMjBMYXN0JTIwVG93ZWwlMjBZb3UnbGwlMjBFdmVyJTIwTmVlZCUyMEZvciUyMENhciUyMENsZWFuaW5nLiUyMiU3RCU1RCU3RCUyQyU3QiUyMnR5cGUlMjIlM0ElMjJwYXJhZ3JhcGglMjIlMkMlMjJjaGlsZHJlbiUyMiUzQSU1QiU3QiUyMmlkJTIyJTNBJTIyVkFsakxNbHFLZSUyMiUyQyUyMnBhcmFJZHglMjIlM0ExJTJDJTIyc3JjJTIyJTNBJTIyRWZmb3J0bGVzcyUyQyUyMFN0cmVhay1GcmVlJTIwU2hpbmUlMjAtJTIwQWNoaWV2ZSUyMEElMjBTdHJlYWstZnJlZSUyMEZpbmlzaCUyMEluJTIwSnVzdCUyME9uZSUyMFBhc3MlMjBXaXRoJTIwT3VyJTIwTWljcm9maWJlciUyMFRvd2VscyUyMEZvciUyMENhcnMuJTIwJTIyJTJDJTIyZHN0JTIyJTNBJTIyJUU4JUJEJUJCJUU2JTlEJUJFJUUzJTgwJTgxJUU2JTk3JUEwJUU2JTlEJUExJUU3JUJBJUI5JUU3JTlBJTg0JUU1JTg1JTg5JUU2JUIzJUJELSVFNCVCRCVCRiVFNyU5NCVBOCVFNiU4OCU5MSVFNCVCQiVBQyVFNyU5QSU4NCVFNiVCMSVCRCVFOCVCRCVBNiVFOCVCNiU4NSVFNyVCQiU4NiVFNyVCQSVBNCVFNyVCQiVCNCVFNiVBRiU5QiVFNSVCNyVCRSVFRiVCQyU4QyVFNSU4RiVBQSVFOSU5QyU4MCVFNCVCOCU4MCVFNiVBQyVBMSVFNSU4RCVCMyVFNSU4RiVBRiVFNSVBRSU5RSVFNyU4RSVCMCVFNiU5NyVBMCVFNiU5RCVBMSVFNyVCQSVCOSVFNyU5QSU4NCVFNSVBRSU4QyVFNiU4OCU5MCVFMyU4MCU4MiUyMiUyQyUyMm1ldGFkYXRhJTIyJTNBJTIyJTIyJTJDJTIybWV0YURhdGElMjIlM0ElNUIlNUQlMkMlMjJ0ZXh0JTIyJTNBJTIyRWZmb3J0bGVzcyUyQyUyMFN0cmVhay1GcmVlJTIwU2hpbmUlMjAtJTIwQWNoaWV2ZSUyMEElMjBTdHJlYWstZnJlZSUyMEZpbmlzaCUyMEluJTIwSnVzdCUyME9uZSUyMFBhc3MlMjBXaXRoJTIwT3VyJTIwTWljcm9maWJlciUyMFRvd2VscyUyMEZvciUyMENhcnMuJTIwJTIyJTdEJTJDJTdCJTIyaWQlMjIlM0ElMjJlR3dNNjJ3RGFlJTIyJTJDJTIycGFyYUlkeCUyMiUzQTElMkMlMjJzcmMlMjIlM0ElMjJUaGUlMjBIaWdoJTIwQWJzb3JwdGlvbiUyMENhcGFjaXR5JTIwT2YlMjBUaGUlMjA3MCUyRjMwJTIwTWljcm9maWJlciUyMEJsZW5kJTIwRW5zdXJlcyUyMFRoYXQlMjBPbmUlMjBTd2lwZSUyMElzJTIwQWxsJTIwWW91JTIwTmVlZCUyMFRvJTIwU29hayUyMFVwJTIwV2F0ZXIlMkMlMjBMZWF2aW5nJTIwWW91ciUyMFZlaGljbGUlMjBTcG90bGVzcyUyMFdpdGhvdXQlMjBUaGUlMjBOZWVkJTIwRm9yJTIwUmVwZWF0ZWQlMjBXaXBpbmcuJTIwJTIyJTJDJTIyZHN0JTIyJTNBJTIyNzAlMkYzMCVFOCVCNiU4NSVFNyVCQiU4NiVFNyVCQSVBNCVFNyVCQiVCNCVFNiVCNyVCNyVFNSU5MCU4OCVFNyU4OSVBOSVFNyU5QSU4NCVFOSVBQiU5OCVFNSU5MCVCOCVFNiU5NCVCNiVFOCU4MyVCRCVFNSU4QSU5QiVFNyVBMSVBRSVFNCVCRiU5RCVFNiU4MiVBOCVFNSU4RiVBQSVFOSU5QyU4MCVFOCVCRCVCQiVFOCVCRCVCQiVFNCVCOCU4MCVFNiU5MyVBNiVFNSU4RCVCMyVFNSU4RiVBRiVFNSU5MCVCOCVFNiU5NCVCNiVFNiVCMCVCNCVFNSU4OCU4NiVFRiVCQyU4QyVFNiU5NyVBMCVFOSU5QyU4MCVFNSU4RiU4RCVFNSVBNCU4RCVFNiU5MyVBNiVFNiU4QiVBRCVFNSU4RCVCMyVFNSU4RiVBRiVFOCVBRSVBOSVFNiU4MiVBOCVFNyU5QSU4NCVFOCVCRCVBNiVFOCVCRSU4NiVFNCVCOCU4MCVFNSVCMCU5OCVFNCVCOCU4RCVFNiU5RiU5MyVFMyU4MCU4MiUyMiUyQyUyMm1ldGFkYXRhJTIyJTNBJTIyJTIyJTJDJTIybWV0YURhdGElMjIlM0ElNUIlNUQlMkMlMjJ0ZXh0JTIyJTNBJTIyVGhlJTIwSGlnaCUyMEFic29ycHRpb24lMjBDYXBhY2l0eSUyME9mJTIwVGhlJTIwNzAlMkYzMCUyME1pY3JvZmliZXIlMjBCbGVuZCUyMEVuc3VyZXMlMjBUaGF0JTIwT25lJTIwU3dpcGUlMjBJcyUyMEFsbCUyMFlvdSUyME5lZWQlMjBUbyUyMFNvYWslMjBVcCUyMFdhdGVyJTJDJTIwTGVhdmluZyUyMFlvdXIlMjBWZWhpY2xlJTIwU3BvdGxlc3MlMjBXaXRob3V0JTIwVGhlJTIwTmVlZCUyMEZvciUyMFJlcGVhdGVkJTIwV2lwaW5nLiUyMCUyMiU3RCUyQyU3QiUyMmlkJTIyJTNBJTIyZTZXRE0xV0sxViUyMiUyQyUyMnBhcmFJZHglMjIlM0ExJTJDJTIyc3JjJTIyJTNBJTIyVGhlJTIwNzAlMkYzMCUyMEJsZW5kJTIwUHJvdmlkZXMlMjBBJTIwU29mdCUyMFRvdWNoJTJDJTIwS2VlcGluZyUyMFlvdXIlMjBDYXIncyUyMFBhaW50JTIwU2NyYXRjaC1mcmVlJTIwQW5kJTIwU3dpcmwtZnJlZSUyQyUyMFByZXNlcnZpbmclMjBUaGF0JTIwU2hvd3Jvb20lMjBTaGluZS4lMjIlMkMlMjJkc3QlMjIlM0ElMjI3MCUyRjMwJUU2JUI3JUI3JUU1JTkwJTg4JUU2JThGJTkwJUU0JUJFJTlCJUU2JTlGJTk0JUU4JUJEJUFGJUU4JUE3JUE2JUU2JTg0JTlGJUVGJUJDJThDJUU0JUJGJTlEJUU2JThDJTgxJUU2JUIxJUJEJUU4JUJEJUE2JUU2JUJDJTg2JUU5JTlEJUEyJUU2JTk3JUEwJUU1JTg4JTkyJUU3JTk3JTk1JUU1JTkyJThDJUU2JTk3JUEwJUU2JUJDJUE5JUU2JUI2JUExJUVGJUJDJThDJUU0JUJGJTlEJUU2JThDJTgxJUU1JUIxJTk1JUU1JThFJTg1JUU3JTlBJTg0JUU1JTg1JTg5JUU2JUIzJUJEJUUzJTgwJTgyJTIyJTJDJTIybWV0YWRhdGElMjIlM0ElMjIlMjIlMkMlMjJtZXRhRGF0YSUyMiUzQSU1QiU1RCUyQyUyMnRleHQlMjIlM0ElMjJUaGUlMjA3MCUyRjMwJTIwQmxlbmQlMjBQcm92aWRlcyUyMEElMjBTb2Z0JTIwVG91Y2glMkMlMjBLZWVwaW5nJTIwWW91ciUyMENhcidzJTIwUGFpbnQlMjBTY3JhdGNoLWZyZWUlMjBBbmQlMjBTd2lybC1mcmVlJTJDJTIwUHJlc2VydmluZyUyMFRoYXQlMjBTaG93cm9vbSUyMFNoaW5lLiUyMiU3RCU1RCU3RCUyQyU3QiUyMnR5cGUlMjIlM0ElMjJwYXJhZ3JhcGglMjIlMkMlMjJjaGlsZHJlbiUyMiUzQSU1QiU3QiUyMmlkJTIyJTNBJTIyVlJsOVpMbGpKQiUyMiUyQyUyMnBhcmFJZHglMjIlM0EyJTJDJTIyc3JjJTIyJTNBJTIyR29vZGJ5ZSUyMFRvJTIwV2F0ZXIlMjBTcG90cyUyMC0lMjBTYXklMjBGYXJld2VsbCUyMFRvJTIwV2F0ZXIlMjBTcG90cyUyMFdpdGglMjBPdXIlMjBBZHZhbmNlZCUyMFR3aXN0ZWQlMjBMb29wJTIwTWljcm9maWJlciUyMERyeWluZyUyMFRvd2VsLiUyMCUyMiUyQyUyMmRzdCUyMiUzQSUyMiVFNSU5MSU4QSVFNSU4OCVBQiVFNiVCMCVCNCVFNiVCOCU4RC0lRTclOTQlQTglRTYlODglOTElRTQlQkIlQUMlRTUlODUlODglRTglQkYlOUIlRTclOUElODQlRTglOUUlQkElRTYlOTclOEIlRTUlOUMlODglRTglQjYlODUlRTclQkIlODYlRTclQkElQTQlRTclQkIlQjQlRTclODMlOTglRTUlQjklQjIlRTYlQUYlOUIlRTUlQjclQkUlRTUlOTElOEElRTUlODglQUIlRTYlQjAlQjQlRTYlQjglOEQlRTMlODAlODIlMjIlMkMlMjJtZXRhZGF0YSUyMiUzQSUyMiUyMiUyQyUyMm1ldGFEYXRhJTIyJTNBJTVCJTVEJTJDJTIydGV4dCUyMiUzQSUyMkdvb2RieWUlMjBUbyUyMFdhdGVyJTIwU3BvdHMlMjAtJTIwU2F5JTIwRmFyZXdlbGwlMjBUbyUyMFdhdGVyJTIwU3BvdHMlMjBXaXRoJTIwT3VyJTIwQWR2YW5jZWQlMjBUd2lzdGVkJTIwTG9vcCUyME1pY3JvZmliZXIlMjBEcnlpbmclMjBUb3dlbC4lMjAlMjIlN0QlMkMlN0IlMjJpZCUyMiUzQSUyMlY1NGxwODRNTGUlMjIlMkMlMjJwYXJhSWR4JTIyJTNBMiUyQyUyMnNyYyUyMiUzQSUyMkRlc2lnbmVkJTIwVG8lMjBEcnklMjBZb3VyJTIwQ2FyJTIwVGhvcm91Z2hseSUyMFdpdGglMjBNaW5pbWFsJTIwRWZmb3J0JTJDJTIwVGhpcyUyMFRvd2VsJUUyJTgwJTk5cyUyMFN1cGVyaW9yJTIwQWJzb3JwdGlvbiUyMExlYXZlcyUyMFlvdXIlMjBWZWhpY2xlJTIwV2l0aCUyMEElMjBTcG90bGVzcyUyQyUyMFBvbGlzaGVkJTIwRmluaXNoJTIwRXZlcnklMjBUaW1lJTJDJTIwTWFraW5nJTIwSXQlMjBBbiUyMEVzc2VudGlhbCUyMFRvb2wlMjBJbiUyMFlvdXIlMjBDYXIlMjBDYXJlJTIwUm91dGluZS4lMjIlMkMlMjJkc3QlMjIlM0ElMjIlRTglQkYlOTklRTYlQUMlQkUlRTYlQUYlOUIlRTUlQjclQkUlRTYlOTclQTglRTUlOUMlQTglRTQlQkIlQTUlRTYlOUMlODAlRTUlQjAlOEYlRTclOUElODQlRTUlOEElQUElRTUlOEElOUIlRTUlQkQlQkIlRTUlQkElOTUlRTYlOTMlQTYlRTUlQjklQjIlRTYlODIlQTglRTclOUElODQlRTYlQjElQkQlRTglQkQlQTYlRUYlQkMlOEMlRTUlODUlQjYlRTUlOEQlOTMlRTglQjYlOEElRTclOUElODQlRTUlOTAlQjglRTYlQjAlQjQlRTYlODAlQTclRTQlQkQlQkYlRTYlODIlQTglRTclOUElODQlRTYlQjElQkQlRTglQkQlQTYlRTYlQUYlOEYlRTYlQUMlQTElRTklODMlQkQlRTglODMlQkQlRTglOEUlQjclRTUlQkUlOTclRTYlOTclQTAlRTYlOTYlOTElRTclODIlQjklRTMlODAlODElRTYlOEElOUIlRTUlODUlODklRTclOUElODQlRTglQTElQTglRTklOUQlQTIlRUYlQkMlOEMlRTQlQkQlQkYlRTUlODUlQjYlRTYlODglOTAlRTQlQjglQkElRTYlODIlQTglRTYlQjElQkQlRTglQkQlQTYlRTYlOEElQTQlRTclOTAlODYlRTYlOTclQTUlRTUlQjglQjglRTQlQjglQUQlRTclOUElODQlRTUlQkYlODUlRTUlQTQlODclRTUlQjclQTUlRTUlODUlQjclRTMlODAlODIlMjIlMkMlMjJtZXRhZGF0YSUyMiUzQSUyMiUyMiUyQyUyMm1ldGFEYXRhJTIyJTNBJTVCJTVEJTJDJTIydGV4dCUyMiUzQSUyMkRlc2lnbmVkJTIwVG8lMjBEcnklMjBZb3VyJTIwQ2FyJTIwVGhvcm91Z2hseSUyMFdpdGglMjBNaW5pbWFsJTIwRWZmb3J0JTJDJTIwVGhpcyUyMFRvd2VsJUUyJTgwJTk5cyUyMFN1cGVyaW9yJTIwQWJzb3JwdGlvbiUyMExlYXZlcyUyMFlvdXIlMjBWZWhpY2xlJTIwV2l0aCUyMEElMjBTcG90bGVzcyUyQyUyMFBvbGlzaGVkJTIwRmluaXNoJTIwRXZlcnklMjBUaW1lJTJDJTIwTWFraW5nJTIwSXQlMjBBbiUyMEVzc2VudGlhbCUyMFRvb2wlMjBJbiUyMFlvdXIlMjBDYXIlMjBDYXJlJTIwUm91dGluZS4lMjIlN0QlNUQlN0QlMkMlN0IlMjJ0eXBlJTIyJTNBJTIycGFyYWdyYXBoJTIyJTJDJTIyY2hpbGRyZW4lMjIlM0ElNUIlN0IlMjJpZCUyMiUzQSUyMnp5WmxyTlpKREIlMjIlMkMlMjJwYXJhSWR4JTIyJTNBMyUyQyUyMnNyYyUyMiUzQSUyMk9uZSUyMFBhc3MlMjBEcnlpbmclMjAtJTIwRHJ5JTIwWW91ciUyMEVudGlyZSUyMFZlaGljbGUlMjBJbiUyMEElMjBTaW5nbGUlMjBHbyUyMFdpdGglMjBPdXIlMjBFeHRyYS1sYXJnZSUyMDI0JTVDJTIyeDM2JTVDJTIyJTIwTWljcm9maWJlciUyMENsZWFuaW5nJTIwQ2xvdGguJTIwJTIyJTJDJTIyZHN0JTIyJTNBJTIyJUU0JUI4JTgwJUU2JUFDJUExJUU2JTgwJUE3JUU3JTgzJTk4JUU1JUI5JUIyLSVFNCVCRCVCRiVFNyU5NCVBOCVFNiU4OCU5MSVFNCVCQiVBQyVFNyU5QSU4NCVFOCVCNiU4NSVFNSVBNCVBNzI0JUU4JThCJUIxJUU1JUFGJUI4eDM2JUU4JThCJUIxJUU1JUFGJUI4JUU4JUI2JTg1JUU3JUJCJTg2JUU3JUJBJUE0JUU3JUJCJUI0JUU2JUI4JTg1JUU2JUI0JTgxJUU1JUI4JTgzJUU0JUI4JTgwJUU2JUFDJUExJUU2JTgwJUE3JUU3JTgzJTk4JUU1JUI5JUIyJUU2JTgyJUE4JUU3JTlBJTg0JUU2JTk1JUI0JUU0JUI4JUFBJUU4JUJEJUE2JUU4JUJFJTg2JUUzJTgwJTgyJTIyJTJDJTIybWV0YWRhdGElMjIlM0ElMjIlMjIlMkMlMjJtZXRhRGF0YSUyMiUzQSU1QiU1RCUyQyUyMnRleHQlMjIlM0ElMjJPbmUlMjBQYXNzJTIwRHJ5aW5nJTIwLSUyMERyeSUyMFlvdXIlMjBFbnRpcmUlMjBWZWhpY2xlJTIwSW4lMjBBJTIwU2luZ2xlJTIwR28lMjBXaXRoJTIwT3VyJTIwRXh0cmEtbGFyZ2UlMjAyNCU1QyUyMngzNiU1QyUyMiUyME1pY3JvZmliZXIlMjBDbGVhbmluZyUyMENsb3RoLiUyMCUyMiU3RCUyQyU3QiUyMmlkJTIyJTNBJTIyZTJvZzZRb1lkViUyMiUyQyUyMnBhcmFJZHglMjIlM0EzJTJDJTIyc3JjJTIyJTNBJTIyVGhpcyUyMEhpZ2gtYWJzb3JiZW50JTIwVG93ZWwlMjBDb3ZlcnMlMjBNb3JlJTIwU3VyZmFjZSUyMEFyZWElMkMlMjBNYWtpbmclMjBJdCUyMEFuJTIwSW5kaXNwZW5zYWJsZSUyMFRvb2wlMjBJbiUyMFlvdXIlMjBDYXIlMjBDbGVhbmluZyUyMFN1cHBsaWVzJTIwQW5kJTIwRGV0YWlsaW5nJTIwS2l0LiUyMiUyQyUyMmRzdCUyMiUzQSUyMiVFOCVCRiU5OSVFNiVBQyVCRSVFOSVBQiU5OCVFNSU5MCVCOCVFNiVCMCVCNCVFNiU4MCVBNyVFNiVBRiU5QiVFNSVCNyVCRSVFOCVBNiU4NiVFNyU5QiU5NiVFNCVCQSU4NiVFNiU5QiVCNCVFNSVBNCU5QSVFNyU5QSU4NCVFOCVBMSVBOCVFOSU5RCVBMiVFNyVBNyVBRiVFRiVCQyU4QyVFNCVCRCVCRiVFNSU4NSVCNiVFNiU4OCU5MCVFNCVCOCVCQSVFNiVCMSVCRCVFOCVCRCVBNiVFNiVCOCU4NSVFNiVCNCU4MSVFNyU5NCVBOCVFNSU5MyU4MSVFNSU5MiU4QyVFNyVCQiU4NiVFOCU4QSU4MiVFNSVBNSU5NyVFNCVCQiVCNiVFNCVCOCVBRCVFNCVCOCU4RCVFNSU4RiVBRiVFNiU4OCU5NiVFNyVCQyVCQSVFNyU5QSU4NCVFNSVCNyVBNSVFNSU4NSVCNyVFMyU4MCU4MiUyMiUyQyUyMm1ldGFkYXRhJTIyJTNBJTIyJTIyJTJDJTIybWV0YURhdGElMjIlM0ElNUIlNUQlMkMlMjJ0ZXh0JTIyJTNBJTIyVGhpcyUyMEhpZ2gtYWJzb3JiZW50JTIwVG93ZWwlMjBDb3ZlcnMlMjBNb3JlJTIwU3VyZmFjZSUyMEFyZWElMkMlMjBNYWtpbmclMjBJdCUyMEFuJTIwSW5kaXNwZW5zYWJsZSUyMFRvb2wlMjBJbiUyMFlvdXIlMjBDYXIlMjBDbGVhbmluZyUyMFN1cHBsaWVzJTIwQW5kJTIwRGV0YWlsaW5nJTIwS2l0LiUyMiU3RCU1RCU3RCUyQyU3QiUyMnR5cGUlMjIlM0ElMjJwYXJhZ3JhcGglMjIlMkMlMjJjaGlsZHJlbiUyMiUzQSU1QiU3QiUyMmlkJTIyJTNBJTIyZUVnazZNZ1o0eiUyMiUyQyUyMnBhcmFJZHglMjIlM0E0JTJDJTIyc3JjJTIyJTNBJTIyRHVyYWJsZSUyMCUyNiUyMExpbnQtRnJlZSUyMC0lMjBDcmFmdGVkJTIwRnJvbSUyMEElMjBQcmVtaXVtJTIwNzAlMkYzMCUyME1pY3JvZmliZXIlMjBCbGVuZCUyQyUyME91ciUyMEJsYWNrJTIwRHJ5aW5nJTIwVG93ZWwlMjBJcyUyMEJ1aWx0JTIwVG8lMjBMYXN0LiUyMCUyMiUyQyUyMmRzdCUyMiUzQSUyMiVFOCU4MCU5MCVFNyU5NCVBOCVFNiU5NyVBMCVFNyVCQiU5MiVFNSVCOCU4My0lRTYlODglOTElRTQlQkIlQUMlRTclOUElODQlRTklQkIlOTElRTglODklQjIlRTclODMlOTglRTUlQjklQjIlRTYlQUYlOUIlRTUlQjclQkUlRTklODclODclRTclOTQlQTglRTQlQkMlOTglRTglQjQlQTg3MCUyRjMwJUU4JUI2JTg1JUU3JUJCJTg2JUU3JUJBJUE0JUU3JUJCJUI0JUU2JUI3JUI3JUU3JUJBJUJBJUU1JTg4JUI2JUU2JTg4JTkwJUVGJUJDJThDJUU3JUJCJThGJUU0JUI5JTg1JUU4JTgwJTkwJUU3JTk0JUE4JUUzJTgwJTgyJTIyJTJDJTIybWV0YWRhdGElMjIlM0ElMjIlMjIlMkMlMjJtZXRhRGF0YSUyMiUzQSU1QiU1RCUyQyUyMnRleHQlMjIlM0ElMjJEdXJhYmxlJTIwJTI2JTIwTGludC1GcmVlJTIwLSUyMENyYWZ0ZWQlMjBGcm9tJTIwQSUyMFByZW1pdW0lMjA3MCUyRjMwJTIwTWljcm9maWJlciUyMEJsZW5kJTJDJTIwT3VyJTIwQmxhY2slMjBEcnlpbmclMjBUb3dlbCUyMElzJTIwQnVpbHQlMjBUbyUyMExhc3QuJTIwJTIyJTdEJTJDJTdCJTIyaWQlMjIlM0ElMjJCb1A2eE5QSjdlJTIyJTJDJTIycGFyYUlkeCUyMiUzQTQlMkMlMjJzcmMlMjIlM0ElMjJJdHMlMjBOb24tc2hlZGRpbmclMkMlMjBMaW50LWZyZWUlMjBEZXNpZ24lMjBFbnN1cmVzJTIwSXQlMjBSZW1haW5zJTIwRWZmZWN0aXZlJTIwV2FzaCUyMEFmdGVyJTIwV2FzaCUyQyUyME1ha2luZyUyMEl0JTIwQSUyMFJlbGlhYmxlJTIwQ2hvaWNlJTIwRm9yJTIwQ2FyJTIwV2FzaCUyMFRvd2Vscy4lMjIlMkMlMjJkc3QlMjIlM0ElMjIlRTUlODUlQjYlRTQlQjglOEQlRTglODQlQjElRTglOTAlQkQlRTMlODAlODElRTQlQjglOEQlRTglQjUlQjclRTYlQUYlOUIlRTclOUElODQlRTglQUUlQkUlRTglQUUlQTElRTclQTElQUUlRTQlQkYlOUQlRTQlQkElODYlRTYlQjQlOTclRTUlOTAlOEUlRTQlQkIlOEQlRTglODMlQkQlRTYlOUMlODklRTYlOTUlODglRTYlQjQlOTclRTYlQjYlQTQlRUYlQkMlOEMlRTQlQkQlQkYlRTUlODUlQjYlRTYlODglOTAlRTQlQjglQkElRTYlQjQlOTclRTglQkQlQTYlRTYlQUYlOUIlRTUlQjclQkUlRTclOUElODQlRTUlOEYlQUYlRTklOUQlQTAlRTklODAlODklRTYlOEIlQTklRTMlODAlODIlMjIlMkMlMjJtZXRhZGF0YSUyMiUzQSUyMiUyMiUyQyUyMm1ldGFEYXRhJTIyJTNBJTVCJTVEJTJDJTIydGV4dCUyMiUzQSUyMkl0cyUyME5vbi1zaGVkZGluZyUyQyUyMExpbnQtZnJlZSUyMERlc2lnbiUyMEVuc3VyZXMlMjBJdCUyMFJlbWFpbnMlMjBFZmZlY3RpdmUlMjBXYXNoJTIwQWZ0ZXIlMjBXYXNoJTJDJTIwTWFraW5nJTIwSXQlMjBBJTIwUmVsaWFibGUlMjBDaG9pY2UlMjBGb3IlMjBDYXIlMjBXYXNoJTIwVG93ZWxzLiUyMiU3RCU1RCU3RCUyQyU3QiUyMnR5cGUlMjIlM0ElMjJwYXJhZ3JhcGglMjIlMkMlMjJjaGlsZHJlbiUyMiUzQSU1QiU3QiUyMmlkJTIyJTNBJTIyVjBMOVJxTE44ViUyMiUyQyUyMnBhcmFJZHglMjIlM0E1JTJDJTIyc3JjJTIyJTNBJTIyVmVyc2F0aWxlJTIwRm9yJTIwQW55JTIwVmVoaWNsZSUyMC0lMjBXaGV0aGVyJTIwWW91ciUyMENhciUyMElzJTIwTmV3JTIwT3IlMjBPbGQlMkMlMjBUaGlzJTIwTWljcm9maWJlciUyMENhciUyMERyeWluZyUyMFRvd2VsJTIwSXMlMjBTYWZlJTIwRm9yJTIwQWxsJTIwUGFpbnQlMjBGaW5pc2hlcy4lMjAlMjIlMkMlMjJkc3QlMjIlM0ElMjIlRTklODAlODIlRTclOTQlQTglRTQlQkElOEUlRTQlQkIlQkIlRTQlQkQlOTUlRTglQkQlQTYlRTglQkUlODYtJUU2JTk3JUEwJUU4JUFFJUJBJUU2JTgyJUE4JUU3JTlBJTg0JUU2JUIxJUJEJUU4JUJEJUE2JUU2JTk4JUFGJUU2JTk2JUIwJUU4JUJEJUE2JUU4JUJGJTk4JUU2JTk4JUFGJUU2JTk3JUE3JUU4JUJEJUE2JUVGJUJDJThDJUU4JUJGJTk5JUU2JUFDJUJFJUU4JUI2JTg1JUU3JUJCJTg2JUU3JUJBJUE0JUU3JUJCJUI0JUU2JUIxJUJEJUU4JUJEJUE2JUU3JTgzJTk4JUU1JUI5JUIyJUU1JUI3JUJFJUU1JUFGJUI5JUU2JTg5JTgwJUU2JTlDJTg5JUU2JUJDJTg2JUU5JTlEJUEyJUU5JTgzJUJEJUU2JTk4JUFGJUU1JUFFJTg5JUU1JTg1JUE4JUU3JTlBJTg0JUUzJTgwJTgyJTIyJTJDJTIybWV0YWRhdGElMjIlM0ElMjIlMjIlMkMlMjJtZXRhRGF0YSUyMiUzQSU1QiU1RCUyQyUyMnRleHQlMjIlM0ElMjJWZXJzYXRpbGUlMjBGb3IlMjBBbnklMjBWZWhpY2xlJTIwLSUyMFdoZXRoZXIlMjBZb3VyJTIwQ2FyJTIwSXMlMjBOZXclMjBPciUyME9sZCUyQyUyMFRoaXMlMjBNaWNyb2ZpYmVyJTIwQ2FyJTIwRHJ5aW5nJTIwVG93ZWwlMjBJcyUyMFNhZmUlMjBGb3IlMjBBbGwlMjBQYWludCUyMEZpbmlzaGVzLiUyMCUyMiU3RCUyQyU3QiUyMmlkJTIyJTNBJTIyZUpPNDZ3T2JrViUyMiUyQyUyMnBhcmFJZHglMjIlM0E1JTJDJTIyc3JjJTIyJTNBJTIySXQlRTIlODAlOTlzJTIwUGVyZmVjdCUyMEZvciUyMERyeWluZyUyMEFsbCUyMEV4dGVyaW9yJTIwU3VyZmFjZXMlMkMlMjBNYWtpbmclMjBJdCUyMEFuJTIwRXNzZW50aWFsJTIwQWRkaXRpb24lMjBUbyUyMFlvdXIlMjBBdXRvJTIwRGV0YWlsaW5nJTIwU3VwcGxpZXMlMjBBbmQlMjBFbnN1cmluZyUyMEElMjBTcG90bGVzcyUyMEZpbmlzaCUyMEV2ZXJ5JTIwVGltZS4lMjIlMkMlMjJkc3QlMjIlM0ElMjIlRTUlQUUlODMlRTklOUQlOUUlRTUlQjglQjglRTklODAlODIlRTUlOTAlODglRTUlQjklQjIlRTclODclQTUlRTYlODklODAlRTYlOUMlODklRTUlQTQlOTYlRTglQTElQTglRTklOUQlQTIlRUYlQkMlOEMlRTQlQkQlQkYlRTUlODUlQjYlRTYlODglOTAlRTQlQjglQkElRTYlODIlQTglRTclOUElODQlRTYlQjElQkQlRTglQkQlQTYlRTclQkIlODYlRTglOEElODIlRTclOTQlQTglRTUlOTMlODElRTclOUElODQlRTklODclOEQlRTglQTYlODElRTglQTElQTUlRTUlODUlODUlRUYlQkMlOEMlRTUlQjklQjYlRTclQTElQUUlRTQlQkYlOUQlRTYlQUYlOEYlRTYlQUMlQTElRTklODMlQkQlRTglODMlQkQlRTglOEUlQjclRTUlQkUlOTclRTYlOTclQTAlRTYlOTYlOTElRTclODIlQjklRTclOUElODQlRTglQTElQTglRTklOUQlQTIlRTMlODAlODIlMjIlMkMlMjJtZXRhZGF0YSUyMiUzQSUyMiUyMiUyQyUyMm1ldGFEYXRhJTIyJTNBJTVCJTVEJTJDJTIydGV4dCUyMiUzQSUyMkl0JUUyJTgwJTk5cyUyMFBlcmZlY3QlMjBGb3IlMjBEcnlpbmclMjBBbGwlMjBFeHRlcmlvciUyMFN1cmZhY2VzJTJDJTIwTWFraW5nJTIwSXQlMjBBbiUyMEVzc2VudGlhbCUyMEFkZGl0aW9uJTIwVG8lMjBZb3VyJTIwQXV0byUyMERldGFpbGluZyUyMFN1cHBsaWVzJTIwQW5kJTIwRW5zdXJpbmclMjBBJTIwU3BvdGxlc3MlMjBGaW5pc2glMjBFdmVyeSUyMFRpbWUuJTIyJTdEJTVEJTdEJTVE\" data-slate-node=\"element\" style=\"position: relative\"><span data-slate-node=\"text\"><span class=\"null\" data-sent-id=\"V0L9RqLN8V\" data-slate-leaf=\"true\"><span data-slate-string=\"true\">Vers\u00e1til para qualquer ve\u00edculo \u2013 seja seu carro novo ou antigo, esta toalha de secagem de carro de microfibra \u00e9 segura para todos os acabamentos de pintura.<\/span><\/span><\/span><span data-slate-node=\"text\"><span class=\"null\" data-sent-id=\"eJO46wObkV\" data-slate-leaf=\"true\"><span data-slate-string=\"true\">\u00c9 perfeito para secar todas as superf\u00edcies externas, tornando-o um complemento essencial para seus suprimentos de detalhamento de autom\u00f3veis e garantindo sempre um acabamento impec\u00e1vel.<\/span><\/span><\/span><\/div>\n<p style=\"text-align: left;margin:0\"><img data-recalc-dims=\"1\" decoding=\"async\" src=\"https:\/\/i0.wp.com\/ae01.alicdn.com\/kf\/S5826028cd2964420a92ed11a70c8d1bao.jpg?w=1200&#038;ssl=1\" style=\"width:800px\"><img data-recalc-dims=\"1\" decoding=\"async\" src=\"https:\/\/i0.wp.com\/ae01.alicdn.com\/kf\/Sc8d494a4f51641edb0dedb7d0b3b7608Y.jpg?w=1200&#038;ssl=1\" style=\"width:800px\"><img data-recalc-dims=\"1\" decoding=\"async\" src=\"https:\/\/i0.wp.com\/ae01.alicdn.com\/kf\/S23888b73a64b45abb7400c729cefd176r.jpg?w=1200&#038;ssl=1\" style=\"width:800px\"><img data-recalc-dims=\"1\" decoding=\"async\" src=\"https:\/\/i0.wp.com\/ae01.alicdn.com\/kf\/Sf665fc43222442ef946763f5bf44b05dR.jpg?w=1200&#038;ssl=1\" style=\"width:800px\"><img data-recalc-dims=\"1\" decoding=\"async\" src=\"https:\/\/i0.wp.com\/ae01.alicdn.com\/kf\/S71d62d108da24f3290af1657591c0289j.jpg?w=1200&#038;ssl=1\" style=\"width:800px\"><img data-recalc-dims=\"1\" decoding=\"async\" src=\"https:\/\/i0.wp.com\/ae01.alicdn.com\/kf\/S5268afdebfd4422a9ca6612e038ecf5fW.jpg?w=1200&#038;ssl=1\" style=\"width:800px\"><img data-recalc-dims=\"1\" decoding=\"async\" src=\"https:\/\/i0.wp.com\/ae01.alicdn.com\/kf\/Sfcce5bf151164848809c27b9ff6b88adw.jpg?w=1200&#038;ssl=1\" style=\"width:800px\"><img data-recalc-dims=\"1\" decoding=\"async\" src=\"https:\/\/i0.wp.com\/ae01.alicdn.com\/kf\/S045e562bdb764208bfdce8174a005458K.jpg?w=1200&#038;ssl=1\" style=\"width:800px\"><\/p>\n<\/div>\n<\/div>\n<\/div>\n<\/div>\n","protected":false},"excerpt":{"rendered":"<p>Uma toalha seca todo o carro &#8211; Nossa toalha de microfibra preta com tecnologia Twist-Loop \u00e9 a solu\u00e7\u00e3o definitiva, apresentando uma espessura de 1.500 GSM que absorve mais de 7 vezes seu peso na \u00e1gua.Esta grande toalha de microfibra garante uma experi\u00eancia de secagem r\u00e1pida e eficiente, tornando-a a \u00faltima toalha que voc\u00ea nunca precisa&hellip;&nbsp;<\/p>\n","protected":false},"featured_media":40111,"template":"","meta":{"neve_meta_sidebar":"","neve_meta_container":"","neve_meta_enable_content_width":"","neve_meta_content_width":0,"neve_meta_title_alignment":"","neve_meta_author_avatar":"","neve_post_elements_order":"","neve_meta_disable_header":"","neve_meta_disable_footer":"","neve_meta_disable_title":""},"product_brand":[],"product_cat":[78,28,17],"product_tag":[],"class_list":{"0":"post-40117","1":"product","2":"type-product","3":"status-publish","4":"has-post-thumbnail","6":"product_cat-esponjas-toalhas-e-escovas","7":"product_cat-lavagem-e-manutencao-de-carros","8":"product_cat-pecas-e-acessorios-automotivos","10":"first","11":"instock","12":"shipping-taxable","13":"purchasable","14":"product-type-variable","15":"has-default-attributes"},"jetpack_sharing_enabled":true,"_links":{"self":[{"href":"https:\/\/listman.shop\/autoparts-br\/wp-json\/wp\/v2\/product\/40117","targetHints":{"allow":["GET"]}}],"collection":[{"href":"https:\/\/listman.shop\/autoparts-br\/wp-json\/wp\/v2\/product"}],"about":[{"href":"https:\/\/listman.shop\/autoparts-br\/wp-json\/wp\/v2\/types\/product"}],"wp:featuredmedia":[{"embeddable":true,"href":"https:\/\/listman.shop\/autoparts-br\/wp-json\/wp\/v2\/media\/40111"}],"wp:attachment":[{"href":"https:\/\/listman.shop\/autoparts-br\/wp-json\/wp\/v2\/media?parent=40117"}],"wp:term":[{"taxonomy":"product_brand","embeddable":true,"href":"https:\/\/listman.shop\/autoparts-br\/wp-json\/wp\/v2\/product_brand?post=40117"},{"taxonomy":"product_cat","embeddable":true,"href":"https:\/\/listman.shop\/autoparts-br\/wp-json\/wp\/v2\/product_cat?post=40117"},{"taxonomy":"product_tag","embeddable":true,"href":"https:\/\/listman.shop\/autoparts-br\/wp-json\/wp\/v2\/product_tag?post=40117"}],"curies":[{"name":"wp","href":"https:\/\/api.w.org\/{rel}","templated":true}]}}