{"id":40166,"date":"2025-03-23T16:54:24","date_gmt":"2025-03-23T07:54:24","guid":{"rendered":"https:\/\/listman.shop\/autoparts-br\/product\/1005008257858634\/"},"modified":"2026-05-04T13:48:09","modified_gmt":"2026-05-04T04:48:09","slug":"1005008257858634","status":"publish","type":"product","link":"https:\/\/listman.shop\/autoparts-br\/product\/1005008257858634\/","title":{"rendered":"Mangueira de limpeza de \u00e1gua de alta press\u00e3o, lavadora de press\u00e3o, 6 10 15 m, para ar michelin black &amp; decker makita mac allister stanley"},"content":{"rendered":"<div class=\"detailmodule_html\">\n<div class=\"detail-desc-decorate-richtext\">\n<div class=\"detailmodule_html\">\n<div class=\"detail-desc-decorate-richtext\">\n<div>\n<div>\n<p>\n     <span style=\"font-size:18px;, Roboto, Arial, Helvetica, sans-serif, SimSun\"><strong id=\"tl_1\">Mangueira de Limpeza com &Aacute;gua de Alta Press&atilde;o 6~15m * 180 Bar para Lavadoras de Alta Press&atilde;o AR Blue Clean\/ Michelin\/ Black &amp; Decker\/ MAC Allister\/ Makita \/ Stanley<\/strong><\/span><\/p>\n<div>\n     &nbsp;\n    <\/div>\n<p><span style=\"font-size:14px\" id=\"tl_2\">Isen&ccedil;&atilde;o de responsabilidade: n&atilde;o somos essas marcas nem somos afiliados a elas.N&atilde;o vendemos essas lavadoras de press&atilde;o, mas oferecemos algumas pe&ccedil;as compat&iacute;veis para elas.<\/span><\/p>\n<div>\n     &nbsp;\n    <\/div>\n<p style=\", Arial, Helvetica, sans-serif, Heiti;font-size:14px;line-height:inherit;margin:0px;margin-bottom:0px;margin-top:0px;margin-left:0px;margin-right:0px\"><strong><span style=\"font-size:14px\" id=\"tl_3\">Descri&ccedil;&atilde;o do produto:<\/span><\/strong><\/p>\n<p style=\", Arial, Helvetica, sans-serif, Heiti;font-size:14px;line-height:inherit;margin:0px;margin-bottom:0px;margin-top:0px;margin-left:0px;margin-right:0px\"><span style=\"font-size:14px\" id=\"tl_4\">A mangueira de substitui&ccedil;&atilde;o universal Bear Force foi projetada para uso em lavadoras de press&atilde;o el&eacute;tricas AR Blue Clean \/ Michelin \/ Black Decker \/ Mac Allister \/ Makita \/ Stanley de at&eacute; 180 Bar (2.600 PSI)<\/span><\/p>\n<div>\n     &nbsp;\n    <\/div>\n<p style=\"font-family:arial;font-size:medium;font-weight:400;letter-spacing:normal;line-height:inherit;text-align:start;white-space:normal;border:0px;margin:7.8pt 0px;margin-bottom:7.8pt;margin-top:7.8pt;margin-left:0px;margin-right:0px;padding:0px;padding-bottom:0px;padding-top:0px;padding-left:0px;padding-right:0px\" align=\"start\"><span style=\"font-size:14px;font-family:arial, helvetica, sans-serif\"><span style=\"font-size:14px\"><strong id=\"tl_5\">Aviso Importante:<\/strong><\/span><\/span><\/p>\n<p style=\"font-family:arial;font-size:medium;font-weight:400;letter-spacing:normal;line-height:inherit;text-align:start;white-space:normal;border:0px;margin:0px;margin-bottom:0px;margin-top:0px;margin-left:0px;margin-right:0px;padding:0px;padding-bottom:0px;padding-top:0px;padding-left:0px;padding-right:0px\" align=\"start\"><span style=\"font-size:14px;font-family:arial, helvetica, sans-serif\"><span style=\"font-size:14px\" id=\"tl_6\">Como existem tr&ecirc;s tipos de mangueira para essas marcas de lavadoras de alta press&atilde;o.Verifique o tamanho adequado e certifique-se de que ele se ajusta &agrave; sua m&aacute;quina.<\/span><\/span><\/p>\n<p style=\"font-family:arial;font-size:medium;font-weight:400;letter-spacing:normal;line-height:inherit;text-align:start;white-space:normal;border:0px;margin:0px;margin-bottom:0px;margin-top:0px;margin-left:0px;margin-right:0px;padding:0px;padding-bottom:0px;padding-top:0px;padding-left:0px;padding-right:0px\" align=\"start\"><span style=\"font-size:14px;font-family:arial, helvetica, sans-serif\"><span style=\"font-size:14px\" id=\"tl_7\">Por favor, clique no link para outros tipos de mangueiras abaixo:<\/span><\/span><\/p>\n<p><a href=\"http:\/\/www.aliexpress.com\/item\/32690546184.html?sku_id=65450701255&amp;spm=a2g0o.store_pc_groupList.8148356.19.6b1171bbdYqtyr\" target=\"_self\" class=\"\"><span style=\"font-size:14px\" id=\"tl_8\">www.aliexpress.com\/item\/32690546184.html<\/span><\/a><\/p>\n<div>\n     &nbsp;\n    <\/div>\n<p><span style=\"font-size:14px\"><strong id=\"tl_9\">Funcionalidades:<\/strong><\/span><br \/><span style=\"font-size:14px\" id=\"tl_10\">1.Super resist&ecirc;ncia ao desgaste: usando material puro de alta resist&ecirc;ncia, vida &uacute;til prolongada, resistente ao desgaste e &agrave; abras&atilde;o.<\/span><\/p>\n<p><span style=\"font-size:14px\" id=\"tl_11\">2.Maior desempenho: A press&atilde;o mais alta da mangueira termopl&aacute;stica com camada tran&ccedil;ada suporta trabalho profissional de alta press&atilde;o, para lavagem residencial e comercial leve.<\/span><\/p>\n<p><span style=\"font-size:14px\" id=\"tl_12\">3.Resistente a dobras e durabilidade: F&aacute;cil de transportar, arrastar e enrolar.N&atilde;o marca e nunca dobra permanentemente.Nova resist&ecirc;ncia e resist&ecirc;ncia ao desgaste atualizadas para maior vida &uacute;til e uso seguro.<\/span><\/p>\n<p><span style=\"font-size:14px\" id=\"tl_13\">4.A mangueira &eacute; fabricada por um fabricante profissional Bear Force na China \u2013 uma f&aacute;brica OEM para muitas empresas de marca na Europa e Am&eacute;rica do Norte.<\/span><\/p>\n<p><\/p>\n<p style=\", Arial, Helvetica, sans-serif, Heiti;font-size:14px;line-height:inherit;margin:0px;margin-bottom:0px;margin-top:0px;margin-left:0px;margin-right:0px\"><span style=\"font-size:14px;font-family:arial, helvetica, sans-serif\"><span style=\"font-size:14px\"><strong id=\"tl_14\">Especifica&ccedil;&atilde;o:<\/strong><\/span><\/span><\/p>\n<p style=\", Arial, Helvetica, sans-serif, Heiti;font-size:14px;line-height:inherit;margin:0px;margin-bottom:0px;margin-top:0px;margin-left:0px;margin-right:0px\"><span style=\"font-size:14px;font-family:arial, helvetica, sans-serif\" id=\"tl_15\">1.Comprimento: 6m\/19 p&eacute;s; 10m\/32 p&eacute;s; 15m\/50 p&eacute;s<\/span><\/p>\n<p style=\", Arial, Helvetica, sans-serif, Heiti;font-size:14px;line-height:inherit;margin:0px;margin-bottom:0px;margin-top:0px;margin-left:0px;margin-right:0px\"><span style=\"font-size:14px;font-family:arial, helvetica, sans-serif\" id=\"tl_16\">2.Identifica&ccedil;&atilde;o1\/4&quot; (6,0 mm)<\/span><\/p>\n<p style=\", Arial, Helvetica, sans-serif, Heiti;font-size:14px;line-height:inherit;margin:0px;margin-bottom:0px;margin-top:0px;margin-left:0px;margin-right:0px\"><span style=\"font-size:14px;font-family:arial, helvetica, sans-serif\" id=\"tl_17\">3.Press&atilde;o M&aacute;xima de Trabalho: 180bar \/ 2600psi, Press&atilde;o de Ruptura: 480bar \/ 6960psi (Ruptura 3:1 em rela&ccedil;&atilde;o &agrave; press&atilde;o de trabalho), em conformidade com os crit&eacute;rios CE e UL<\/span><\/p>\n<p style=\", Arial, Helvetica, sans-serif, Heiti;font-size:14px;line-height:inherit;margin:0px;margin-bottom:0px;margin-top:0px;margin-left:0px;margin-right:0px\"><span style=\"font-size:14px;font-family:arial, helvetica, sans-serif\" id=\"tl_18\">4.Cobertura termopl&aacute;stica lisa, refor&ccedil;o tran&ccedil;ado t&ecirc;xtil, tubo interno sem costura<\/span><\/p>\n<p style=\", Arial, Helvetica, sans-serif, Heiti;font-size:14px;line-height:inherit;margin:0px;margin-bottom:0px;margin-top:0px;margin-left:0px;margin-right:0px\"><span style=\"font-size:14px;font-family:arial, helvetica, sans-serif\" id=\"tl_19\">5.Extremidades da mangueira: Compat&iacute;vel com mangueira de lavagem de press&atilde;o original, SEM vazamento.(verifique o tamanho adequado e certifique-se de que est&aacute; comprando a mangueira adequada)<\/span><\/p>\n<p style=\", Arial, Helvetica, sans-serif, Heiti;font-size:14px;line-height:inherit;margin:0px;margin-bottom:0px;margin-top:0px;margin-left:0px;margin-right:0px\"><span style=\"font-size:14px;font-family:arial, helvetica, sans-serif\" id=\"tl_20\">6.Temperatura m&aacute;xima: 15\u2109-140\u2109 \/ 0\u2103-60\u2103<\/span><\/p>\n<p style=\", Arial, Helvetica, sans-serif, Heiti;font-size:14px;line-height:inherit;margin:0px;margin-bottom:0px;margin-top:0px;margin-left:0px;margin-right:0px\"><span style=\"font-size:14px;font-family:arial, helvetica, sans-serif\" id=\"tl_21\">7.Pode ser usado como mangueira de extens&atilde;o com adaptador (inclu&iacute;do)<\/span><\/p>\n<div>\n     &nbsp;\n    <\/div>\n<div>\n     <span style=\"font-size:14px;font-family:arial, helvetica, sans-serif\"><span style=\"font-size:14px\"><span style=\"font-size:14px\"><strong id=\"tl_22\">Conector de Extens&atilde;o B&ocirc;nus<\/strong><\/span><\/span><\/span>\n    <\/div>\n<div>\n     <img data-recalc-dims=\"1\" decoding=\"async\" src=\"https:\/\/i0.wp.com\/ae01.alicdn.com\/kf\/S428817729dbb458cbd441c96df32a07eW.jpg?w=1200&#038;ssl=1\" \/>\n    <\/div>\n<p><img data-recalc-dims=\"1\" decoding=\"async\" src=\"https:\/\/i0.wp.com\/ae01.alicdn.com\/kf\/Sc7f3d04f136a47d6bd649d6039939aa97.jpg?w=1200&#038;ssl=1\" \/><img data-recalc-dims=\"1\" decoding=\"async\" src=\"https:\/\/i0.wp.com\/ae01.alicdn.com\/kf\/Sd729f409635842e088d1da730bd3d0c36.jpg?w=1200&#038;ssl=1\" \/><img data-recalc-dims=\"1\" decoding=\"async\" src=\"https:\/\/i0.wp.com\/ae01.alicdn.com\/kf\/S6a1a678db759417ca8f27d36c02e7ae5y.jpg?w=1200&#038;ssl=1\" \/><\/p>\n<div>\n     &nbsp;\n    <\/div>\n<p><img data-recalc-dims=\"1\" decoding=\"async\" src=\"https:\/\/i0.wp.com\/ae01.alicdn.com\/kf\/S00b685851ec442c4b4341a55060fefaaI.jpg?w=1200&#038;ssl=1\" \/><img data-recalc-dims=\"1\" decoding=\"async\" src=\"https:\/\/i0.wp.com\/ae01.alicdn.com\/kf\/S7c8f73a7c1d9402bb5219ab421841586U.jpg?w=1200&#038;ssl=1\" \/><img data-recalc-dims=\"1\" decoding=\"async\" src=\"https:\/\/i0.wp.com\/ae01.alicdn.com\/kf\/S8012b9fdeac941109c80ce259fd93c0bE.jpg?w=1200&#038;ssl=1\" \/><\/p>\n<\/p><\/div>\n<\/p><\/div>\n<div>\n   \n  <\/div>\n<\/p><\/div>\n<\/div>\n<p><\/p>\n<\/div>\n<\/div>\n","protected":false},"excerpt":{"rendered":"<p>Mangueira de Limpeza com &Aacute;gua de Alta Press&atilde;o 6~15m * 180 Bar para Lavadoras de Alta Press&atilde;o AR Blue Clean\/ Michelin\/ Black &amp; Decker\/ MAC Allister\/ Makita \/ Stanley &nbsp; Isen&ccedil;&atilde;o de responsabilidade: n&atilde;o somos essas marcas nem somos afiliados a elas.N&atilde;o vendemos essas lavadoras de press&atilde;o, mas oferecemos algumas pe&ccedil;as compat&iacute;veis para elas. &nbsp;&hellip;&nbsp;<\/p>\n","protected":false},"featured_media":40160,"template":"","meta":{"neve_meta_sidebar":"","neve_meta_container":"","neve_meta_enable_content_width":"","neve_meta_content_width":0,"neve_meta_title_alignment":"","neve_meta_author_avatar":"","neve_post_elements_order":"","neve_meta_disable_header":"","neve_meta_disable_footer":"","neve_meta_disable_title":""},"product_brand":[],"product_cat":[28,17,108],"product_tag":[],"class_list":{"0":"post-40166","1":"product","2":"type-product","3":"status-publish","4":"has-post-thumbnail","6":"product_cat-lavagem-e-manutencao-de-carros","7":"product_cat-pecas-e-acessorios-automotivos","8":"product_cat-pistola-dagua-e-lancador-de-espuma","10":"first","11":"instock","12":"shipping-taxable","13":"purchasable","14":"product-type-variable","15":"has-default-attributes"},"jetpack_sharing_enabled":true,"_links":{"self":[{"href":"https:\/\/listman.shop\/autoparts-br\/wp-json\/wp\/v2\/product\/40166","targetHints":{"allow":["GET"]}}],"collection":[{"href":"https:\/\/listman.shop\/autoparts-br\/wp-json\/wp\/v2\/product"}],"about":[{"href":"https:\/\/listman.shop\/autoparts-br\/wp-json\/wp\/v2\/types\/product"}],"wp:featuredmedia":[{"embeddable":true,"href":"https:\/\/listman.shop\/autoparts-br\/wp-json\/wp\/v2\/media\/40160"}],"wp:attachment":[{"href":"https:\/\/listman.shop\/autoparts-br\/wp-json\/wp\/v2\/media?parent=40166"}],"wp:term":[{"taxonomy":"product_brand","embeddable":true,"href":"https:\/\/listman.shop\/autoparts-br\/wp-json\/wp\/v2\/product_brand?post=40166"},{"taxonomy":"product_cat","embeddable":true,"href":"https:\/\/listman.shop\/autoparts-br\/wp-json\/wp\/v2\/product_cat?post=40166"},{"taxonomy":"product_tag","embeddable":true,"href":"https:\/\/listman.shop\/autoparts-br\/wp-json\/wp\/v2\/product_tag?post=40166"}],"curies":[{"name":"wp","href":"https:\/\/api.w.org\/{rel}","templated":true}]}}