{"id":40268,"date":"2025-03-24T12:51:53","date_gmt":"2025-03-24T03:51:53","guid":{"rendered":"https:\/\/listman.shop\/autoparts-br\/product\/1005005302124687\/"},"modified":"2026-04-08T02:29:12","modified_gmt":"2026-04-07T17:29:12","slug":"1005005302124687","status":"publish","type":"product","link":"https:\/\/listman.shop\/autoparts-br\/product\/1005005302124687\/","title":{"rendered":"Rv conduziu a luz exterior da varanda 6500k 12v 24v acampamento ao ar livre toldo ilumina\u00e7\u00e3o cena l\u00e2mpada de trabalho para caravana campista reboques \u00f4nibus"},"content":{"rendered":"<div class=\"detailmodule_html\">\n<div class=\"detail-desc-decorate-richtext\">\n<div class=\"detailmodule_text\">\n<p style=\"font-family:OpenSans;font-size:20px;font-weight:900;line-height:28px;white-space:pre-wrap;margin-bottom:12px\" class=\"detail-desc-decorate-title\">\n<p style=\"font-family:OpenSans;font-size:20px;font-weight:900;line-height:28px;white-space:pre-wrap;margin-bottom:12px\" class=\"detail-desc-decorate-title\">\u2764 DICAS QUENTES\u2764<\/p>\n<p style=\"font-family:OpenSans;font-size:14px;font-weight:300;line-height:20px;white-space:pre-wrap;margin-bottom:12px\" class=\"detail-desc-decorate-content\">^^ Os estoques est&atilde;o todos dispon&iacute;veis e todos os itens ser&atilde;o produzidos por nossa f&aacute;brica.<br \/>^^ Os pedidos podem ser enviados em 1-3 dias normalmente.<br \/>^^ Iremos verificar e embalar bem antes de enviar, e o pacote &eacute; seguro.<\/p>\n<\/div>\n<div class=\"detailmodule_text-image\">\n<p style=\"font-family:OpenSans;font-size:20px;font-weight:900;line-height:28px;white-space:pre-wrap;margin-bottom:12px\" class=\"detail-desc-decorate-title\">Recurso<\/p>\n<p style=\"font-family:OpenSans;font-size:14px;font-weight:300;line-height:20px;white-space:pre-wrap;margin-bottom:12px\" class=\"detail-desc-decorate-content\">\ud83d\ude97 Material: caixa de liga de alum&iacute;nio e dissipador de calor<br \/>\ud83d\ude97 Lente: Lente de policarbonato resistente a impactos<br \/>\ud83d\ude97 Tipo de item: luz LED para varanda RV<br \/>\ud83d\ude97 Classifica&ccedil;&atilde;o &agrave; prova d&#8217;&aacute;gua: IP67<br \/>\ud83d\ude97 Pot&ecirc;ncia do LED: 10W\/PC<br \/>\ud83d\ude97 L&uacute;mens: 800lm\/PC<br \/>\ud83d\ude97 Tens&atilde;o: 12V, 24V<br \/>\ud83d\ude97 Temperatura de cor: 6500K Branco<br \/>\ud83d\ude97 Vida &uacute;til: at&eacute; 50.000 horas<br \/>\ud83d\ude97 Aplica&ccedil;&atilde;o: para trailers, reboques, campistas, caravanas, motorhomes, marinha, 5a Rodas, etc.<\/p>\n<p>\ud83d\ude97 Pacote: 2 pe&ccedil;as de luzes<\/p>\n<div>\n  <img data-recalc-dims=\"1\" decoding=\"async\" class=\"detail-desc-decorate-image\" src=\"https:\/\/i0.wp.com\/ae01.alicdn.com\/kf\/Se02d28d7da26404d97741990ea626378w.jpg?w=1200&#038;ssl=1\" \/><br \/>\n  <img data-recalc-dims=\"1\" decoding=\"async\" class=\"detail-desc-decorate-image\" src=\"https:\/\/i0.wp.com\/ae01.alicdn.com\/kf\/Sc5e4a9afb74743e6af4365b8c54d6282m.jpg?w=1200&#038;ssl=1\" \/><br \/>\n  <img data-recalc-dims=\"1\" decoding=\"async\" class=\"detail-desc-decorate-image\" src=\"https:\/\/i0.wp.com\/ae01.alicdn.com\/kf\/S15868a69e7754c61bab5cf6675e96f87a.jpg?w=1200&#038;ssl=1\" \/><br \/>\n  <img data-recalc-dims=\"1\" decoding=\"async\" class=\"detail-desc-decorate-image\" src=\"https:\/\/i0.wp.com\/ae01.alicdn.com\/kf\/S4165b9ad3ec94c1caabc714517fd4e88O.jpg?w=1200&#038;ssl=1\" \/><br \/>\n  <img data-recalc-dims=\"1\" decoding=\"async\" class=\"detail-desc-decorate-image\" src=\"https:\/\/i0.wp.com\/ae01.alicdn.com\/kf\/S8c362681b766443e9a8c06f149093db0u.jpg?w=1200&#038;ssl=1\" \/><br \/>\n  <img data-recalc-dims=\"1\" decoding=\"async\" class=\"detail-desc-decorate-image\" src=\"https:\/\/i0.wp.com\/ae01.alicdn.com\/kf\/S9fe0f3416eb04576ac6b971daae81031k.jpg?w=1200&#038;ssl=1\" \/><br \/>\n  <img data-recalc-dims=\"1\" decoding=\"async\" class=\"detail-desc-decorate-image\" src=\"https:\/\/i0.wp.com\/ae01.alicdn.com\/kf\/S24e2f6412051444995ddb16fe4dff8130.jpg?w=1200&#038;ssl=1\" \/>\n <\/div>\n<\/div>\n<div class=\"detailmodule_text-image\">\n<p style=\"font-family:OpenSans;font-size:20px;font-weight:900;line-height:28px;white-space:pre-wrap;margin-bottom:12px\" class=\"detail-desc-decorate-title\">Seu feedback &eacute; muito importante para n&oacute;s e para todos os clientes!\u2606\u2606\u2606\u2606\u2606<\/p>\n<p style=\"font-family:OpenSans;font-size:14px;font-weight:300;line-height:20px;white-space:pre-wrap;margin-bottom:12px\" class=\"detail-desc-decorate-content\">^^ Deixe-nos um coment&aacute;rio positivo com 5 estrelas se estiver satisfeito com nossos produtos ou servi&ccedil;os.<br \/>^^ Se voc&ecirc; n&atilde;o estiver satisfeito ou tiver alguma d&uacute;vida, entre em contato conosco antes de deixar um feedback negativo ou abrir uma disputa, estamos dispostos a ajudar e oferecer uma solu&ccedil;&atilde;o.<\/p>\n<div>\n  <img data-recalc-dims=\"1\" decoding=\"async\" style=\"margin-bottom:10px\" class=\"detail-desc-decorate-image\" src=\"https:\/\/i0.wp.com\/ae01.alicdn.com\/kf\/Sf3e36b45f3b946bb8d07f6797c9e398d2.jpg?w=1200&#038;ssl=1\" \/>\n <\/div>\n<\/div>\n<p><\/p>\n<\/div>\n<\/div>\n","protected":false},"excerpt":{"rendered":"<p>\u2764 DICAS QUENTES\u2764 ^^ Os estoques est&atilde;o todos dispon&iacute;veis e todos os itens ser&atilde;o produzidos por nossa f&aacute;brica.^^ Os pedidos podem ser enviados em 1-3 dias normalmente.^^ Iremos verificar e embalar bem antes de enviar, e o pacote &eacute; seguro. Recurso \ud83d\ude97 Material: caixa de liga de alum&iacute;nio e dissipador de calor\ud83d\ude97 Lente: Lente de&hellip;&nbsp;<\/p>\n","protected":false},"featured_media":40262,"template":"","meta":{"neve_meta_sidebar":"","neve_meta_container":"","neve_meta_enable_content_width":"","neve_meta_content_width":0,"neve_meta_title_alignment":"","neve_meta_author_avatar":"","neve_post_elements_order":"","neve_meta_disable_header":"","neve_meta_disable_footer":"","neve_meta_disable_title":""},"product_brand":[],"product_cat":[17,212,213],"product_tag":[],"class_list":{"0":"post-40268","1":"product","2":"type-product","3":"status-publish","4":"has-post-thumbnail","6":"product_cat-pecas-e-acessorios-automotivos","7":"product_cat-pecas-e-acessorios-para-rv","8":"product_cat-pecas-para-rv-pecas-e-acessorios-para-rv","10":"first","11":"instock","12":"shipping-taxable","13":"purchasable","14":"product-type-variable","15":"has-default-attributes"},"jetpack_sharing_enabled":true,"_links":{"self":[{"href":"https:\/\/listman.shop\/autoparts-br\/wp-json\/wp\/v2\/product\/40268","targetHints":{"allow":["GET"]}}],"collection":[{"href":"https:\/\/listman.shop\/autoparts-br\/wp-json\/wp\/v2\/product"}],"about":[{"href":"https:\/\/listman.shop\/autoparts-br\/wp-json\/wp\/v2\/types\/product"}],"wp:featuredmedia":[{"embeddable":true,"href":"https:\/\/listman.shop\/autoparts-br\/wp-json\/wp\/v2\/media\/40262"}],"wp:attachment":[{"href":"https:\/\/listman.shop\/autoparts-br\/wp-json\/wp\/v2\/media?parent=40268"}],"wp:term":[{"taxonomy":"product_brand","embeddable":true,"href":"https:\/\/listman.shop\/autoparts-br\/wp-json\/wp\/v2\/product_brand?post=40268"},{"taxonomy":"product_cat","embeddable":true,"href":"https:\/\/listman.shop\/autoparts-br\/wp-json\/wp\/v2\/product_cat?post=40268"},{"taxonomy":"product_tag","embeddable":true,"href":"https:\/\/listman.shop\/autoparts-br\/wp-json\/wp\/v2\/product_tag?post=40268"}],"curies":[{"name":"wp","href":"https:\/\/api.w.org\/{rel}","templated":true}]}}