{"id":40455,"date":"2025-03-24T13:04:15","date_gmt":"2025-03-24T04:04:15","guid":{"rendered":"https:\/\/listman.shop\/autoparts-br\/product\/1005007167517625\/"},"modified":"2026-04-08T02:31:24","modified_gmt":"2026-04-07T17:31:24","slug":"1005007167517625","status":"publish","type":"product","link":"https:\/\/listman.shop\/autoparts-br\/product\/1005007167517625\/","title":{"rendered":"Gravidade de \u00e1gua doce entrada, vazamentos \u00e1gua Filler Cap com 2 chaves, apto para RV Caravan e Motorhome, bloque\u00e1vel"},"content":{"rendered":"<div class=\"detailmodule_html\">\n<div class=\"detail-desc-decorate-richtext\">\n<div class=\"detailmodule_html\">\n<div class=\"detail-desc-decorate-richtext\">\n<p>Tampa de enchimento de \u00e1gua \u00e0 prova de vazamento com trava de entrada de \u00e1gua doce por gravidade com 2 chaves para RV, caravana, motorhome<\/p>\n<p><\/p>\n<p style=\"font-family:\u5fae\u8f6f\u96c5\u9ed1;font-size:16px;font-weight:400;letter-spacing:normal;line-height:1.5;text-align:left;white-space:normal;border:0px none;margin:10px 0px;margin-bottom:10px;margin-top:10px;margin-left:0px;margin-right:0px;padding:0px;padding-bottom:0px;padding-top:0px;padding-left:0px;padding-right:0px\" align=\"left\"><strong>Caracter\u00edstica:<\/strong><\/p>\n<p><span style=\"font-size:16px;font-family:\u5fae\u8f6f\u96c5\u9ed1\">1.Com tampa estilo baioneta, ventila\u00e7\u00e3o de ar de 0,3 polegadas para velocidade de enchimento mais r\u00e1pida e conex\u00e3o de celeiro de 1,6 polegadas.<\/span><br \/><span style=\"font-size:16px;font-family:\u5fae\u8f6f\u96c5\u9ed1\">2.O design da mola e dos an\u00e9is de veda\u00e7\u00e3o pode prevenir eficazmente vazamentos e afrouxamentos.<\/span><br \/><span style=\"font-size:16px;font-family:\u5fae\u8f6f\u96c5\u9ed1\">3.Design com fechadura, vem com 2 chaves, garante o uso seguro da \u00e1gua.<\/span><br \/><span style=\"font-size:16px;font-family:\u5fae\u8f6f\u96c5\u9ed1\">4.Adequado para placa de porta com espessura de 30 a 40 mm\/1,18 &#8211; 1,57 pol.<\/span><br \/><span style=\"font-size:16px;font-family:\u5fae\u8f6f\u96c5\u9ed1\">5.Feito de material pl\u00e1stico de alta qualidade, resistente, resistente \u00e0 corros\u00e3o e dur\u00e1vel.<\/span><\/p>\n<p><\/p>\n<p style=\"font-family:\u5fae\u8f6f\u96c5\u9ed1;font-size:16px;font-weight:400;letter-spacing:normal;line-height:1.5;text-align:left;white-space:normal;border:0px none;margin:10px 0px;margin-bottom:10px;margin-top:10px;margin-left:0px;margin-right:0px;padding:0px;padding-bottom:0px;padding-top:0px;padding-left:0px;padding-right:0px\" align=\"left\"><strong>Especifica\u00e7\u00e3o:<\/strong><\/p>\n<p><span style=\"font-size:16px;font-family:\u5fae\u8f6f\u96c5\u9ed1\">Tipo de item: tampa de enchimento de \u00e1gua<\/span><br \/><span style=\"font-size:16px;font-family:\u5fae\u8f6f\u96c5\u9ed1\">Material: Pl\u00e1stico<\/span><br \/><span style=\"font-size:16px;font-family:\u5fae\u8f6f\u96c5\u9ed1\">Cor: Preto<\/span><br \/><span style=\"font-size:16px;font-family:\u5fae\u8f6f\u96c5\u9ed1\">Aplica\u00e7\u00e3o: Adequado para placa de porta com espessura de 30-40 mm\/1,18 &#8211; 1,57 pol.<\/span><\/p>\n<p style=\"font-family:\u5fae\u8f6f\u96c5\u9ed1;font-size:16px;font-weight:400;letter-spacing:normal;line-height:1.5;text-align:left;white-space:normal;border:0px none;margin:10px 0px;margin-bottom:10px;margin-top:10px;margin-left:0px;margin-right:0px;padding:0px;padding-bottom:0px;padding-top:0px;padding-left:0px;padding-right:0px\" align=\"left\"><strong>Lista de pacotes:<\/strong><\/p>\n<p style=\"font-family:\u5fae\u8f6f\u96c5\u9ed1;font-size:16px;font-weight:400;letter-spacing:normal;line-height:1.5;text-align:left;white-space:normal;border:0px none;margin:10px 0px;margin-bottom:10px;margin-top:10px;margin-left:0px;margin-right:0px;padding:0px;padding-bottom:0px;padding-top:0px;padding-left:0px;padding-right:0px\" align=\"left\">1 x tampa de enchimento de \u00e1gua<\/p>\n<p style=\"font-family:\u5fae\u8f6f\u96c5\u9ed1;font-size:16px;font-weight:400;letter-spacing:normal;line-height:1.5;text-align:left;white-space:normal;border:0px none;margin:10px 0px;margin-bottom:10px;margin-top:10px;margin-left:0px;margin-right:0px;padding:0px;padding-bottom:0px;padding-top:0px;padding-left:0px;padding-right:0px\" align=\"left\">2 x chaves<\/p>\n<p style=\"font-family:\u5fae\u8f6f\u96c5\u9ed1;font-size:16px;font-weight:400;letter-spacing:normal;line-height:1.5;text-align:left;white-space:normal;border:0px none;margin:10px 0px;margin-bottom:10px;margin-top:10px;margin-left:0px;margin-right:0px;padding:0px;padding-bottom:0px;padding-top:0px;padding-left:0px;padding-right:0px\" align=\"left\">3 x parafusos<\/p>\n<p style=\"font-family:\u5fae\u8f6f\u96c5\u9ed1;font-size:16px;font-weight:400;letter-spacing:normal;line-height:1.5;text-align:left;white-space:normal;border:0px none;margin:10px 0px;margin-bottom:10px;margin-top:10px;margin-left:0px;margin-right:0px;padding:0px;padding-bottom:0px;padding-top:0px;padding-left:0px;padding-right:0px\" align=\"left\"><\/p>\n<p style=\"font-family:\u5fae\u8f6f\u96c5\u9ed1;font-size:16px;font-weight:400;letter-spacing:normal;line-height:1.5;text-align:left;white-space:normal;border:0px none;margin:10px 0px;margin-bottom:10px;margin-top:10px;margin-left:0px;margin-right:0px;padding:0px;padding-bottom:0px;padding-top:0px;padding-left:0px;padding-right:0px\" align=\"left\"><strong>Nota:<\/strong><\/p>\n<div style=\"font-family:\u5fae\u8f6f\u96c5\u9ed1;font-size:16px;font-weight:400;letter-spacing:normal;text-align:left;white-space:normal;margin:0px;margin-bottom:0px;margin-top:0px;margin-left:0px;margin-right:0px;padding:0px;padding-bottom:0px;padding-top:0px;padding-left:0px;padding-right:0px\" align=\"left\">Observe que o novo tipo e o tipo antigo deste produto ser\u00e3o enviados aleatoriamente e certifique-se de que n\u00e3o se importar\u00e1 antes de fazer o pedido.<\/div>\n<div style=\"font-family:\u5fae\u8f6f\u96c5\u9ed1;font-size:16px;font-weight:400;letter-spacing:normal;text-align:left;white-space:normal;margin:0px;margin-bottom:0px;margin-top:0px;margin-left:0px;margin-right:0px;padding:0px;padding-bottom:0px;padding-top:0px;padding-left:0px;padding-right:0px\" align=\"left\"><\/div>\n<div style=\"font-family:\u5fae\u8f6f\u96c5\u9ed1;font-size:16px;font-weight:400;letter-spacing:normal;text-align:left;white-space:normal;margin:0px;margin-bottom:0px;margin-top:0px;margin-left:0px;margin-right:0px;padding:0px;padding-bottom:0px;padding-top:0px;padding-left:0px;padding-right:0px\" align=\"left\"><img data-recalc-dims=\"1\" decoding=\"async\" src=\"https:\/\/i0.wp.com\/ae01.alicdn.com\/kf\/S531a4e467ecc44378c3f754f8512ace5W.jpg?w=1200&#038;ssl=1\"><img data-recalc-dims=\"1\" decoding=\"async\" src=\"https:\/\/i0.wp.com\/ae01.alicdn.com\/kf\/S099de7152c9a4fa2b0866dfb6d53a839m.jpg?w=1200&#038;ssl=1\"><img data-recalc-dims=\"1\" decoding=\"async\" src=\"https:\/\/i0.wp.com\/ae01.alicdn.com\/kf\/S1d4a0b6963da40a3957defc54d76ba32U.jpg?w=1200&#038;ssl=1\"><img data-recalc-dims=\"1\" decoding=\"async\" src=\"https:\/\/i0.wp.com\/ae01.alicdn.com\/kf\/S52161a72358e4eacb99e6d7a66cddc0a2.jpg?w=1200&#038;ssl=1\"><img data-recalc-dims=\"1\" decoding=\"async\" src=\"https:\/\/i0.wp.com\/ae01.alicdn.com\/kf\/Se8219545a46e4fcc819a5a71862188c0i.jpg?w=1200&#038;ssl=1\"><img data-recalc-dims=\"1\" decoding=\"async\" src=\"https:\/\/i0.wp.com\/ae01.alicdn.com\/kf\/S86317482f76e41e8b4b2bda35eefb3f5I.jpg?w=1200&#038;ssl=1\"><img data-recalc-dims=\"1\" decoding=\"async\" src=\"https:\/\/i0.wp.com\/ae01.alicdn.com\/kf\/S9a0795d49beb44a2957a31019c069eb7O.png?w=1200&#038;ssl=1\"><img data-recalc-dims=\"1\" decoding=\"async\" src=\"https:\/\/i0.wp.com\/ae01.alicdn.com\/kf\/S24ba49bf40a545b08273a3eab676e5d1f.png?w=1200&#038;ssl=1\"><img data-recalc-dims=\"1\" decoding=\"async\" src=\"https:\/\/i0.wp.com\/ae01.alicdn.com\/kf\/S901aada82b5a4dd19f96ec9a73a5f65bW.png?w=1200&#038;ssl=1\"><img data-recalc-dims=\"1\" decoding=\"async\" src=\"https:\/\/i0.wp.com\/ae01.alicdn.com\/kf\/S595e036eded84fdc9132b1f672c3d0159.png?w=1200&#038;ssl=1\"><\/div>\n<p><\/div>\n<\/div>\n<\/div>\n<\/div>\n","protected":false},"excerpt":{"rendered":"<p>Tampa de enchimento de \u00e1gua \u00e0 prova de vazamento com trava de entrada de \u00e1gua doce por gravidade com 2 chaves para RV, caravana, motorhome Caracter\u00edstica: 1.Com tampa estilo baioneta, ventila\u00e7\u00e3o de ar de 0,3 polegadas para velocidade de enchimento mais r\u00e1pida e conex\u00e3o de celeiro de 1,6 polegadas.2.O design da mola e dos an\u00e9is&hellip;&nbsp;<\/p>\n","protected":false},"featured_media":40449,"template":"","meta":{"neve_meta_sidebar":"","neve_meta_container":"","neve_meta_enable_content_width":"","neve_meta_content_width":0,"neve_meta_title_alignment":"","neve_meta_author_avatar":"","neve_post_elements_order":"","neve_meta_disable_header":"","neve_meta_disable_footer":"","neve_meta_disable_title":""},"product_brand":[],"product_cat":[17,212,213],"product_tag":[],"class_list":{"0":"post-40455","1":"product","2":"type-product","3":"status-publish","4":"has-post-thumbnail","6":"product_cat-pecas-e-acessorios-automotivos","7":"product_cat-pecas-e-acessorios-para-rv","8":"product_cat-pecas-para-rv-pecas-e-acessorios-para-rv","10":"first","11":"instock","12":"shipping-taxable","13":"purchasable","14":"product-type-variable"},"jetpack_sharing_enabled":true,"_links":{"self":[{"href":"https:\/\/listman.shop\/autoparts-br\/wp-json\/wp\/v2\/product\/40455","targetHints":{"allow":["GET"]}}],"collection":[{"href":"https:\/\/listman.shop\/autoparts-br\/wp-json\/wp\/v2\/product"}],"about":[{"href":"https:\/\/listman.shop\/autoparts-br\/wp-json\/wp\/v2\/types\/product"}],"wp:featuredmedia":[{"embeddable":true,"href":"https:\/\/listman.shop\/autoparts-br\/wp-json\/wp\/v2\/media\/40449"}],"wp:attachment":[{"href":"https:\/\/listman.shop\/autoparts-br\/wp-json\/wp\/v2\/media?parent=40455"}],"wp:term":[{"taxonomy":"product_brand","embeddable":true,"href":"https:\/\/listman.shop\/autoparts-br\/wp-json\/wp\/v2\/product_brand?post=40455"},{"taxonomy":"product_cat","embeddable":true,"href":"https:\/\/listman.shop\/autoparts-br\/wp-json\/wp\/v2\/product_cat?post=40455"},{"taxonomy":"product_tag","embeddable":true,"href":"https:\/\/listman.shop\/autoparts-br\/wp-json\/wp\/v2\/product_tag?post=40455"}],"curies":[{"name":"wp","href":"https:\/\/api.w.org\/{rel}","templated":true}]}}