{"id":40496,"date":"2025-03-24T13:08:41","date_gmt":"2025-03-24T04:08:41","guid":{"rendered":"https:\/\/listman.shop\/autoparts-br\/product\/1005007654182971\/"},"modified":"2026-04-08T02:30:06","modified_gmt":"2026-04-07T17:30:06","slug":"1005007654182971","status":"publish","type":"product","link":"https:\/\/listman.shop\/autoparts-br\/product\/1005007654182971\/","title":{"rendered":"Para dobradi\u00e7a Keter, armazene arco\/Max\/Ace \/Prem 1150 XL\/Elite, WLPS, servi\u00e7o pesado 565308"},"content":{"rendered":"<div class=\"detailmodule_html\">\n<div class=\"detail-desc-decorate-richtext\">\n<p><span style=\"font-size:16px;, helvetica, sans-serif\">1 x suporte de g\u00e1s de substitui\u00e7\u00e3o \/ dobradi\u00e7a WLPS<\/span><\/p>\n<p><\/p>\n<p><span style=\"font-size:16px;, helvetica, sans-serif\">Funciona com apenas 5 modelos de caixa de chaleira<\/span><\/p>\n<p><\/p>\n<p><span style=\"font-size:16px;, helvetica, sans-serif\">Armazene no m\u00e1ximo 1200L \/ Armazene no arco 1200L \/ Armazene no Ace 1200L \/ Elite Store 1150L \/ Premier XL 1150L<\/span><\/p>\n<p><\/p>\n<p><span style=\"font-size:16px;, helvetica, sans-serif\">Por favor, n\u00e3o tente fazer o pedido se o modelo da sua caixa n\u00e3o estiver listado acima.Existem muitos outros modelos de dobradi\u00e7a de chaleira (WUPN, SOP) dispon\u00edveis, portanto, certifique-se de que sua caixa use a correta.<\/span><\/p>\n<p><\/p>\n<p><span style=\"font-size:16px;, helvetica, sans-serif\">Designa\u00e7\u00e3o da pe\u00e7a de acordo com as instru\u00e7\u00f5es de montagem originais \u201cWLPS\u201d.A for\u00e7a de press\u00e3o 140N garante que a tampa da caixa de jardim permane\u00e7a aberta e abra quase automaticamente.Ap\u00f3s alguns anos, flutua\u00e7\u00f5es de temperatura e condi\u00e7\u00f5es clim\u00e1ticas, os suportes de g\u00e1s originais perdem sua resist\u00eancia, por isso pode ser necess\u00e1rio e sensato substitu\u00ed-los por novos.Recomendamos sempre a substitui\u00e7\u00e3o de ambos os suportes a g\u00e1s ao mesmo tempo para que a tampa fique sempre carregada uniformemente e n\u00e3o haja tens\u00e3o na aba.<\/span><\/p>\n<p><\/p>\n<p><span style=\"font-size:16px;, helvetica, sans-serif\">Destaques do produto<\/span><\/p>\n<p><span style=\"font-size:16px;, helvetica, sans-serif\">Pe\u00e7a de reposi\u00e7\u00e3o para molas de press\u00e3o a g\u00e1s desgastadas que n\u00e3o seguram mais a tampa da caixa de jardim Keter Max.<\/span><\/p>\n<p><\/p>\n<p><span style=\"font-size:16px;, helvetica, sans-serif\">solu\u00e7\u00e3o de substitui\u00e7\u00e3o barata e sustent\u00e1vel sem a necessidade de comprar uma nova caixa, designa\u00e7\u00e3o de pe\u00e7a nas instru\u00e7\u00f5es de montagem originais \u201cWLPS\u201d.<\/span><\/p>\n<p><\/p>\n<p><span style=\"font-size:16px;, helvetica, sans-serif\">Resist\u00eancia por levantador de press\u00e3o de g\u00e1s aprox.140N &#8211; suficiente para a tampa da caixa multifuncional Armazene Max1200L \/ Armazene Out Arc 1200L \/ Armazene Ace 1200L \/ Elite Store 1150L \/ Premier XL 1150L<\/span><\/p>\n<p><\/p>\n<p><span style=\"font-size:16px;, helvetica, sans-serif\">Estes s\u00e3o iguais \u00e0 pe\u00e7a565308 ou WLPS.<\/span><\/p>\n<p><\/p>\n<p><span style=\"font-size:16px;, helvetica, sans-serif\">O pacote inclui<\/span><\/p>\n<p><span style=\"font-size:16px;, helvetica, sans-serif\">1 x dobradi\u00e7a de suporte de g\u00e1s WLPS (parafusos de fixa\u00e7\u00e3o n\u00e3o est\u00e3o inclu\u00eddos. Certifique-se de ainda ter os parafusos originais em m\u00e3os. )<\/span><\/p>\n<p><\/p>\n<p><img data-recalc-dims=\"1\" decoding=\"async\" src=\"https:\/\/i0.wp.com\/ae01.alicdn.com\/kf\/S87d655bd813a40e3be4a3ae50b396bb95.jpg?w=1200&#038;ssl=1\"><img data-recalc-dims=\"1\" decoding=\"async\" src=\"https:\/\/i0.wp.com\/ae01.alicdn.com\/kf\/S677f91d744db4dd5b4bbe300948658725.jpg?w=1200&#038;ssl=1\"><img data-recalc-dims=\"1\" decoding=\"async\" src=\"https:\/\/i0.wp.com\/ae01.alicdn.com\/kf\/Se8cbe4d0e7604d4e8de5a9358fb519f4h.jpg?w=1200&#038;ssl=1\"><img data-recalc-dims=\"1\" decoding=\"async\" src=\"https:\/\/i0.wp.com\/ae01.alicdn.com\/kf\/Sc2a102e5bec749169f89fd61ae1e34ecQ.jpg?w=1200&#038;ssl=1\"><img data-recalc-dims=\"1\" decoding=\"async\" src=\"https:\/\/i0.wp.com\/ae01.alicdn.com\/kf\/S1bb8dd0eebbd4496ac7494fc83ca4e5bk.jpg?w=1200&#038;ssl=1\"><img data-recalc-dims=\"1\" decoding=\"async\" src=\"https:\/\/i0.wp.com\/ae01.alicdn.com\/kf\/S3425fad6d2a9418793f1d19dd5621638h.jpg?w=1200&#038;ssl=1\"><img data-recalc-dims=\"1\" decoding=\"async\" src=\"https:\/\/i0.wp.com\/ae01.alicdn.com\/kf\/S4e2b97f62372431da9da2fb3c9cf2e97J.jpg?w=1200&#038;ssl=1\"><img data-recalc-dims=\"1\" decoding=\"async\" src=\"https:\/\/i0.wp.com\/ae01.alicdn.com\/kf\/Sf6d0c76ee7134556a2c94e021863294fg.jpg?w=1200&#038;ssl=1\"><\/p>\n<\/div>\n<\/div>\n","protected":false},"excerpt":{"rendered":"<p>1 x suporte de g\u00e1s de substitui\u00e7\u00e3o \/ dobradi\u00e7a WLPS Funciona com apenas 5 modelos de caixa de chaleira Armazene no m\u00e1ximo 1200L \/ Armazene no arco 1200L \/ Armazene no Ace 1200L \/ Elite Store 1150L \/ Premier XL 1150L Por favor, n\u00e3o tente fazer o pedido se o modelo da sua caixa n\u00e3o&hellip;&nbsp;<\/p>\n","protected":false},"featured_media":40490,"template":"","meta":{"neve_meta_sidebar":"","neve_meta_container":"","neve_meta_enable_content_width":"","neve_meta_content_width":0,"neve_meta_title_alignment":"","neve_meta_author_avatar":"","neve_post_elements_order":"","neve_meta_disable_header":"","neve_meta_disable_footer":"","neve_meta_disable_title":""},"product_brand":[],"product_cat":[17,212,213],"product_tag":[],"class_list":{"0":"post-40496","1":"product","2":"type-product","3":"status-publish","4":"has-post-thumbnail","6":"product_cat-pecas-e-acessorios-automotivos","7":"product_cat-pecas-e-acessorios-para-rv","8":"product_cat-pecas-para-rv-pecas-e-acessorios-para-rv","10":"first","11":"instock","12":"shipping-taxable","13":"purchasable","14":"product-type-variable","15":"has-default-attributes"},"jetpack_sharing_enabled":true,"_links":{"self":[{"href":"https:\/\/listman.shop\/autoparts-br\/wp-json\/wp\/v2\/product\/40496","targetHints":{"allow":["GET"]}}],"collection":[{"href":"https:\/\/listman.shop\/autoparts-br\/wp-json\/wp\/v2\/product"}],"about":[{"href":"https:\/\/listman.shop\/autoparts-br\/wp-json\/wp\/v2\/types\/product"}],"wp:featuredmedia":[{"embeddable":true,"href":"https:\/\/listman.shop\/autoparts-br\/wp-json\/wp\/v2\/media\/40490"}],"wp:attachment":[{"href":"https:\/\/listman.shop\/autoparts-br\/wp-json\/wp\/v2\/media?parent=40496"}],"wp:term":[{"taxonomy":"product_brand","embeddable":true,"href":"https:\/\/listman.shop\/autoparts-br\/wp-json\/wp\/v2\/product_brand?post=40496"},{"taxonomy":"product_cat","embeddable":true,"href":"https:\/\/listman.shop\/autoparts-br\/wp-json\/wp\/v2\/product_cat?post=40496"},{"taxonomy":"product_tag","embeddable":true,"href":"https:\/\/listman.shop\/autoparts-br\/wp-json\/wp\/v2\/product_tag?post=40496"}],"curies":[{"name":"wp","href":"https:\/\/api.w.org\/{rel}","templated":true}]}}