{"id":40531,"date":"2025-03-24T13:12:18","date_gmt":"2025-03-24T04:12:18","guid":{"rendered":"https:\/\/listman.shop\/autoparts-br\/product\/1005008102930747\/"},"modified":"2026-04-08T02:28:21","modified_gmt":"2026-04-07T17:28:21","slug":"1005008102930747","status":"publish","type":"product","link":"https:\/\/listman.shop\/autoparts-br\/product\/1005008102930747\/","title":{"rendered":"3-15v 3-100a 12v 60a 80a 100a carregador ajust\u00e1vel 14.6v 12.6v 50a 30a pol\u00edmero de l\u00edtio para bateria de \u00edon de l\u00edtio bateria de chumbo-\u00e1cido"},"content":{"rendered":"<div class=\"detailmodule_html\">\n<div class=\"detail-desc-decorate-richtext\">\n Recursos <\/p>\n<p>Isto n&atilde;o &eacute; totalmente novo e vem com um cabo de entrada por padr&atilde;o. <\/p>\n<p>Pode ser usado para programa&ccedil;&atilde;o automobil&iacute;stica. <\/p>\n<p>Tens&atilde;o de entrada: CA 110-240 V 50 ~ 60 Hz <\/p>\n<p>Tens&atilde;o de sa&iacute;da: DC 3-15V ajust&aacute;vel <\/p>\n<p>Corrente de sa&iacute;da: 3-100A\/ 1-50A 3-62A ajust&aacute;vel (apenas corrente constante e tens&atilde;o constante podem ser usadas como carregador) <\/p>\n<p>Pot&ecirc;ncia nominal: sa&iacute;da 1200W\/600W <\/p>\n<p>Pot&ecirc;ncia de pico: sa&iacute;da 1500W\/930W\/W750 <\/p>\n<p>Corrente m&aacute;xima: sa&iacute;da 100A (geralmente usada para regula&ccedil;&atilde;o de tens&atilde;o de programa&ccedil;&atilde;o automotiva) <\/p>\n<p>Corrente cont&iacute;nua: sa&iacute;da 85A (bateria de l&iacute;tio de carregamento ininterrupto 24 horas) <\/p>\n<p>N&atilde;o &eacute; um padr&atilde;o falso de fonte de alimenta&ccedil;&atilde;o, mas o princ&iacute;pio de uso da fonte de alimenta&ccedil;&atilde;o deve ser entendido e uma pequena margem deve ser deixada em tudo. <\/p>\n<p>Precis&atilde;o do erro de tens&atilde;o: +-0,1V <\/p>\n<p>Precis&atilde;o do erro atual: +-2A <\/p>\n<p>M&eacute;todo de carregamento: corrente constante e tens&atilde;o constante, parada autom&aacute;tica quando totalmente carregada, quando a corrente mostra 0, est&aacute; totalmente carregada <\/p>\n<p>Condi&ccedil;&otilde;es de trabalho: <br \/>Temperatura ambiente: -5 &#8211; 40\u2103 <br \/>UR: 5 &#8211; 95% <br \/>M&aacute;x.altitude: 10.000 metros <br \/>Resfriamento: os carregadores usam sistema de resfriamento de ar for&ccedil;ado.Em condi&ccedil;&otilde;es livres de poeira e ventiladas, a temperatura de carga total n&atilde;o ultrapassa 40\u2103. <\/p>\n<p>Condi&ccedil;&otilde;es de armazenamento <\/p>\n<p>Temperatura ambiente: -40 &#8211; 70\u2103 <br \/>UR: 0 &#8211; 95% <\/p>\n<p>M&aacute;x.altitude: 20.000 metros. <\/p>\n<p> <img data-recalc-dims=\"1\" decoding=\"async\" src=\"https:\/\/i0.wp.com\/ae01.alicdn.com\/kf\/S69813a49526a426890a117c9ad1ba501G.jpg?w=1200&#038;ssl=1\" style=\"display: initial;width: 800px;height: 800px\" \/> <img data-recalc-dims=\"1\" decoding=\"async\" src=\"https:\/\/i0.wp.com\/ae-pic-a1.aliexpress-media.com\/kf\/Sb03b0607498c447f9e27548fdbd56a21O.jpg?w=1200&#038;ssl=1\" \/> <img data-recalc-dims=\"1\" decoding=\"async\" src=\"https:\/\/i0.wp.com\/ae01.alicdn.com\/kf\/S8dad3f4f664f4ee3b8c8f7e8dd6b75bbr.jpg?w=1200&#038;ssl=1\" \/> <\/p>\n<p style=\"margin:0;display: block;width: 100%\"><img data-recalc-dims=\"1\" decoding=\"async\" src=\"https:\/\/i0.wp.com\/ae-pic-a1.aliexpress-media.com\/kf\/Sc84a5ebe6dc543b79a50cc116691e01cT.jpg?w=1200&#038;ssl=1\" style=\"display: initial;width: 800px;height: 800px\" \/><img data-recalc-dims=\"1\" decoding=\"async\" src=\"https:\/\/i0.wp.com\/ae01.alicdn.com\/kf\/S430d67043d704e1c913e33753d897e17o.jpg?w=1200&#038;ssl=1\" \/><img data-recalc-dims=\"1\" decoding=\"async\" src=\"https:\/\/i0.wp.com\/ae-pic-a1.aliexpress-media.com\/kf\/Sfca6b290038146c18a6dc640a5d202b4j.jpg?w=1200&#038;ssl=1\" style=\"display: initial;width: 800px;height: 800px\" \/><\/p>\n<p>Carregador de gotejamento de bateria 1:12v, tens&atilde;o de entrada: AC 110-240V 50 ~ 60HZ <\/p>\n<p>2.Carregador 12v a 12v, modo de carregamento: corrente constante e tens&atilde;o constante, parada autom&aacute;tica quando totalmente carregada, quando a corrente &eacute; exibida como 0, est&aacute; totalmente carregada <\/p>\n<p>3: Carregador de bateria manual r&iacute;gido de 12v, dissipa&ccedil;&atilde;o de calor: o carregador adota sistema de resfriamento de ar for&ccedil;ado.Em condi&ccedil;&otilde;es de ventila&ccedil;&atilde;o livres de poeira, o aumento de temperatura em plena carga n&atilde;o excede 40\u2103. <\/p>\n<p>4: Tens&atilde;o de carregamento da bateria 12v, modo de carregamento: corrente constante e tens&atilde;o constante, parada autom&aacute;tica quando totalmente carregada, quando a corrente &eacute; exibida como 0, est&aacute; totalmente carregada <\/p>\n<p>5: Tens&atilde;o de carregamento da bateria 12v <\/p><\/div>\n<\/div>\n","protected":false},"excerpt":{"rendered":"<p>Recursos Isto n&atilde;o &eacute; totalmente novo e vem com um cabo de entrada por padr&atilde;o. Pode ser usado para programa&ccedil;&atilde;o automobil&iacute;stica. Tens&atilde;o de entrada: CA 110-240 V 50 ~ 60 Hz Tens&atilde;o de sa&iacute;da: DC 3-15V ajust&aacute;vel Corrente de sa&iacute;da: 3-100A\/ 1-50A 3-62A ajust&aacute;vel (apenas corrente constante e tens&atilde;o constante podem ser usadas como carregador)&hellip;&nbsp;<\/p>\n","protected":false},"featured_media":40525,"template":"","meta":{"neve_meta_sidebar":"","neve_meta_container":"","neve_meta_enable_content_width":"","neve_meta_content_width":0,"neve_meta_title_alignment":"","neve_meta_author_avatar":"","neve_post_elements_order":"","neve_meta_disable_header":"","neve_meta_disable_footer":"","neve_meta_disable_title":""},"product_brand":[],"product_cat":[17,212,213],"product_tag":[],"class_list":{"0":"post-40531","1":"product","2":"type-product","3":"status-publish","4":"has-post-thumbnail","6":"product_cat-pecas-e-acessorios-automotivos","7":"product_cat-pecas-e-acessorios-para-rv","8":"product_cat-pecas-para-rv-pecas-e-acessorios-para-rv","10":"first","11":"instock","12":"shipping-taxable","13":"purchasable","14":"product-type-variable","15":"has-default-attributes"},"jetpack_sharing_enabled":true,"_links":{"self":[{"href":"https:\/\/listman.shop\/autoparts-br\/wp-json\/wp\/v2\/product\/40531","targetHints":{"allow":["GET"]}}],"collection":[{"href":"https:\/\/listman.shop\/autoparts-br\/wp-json\/wp\/v2\/product"}],"about":[{"href":"https:\/\/listman.shop\/autoparts-br\/wp-json\/wp\/v2\/types\/product"}],"wp:featuredmedia":[{"embeddable":true,"href":"https:\/\/listman.shop\/autoparts-br\/wp-json\/wp\/v2\/media\/40525"}],"wp:attachment":[{"href":"https:\/\/listman.shop\/autoparts-br\/wp-json\/wp\/v2\/media?parent=40531"}],"wp:term":[{"taxonomy":"product_brand","embeddable":true,"href":"https:\/\/listman.shop\/autoparts-br\/wp-json\/wp\/v2\/product_brand?post=40531"},{"taxonomy":"product_cat","embeddable":true,"href":"https:\/\/listman.shop\/autoparts-br\/wp-json\/wp\/v2\/product_cat?post=40531"},{"taxonomy":"product_tag","embeddable":true,"href":"https:\/\/listman.shop\/autoparts-br\/wp-json\/wp\/v2\/product_tag?post=40531"}],"curies":[{"name":"wp","href":"https:\/\/api.w.org\/{rel}","templated":true}]}}