{"id":40675,"date":"2025-03-26T13:12:57","date_gmt":"2025-03-26T04:12:57","guid":{"rendered":"https:\/\/listman.shop\/autoparts-br\/product\/1005005238086236\/"},"modified":"2026-05-04T20:25:12","modified_gmt":"2026-05-04T11:25:12","slug":"1005005238086236","status":"publish","type":"product","link":"https:\/\/listman.shop\/autoparts-br\/product\/1005005238086236\/","title":{"rendered":"Para ford mustang 2015 2016 2017 2018 2019 alum\u00ednio\/fibra de carbono volante shift paddles extens\u00e3o shifters kit engrenagem"},"content":{"rendered":"<div class=\"detailmodule_html\">\n<div class=\"detail-desc-decorate-richtext\">\n<p><img data-recalc-dims=\"1\" decoding=\"async\" src=\"https:\/\/i0.wp.com\/ae01.alicdn.com\/kf\/H89e67c54148f4480964c0c73b4c7db16G.jpg?w=1200&#038;ssl=1\"><img data-recalc-dims=\"1\" decoding=\"async\" src=\"https:\/\/i0.wp.com\/ae01.alicdn.com\/kf\/Ha15a62ec24d1435f92ec5c82e501807ai.jpg?w=1200&#038;ssl=1\"><img data-recalc-dims=\"1\" decoding=\"async\" src=\"https:\/\/i0.wp.com\/ae01.alicdn.com\/kf\/Hd5989ae1a900451e9ee8d6a2ed23131fj.jpg?w=1200&#038;ssl=1\"><img data-recalc-dims=\"1\" decoding=\"async\" src=\"https:\/\/i0.wp.com\/ae01.alicdn.com\/kf\/Hfeaed16f7322452cae103924b57970b88.jpg?w=1200&#038;ssl=1\"><\/p>\n<div>&nbsp;<\/div>\n<div>&nbsp;<\/div>\n<div>\n<div><span style=\"font-size:24px\">ENVIO R\u00c1PIDO!<\/span><\/div>\n<div>&nbsp;<\/div>\n<div><span style=\"font-size:24px\">O pacote incluiu um adesivo e todas as ferramentas para f\u00e1cil instala\u00e7\u00e3o.<\/span><\/div>\n<div><span style=\"font-size:24px\">Paddle shifter 100% novo, de alta qualidade e dur\u00e1vel.<\/span><\/div>\n<div><span style=\"font-size:24px\">Atualize melhorando instantaneamente o efeito visual extremo.<\/span><\/div>\n<div><span style=\"font-size:24px\">Exatamente instalado para o remo de c\u00e2mbio original.<\/span><\/div>\n<div><span style=\"font-size:24px\">Oxida\u00e7\u00e3o an\u00f3dica de jateamento de superf\u00edcie de material de liga de alum\u00ednio\/100 fibra de carbono real<\/span><\/div>\n<div>&nbsp;<\/div>\n<div>&nbsp;<\/div>\n<div><span style=\"font-size:24px\">S\u00f3 pode ser usado para ve\u00edculos com volante DSG +\/-fun\u00e7\u00e3o.<\/span><\/div>\n<div><span style=\"font-size:24px\">Cabe em todos os Ford Mustang 2015 e superiores equipados SOMENTE com uma transmiss\u00e3o autom\u00e1tica<\/span><\/div>\n<div>&nbsp;<\/div>\n<div>&nbsp;<\/div>\n<div><span style=\"font-size:24px\">Nota:<\/span><\/div>\n<div><span style=\"font-size:24px\">Por favor, deixe-me saber se voc\u00ea n\u00e3o tem certeza que este pedal cabe no seu modelo!<\/span><\/div>\n<div>&nbsp;<\/div>\n<div><span style=\"font-size:24px\">Serve para:<\/span><\/div>\n<div><span style=\"font-size:24px\">Para 2015 2016 2017 2018 2019 Foad Mustang<\/span><\/div>\n<div>&nbsp;<\/div>\n<div><span style=\"font-size:24px\">Conte\u00fado do pacote:<\/span><\/div>\n<div><span style=\"font-size:24px\">2 * extens\u00e3o de mudan\u00e7a de remo (esquerda + direita)<\/span><\/div>\n<\/div>\n<div>\n<div>\n<div>\n<div>\n<div><\/div>\n<\/div>\n<\/div>\n<\/div>\n<\/div>\n<p><\/div>\n<\/div>\n","protected":false},"excerpt":{"rendered":"<p>&nbsp; &nbsp; ENVIO R\u00c1PIDO! &nbsp; O pacote incluiu um adesivo e todas as ferramentas para f\u00e1cil instala\u00e7\u00e3o. Paddle shifter 100% novo, de alta qualidade e dur\u00e1vel. Atualize melhorando instantaneamente o efeito visual extremo. Exatamente instalado para o remo de c\u00e2mbio original. Oxida\u00e7\u00e3o an\u00f3dica de jateamento de superf\u00edcie de material de liga de alum\u00ednio\/100 fibra de&hellip;&nbsp;<\/p>\n","protected":false},"featured_media":40670,"template":"","meta":{"neve_meta_sidebar":"","neve_meta_container":"","neve_meta_enable_content_width":"","neve_meta_content_width":0,"neve_meta_title_alignment":"","neve_meta_author_avatar":"","neve_post_elements_order":"","neve_meta_disable_header":"","neve_meta_disable_footer":"","neve_meta_disable_title":""},"product_brand":[],"product_cat":[27,17,70],"product_tag":[],"class_list":{"0":"post-40675","1":"product","2":"type-product","3":"status-publish","4":"has-post-thumbnail","6":"product_cat-pecas-de-chassis","7":"product_cat-pecas-e-acessorios-automotivos","8":"product_cat-suspensao-e-direcao","10":"first","11":"instock","12":"shipping-taxable","13":"purchasable","14":"product-type-variable","15":"has-default-attributes"},"jetpack_sharing_enabled":true,"_links":{"self":[{"href":"https:\/\/listman.shop\/autoparts-br\/wp-json\/wp\/v2\/product\/40675","targetHints":{"allow":["GET"]}}],"collection":[{"href":"https:\/\/listman.shop\/autoparts-br\/wp-json\/wp\/v2\/product"}],"about":[{"href":"https:\/\/listman.shop\/autoparts-br\/wp-json\/wp\/v2\/types\/product"}],"wp:featuredmedia":[{"embeddable":true,"href":"https:\/\/listman.shop\/autoparts-br\/wp-json\/wp\/v2\/media\/40670"}],"wp:attachment":[{"href":"https:\/\/listman.shop\/autoparts-br\/wp-json\/wp\/v2\/media?parent=40675"}],"wp:term":[{"taxonomy":"product_brand","embeddable":true,"href":"https:\/\/listman.shop\/autoparts-br\/wp-json\/wp\/v2\/product_brand?post=40675"},{"taxonomy":"product_cat","embeddable":true,"href":"https:\/\/listman.shop\/autoparts-br\/wp-json\/wp\/v2\/product_cat?post=40675"},{"taxonomy":"product_tag","embeddable":true,"href":"https:\/\/listman.shop\/autoparts-br\/wp-json\/wp\/v2\/product_tag?post=40675"}],"curies":[{"name":"wp","href":"https:\/\/api.w.org\/{rel}","templated":true}]}}