{"id":4076,"date":"2024-10-13T02:02:17","date_gmt":"2024-10-12T17:02:17","guid":{"rendered":"https:\/\/listman.shop\/autoparts-br\/product\/1005007478820807\/"},"modified":"2026-05-01T00:34:19","modified_gmt":"2026-04-30T15:34:19","slug":"1005007478820807","status":"publish","type":"product","link":"https:\/\/listman.shop\/autoparts-br\/product\/1005007478820807\/","title":{"rendered":"Para tesla modelo 3 y 2024 2025 controle central de navega\u00e7\u00e3o quadro protetor capa xadrez silicone protetor decora\u00e7\u00e3o acess\u00f3rios"},"content":{"rendered":"<div class=\"detailmodule_html\">\n<div class=\"detail-desc-decorate-richtext\">\n<div class=\"detailmodule_html\">\n<div class=\"detail-desc-decorate-richtext\">\n<div id=\"tl_1\">\n   <br \/>Capa de prote&ccedil;&atilde;o de decora&ccedil;&atilde;o de moldura atualizada <\/p>\n<p>Para tesla modelo 3 e 2017-2024<br \/>\n   <br \/>Para Tesla Modelo 3 Highland 2024<br \/>\n   <br \/>Para Tesla Modelo Y 2024 HW4.0\n  <\/div>\n<div id=\"tl_2\">\n   Para tesla modelo y lan&ccedil;amento de zimbro 2025<br \/>\n   <br \/>Material: Silicone<br \/>\n   <br \/>com padr&atilde;o xadrez<br \/>\n   <br \/>Capa de prote&ccedil;&atilde;o total, anti-knock, anti-choque\n  <\/div>\n<p style=\"margin:0px;margin-bottom:0px;margin-top:0px;margin-left:0px;margin-right:0px;display:block;width:100%\"><img data-recalc-dims=\"1\" decoding=\"async\" src=\"https:\/\/i0.wp.com\/ae01.alicdn.com\/kf\/Sc7cf0ee9c857448f80ecedbd254cb67dK.jpg?w=1200&#038;ssl=1\" \/><\/p>\n<p><img data-recalc-dims=\"1\" decoding=\"async\" src=\"https:\/\/i0.wp.com\/ae01.alicdn.com\/kf\/Sdd879f9b65744dc39cb808bc031dd96cx.jpg?w=1200&#038;ssl=1\" \/><img data-recalc-dims=\"1\" decoding=\"async\" src=\"https:\/\/i0.wp.com\/ae01.alicdn.com\/kf\/Sf785f5592a74449dbc7b633a6a16c81e7.jpg?w=1200&#038;ssl=1\" \/><img data-recalc-dims=\"1\" decoding=\"async\" src=\"https:\/\/i0.wp.com\/ae01.alicdn.com\/kf\/S1e8f98837dfe4962bc352cbf70ebd27bg.jpg?w=1200&#038;ssl=1\" \/><img data-recalc-dims=\"1\" decoding=\"async\" src=\"https:\/\/i0.wp.com\/ae01.alicdn.com\/kf\/S89813d97a3d440b59d174d649e329504N.jpg?w=1200&#038;ssl=1\" \/><img data-recalc-dims=\"1\" decoding=\"async\" src=\"https:\/\/i0.wp.com\/ae01.alicdn.com\/kf\/S409be31a7fac4e0ca24f09a77ff6b3aak.jpg?w=1200&#038;ssl=1\" \/><img data-recalc-dims=\"1\" decoding=\"async\" src=\"https:\/\/i0.wp.com\/ae01.alicdn.com\/kf\/Sc2c6dfafe9f747b59256103618f2aae7J.jpg?w=1200&#038;ssl=1\" \/><img data-recalc-dims=\"1\" decoding=\"async\" src=\"https:\/\/i0.wp.com\/ae01.alicdn.com\/kf\/S7f386da3d47e47ada08a9f3faf14796dg.jpg?w=1200&#038;ssl=1\" \/><img data-recalc-dims=\"1\" decoding=\"async\" src=\"https:\/\/i0.wp.com\/ae01.alicdn.com\/kf\/S3758bc9af7194deaa970da87d38742d8t.jpg?w=1200&#038;ssl=1\" \/><\/p>\n<\/p><\/div>\n<\/div>\n<p><\/p>\n<\/div>\n<\/div>\n","protected":false},"excerpt":{"rendered":"<p>Capa de prote&ccedil;&atilde;o de decora&ccedil;&atilde;o de moldura atualizada Para tesla modelo 3 e 2017-2024 Para Tesla Modelo 3 Highland 2024 Para Tesla Modelo Y 2024 HW4.0 Para tesla modelo y lan&ccedil;amento de zimbro 2025 Material: Silicone com padr&atilde;o xadrez Capa de prote&ccedil;&atilde;o total, anti-knock, anti-choque<\/p>\n","protected":false},"featured_media":4070,"template":"","meta":{"neve_meta_sidebar":"","neve_meta_container":"","neve_meta_enable_content_width":"","neve_meta_content_width":0,"neve_meta_title_alignment":"","neve_meta_author_avatar":"","neve_post_elements_order":"","neve_meta_disable_header":"","neve_meta_disable_footer":"","neve_meta_disable_title":""},"product_brand":[],"product_cat":[25,83,17],"product_tag":[],"class_list":{"0":"post-4076","1":"product","2":"type-product","3":"status-publish","4":"has-post-thumbnail","6":"product_cat-acessorios-do-interior","7":"product_cat-molduras-interiores","8":"product_cat-pecas-e-acessorios-automotivos","10":"first","11":"instock","12":"shipping-taxable","13":"purchasable","14":"product-type-variable","15":"has-default-attributes"},"jetpack_sharing_enabled":true,"_links":{"self":[{"href":"https:\/\/listman.shop\/autoparts-br\/wp-json\/wp\/v2\/product\/4076","targetHints":{"allow":["GET"]}}],"collection":[{"href":"https:\/\/listman.shop\/autoparts-br\/wp-json\/wp\/v2\/product"}],"about":[{"href":"https:\/\/listman.shop\/autoparts-br\/wp-json\/wp\/v2\/types\/product"}],"wp:featuredmedia":[{"embeddable":true,"href":"https:\/\/listman.shop\/autoparts-br\/wp-json\/wp\/v2\/media\/4070"}],"wp:attachment":[{"href":"https:\/\/listman.shop\/autoparts-br\/wp-json\/wp\/v2\/media?parent=4076"}],"wp:term":[{"taxonomy":"product_brand","embeddable":true,"href":"https:\/\/listman.shop\/autoparts-br\/wp-json\/wp\/v2\/product_brand?post=4076"},{"taxonomy":"product_cat","embeddable":true,"href":"https:\/\/listman.shop\/autoparts-br\/wp-json\/wp\/v2\/product_cat?post=4076"},{"taxonomy":"product_tag","embeddable":true,"href":"https:\/\/listman.shop\/autoparts-br\/wp-json\/wp\/v2\/product_tag?post=4076"}],"curies":[{"name":"wp","href":"https:\/\/api.w.org\/{rel}","templated":true}]}}