{"id":40761,"date":"2025-03-26T13:15:33","date_gmt":"2025-03-26T04:15:33","guid":{"rendered":"https:\/\/listman.shop\/autoparts-br\/product\/1005005939161675\/"},"modified":"2026-05-04T20:24:12","modified_gmt":"2026-05-04T11:24:12","slug":"1005005939161675","status":"publish","type":"product","link":"https:\/\/listman.shop\/autoparts-br\/product\/1005005939161675\/","title":{"rendered":"Para jeep cherokee dodge charger durango acess\u00f3rios do carro de alum\u00ednio volante mudan\u00e7a direta paddle engrenagem shifter extens\u00e3o 2 p\u00e7s"},"content":{"rendered":"<div class=\"detailmodule_html\">\n<div class=\"detail-desc-decorate-richtext\">\n<div class=\"detailmodule_html\">\n<div class=\"detail-desc-decorate-richtext\">\n<p id=\"tl_1\">Compatibilidade:<\/p>\n<p id=\"tl_2\">Adequado para o modelo abaixo:<\/p>\n<p id=\"tl_3\">Jeep Grand Cherokee (N&Atilde;O SERVE nos modelos SRT\/Trackhawk) 2014-2020<\/p>\n<p id=\"tl_4\">Dodge Charger (N&Atilde;O SERVE nos modelos SRT) 2015-2021<\/p>\n<p id=\"tl_5\">Dodge Challenger (N&Atilde;O SERVE nos modelos SRT) 2015-2021<\/p>\n<p id=\"tl_6\">Dodge Durango (N&Atilde;O SERVE nos modelos SRT) 2014-2021<\/p>\n<p id=\"tl_7\">Aten&ccedil;&atilde;o: compare o volante com a imagem#3<\/p>\n<p id=\"tl_8\">Funcionalidades:<\/p>\n<p id=\"tl_9\">Tamb&eacute;m temos outras cores, pesquise em nossa loja<\/p>\n<p id=\"tl_10\">Materiais: liga de alum&iacute;nio de alta qualidade<\/p>\n<p id=\"tl_11\">Pacote Inclui: 2 unidades\/Conjunto<\/p>\n<p id=\"tl_12\">Instala&ccedil;&atilde;o: Adesivo com fitas dupla-face (as fitas est&atilde;o anexadas)<\/p>\n<p id=\"tl_13\">Condi&ccedil;&atilde;o: Novo em folha<\/p>\n<p><img data-recalc-dims=\"1\" decoding=\"async\" src=\"https:\/\/i0.wp.com\/ae01.alicdn.com\/kf\/Sf4327de026bb46bb997f42481c5e2cd3a.jpg?w=1200&#038;ssl=1\" \/><img data-recalc-dims=\"1\" decoding=\"async\" src=\"https:\/\/i0.wp.com\/ae01.alicdn.com\/kf\/Sa6ad116cc2e246afb11974907b808aab1.jpg?w=1200&#038;ssl=1\" \/><img data-recalc-dims=\"1\" decoding=\"async\" src=\"https:\/\/i0.wp.com\/ae01.alicdn.com\/kf\/S025472e2cf594221a8f0ad4e6372750a0.jpg?w=1200&#038;ssl=1\" \/><img data-recalc-dims=\"1\" decoding=\"async\" src=\"https:\/\/i0.wp.com\/ae01.alicdn.com\/kf\/S1222d709ef3a4ea98120de6cfa24cff0t.jpg?w=1200&#038;ssl=1\" \/><img data-recalc-dims=\"1\" decoding=\"async\" src=\"https:\/\/i0.wp.com\/ae01.alicdn.com\/kf\/Sd0339152d59441249c493d55060efe33z.jpg?w=1200&#038;ssl=1\" \/><img data-recalc-dims=\"1\" decoding=\"async\" src=\"https:\/\/i0.wp.com\/ae01.alicdn.com\/kf\/S3ac7c6ecbf674ccc87c742611d085fd9D.jpg?w=1200&#038;ssl=1\" \/><img data-recalc-dims=\"1\" decoding=\"async\" src=\"https:\/\/i0.wp.com\/ae01.alicdn.com\/kf\/S79a797af193b4a5eb370e7f419a339der.jpg?w=1200&#038;ssl=1\" \/><img data-recalc-dims=\"1\" decoding=\"async\" src=\"https:\/\/i0.wp.com\/ae01.alicdn.com\/kf\/Sca90ad36407c4b6094a8b742cb57d12be.jpg?w=1200&#038;ssl=1\" \/><img data-recalc-dims=\"1\" decoding=\"async\" src=\"https:\/\/i0.wp.com\/ae01.alicdn.com\/kf\/S2a8a77ac0e894549b84ece74c40f51faI.jpg?w=1200&#038;ssl=1\" \/><\/p>\n<\/p><\/div>\n<\/div>\n<p><\/p>\n<\/div>\n<\/div>\n","protected":false},"excerpt":{"rendered":"<p>Compatibilidade: Adequado para o modelo abaixo: Jeep Grand Cherokee (N&Atilde;O SERVE nos modelos SRT\/Trackhawk) 2014-2020 Dodge Charger (N&Atilde;O SERVE nos modelos SRT) 2015-2021 Dodge Challenger (N&Atilde;O SERVE nos modelos SRT) 2015-2021 Dodge Durango (N&Atilde;O SERVE nos modelos SRT) 2014-2021 Aten&ccedil;&atilde;o: compare o volante com a imagem#3 Funcionalidades: Tamb&eacute;m temos outras cores, pesquise em nossa loja&hellip;&nbsp;<\/p>\n","protected":false},"featured_media":40755,"template":"","meta":{"neve_meta_sidebar":"","neve_meta_container":"","neve_meta_enable_content_width":"","neve_meta_content_width":0,"neve_meta_title_alignment":"","neve_meta_author_avatar":"","neve_post_elements_order":"","neve_meta_disable_header":"","neve_meta_disable_footer":"","neve_meta_disable_title":""},"product_brand":[],"product_cat":[27,17,70],"product_tag":[],"class_list":{"0":"post-40761","1":"product","2":"type-product","3":"status-publish","4":"has-post-thumbnail","6":"product_cat-pecas-de-chassis","7":"product_cat-pecas-e-acessorios-automotivos","8":"product_cat-suspensao-e-direcao","10":"first","11":"instock","12":"shipping-taxable","13":"purchasable","14":"product-type-variable","15":"has-default-attributes"},"jetpack_sharing_enabled":true,"_links":{"self":[{"href":"https:\/\/listman.shop\/autoparts-br\/wp-json\/wp\/v2\/product\/40761","targetHints":{"allow":["GET"]}}],"collection":[{"href":"https:\/\/listman.shop\/autoparts-br\/wp-json\/wp\/v2\/product"}],"about":[{"href":"https:\/\/listman.shop\/autoparts-br\/wp-json\/wp\/v2\/types\/product"}],"wp:featuredmedia":[{"embeddable":true,"href":"https:\/\/listman.shop\/autoparts-br\/wp-json\/wp\/v2\/media\/40755"}],"wp:attachment":[{"href":"https:\/\/listman.shop\/autoparts-br\/wp-json\/wp\/v2\/media?parent=40761"}],"wp:term":[{"taxonomy":"product_brand","embeddable":true,"href":"https:\/\/listman.shop\/autoparts-br\/wp-json\/wp\/v2\/product_brand?post=40761"},{"taxonomy":"product_cat","embeddable":true,"href":"https:\/\/listman.shop\/autoparts-br\/wp-json\/wp\/v2\/product_cat?post=40761"},{"taxonomy":"product_tag","embeddable":true,"href":"https:\/\/listman.shop\/autoparts-br\/wp-json\/wp\/v2\/product_tag?post=40761"}],"curies":[{"name":"wp","href":"https:\/\/api.w.org\/{rel}","templated":true}]}}