{"id":40776,"date":"2025-03-26T13:15:52","date_gmt":"2025-03-26T04:15:52","guid":{"rendered":"https:\/\/listman.shop\/autoparts-br\/product\/1005006030176939\/"},"modified":"2026-05-04T20:33:10","modified_gmt":"2026-05-04T11:33:10","slug":"1005006030176939","status":"publish","type":"product","link":"https:\/\/listman.shop\/autoparts-br\/product\/1005006030176939\/","title":{"rendered":"Volante do carro dsg shift paddle extens\u00e3o adesivos para assento alhambra ateca leon 5f frarraco ibiza 6p cupra st acess\u00f3rios"},"content":{"rendered":"<div class=\"detailmodule_html\">\n<div class=\"detail-desc-decorate-richtext\">\n<div class=\"detailmodule_html\">\n<div class=\"detail-desc-decorate-richtext\">\n<div>\n<div><span style=\"font-size:20px\">Adequado para:<\/span><\/div>\n<div><span style=\"font-size:inherit\"><span style=\"font-size:20px\">Assento Alhambra 2016-2023<\/span><\/span><\/div>\n<p style=\"font-family:arial, helvetica, sans-serif;font-size:13px;line-height:inherit;border:0px;margin:0px;margin-bottom:0px;margin-top:0px;margin-left:0px;margin-right:0px;padding:0px;padding-bottom:0px;padding-top:0px;padding-left:0px;padding-right:0px\"><span style=\"font-size:20px;font-family:Arial, Verdana, sans-serif\">Assento<\/span><span style=\"font-size:20px\">Leon 5F\/Le\u00e3o FR 2013-2023<\/span><\/p>\n<p style=\"font-family:arial, helvetica, sans-serif;font-size:13px;line-height:inherit;border:0px;margin:0px;margin-bottom:0px;margin-top:0px;margin-left:0px;margin-right:0px;padding:0px;padding-bottom:0px;padding-top:0px;padding-left:0px;padding-right:0px\"><span style=\"font-size:20px\">Assento Arona 2018-2023<\/span><\/p>\n<p style=\"font-family:arial, helvetica, sans-serif;font-size:13px;line-height:inherit;border:0px;margin:0px;margin-bottom:0px;margin-top:0px;margin-left:0px;margin-right:0px;padding:0px;padding-bottom:0px;padding-top:0px;padding-left:0px;padding-right:0px\"><span style=\"font-size:20px;font-family:Arial, Verdana, sans-serif\">Assento<\/span><span style=\"font-size:20px\">Ateca 2016-2023<\/span><\/p>\n<p style=\"font-family:arial, helvetica, sans-serif;font-size:13px;line-height:inherit;border:0px;margin:0px;margin-bottom:0px;margin-top:0px;margin-left:0px;margin-right:0px;padding:0px;padding-bottom:0px;padding-top:0px;padding-left:0px;padding-right:0px\"><span style=\"font-size:20px;font-family:Arial, Verdana, sans-serif\">Assento Tarraco 2019-2023<\/span><\/p>\n<p style=\"font-family:arial, helvetica, sans-serif;font-size:13px;line-height:inherit;border:0px;margin:0px;margin-bottom:0px;margin-top:0px;margin-left:0px;margin-right:0px;padding:0px;padding-bottom:0px;padding-top:0px;padding-left:0px;padding-right:0px\"><span style=\"font-size:20px;font-family:Arial, Verdana, sans-serif\">Assento Ibiza 6P 2017-2023<\/span><\/p>\n<p><span style=\"font-size:20px;font-family:Arial, Verdana, sans-serif\">Cupra Ateca 2018-06\/2020<\/span><\/p>\n<p style=\"font-family:arial, helvetica, sans-serif;font-size:13px;line-height:inherit;border:0px;margin:0px;margin-bottom:0px;margin-top:0px;margin-left:0px;margin-right:0px;padding:0px;padding-bottom:0px;padding-top:0px;padding-left:0px;padding-right:0px\"><span style=\"font-size:20px;font-family:arial\">Antes da instala\u00e7\u00e3o, limpe o local de instala\u00e7\u00e3o e mantenha-o seco, e depois leve ou soprador para aquecer a fita e torn\u00e1-la mais pegajosa.<\/span><\/p>\n<p style=\"font-family:arial, helvetica, sans-serif;font-size:13px;line-height:inherit;border:0px;margin:0px;margin-bottom:0px;margin-top:0px;margin-left:0px;margin-right:0px;padding:0px;padding-bottom:0px;padding-top:0px;padding-left:0px;padding-right:0px\"><span style=\"font-size:20px\">NOTA: S\u00f3 pode ser usado para ve\u00edculo com fun\u00e7\u00e3o DSG +\/- com volante<\/span><\/p>\n<div><span style=\"font-size:20px\">Certifique-se de que \u00e9 adequado para o seu carro antes de fazer um pedido.<\/span><\/div>\n<\/div>\n<div><img data-recalc-dims=\"1\" decoding=\"async\" src=\"https:\/\/i0.wp.com\/ae03.alicdn.com\/kf\/S2c7e0da8cdee41d48e4efb15d0efa761g.jpg?w=1200&#038;ssl=1\"><\/div>\n<div>\n<p style=\"margin:0;display: block;width: 100%\"><img data-recalc-dims=\"1\" decoding=\"async\" src=\"https:\/\/i0.wp.com\/ae03.alicdn.com\/kf\/Sa0160fee2be649d88582cc0fd3641454p.jpg?w=1200&#038;ssl=1\"><img data-recalc-dims=\"1\" decoding=\"async\" src=\"https:\/\/i0.wp.com\/ae03.alicdn.com\/kf\/Sbfe3a40a0eda40d09c9c6c52329ec3d29.jpg?w=1200&#038;ssl=1\"><img data-recalc-dims=\"1\" decoding=\"async\" src=\"https:\/\/i0.wp.com\/ae03.alicdn.com\/kf\/S539c67dff9a144dcba99c081925fea7ei.jpg?w=1200&#038;ssl=1\"><img data-recalc-dims=\"1\" decoding=\"async\" src=\"https:\/\/i0.wp.com\/ae03.alicdn.com\/kf\/S5508981aecb0483f9ac32ddd65ead871j.jpg?w=1200&#038;ssl=1\"><img data-recalc-dims=\"1\" decoding=\"async\" src=\"https:\/\/i0.wp.com\/ae03.alicdn.com\/kf\/S1353f112fd62478789fae97ccfac1dbe5.jpg?w=1200&#038;ssl=1\"><img data-recalc-dims=\"1\" decoding=\"async\" src=\"https:\/\/i0.wp.com\/ae03.alicdn.com\/kf\/S10e0ae43b2cd491491247b26d3676204T.jpg?w=1200&#038;ssl=1\"><\/p>\n<\/div>\n<\/div>\n<\/div>\n<\/div>\n<\/div>\n","protected":false},"excerpt":{"rendered":"<p>Adequado para: Assento Alhambra 2016-2023 AssentoLeon 5F\/Le\u00e3o FR 2013-2023 Assento Arona 2018-2023 AssentoAteca 2016-2023 Assento Tarraco 2019-2023 Assento Ibiza 6P 2017-2023 Cupra Ateca 2018-06\/2020 Antes da instala\u00e7\u00e3o, limpe o local de instala\u00e7\u00e3o e mantenha-o seco, e depois leve ou soprador para aquecer a fita e torn\u00e1-la mais pegajosa. NOTA: S\u00f3 pode ser usado para ve\u00edculo&hellip;&nbsp;<\/p>\n","protected":false},"featured_media":40770,"template":"","meta":{"neve_meta_sidebar":"","neve_meta_container":"","neve_meta_enable_content_width":"","neve_meta_content_width":0,"neve_meta_title_alignment":"","neve_meta_author_avatar":"","neve_post_elements_order":"","neve_meta_disable_header":"","neve_meta_disable_footer":"","neve_meta_disable_title":""},"product_brand":[],"product_cat":[27,17,70],"product_tag":[],"class_list":{"0":"post-40776","1":"product","2":"type-product","3":"status-publish","4":"has-post-thumbnail","6":"product_cat-pecas-de-chassis","7":"product_cat-pecas-e-acessorios-automotivos","8":"product_cat-suspensao-e-direcao","10":"first","11":"instock","12":"shipping-taxable","13":"purchasable","14":"product-type-variable","15":"has-default-attributes"},"jetpack_sharing_enabled":true,"_links":{"self":[{"href":"https:\/\/listman.shop\/autoparts-br\/wp-json\/wp\/v2\/product\/40776","targetHints":{"allow":["GET"]}}],"collection":[{"href":"https:\/\/listman.shop\/autoparts-br\/wp-json\/wp\/v2\/product"}],"about":[{"href":"https:\/\/listman.shop\/autoparts-br\/wp-json\/wp\/v2\/types\/product"}],"wp:featuredmedia":[{"embeddable":true,"href":"https:\/\/listman.shop\/autoparts-br\/wp-json\/wp\/v2\/media\/40770"}],"wp:attachment":[{"href":"https:\/\/listman.shop\/autoparts-br\/wp-json\/wp\/v2\/media?parent=40776"}],"wp:term":[{"taxonomy":"product_brand","embeddable":true,"href":"https:\/\/listman.shop\/autoparts-br\/wp-json\/wp\/v2\/product_brand?post=40776"},{"taxonomy":"product_cat","embeddable":true,"href":"https:\/\/listman.shop\/autoparts-br\/wp-json\/wp\/v2\/product_cat?post=40776"},{"taxonomy":"product_tag","embeddable":true,"href":"https:\/\/listman.shop\/autoparts-br\/wp-json\/wp\/v2\/product_tag?post=40776"}],"curies":[{"name":"wp","href":"https:\/\/api.w.org\/{rel}","templated":true}]}}