{"id":40827,"date":"2025-03-26T13:17:04","date_gmt":"2025-03-26T04:17:04","guid":{"rendered":"https:\/\/listman.shop\/autoparts-br\/product\/1005006181013266\/"},"modified":"2026-05-04T20:26:07","modified_gmt":"2026-05-04T11:26:07","slug":"1005006181013266","status":"publish","type":"product","link":"https:\/\/listman.shop\/autoparts-br\/product\/1005006181013266\/","title":{"rendered":"Kit adaptador de cubo curto chefe, kit adaptador de cubo de libera\u00e7\u00e3o r\u00e1pida de alum\u00ednio preto para bmw e36 318 325 328 840 850 e39 m3 z3 volante"},"content":{"rendered":"<div class=\"detailmodule_html\">\n<div class=\"detail-desc-decorate-richtext\">\n<div class=\"detailmodule_html\">\n<div class=\"detail-desc-decorate-richtext\">\n<div>\n<\/div>\n<p><img data-recalc-dims=\"1\" decoding=\"async\" style=\"width:1000px\"  src=\"https:\/\/i0.wp.com\/ae01.alicdn.com\/kf\/H138a675369884e2c850faa4ab1942911f.jpg?w=1200&#038;ssl=1\"><\/p>\n<p style=\"margin:auto auto 10pt;margin-bottom:10pt;margin-top:auto;margin-left:auto;margin-right:auto\" class=\"MsoNormal\"><strong><u>Volante curto de 6 furos<\/u><\/strong><strong><u><span style=\"font-size:18px;font-family:Arial\">Adaptador de cubo Kit adaptador de cubo de libera\u00e7\u00e3o r\u00e1pida de alum\u00ednio preto para 90-99 BMW E36 318 328 840 850 E39 M3 Z3<\/span><\/u><\/strong><\/p>\n<div>\n<\/div>\n<p style=\"margin:auto auto 10pt;margin-bottom:10pt;margin-top:auto;margin-left:auto;margin-right:auto\" class=\"MsoNormal\"><strong><span style=\"font-size:18px;font-family:Arial\">Aplica\u00e7\u00e3o:<\/span><\/strong><\/p>\n<ul>\n<li>\n<div style=\"margin:5pt auto;margin-bottom:5pt;margin-top:5pt;margin-left:auto;margin-right:auto\" class=\"MsoNormal\"><span style=\"font-size:18px;font-family:Arial\">Para 90-99 BMW 840i| 850i| 850ci.<\/span><\/div>\n<\/li>\n<li>\n<div style=\"margin:5pt auto;margin-bottom:5pt;margin-top:5pt;margin-left:auto;margin-right:auto\" class=\"MsoNormal\"><span style=\"font-size:18px;font-family:Arial\">Para BMW 318 91-98| 325| 328.<\/span><\/div>\n<\/li>\n<li>\n<div style=\"margin:5pt auto;margin-bottom:5pt;margin-top:5pt;margin-left:auto;margin-right:auto\" class=\"MsoNormal\"><span style=\"font-size:18px;font-family:Arial\">Para BMW E39 95-04 (540).<\/span><\/div>\n<\/li>\n<li>\n<div style=\"margin:5pt auto;margin-bottom:5pt;margin-top:5pt;margin-left:auto;margin-right:auto\" class=\"MsoNormal\"><span style=\"font-size:18px;font-family:Arial\">Para BMW M3 95-98| Z3.<\/span><\/div>\n<\/li>\n<\/ul>\n<p style=\"margin:5pt auto;margin-bottom:5pt;margin-top:5pt;margin-left:auto;margin-right:auto\" class=\"MsoNormal\"><span style=\"font-size:18px;font-family:Arial\">As tabelas de compatibilidade de ve\u00edculos s\u00e3o APENAS para REFER\u00caNCIA.Verifique seu ve\u00edculo com o OEM abaixo para atender \u00e0s suas necessidades.<\/span><\/p>\n<p style=\"margin:5pt auto;margin-bottom:5pt;margin-top:5pt;margin-left:auto;margin-right:auto\" class=\"MsoNormal\"><strong><span style=\"font-size:18px;font-family:Arial\">Especifica\u00e7\u00e3o:<\/span><\/strong><\/p>\n<ul>\n<li>\n<div style=\"margin:5pt auto;margin-bottom:5pt;margin-top:5pt;margin-left:auto;margin-right:auto\" class=\"MsoNormal\"><span style=\"font-size:18px;font-family:Arial\">100% de garantia de qualidade testada, mais responsiva, menos cara, mais f\u00e1cil de instalar.<\/span><\/div>\n<\/li>\n<li>\n<div style=\"margin:5pt auto;margin-bottom:5pt;margin-top:5pt;margin-left:auto;margin-right:auto\" class=\"MsoNormal\"><span style=\"font-size:18px;font-family:Arial\">Este hub foi projetado pensando no nosso Quick Release, apresentando a superf\u00edcie de montagem mais curta poss\u00edvel, mantendo a capacidade de usar a buzina e os piscas em cerca de 99% do tempo.<\/span><\/div>\n<\/li>\n<li>\n<div style=\"margin:5pt auto;margin-bottom:5pt;margin-top:5pt;margin-left:auto;margin-right:auto\" class=\"MsoNormal\"><span style=\"font-size:18px;font-family:Arial\">Vem com resistores e kit de parafusos de 6x70mm.<\/span><\/div>\n<\/li>\n<\/ul>\n<p style=\"margin:5pt auto;margin-bottom:5pt;margin-top:5pt;margin-left:auto;margin-right:auto\" class=\"MsoNormal\"><strong><span style=\"font-size:18px;font-family:Arial\">Material e cor:<\/span><\/strong><\/p>\n<ul>\n<li>\n<div style=\"margin:5pt auto;margin-bottom:5pt;margin-top:5pt;margin-left:auto;margin-right:auto\" class=\"MsoNormal\"><span style=\"font-size:18px;font-family:Arial\">Material: feito de alum\u00ednio de alta qualidade.<\/span><\/div>\n<\/li>\n<li>\n<div style=\"margin:5pt auto;margin-bottom:5pt;margin-top:5pt;margin-left:auto;margin-right:auto\" class=\"MsoNormal\"><span style=\"font-size:18px;font-family:Arial\">Cor: como imagem.<\/span><\/div>\n<\/li>\n<\/ul>\n<p style=\"margin:5pt auto;margin-bottom:5pt;margin-top:5pt;margin-left:auto;margin-right:auto\" class=\"MsoNormal\"><strong><span style=\"font-size:18px;font-family:Arial\">Pacote inclu\u00eddo:<\/span><\/strong><\/p>\n<ul>\n<li>\n<div style=\"margin:5pt auto;margin-bottom:5pt;margin-top:5pt;margin-left:auto;margin-right:auto\" class=\"MsoNormal\"><span style=\"font-size:18px;font-family:Arial\">1xKit adaptador de cubo de volante.(100% novo, nunca usado ou instalado)<\/span><\/div>\n<\/li>\n<\/ul>\n<p style=\"margin:auto auto 10pt;margin-bottom:10pt;margin-top:auto;margin-left:auto;margin-right:auto\" class=\"MsoNormal\"><strong><span style=\"font-size:18px;font-family:Arial\">Instru\u00e7\u00f5es de instala\u00e7\u00e3o:<\/span><\/strong><\/p>\n<ul>\n<li>\n<div style=\"margin:5pt auto 5pt 42.25pt;margin-bottom:5pt;margin-top:5pt;margin-left:42.25pt;margin-right:auto\" class=\"MsoNormal\"><span style=\"font-size:18px;font-family:Arial\">Remova a buzina e tire uma foto de como os fios est\u00e3o conectados como refer\u00eancia.<\/span><\/div>\n<\/li>\n<li>\n<div style=\"margin:5pt auto 5pt 42.25pt;margin-bottom:5pt;margin-top:5pt;margin-left:42.25pt;margin-right:auto\" class=\"MsoNormal\"><span style=\"font-size:18px;font-family:Arial\">Remova a porca (1) no centro do volante e puxe o volante em dire\u00e7\u00e3o a voc\u00ea.<\/span><\/div>\n<\/li>\n<li>\n<div style=\"margin:5pt auto 5pt 42.25pt;margin-bottom:5pt;margin-top:5pt;margin-left:42.25pt;margin-right:auto\" class=\"MsoNormal\"><span style=\"font-size:18px;font-family:Arial\">Instale o hub curto ap\u00f3s instalar o anel coletor no hub curto.<\/span><\/div>\n<\/li>\n<li>\n<div style=\"margin:5pt auto 5pt 42.25pt;margin-bottom:5pt;margin-top:5pt;margin-left:42.25pt;margin-right:auto\" class=\"MsoNormal\"><span style=\"font-size:18px;font-family:Arial\">Instale a libera\u00e7\u00e3o r\u00e1pida e a roda e conecte os fios restantes \u00e0 buzina.<\/span><\/div>\n<\/li>\n<\/ul>\n<p style=\"margin:auto auto 10pt;margin-bottom:10pt;margin-top:auto;margin-left:auto;margin-right:auto\" class=\"MsoNormal\"><strong><span style=\"font-size:18px;font-family:Arial\">Nota:<\/span><\/strong><\/p>\n<ul>\n<li>\n<div style=\"margin:5pt auto;margin-bottom:5pt;margin-top:5pt;margin-left:auto;margin-right:auto\" class=\"MsoNormal\"><span style=\"font-size:18px;font-family:Arial\">Forne\u00e7a o n\u00famero de rastreamento com cada pedido, compre com confian\u00e7a!<\/span><\/div>\n<\/li>\n<li>\n<div style=\"margin:5pt auto;margin-bottom:5pt;margin-top:5pt;margin-left:auto;margin-right:auto\" class=\"MsoNormal\"><span style=\"font-size:18px;font-family:Arial\">Nenhum guia de instala\u00e7\u00e3o est\u00e1 inclu\u00eddo, \u00e9 altamente recomend\u00e1vel procurar instala\u00e7\u00e3o profissional.Qualquer dano durante a instala\u00e7\u00e3o n\u00e3o ser\u00e1 reembolsado.<\/span><\/div>\n<\/li>\n<li>\n<div style=\"margin:5pt auto;margin-bottom:5pt;margin-top:5pt;margin-left:auto;margin-right:auto\" class=\"MsoNormal\"><span style=\"font-size:18px;font-family:Arial\">Vir\u00e1 com tudo o que voc\u00ea v\u00ea na foto.Por favor, permita diferen\u00e7a devido \u00e0 medi\u00e7\u00e3o manual.<\/span><\/div>\n<\/li>\n<li>\n<div style=\"margin:5pt auto;margin-bottom:5pt;margin-top:5pt;margin-left:auto;margin-right:auto\" class=\"MsoNormal\"><span style=\"font-size:18px;font-family:Arial\">Verifique se a imagem corresponde antes da compra.A cor dos itens reais pode ser ligeiramente diferente das imagens da lista devido \u00e0s diferentes telas do computador, obrigado pela sua compreens\u00e3o.<\/span><\/div>\n<\/li>\n<li>\n<div style=\"margin:5pt auto;margin-bottom:5pt;margin-top:5pt;margin-left:auto;margin-right:auto\" class=\"MsoNormal\"><span style=\"font-size:18px;font-family:Arial\">Para quaisquer d\u00favidas ou pedidos especiais, como pedidos de valores maiores, escreva para n\u00f3s.<\/span><\/div>\n<\/li>\n<\/ul>\n<p><img data-recalc-dims=\"1\" decoding=\"async\" style=\"width:1000px\"  src=\"https:\/\/i0.wp.com\/ae01.alicdn.com\/kf\/H02f31c7e9e3444be83326a940fc1198br.jpg?w=1200&#038;ssl=1\"><\/p>\n<p><img data-recalc-dims=\"1\" decoding=\"async\" style=\"width:1000px\"  src=\"https:\/\/i0.wp.com\/ae01.alicdn.com\/kf\/He23a08e631ad457892a6a4833bd36590Z.jpg?w=1200&#038;ssl=1\"><\/p>\n<p><img data-recalc-dims=\"1\" decoding=\"async\" style=\"width:1000px\"  src=\"https:\/\/i0.wp.com\/ae01.alicdn.com\/kf\/H1853881b17d441199d06c2e1097c37cde.jpg?w=1200&#038;ssl=1\"><\/p>\n<p><img data-recalc-dims=\"1\" decoding=\"async\" style=\"width:1000px\"  src=\"https:\/\/i0.wp.com\/ae01.alicdn.com\/kf\/H4accf20d33544f5f865ebeca510275434.jpg?w=1200&#038;ssl=1\"><\/p>\n<p><img data-recalc-dims=\"1\" decoding=\"async\" style=\"width:1000px\"  src=\"https:\/\/i0.wp.com\/ae01.alicdn.com\/kf\/Hf73e7c724a97411fabe8c2edfdef906eA.jpg?w=1200&#038;ssl=1\"><\/p>\n<p><img data-recalc-dims=\"1\" decoding=\"async\" style=\"width:1000px\"  src=\"https:\/\/i0.wp.com\/ae01.alicdn.com\/kf\/H617219f3d0f2484ab26a22f4c381407eW.jpg?w=1200&#038;ssl=1\"><\/p>\n<p><img data-recalc-dims=\"1\" decoding=\"async\" style=\"width:930px\"  src=\"https:\/\/i0.wp.com\/ae01.alicdn.com\/kf\/H08013fb0e6604d7bb20a527e3d72bd81D.jpg?w=1200&#038;ssl=1\"><\/p>\n<p><img data-recalc-dims=\"1\" decoding=\"async\" style=\"width:930px\"  src=\"https:\/\/i0.wp.com\/ae01.alicdn.com\/kf\/H47c9f1a0f50c4ecd93cf6f79c79d024a2.jpg?w=1200&#038;ssl=1\"><\/p>\n<p><img data-recalc-dims=\"1\" decoding=\"async\" style=\"width:930px\"  src=\"https:\/\/i0.wp.com\/ae01.alicdn.com\/kf\/Hd8d61074aff844c4821c8066586a0713g.jpg?w=1200&#038;ssl=1\"><\/p>\n<p><img data-recalc-dims=\"1\" decoding=\"async\" style=\"width:930px\"  src=\"https:\/\/i0.wp.com\/ae01.alicdn.com\/kf\/Hd34f47ea67574f33b272bd790aa9a5b6I.jpg?w=1200&#038;ssl=1\"><\/p>\n<\/div>\n<\/div>\n<p><\/p>\n<\/div>\n<\/div>\n","protected":false},"excerpt":{"rendered":"<p>Volante curto de 6 furosAdaptador de cubo Kit adaptador de cubo de libera\u00e7\u00e3o r\u00e1pida de alum\u00ednio preto para 90-99 BMW E36 318 328 840 850 E39 M3 Z3 Aplica\u00e7\u00e3o: Para 90-99 BMW 840i| 850i| 850ci. Para BMW 318 91-98| 325| 328. Para BMW E39 95-04 (540). Para BMW M3 95-98| Z3. As tabelas de compatibilidade&hellip;&nbsp;<\/p>\n","protected":false},"featured_media":40821,"template":"","meta":{"neve_meta_sidebar":"","neve_meta_container":"","neve_meta_enable_content_width":"","neve_meta_content_width":0,"neve_meta_title_alignment":"","neve_meta_author_avatar":"","neve_post_elements_order":"","neve_meta_disable_header":"","neve_meta_disable_footer":"","neve_meta_disable_title":""},"product_brand":[],"product_cat":[27,17,70],"product_tag":[],"class_list":{"0":"post-40827","1":"product","2":"type-product","3":"status-publish","4":"has-post-thumbnail","6":"product_cat-pecas-de-chassis","7":"product_cat-pecas-e-acessorios-automotivos","8":"product_cat-suspensao-e-direcao","10":"first","11":"instock","12":"shipping-taxable","13":"purchasable","14":"product-type-variable"},"jetpack_sharing_enabled":true,"_links":{"self":[{"href":"https:\/\/listman.shop\/autoparts-br\/wp-json\/wp\/v2\/product\/40827","targetHints":{"allow":["GET"]}}],"collection":[{"href":"https:\/\/listman.shop\/autoparts-br\/wp-json\/wp\/v2\/product"}],"about":[{"href":"https:\/\/listman.shop\/autoparts-br\/wp-json\/wp\/v2\/types\/product"}],"wp:featuredmedia":[{"embeddable":true,"href":"https:\/\/listman.shop\/autoparts-br\/wp-json\/wp\/v2\/media\/40821"}],"wp:attachment":[{"href":"https:\/\/listman.shop\/autoparts-br\/wp-json\/wp\/v2\/media?parent=40827"}],"wp:term":[{"taxonomy":"product_brand","embeddable":true,"href":"https:\/\/listman.shop\/autoparts-br\/wp-json\/wp\/v2\/product_brand?post=40827"},{"taxonomy":"product_cat","embeddable":true,"href":"https:\/\/listman.shop\/autoparts-br\/wp-json\/wp\/v2\/product_cat?post=40827"},{"taxonomy":"product_tag","embeddable":true,"href":"https:\/\/listman.shop\/autoparts-br\/wp-json\/wp\/v2\/product_tag?post=40827"}],"curies":[{"name":"wp","href":"https:\/\/api.w.org\/{rel}","templated":true}]}}