{"id":40861,"date":"2025-03-26T13:18:00","date_gmt":"2025-03-26T04:18:00","guid":{"rendered":"https:\/\/listman.shop\/autoparts-br\/product\/1005006605690416\/"},"modified":"2026-05-04T20:40:15","modified_gmt":"2026-05-04T11:40:15","slug":"1005006605690416","status":"publish","type":"product","link":"https:\/\/listman.shop\/autoparts-br\/product\/1005006605690416\/","title":{"rendered":"Para Maserati Ghibli M157 QuattroporteM156 Bra\u00e7o oscilante de suspens\u00e3o traseira superior e inferior 670007252 670007251 670006273 670002808"},"content":{"rendered":"<div class=\"detailmodule_html\">\n<div class=\"detail-desc-decorate-richtext\">\n<p>Consulte o atendimento ao cliente antes de fazer um pedido!<\/p>\n<p><\/p>\n<p>Se voc\u00ea n\u00e3o quiser enviar o produto errado, retarde o precioso tempo.Selecione as pe\u00e7as apropriadas de acordo com o cart\u00e3o de identifica\u00e7\u00e3o do ve\u00edculo fornecido pela loja.<\/p>\n<p><\/p>\n<p>O n\u00famero do quadro e o n\u00famero VIN est\u00e3o sob a carteira de motorista ou para-brisa do carro.<\/p>\n<p><img data-recalc-dims=\"1\" decoding=\"async\" src=\"https:\/\/i0.wp.com\/ae01.alicdn.com\/kf\/S7616c6f217a144ed9616d048d8cd7da7L.png?w=1200&#038;ssl=1\"><\/p>\n<p><\/p>\n<p>Funciona com Maserati<\/p>\n<p>Quattroporte M156<\/p>\n<p>Ghibli M157<\/p>\n<p>Quattroporte 2014-2023<\/p>\n<p>Ghibli 2014-2023<\/p>\n<p><img data-recalc-dims=\"1\" decoding=\"async\" src=\"https:\/\/i0.wp.com\/ae01.alicdn.com\/kf\/Sbf5b0d7d79aa4283b6b1f4a2f2c4b362W.png?w=1200&#038;ssl=1\"><img data-recalc-dims=\"1\" decoding=\"async\" src=\"https:\/\/i0.wp.com\/ae01.alicdn.com\/kf\/S503d5635ae5c4eb28c3a3eed983473e7x.png?w=1200&#038;ssl=1\"><img data-recalc-dims=\"1\" decoding=\"async\" src=\"https:\/\/i0.wp.com\/ae01.alicdn.com\/kf\/S66ec4cd047d3483383f9250fe1c25624F.png?w=1200&#038;ssl=1\"><img data-recalc-dims=\"1\" decoding=\"async\" src=\"https:\/\/i0.wp.com\/ae01.alicdn.com\/kf\/S8e3ca1c5bbf44144a5fc8ffe40aa2d43j.png?w=1200&#038;ssl=1\"><img data-recalc-dims=\"1\" decoding=\"async\" src=\"https:\/\/i0.wp.com\/ae01.alicdn.com\/kf\/Seed307c95034473a8e7b5b4e7d638c4fn.png?w=1200&#038;ssl=1\"><img data-recalc-dims=\"1\" decoding=\"async\" src=\"https:\/\/i0.wp.com\/ae01.alicdn.com\/kf\/S74635681ec02427f81b2be5100a5351f4.png?w=1200&#038;ssl=1\"><\/p>\n<\/div>\n<\/div>\n","protected":false},"excerpt":{"rendered":"<p>Consulte o atendimento ao cliente antes de fazer um pedido! Se voc\u00ea n\u00e3o quiser enviar o produto errado, retarde o precioso tempo.Selecione as pe\u00e7as apropriadas de acordo com o cart\u00e3o de identifica\u00e7\u00e3o do ve\u00edculo fornecido pela loja. O n\u00famero do quadro e o n\u00famero VIN est\u00e3o sob a carteira de motorista ou para-brisa do carro.&hellip;&nbsp;<\/p>\n","protected":false},"featured_media":40855,"template":"","meta":{"neve_meta_sidebar":"","neve_meta_container":"","neve_meta_enable_content_width":"","neve_meta_content_width":0,"neve_meta_title_alignment":"","neve_meta_author_avatar":"","neve_post_elements_order":"","neve_meta_disable_header":"","neve_meta_disable_footer":"","neve_meta_disable_title":""},"product_brand":[],"product_cat":[27,17,70],"product_tag":[],"class_list":{"0":"post-40861","1":"product","2":"type-product","3":"status-publish","4":"has-post-thumbnail","6":"product_cat-pecas-de-chassis","7":"product_cat-pecas-e-acessorios-automotivos","8":"product_cat-suspensao-e-direcao","10":"first","11":"instock","12":"shipping-taxable","13":"purchasable","14":"product-type-variable","15":"has-default-attributes"},"jetpack_sharing_enabled":true,"_links":{"self":[{"href":"https:\/\/listman.shop\/autoparts-br\/wp-json\/wp\/v2\/product\/40861","targetHints":{"allow":["GET"]}}],"collection":[{"href":"https:\/\/listman.shop\/autoparts-br\/wp-json\/wp\/v2\/product"}],"about":[{"href":"https:\/\/listman.shop\/autoparts-br\/wp-json\/wp\/v2\/types\/product"}],"wp:featuredmedia":[{"embeddable":true,"href":"https:\/\/listman.shop\/autoparts-br\/wp-json\/wp\/v2\/media\/40855"}],"wp:attachment":[{"href":"https:\/\/listman.shop\/autoparts-br\/wp-json\/wp\/v2\/media?parent=40861"}],"wp:term":[{"taxonomy":"product_brand","embeddable":true,"href":"https:\/\/listman.shop\/autoparts-br\/wp-json\/wp\/v2\/product_brand?post=40861"},{"taxonomy":"product_cat","embeddable":true,"href":"https:\/\/listman.shop\/autoparts-br\/wp-json\/wp\/v2\/product_cat?post=40861"},{"taxonomy":"product_tag","embeddable":true,"href":"https:\/\/listman.shop\/autoparts-br\/wp-json\/wp\/v2\/product_tag?post=40861"}],"curies":[{"name":"wp","href":"https:\/\/api.w.org\/{rel}","templated":true}]}}