{"id":40925,"date":"2025-03-26T13:19:54","date_gmt":"2025-03-26T04:19:54","guid":{"rendered":"https:\/\/listman.shop\/autoparts-br\/product\/1005007643175386\/"},"modified":"2026-05-04T20:31:10","modified_gmt":"2026-05-04T11:31:10","slug":"1005007643175386","status":"publish","type":"product","link":"https:\/\/listman.shop\/autoparts-br\/product\/1005007643175386\/","title":{"rendered":"Bra\u00e7os de controle de camber traseiro ajust\u00e1vel preto para 01-05 honda civic 02-06 acura rsx acess\u00f3rios de suspens\u00e3o"},"content":{"rendered":"<div class=\"detailmodule_html\">\n<div class=\"detail-desc-decorate-richtext\">\n<div class=\"detailmodule_html\">\n<div class=\"detail-desc-decorate-richtext\">\n<p><span><span style=\"font-size:14pt;font-family:verdana, geneva\"><strong><span style=\"font-size:18pt;font-family:terminal, monaco\"><span>Bra\u00e7os de controle camber traseiro ajust\u00e1veis pretos para 01-05 Honda Civic 02-06 Acura RSX<\/span><\/span><\/strong><\/span><\/span><span><strong><span style=\"font-size:14pt;font-family:verdana, geneva\"><br \/>Garantia de um ano<\/span><\/strong><\/span><\/p>\n<div><\/div>\n<p><span><strong><span style=\"font-size:14pt;font-family:verdana, geneva\">Pacote inclu\u00eddo:<\/span><\/strong><\/span><\/p>\n<ul>\n<li>\n<p><span style=\"font-size:14pt;font-family:verdana, geneva\">1 par de bra\u00e7os camber traseiros<\/span><\/p>\n<\/li>\n<\/ul>\n<p><span style=\"font-size:14pt;font-family:verdana, geneva\">Todos os acess\u00f3rios da imagem est\u00e3o inclu\u00eddos, exatamente iguais \u00e0 imagem mostrada.<\/span><\/p>\n<p><span style=\"font-size:14pt;font-family:verdana, geneva\">A instala\u00e7\u00e3o profissional \u00e9 altamente recomendada.<\/span><\/p>\n<p><span style=\"font-size:14pt;font-family:verdana, geneva\">As instru\u00e7\u00f5es n\u00e3o est\u00e3o inclu\u00eddas.<\/span><\/p>\n<div><\/div>\n<p><span><strong><span style=\"font-size:14pt;font-family:verdana, geneva\">Especifica\u00e7\u00e3o:<\/span><\/strong><\/span><\/p>\n<ul>\n<li>\n<p><span style=\"font-size:14pt;font-family:verdana, geneva\">Condi\u00e7\u00e3o do item: novo<\/span><\/p>\n<\/li>\n<li>\n<p><span style=\"font-size:14pt;font-family:verdana, geneva\">Nunca usado ou instalado<\/span><\/p>\n<\/li>\n<li>\n<p><span style=\"font-size:14pt;font-family:verdana, geneva\">100% de garantia de qualidade testada, menos cara, mais f\u00e1cil de instalar.<\/span><\/p>\n<\/li>\n<li>\n<p><span style=\"font-size:14pt;font-family:verdana, geneva\">Cor: Preto \/<\/span><span style=\"font-size:14pt;font-family:verdana, geneva\"><span>VERMELHO<\/span><\/span><span style=\"font-size:14pt;font-family:verdana, geneva\">\/<\/span><span style=\"font-size:14pt;font-family:verdana, geneva\"><span>AZUL<\/span><\/span><\/p>\n<\/li>\n<li>\n<p><span style=\"font-size:14pt;font-family:verdana, geneva\">Material: liga de a\u00e7o<\/span><\/p>\n<\/li>\n<li>\n<p><span style=\"font-size:14pt;font-family:verdana, geneva\">Coloca\u00e7\u00e3o no ve\u00edculo: traseira<\/span><\/p>\n<\/li>\n<li>\n<p><span style=\"font-size:14pt;font-family:verdana, geneva\">Faixa ajust\u00e1vel (graus): +\/- 3<\/span><\/p>\n<\/li>\n<\/ul>\n<div><\/div>\n<p><span><strong><span style=\"font-size:14pt;font-family:verdana, geneva\">Adequado para:<\/span><\/strong><\/span><\/p>\n<p><span style=\"font-size:14pt;font-family:verdana, geneva\">Adequado para Acura RSX 2002-2006 (base, tipo S)<\/span><br \/><span style=\"font-size:14pt;font-family:verdana, geneva\">Adequado para Honda Civic Coupe 2001-2005 (DX, EX, HX, LX)<\/span><br \/><span style=\"font-size:14pt;font-family:verdana, geneva\">Adequado para Honda Civic Hatchback 2002-2005 (Si)<\/span><br \/><span style=\"font-size:14pt;font-family:verdana, geneva\">Adequado para Honda Civic Sedan 2001-2005 (DX, EX)<\/span><br \/><span style=\"font-size:14pt;font-family:verdana, geneva\">Adequado para honda civic sedan 2001-2004 (GX)<\/span><br \/><span style=\"font-size:14pt;font-family:verdana, geneva\">Adequado para honda civic sedan 2001-2003 (LX)<\/span><\/p>\n<p style=\"text-align:left;margin:0px;margin-bottom:0px;margin-top:0px;margin-left:0px;margin-right:0px\" align=\"left\"><img data-recalc-dims=\"1\" decoding=\"async\" src=\"https:\/\/i0.wp.com\/ae01.alicdn.com\/kf\/S7bb47d83c3524b82826fa7f55ba29d957.jpg?w=1200&#038;ssl=1\"><img data-recalc-dims=\"1\" decoding=\"async\" src=\"https:\/\/i0.wp.com\/ae01.alicdn.com\/kf\/S8a1c981f201c4995b5f472ca59e0c17cs.jpg?w=1200&#038;ssl=1\"><img data-recalc-dims=\"1\" decoding=\"async\" src=\"https:\/\/i0.wp.com\/ae01.alicdn.com\/kf\/S7411125e0ff04857bfc554c27d59f0cbn.jpg?w=1200&#038;ssl=1\"><\/p>\n<p><span><strong><span style=\"font-size:14pt;font-family:verdana, geneva\">Caracter\u00edsticas:<\/span><\/strong><\/span><\/p>\n<ul>\n<li>\n<p><span style=\"font-size:14pt;font-family:verdana, geneva\">Deixe seu carro elevado e preso com as rodas traseiras desligadas.<\/span><\/p>\n<\/li>\n<li>\n<p><span style=\"font-size:14pt;font-family:verdana, geneva\">Com a roda traseira removida, voc\u00ea deve conseguir ver o bra\u00e7o superior e o parafuso principal que passa pela carca\u00e7a da roda.Remova o parafuso principal.<\/span><\/p>\n<\/li>\n<li>\n<p><span style=\"font-size:14pt;font-family:verdana, geneva\">Depois que este parafuso for removido, voc\u00ea ver\u00e1 2 parafusos que montam a metade traseira do bra\u00e7o superior no chassi.V\u00e1 em frente e remova esses dois parafusos que prendem o bra\u00e7o de controle superior do carro.<\/span><\/p>\n<\/li>\n<li>\n<p><span style=\"font-size:14pt;font-family:verdana, geneva\">Agora que voc\u00ea tem os dois bra\u00e7os para fora do carro, v\u00e1 em frente e ajuste seu kit de curvatura para que sua unidade de reposi\u00e7\u00e3o fique aproximadamente enquanto seu arquivador.Isso far\u00e1 um longo caminho para fazer seu carro rolar depois disso, portanto, certifique-se de obter esse ajuste o mais pr\u00f3ximo poss\u00edvel.<\/span><\/p>\n<\/li>\n<li>\n<p><span style=\"font-size:14pt;font-family:verdana, geneva\">Depois que o kit de curvatura estiver inserido e apertado de acordo com as especifica\u00e7\u00f5es, voc\u00ea est\u00e1 pronto para acertar a m\u00e1quina de alinhamento.<\/span><\/p>\n<\/li>\n<li>\n<p><span style=\"font-size:14pt;font-family:verdana, geneva\">Tome cuidado extra especial ao remover e reinserir esses dois parafusos.<\/span><\/p>\n<\/li>\n<\/ul>\n<\/div>\n<\/div>\n<p><\/p>\n<\/div>\n<\/div>\n","protected":false},"excerpt":{"rendered":"<p>Bra\u00e7os de controle camber traseiro ajust\u00e1veis pretos para 01-05 Honda Civic 02-06 Acura RSXGarantia de um ano Pacote inclu\u00eddo: 1 par de bra\u00e7os camber traseiros Todos os acess\u00f3rios da imagem est\u00e3o inclu\u00eddos, exatamente iguais \u00e0 imagem mostrada. A instala\u00e7\u00e3o profissional \u00e9 altamente recomendada. As instru\u00e7\u00f5es n\u00e3o est\u00e3o inclu\u00eddas. Especifica\u00e7\u00e3o: Condi\u00e7\u00e3o do item: novo Nunca usado&hellip;&nbsp;<\/p>\n","protected":false},"featured_media":40919,"template":"","meta":{"neve_meta_sidebar":"","neve_meta_container":"","neve_meta_enable_content_width":"","neve_meta_content_width":0,"neve_meta_title_alignment":"","neve_meta_author_avatar":"","neve_post_elements_order":"","neve_meta_disable_header":"","neve_meta_disable_footer":"","neve_meta_disable_title":""},"product_brand":[],"product_cat":[27,17,70],"product_tag":[],"class_list":{"0":"post-40925","1":"product","2":"type-product","3":"status-publish","4":"has-post-thumbnail","6":"product_cat-pecas-de-chassis","7":"product_cat-pecas-e-acessorios-automotivos","8":"product_cat-suspensao-e-direcao","10":"first","11":"instock","12":"shipping-taxable","13":"purchasable","14":"product-type-variable","15":"has-default-attributes"},"jetpack_sharing_enabled":true,"_links":{"self":[{"href":"https:\/\/listman.shop\/autoparts-br\/wp-json\/wp\/v2\/product\/40925","targetHints":{"allow":["GET"]}}],"collection":[{"href":"https:\/\/listman.shop\/autoparts-br\/wp-json\/wp\/v2\/product"}],"about":[{"href":"https:\/\/listman.shop\/autoparts-br\/wp-json\/wp\/v2\/types\/product"}],"wp:featuredmedia":[{"embeddable":true,"href":"https:\/\/listman.shop\/autoparts-br\/wp-json\/wp\/v2\/media\/40919"}],"wp:attachment":[{"href":"https:\/\/listman.shop\/autoparts-br\/wp-json\/wp\/v2\/media?parent=40925"}],"wp:term":[{"taxonomy":"product_brand","embeddable":true,"href":"https:\/\/listman.shop\/autoparts-br\/wp-json\/wp\/v2\/product_brand?post=40925"},{"taxonomy":"product_cat","embeddable":true,"href":"https:\/\/listman.shop\/autoparts-br\/wp-json\/wp\/v2\/product_cat?post=40925"},{"taxonomy":"product_tag","embeddable":true,"href":"https:\/\/listman.shop\/autoparts-br\/wp-json\/wp\/v2\/product_tag?post=40925"}],"curies":[{"name":"wp","href":"https:\/\/api.w.org\/{rel}","templated":true}]}}