{"id":41061,"date":"2025-03-26T13:23:24","date_gmt":"2025-03-26T04:23:24","guid":{"rendered":"https:\/\/listman.shop\/autoparts-br\/product\/32837288536\/"},"modified":"2026-05-08T04:25:17","modified_gmt":"2026-05-07T19:25:17","slug":"32837288536","status":"publish","type":"product","link":"https:\/\/listman.shop\/autoparts-br\/product\/32837288536\/","title":{"rendered":"Zuk boa mangueira de press\u00e3o de alimenta\u00e7\u00e3o de dire\u00e7\u00e3o hidr\u00e1ulica para honda accord cm4 cl7 2.0l cm5 cl9 2.4l 2003-2007 para tsx 2004-2008 53713-sdc-a02"},"content":{"rendered":"<div class=\"detailmodule_html\">\n<div class=\"detail-desc-decorate-richtext\">\n<div class=\"detailmodule_html\">\n<div class=\"detail-desc-decorate-richtext\">\n<div>\n<div>\n<div>\n<div>\n<p><span style=\"font-size:20px\"><span style=\", helvetica, sans-serif\"><strong>ZUK Boa Mangueira de press\u00e3o de alimenta\u00e7\u00e3o da dire\u00e7\u00e3o hidr\u00e1ulica para HONDA ACCORD CM4 CL7 2.0L CM5 CL9 2.4L 2003-2007 Para TSX 2004-2008 53713-SDC-A02<\/strong><\/span><\/span><\/p>\n<p><img data-recalc-dims=\"1\" decoding=\"async\" src=\"https:\/\/i0.wp.com\/ae01.alicdn.com\/kf\/HTB1Dj0diPihSKJjy0Ffq6zGzFXar.jpg?w=1200\"><img data-recalc-dims=\"1\" decoding=\"async\" src=\"https:\/\/i0.wp.com\/ae01.alicdn.com\/kf\/Sc583582f75644f98bf51c916f227fc77n.jpg?w=1200&#038;ssl=1\"><img data-recalc-dims=\"1\" decoding=\"async\" src=\"https:\/\/i0.wp.com\/ae01.alicdn.com\/kf\/H7394945273a74ee69084fce361b0e04e5.jpg?w=1200&#038;ssl=1\"><br \/><img data-recalc-dims=\"1\" decoding=\"async\" src=\"https:\/\/i0.wp.com\/ae01.alicdn.com\/kf\/H8cb1000038594c3aa973b008c0fa5ee4D.jpg?w=1200&#038;ssl=1\"><br \/><img data-recalc-dims=\"1\" decoding=\"async\" src=\"https:\/\/i0.wp.com\/ae01.alicdn.com\/kf\/H237efac7da7546a3b7596787b9170966J.jpg?w=1200&#038;ssl=1\"><br \/><img data-recalc-dims=\"1\" decoding=\"async\" src=\"https:\/\/i0.wp.com\/ae01.alicdn.com\/kf\/H47ddf95f96c540c9910cd85b0404cc65p.jpg?w=1200&#038;ssl=1\"><br \/><img data-recalc-dims=\"1\" decoding=\"async\" src=\"https:\/\/i0.wp.com\/ae01.alicdn.com\/kf\/He0316b3f873641dab3ede2111c2ab10fx.jpg?w=1200&#038;ssl=1\"><br \/><img data-recalc-dims=\"1\" decoding=\"async\" src=\"https:\/\/i0.wp.com\/ae01.alicdn.com\/kf\/Hc7b649134c614fd3b62e3baf9ac6781eU.jpg?w=1200&#038;ssl=1\"><br \/><img data-recalc-dims=\"1\" decoding=\"async\" src=\"https:\/\/i0.wp.com\/ae01.alicdn.com\/kf\/H5638ce714fb34c958fd0a842f5e96ea9n.jpg?w=1200&#038;ssl=1\"><\/p>\n<p><img data-recalc-dims=\"1\" decoding=\"async\" src=\"https:\/\/i0.wp.com\/ae01.alicdn.com\/kf\/H38ee3eddba944af892afd9aedf6db67eO.jpg?w=1200&#038;ssl=1\"><img data-recalc-dims=\"1\" decoding=\"async\" src=\"https:\/\/i0.wp.com\/ae01.alicdn.com\/kf\/H97f6398b76e440c4a246496045b1810av.jpg?w=1200&#038;ssl=1\"><\/p>\n<p><img data-recalc-dims=\"1\" decoding=\"async\" src=\"https:\/\/i0.wp.com\/ae01.alicdn.com\/kf\/H294fd7d6538d47f89af379c3e51e88f1U.jpg?w=1200&#038;ssl=1\"><\/p>\n<p><img data-recalc-dims=\"1\" decoding=\"async\" src=\"https:\/\/i0.wp.com\/ae01.alicdn.com\/kf\/HTB19cN4iGmgSKJjSspiq6xyJFXae.jpg?w=1200\"><\/p>\n<div><\/div>\n<p><span style=\"font-size:20px\"><span style=\", helvetica, sans-serif\"><strong>Condi\u00e7\u00e3o: novo<\/strong><\/span><\/span><\/p>\n<p><span style=\"font-size:20px\"><span style=\", helvetica, sans-serif\"><strong>N\u00famero da pe\u00e7a: 53713-SDC-A02<\/strong><\/span><\/span><\/p>\n<p><span style=\"font-size:20px\"><span style=\", helvetica, sans-serif\"><strong>Substitua o n\u00famero da pe\u00e7a: 53713-SDA-A02<\/strong><\/span><\/span><\/p>\n<p><span style=\"font-size:20px\"><span style=\", helvetica, sans-serif\"><strong>Tamanho do item: Padr\u00e3o<\/strong><\/span><\/span><\/p>\n<p><span style=\"font-size:20px\"><span style=\", helvetica, sans-serif\"><strong>Peso: cerca de 0,8 kg\/p\u00e7s<\/strong><\/span><\/span><\/p>\n<div><\/div>\n<p><img data-recalc-dims=\"1\" decoding=\"async\" src=\"https:\/\/i0.wp.com\/ae01.alicdn.com\/kf\/HTB1rKl_iGagSKJjy0Fcq6AZeVXat.jpg?w=1200\"><\/p>\n<div><\/div>\n<p><span style=\"font-size:20px;, helvetica, sans-serif\"><strong>Caracter\u00edstica:<\/strong><\/span><\/p>\n<p style=\"font-family:arial;margin:0px;margin-bottom:0px;margin-top:0px;margin-left:0px;margin-right:0px;padding:0px;padding-bottom:0px;padding-top:0px;padding-left:0px;padding-right:0px\"><span style=\", helvetica, sans-serif\"><span style=\"font-size:20px\"><strong>1) Material: Metal + Borracha<\/strong><\/span><\/span><\/p>\n<p style=\"font-family:arial;margin:0px;margin-bottom:0px;margin-top:0px;margin-left:0px;margin-right:0px;padding:0px;padding-bottom:0px;padding-top:0px;padding-left:0px;padding-right:0px\"><span style=\", helvetica, sans-serif\"><span style=\"font-size:20px\"><strong>2) De acordo com as especifica\u00e7\u00f5es originais de f\u00e1brica<\/strong><\/span><\/span><\/p>\n<p style=\"font-family:arial;margin:0px;margin-bottom:0px;margin-top:0px;margin-left:0px;margin-right:0px;padding:0px;padding-bottom:0px;padding-top:0px;padding-left:0px;padding-right:0px\"><span style=\", helvetica, sans-serif\"><span style=\"font-size:20px\"><strong>3) Boa correspond\u00eancia para o carro original.<\/strong><\/span><\/span><\/p>\n<p style=\"font-family:arial;margin:0px;margin-bottom:0px;margin-top:0px;margin-left:0px;margin-right:0px;padding:0px;padding-bottom:0px;padding-top:0px;padding-left:0px;padding-right:0px\"><span style=\", helvetica, sans-serif\"><span style=\"font-size:20px\"><strong>4) F\u00e1cil instala\u00e7\u00e3o.<\/strong><\/span><\/span><\/p>\n<p style=\"font-family:arial;margin:0px;margin-bottom:0px;margin-top:0px;margin-left:0px;margin-right:0px;padding:0px;padding-bottom:0px;padding-top:0px;padding-left:0px;padding-right:0px\"><span style=\", helvetica, sans-serif\"><span style=\"font-size:20px\"><strong>5) Caracter\u00edsticas est\u00e1veis, alta confiabilidade.<\/strong><\/span><\/span><\/p>\n<div><\/div>\n<p style=\"font-family:arial;margin:0px;margin-bottom:0px;margin-top:0px;margin-left:0px;margin-right:0px;padding:0px;padding-bottom:0px;padding-top:0px;padding-left:0px;padding-right:0px\"><img data-recalc-dims=\"1\" decoding=\"async\" src=\"https:\/\/i0.wp.com\/ae01.alicdn.com\/kf\/HTB1N_yIh2BNTKJjSszeq6Au2VXa3.jpg?w=1200\"><\/p>\n<div><\/div>\n<p style=\"font-family:arial;margin:0px;margin-bottom:0px;margin-top:0px;margin-left:0px;margin-right:0px;padding:0px;padding-bottom:0px;padding-top:0px;padding-left:0px;padding-right:0px\"><span style=\", helvetica, sans-serif\"><span style=\"font-size:20px\"><strong>Para ACORDO CM4\/CM5\/CL7\/CL9 2.0L\/2.4L 2003-2007<\/strong><\/span><\/span><\/p>\n<p style=\"font-family:arial;margin:0px;margin-bottom:0px;margin-top:0px;margin-left:0px;margin-right:0px;padding:0px;padding-bottom:0px;padding-top:0px;padding-left:0px;padding-right:0px\"><span style=\", helvetica, sans-serif\"><span style=\"font-size:20px\"><strong>Para TSX 2004-2008<\/strong><\/span><\/span><\/p>\n<div><\/div>\n<p style=\"font-family:arial;margin:0px;margin-bottom:0px;margin-top:0px;margin-left:0px;margin-right:0px;padding:0px;padding-bottom:0px;padding-top:0px;padding-left:0px;padding-right:0px\"><img data-recalc-dims=\"1\" decoding=\"async\" style=\"border:none\" src=\"https:\/\/i0.wp.com\/ae01.alicdn.com\/kf\/HTB1k.LomRUSMeJjy1zjq6A0dXXak.jpg?w=1200\"><\/p>\n<div><\/div>\n<p style=\"font-family:arial;margin:0px;margin-bottom:0px;margin-top:0px;margin-left:0px;margin-right:0px;padding:0px;padding-bottom:0px;padding-top:0px;padding-left:0px;padding-right:0px\"><span style=\"font-size:20px\"><span style=\", helvetica, sans-serif\"><strong>1. prazo de entrega: enviaremos seu item em 1-2 dias normalmente ap\u00f3s a confirma\u00e7\u00e3o do pagamento, n\u00e3o mais que 5 dias.<\/strong><\/span><\/span><\/p>\n<p style=\"font-family:arial;margin:0px;margin-bottom:0px;margin-top:0px;margin-left:0px;margin-right:0px;padding:0px;padding-bottom:0px;padding-top:0px;padding-left:0px;padding-right:0px\"><span style=\"font-size:20px\"><span style=\", helvetica, sans-serif\"><strong>2. m\u00e9todo de envio padr\u00e3o: envio permanente aliexpress, correio a\u00e9reo registrado da china post ou outro m\u00e9todo de envio que escolhemos de acordo com diferentes casos.<\/strong><\/span><\/span><\/p>\n<p style=\"font-family:arial;margin:0px;margin-bottom:0px;margin-top:0px;margin-left:0px;margin-right:0px;padding:0px;padding-bottom:0px;padding-top:0px;padding-left:0px;padding-right:0px\"><span style=\"font-size:20px\"><span style=\", helvetica, sans-serif\"><strong>3. Tempo estimado de entrega: 26-48 dias normalmente.(Brasil: 34-90 dias)<\/strong><\/span><\/span><\/p>\n<p style=\"font-family:arial;margin:0px;margin-bottom:0px;margin-top:0px;margin-left:0px;margin-right:0px;padding:0px;padding-bottom:0px;padding-top:0px;padding-left:0px;padding-right:0px\"><span style=\"font-size:20px\"><span style=\", helvetica, sans-serif\"><strong>4.Outro m\u00e9todo de envio:Voc\u00ea tamb\u00e9m pode escolher outros m\u00e9todos de envio, como EMS e DHL, se quiser que seu item chegue mais r\u00e1pido.Voc\u00ea s\u00f3 precisa entrar em contato conosco, ent\u00e3o lhe diremos quanto custa o envio via EMS ou DHL para o seu endere\u00e7o, e ajustaremos o pre\u00e7o total para voc\u00ea depois que voc\u00ea enviar um pedido.<\/strong><\/span><\/span><\/p>\n<p style=\"font-family:arial;margin:0px;margin-bottom:0px;margin-top:0px;margin-left:0px;margin-right:0px;padding:0px;padding-bottom:0px;padding-top:0px;padding-left:0px;padding-right:0px\"><span style=\"font-size:20px\"><span style=\", helvetica, sans-serif\"><strong>5. Tempo estimado de entrega de EMS e DHL: EMS: 7-21 dias\/DHL: 7-14 dias.<\/strong><\/span><\/span><\/p>\n<div><\/div>\n<p style=\"font-family:arial;margin:0px;margin-bottom:0px;margin-top:0px;margin-left:0px;margin-right:0px;padding:0px;padding-bottom:0px;padding-top:0px;padding-left:0px;padding-right:0px\"><img data-recalc-dims=\"1\" decoding=\"async\" style=\"border:none\" src=\"https:\/\/i0.wp.com\/ae01.alicdn.com\/kf\/HTB1Rq1Rh2NNTKJjSspcq6z4KVXas.jpg?w=1200\"><\/p>\n<div><\/div>\n<p style=\"font-family:arial;margin:0px;margin-bottom:0px;margin-top:0px;margin-left:0px;margin-right:0px;padding:0px;padding-bottom:0px;padding-top:0px;padding-left:0px;padding-right:0px\"><span style=\"font-size:20px\"><span style=\", helvetica, sans-serif\"><strong>1. se voc\u00ea n\u00e3o tem certeza se esta pe\u00e7a se encaixa no seu carro ou n\u00e3o, deixe uma mensagem informando o<\/strong><\/span><\/span><span style=\"font-size:20px\"><span style=\", helvetica, sans-serif\"><strong><span>N\u00famero VIN<\/span><\/strong><\/span><\/span><span style=\"font-size:20px\"><span style=\", helvetica, sans-serif\"><strong>do seu carro para confirma\u00e7\u00e3o<\/strong><\/span><\/span><span style=\"font-size:20px;, helvetica, sans-serif\"><strong>modelo por favor.<\/strong><\/span><\/p>\n<p style=\"font-family:arial;margin:0px;margin-bottom:0px;margin-top:0px;margin-left:0px;margin-right:0px;padding:0px;padding-bottom:0px;padding-top:0px;padding-left:0px;padding-right:0px\"><span style=\"font-size:20px\"><span style=\", helvetica, sans-serif\"><strong>2.Se voc\u00ea n\u00e3o fizer o<\/strong><\/span><\/span><span style=\"font-size:20px\"><span style=\", helvetica, sans-serif\"><strong><span>etapa 1<\/span><\/strong><\/span><\/span><span style=\"font-size:20px\"><span style=\", helvetica, sans-serif\"><strong>mas compre a pe\u00e7a errada, n\u00e3o assumiremos qualquer responsabilidade.<\/strong><\/span><\/span><\/p>\n<p style=\"font-family:arial;margin:0px;margin-bottom:0px;margin-top:0px;margin-left:0px;margin-right:0px;padding:0px;padding-bottom:0px;padding-top:0px;padding-left:0px;padding-right:0px\"><span style=\"font-size:20px\"><span style=\", helvetica, sans-serif\"><strong>3. Reembolso e devolu\u00e7\u00e3o:<\/strong><\/span><\/span><span style=\"font-size:20px;, helvetica, sans-serif\"><strong>Entre em contato conosco imediatamente se houver algum problema com o produto, em vez de deixar um feedback negativo, porque isso n\u00e3o ajuda em nada.<\/strong><\/span><span style=\"font-size:20px;, helvetica, sans-serif\"><strong><span>reenviar ou reembolsar<\/span><\/strong><\/span><span style=\"font-size:20px;, helvetica, sans-serif\"><strong>para voc\u00ea se houver um problema causado por n\u00f3s.<\/strong><\/span><\/p>\n<p style=\"font-family:arial;margin:0px;margin-bottom:0px;margin-top:0px;margin-left:0px;margin-right:0px;padding:0px;padding-bottom:0px;padding-top:0px;padding-left:0px;padding-right:0px\"><span style=\"font-size:20px\"><span style=\", helvetica, sans-serif\"><strong>4. compra em massa entre em contato conosco, bom pre\u00e7o em grande quantidade, mini pedido de 5 pe\u00e7as.<\/strong><\/span><\/span><\/p>\n<div><\/div>\n<p style=\"font-family:arial;margin:0px;margin-bottom:0px;margin-top:0px;margin-left:0px;margin-right:0px;padding:0px;padding-bottom:0px;padding-top:0px;padding-left:0px;padding-right:0px\"><img data-recalc-dims=\"1\" decoding=\"async\" style=\"border:none\" src=\"https:\/\/i0.wp.com\/ae01.alicdn.com\/kf\/HTB1l9ihi2NZWeJjSZFpq6xjBFXaB.jpg?w=1200\"><\/p>\n<div><\/div>\n<p style=\"font-family:arial;margin:0px;margin-bottom:0px;margin-top:0px;margin-left:0px;margin-right:0px;padding:0px;padding-bottom:0px;padding-top:0px;padding-left:0px;padding-right:0px\"><span style=\"font-size:20px\"><span style=\", helvetica, sans-serif\"><strong>Se voc\u00ea estiver satisfeito com nossos produtos, por favor, deixe um feedback de 5 estrelas para n\u00f3s, ser\u00e1 um grande incentivo<\/strong><\/span><\/span><span style=\"font-size:20px;, helvetica, sans-serif\"><strong>para n\u00f3s.Se houver algum problema, entre em contato conosco em vez de deixar um feedback negativo. Faremos o nosso melhor para resolver o problema.<\/strong><\/span><\/p>\n<div><\/div>\n<p style=\"font-family:arial;margin:0px;margin-bottom:0px;margin-top:0px;margin-left:0px;margin-right:0px;padding:0px;padding-bottom:0px;padding-top:0px;padding-left:0px;padding-right:0px\"><img data-recalc-dims=\"1\" decoding=\"async\" src=\"https:\/\/i0.wp.com\/ae01.alicdn.com\/kf\/HTB159vXnwMPMeJjy1Xbq6AwxVXa4.jpg?w=1200\"><\/p>\n<p style=\"font-family:arial;margin:0px;margin-bottom:0px;margin-top:0px;margin-left:0px;margin-right:0px;padding:0px;padding-bottom:0px;padding-top:0px;padding-left:0px;padding-right:0px\"><img data-recalc-dims=\"1\" decoding=\"async\" src=\"https:\/\/i0.wp.com\/sc01.alicdn.com\/kf\/HTB1G5bQf8fH8KJjy1Xbq6zLdXXae.jpg?w=1200\"><\/p>\n<\/div>\n<\/div>\n<div>&nbsp;<\/div>\n<\/div>\n<div>\n<div>&nbsp;<\/div>\n<div class=\"detailmodule_dynamic\"><\/div>\n<div class=\"detailmodule_html\">\n<div class=\"detail-desc-decorate-richtext\"><\/div>\n<\/div>\n<\/div>\n<div>&nbsp;<\/div>\n<\/div>\n<\/div>\n<\/div>\n<p><\/p>\n<\/div>\n<\/div>\n","protected":false},"excerpt":{"rendered":"<p>ZUK Boa Mangueira de press\u00e3o de alimenta\u00e7\u00e3o da dire\u00e7\u00e3o hidr\u00e1ulica para HONDA ACCORD CM4 CL7 2.0L CM5 CL9 2.4L 2003-2007 Para TSX 2004-2008 53713-SDC-A02 Condi\u00e7\u00e3o: novo N\u00famero da pe\u00e7a: 53713-SDC-A02 Substitua o n\u00famero da pe\u00e7a: 53713-SDA-A02 Tamanho do item: Padr\u00e3o Peso: cerca de 0,8 kg\/p\u00e7s Caracter\u00edstica: 1) Material: Metal + Borracha 2) De acordo com&hellip;&nbsp;<\/p>\n","protected":false},"featured_media":41055,"template":"","meta":{"neve_meta_sidebar":"","neve_meta_container":"","neve_meta_enable_content_width":"","neve_meta_content_width":0,"neve_meta_title_alignment":"","neve_meta_author_avatar":"","neve_post_elements_order":"","neve_meta_disable_header":"","neve_meta_disable_footer":"","neve_meta_disable_title":""},"product_brand":[],"product_cat":[27,17,70],"product_tag":[],"class_list":{"0":"post-41061","1":"product","2":"type-product","3":"status-publish","4":"has-post-thumbnail","6":"product_cat-pecas-de-chassis","7":"product_cat-pecas-e-acessorios-automotivos","8":"product_cat-suspensao-e-direcao","10":"first","11":"instock","12":"shipping-taxable","13":"purchasable","14":"product-type-variable"},"jetpack_sharing_enabled":true,"_links":{"self":[{"href":"https:\/\/listman.shop\/autoparts-br\/wp-json\/wp\/v2\/product\/41061","targetHints":{"allow":["GET"]}}],"collection":[{"href":"https:\/\/listman.shop\/autoparts-br\/wp-json\/wp\/v2\/product"}],"about":[{"href":"https:\/\/listman.shop\/autoparts-br\/wp-json\/wp\/v2\/types\/product"}],"wp:featuredmedia":[{"embeddable":true,"href":"https:\/\/listman.shop\/autoparts-br\/wp-json\/wp\/v2\/media\/41055"}],"wp:attachment":[{"href":"https:\/\/listman.shop\/autoparts-br\/wp-json\/wp\/v2\/media?parent=41061"}],"wp:term":[{"taxonomy":"product_brand","embeddable":true,"href":"https:\/\/listman.shop\/autoparts-br\/wp-json\/wp\/v2\/product_brand?post=41061"},{"taxonomy":"product_cat","embeddable":true,"href":"https:\/\/listman.shop\/autoparts-br\/wp-json\/wp\/v2\/product_cat?post=41061"},{"taxonomy":"product_tag","embeddable":true,"href":"https:\/\/listman.shop\/autoparts-br\/wp-json\/wp\/v2\/product_tag?post=41061"}],"curies":[{"name":"wp","href":"https:\/\/api.w.org\/{rel}","templated":true}]}}