{"id":41096,"date":"2025-03-27T07:49:27","date_gmt":"2025-03-26T22:49:27","guid":{"rendered":"https:\/\/listman.shop\/autoparts-br\/product\/1005005140416721\/"},"modified":"2026-04-14T23:59:05","modified_gmt":"2026-04-14T14:59:05","slug":"1005005140416721","status":"publish","type":"product","link":"https:\/\/listman.shop\/autoparts-br\/product\/1005005140416721\/","title":{"rendered":"Sensor de oxig\u00eanio de tubo exhuast para Benelli BN251 TNT25 TNT250 \/ BN TNT 25 250 251"},"content":{"rendered":"<div class=\"detailmodule_html\">\n<div class=\"detail-desc-decorate-richtext\">\n<div class=\"detailmodule_html\">\n<div class=\"detail-desc-decorate-richtext\">\n<div>\n<div>\n<div style=\", sans-serif;font-size:14px;font-weight:400;letter-spacing:normal;text-align:start;white-space:normal;margin:0px;margin-bottom:0px;margin-top:0px;margin-left:0px;margin-right:0px;padding:0px 0px 0px 0em;padding-bottom:0px;padding-top:0px;padding-right:0px\" align=\"start\">\n<div style=\"margin:0px;margin-bottom:0px;margin-top:0px;margin-left:0px;margin-right:0px;padding:0px 0px 0px 0em;padding-bottom:0px;padding-top:0px;padding-right:0px\"><\/div>\n<div style=\"margin:0px;margin-bottom:0px;margin-top:0px;margin-left:0px;margin-right:0px;padding:0px 0px 0px 0em;padding-bottom:0px;padding-top:0px;padding-right:0px\"><span style=\"font-size:18px\"><span style=\"font-family:arial, helvetica, sans-serif\">Quanto aos nomes dos modelos na descri\u00e7\u00e3o, diferentes pa\u00edses podem ter nomes diferentes, mesmo para o mesmo modelo.Por exemplo, BN302, TNT302 \u00e9 o mesmo modelo, o nome na It\u00e1lia \u00e9 BN302, o nome na \u00cdndia \u00e9 TNT302.<\/span><\/span><\/div>\n<div style=\"margin:0px;margin-bottom:0px;margin-top:0px;margin-left:0px;margin-right:0px;padding:0px 0px 0px 0em;padding-bottom:0px;padding-top:0px;padding-right:0px\"><span style=\"font-size:18px\"><span style=\"font-family:arial, helvetica, sans-serif\">Abaixo para sua refer\u00eancia.<\/span><\/span><\/div>\n<div style=\"margin:0px;margin-bottom:0px;margin-top:0px;margin-left:0px;margin-right:0px;padding:0px 0px 0px 0em;padding-bottom:0px;padding-top:0px;padding-right:0px\"><\/div>\n<div style=\"margin:0px;margin-bottom:0px;margin-top:0px;margin-left:0px;margin-right:0px;padding:0px 0px 0px 0em;padding-bottom:0px;padding-top:0px;padding-right:0px\"><\/div>\n<div style=\"margin:0px;margin-bottom:0px;margin-top:0px;margin-left:0px;margin-right:0px;padding:0px 0px 0px 0em;padding-bottom:0px;padding-top:0px;padding-right:0px\"><span style=\"font-family:arial, helvetica, sans-serif\"><span style=\"font-size:18px\"><strong>Na Turquia, o TNT250 \u00e9 um modelo muito especial, esta bicicleta \u00e9 TNT302 mas troque um motor de 250cc.<\/strong><\/span><\/span><\/div>\n<div style=\"margin:0px;margin-bottom:0px;margin-top:0px;margin-left:0px;margin-right:0px;padding:0px 0px 0px 0em;padding-bottom:0px;padding-top:0px;padding-right:0px\"><img data-recalc-dims=\"1\" decoding=\"async\" style=\"margin:0px;margin-bottom:0px;margin-top:0px;margin-left:0px;margin-right:0px;padding:0px;padding-bottom:0px;padding-top:0px;padding-left:0px;padding-right:0px;max-width:100%\" src=\"https:\/\/i0.wp.com\/ae01.alicdn.com\/kf\/H6a6819d5a009492a8fdcbff078eb1169l.jpg?w=1200&#038;ssl=1\"><\/div>\n<\/div>\n<p style=\", sans-serif;font-size:14px;font-weight:400;letter-spacing:normal;line-height:inherit;text-align:start;white-space:normal;margin:0px;margin-bottom:0px;margin-top:0px;margin-left:0px;margin-right:0px;padding:0px 0px 0px 0em;padding-bottom:0px;padding-top:0px;padding-right:0px\" align=\"start\"><span style=\"font-size:18px\"><span><strong>Sobre nomes dos modelos Benelli:<\/strong><\/span><\/span><\/p>\n<p style=\", sans-serif;font-size:14px;font-weight:400;letter-spacing:normal;line-height:inherit;text-align:start;white-space:normal;margin:0px;margin-bottom:0px;margin-top:0px;margin-left:0px;margin-right:0px;padding:0px 0px 0px 0em;padding-bottom:0px;padding-top:0px;padding-right:0px\" align=\"start\"><strong><span><span style=\"font-size:20px\">Leitura do comprador:<\/span><\/span><\/strong><\/p>\n<p><img data-recalc-dims=\"1\" decoding=\"async\" src=\"https:\/\/i0.wp.com\/ae01.alicdn.com\/kf\/HTB1VD2WlUOWBKNjSZKzq6xfWFXat.jpg?w=1200&#038;ssl=1\"><\/p>\n<div><\/div>\n<p><img data-recalc-dims=\"1\" decoding=\"async\" src=\"https:\/\/i0.wp.com\/ae01.alicdn.com\/kf\/HTB1X7SflY3nBKNjSZFMq6yUSFXag.jpg?w=1200&#038;ssl=1\"><\/p>\n<\/div>\n<\/div>\n<div><\/div>\n<\/div>\n<\/div>\n<p><\/p>\n<\/div>\n<\/div>\n","protected":false},"excerpt":{"rendered":"<p>Quanto aos nomes dos modelos na descri\u00e7\u00e3o, diferentes pa\u00edses podem ter nomes diferentes, mesmo para o mesmo modelo.Por exemplo, BN302, TNT302 \u00e9 o mesmo modelo, o nome na It\u00e1lia \u00e9 BN302, o nome na \u00cdndia \u00e9 TNT302. Abaixo para sua refer\u00eancia. Na Turquia, o TNT250 \u00e9 um modelo muito especial, esta bicicleta \u00e9 TNT302 mas&hellip;&nbsp;<\/p>\n","protected":false},"featured_media":41091,"template":"","meta":{"neve_meta_sidebar":"","neve_meta_container":"","neve_meta_enable_content_width":"","neve_meta_content_width":0,"neve_meta_title_alignment":"","neve_meta_author_avatar":"","neve_post_elements_order":"","neve_meta_disable_header":"","neve_meta_disable_footer":"","neve_meta_disable_title":""},"product_brand":[],"product_cat":[17,122,29],"product_tag":[],"class_list":{"0":"post-41096","1":"product","2":"type-product","3":"status-publish","4":"has-post-thumbnail","6":"product_cat-pecas-e-acessorios-automotivos","7":"product_cat-sensores-automotivos-sensores-automotivos","8":"product_cat-sensores-automotivos","10":"first","11":"instock","12":"shipping-taxable","13":"purchasable","14":"product-type-variable"},"jetpack_sharing_enabled":true,"_links":{"self":[{"href":"https:\/\/listman.shop\/autoparts-br\/wp-json\/wp\/v2\/product\/41096","targetHints":{"allow":["GET"]}}],"collection":[{"href":"https:\/\/listman.shop\/autoparts-br\/wp-json\/wp\/v2\/product"}],"about":[{"href":"https:\/\/listman.shop\/autoparts-br\/wp-json\/wp\/v2\/types\/product"}],"wp:featuredmedia":[{"embeddable":true,"href":"https:\/\/listman.shop\/autoparts-br\/wp-json\/wp\/v2\/media\/41091"}],"wp:attachment":[{"href":"https:\/\/listman.shop\/autoparts-br\/wp-json\/wp\/v2\/media?parent=41096"}],"wp:term":[{"taxonomy":"product_brand","embeddable":true,"href":"https:\/\/listman.shop\/autoparts-br\/wp-json\/wp\/v2\/product_brand?post=41096"},{"taxonomy":"product_cat","embeddable":true,"href":"https:\/\/listman.shop\/autoparts-br\/wp-json\/wp\/v2\/product_cat?post=41096"},{"taxonomy":"product_tag","embeddable":true,"href":"https:\/\/listman.shop\/autoparts-br\/wp-json\/wp\/v2\/product_tag?post=41096"}],"curies":[{"name":"wp","href":"https:\/\/api.w.org\/{rel}","templated":true}]}}