{"id":41110,"date":"2025-03-27T07:49:45","date_gmt":"2025-03-26T22:49:45","guid":{"rendered":"https:\/\/listman.shop\/autoparts-br\/product\/1005005828589404\/"},"modified":"2026-04-15T00:03:07","modified_gmt":"2026-04-14T15:03:07","slug":"1005005828589404","status":"publish","type":"product","link":"https:\/\/listman.shop\/autoparts-br\/product\/1005005828589404\/","title":{"rendered":"Bra\u00e7o do sensor de nivelamento de altura de passeio de suspens\u00e3o a ar do carro para BMW AA-ROT-120 \/ AAROT120 VR-HAS03"},"content":{"rendered":"<div class=\"detailmodule_html\">\n<div class=\"detail-desc-decorate-richtext\">\n<div class=\"detailmodule_text\">\n<p style=\"font-family:OpenSans;font-size:14px;font-weight:300;line-height:20px;white-space:pre-wrap;margin-bottom:12px\" class=\"detail-desc-decorate-content\">Nome do produto: Interior do carro ar condicionado sa\u00edda de ventila\u00e7\u00e3o instrumento mesa deslizante dobr\u00e1vel acess\u00f3rios escolha<br \/>Material: PL\u00c1STICO<\/p>\n<p>Condi\u00e7\u00e3o: 100% NOVO<\/p>\n<p>Montagem:<br \/>Para Volkswagen Tiguan 2011 2012 2013 2014 2015 2016 2017<\/p>\n<\/div>\n<div class=\"detailmodule_image\"><img data-recalc-dims=\"1\" decoding=\"async\" src=\"https:\/\/i0.wp.com\/ae01.alicdn.com\/kf\/Sdd67ffcc93df426b9e8bf357cc232683k.jpg?w=1200&#038;ssl=1\"><img data-recalc-dims=\"1\" decoding=\"async\" class=\"detail-desc-decorate-image\" src=\"https:\/\/i0.wp.com\/ae01.alicdn.com\/kf\/S84613d7e521c4df6994642e0f9b7a9f3f.jpg?w=1200&#038;ssl=1\"><img data-recalc-dims=\"1\" decoding=\"async\" class=\"detail-desc-decorate-image\" src=\"https:\/\/i0.wp.com\/ae01.alicdn.com\/kf\/S59be54f0ae614b1799f38632c8eaf711M.jpg?w=1200&#038;ssl=1\"><img data-recalc-dims=\"1\" decoding=\"async\" class=\"detail-desc-decorate-image\" src=\"https:\/\/i0.wp.com\/ae01.alicdn.com\/kf\/S81baf2c4fbde4a7da5c154ce4f159ab0T.jpg?w=1200&#038;ssl=1\"><img data-recalc-dims=\"1\" decoding=\"async\" class=\"detail-desc-decorate-image\" src=\"https:\/\/i0.wp.com\/ae01.alicdn.com\/kf\/S8b040e722fd145bdb41e46ccd54fbaabG.jpg?w=1200&#038;ssl=1\"><\/div>\n<p><\/p>\n<\/div>\n<\/div>\n","protected":false},"excerpt":{"rendered":"<p>Nome do produto: Interior do carro ar condicionado sa\u00edda de ventila\u00e7\u00e3o instrumento mesa deslizante dobr\u00e1vel acess\u00f3rios escolhaMaterial: PL\u00c1STICO Condi\u00e7\u00e3o: 100% NOVO Montagem:Para Volkswagen Tiguan 2011 2012 2013 2014 2015 2016 2017<\/p>\n","protected":false},"featured_media":41106,"template":"","meta":{"neve_meta_sidebar":"","neve_meta_container":"","neve_meta_enable_content_width":"","neve_meta_content_width":0,"neve_meta_title_alignment":"","neve_meta_author_avatar":"","neve_post_elements_order":"","neve_meta_disable_header":"","neve_meta_disable_footer":"","neve_meta_disable_title":""},"product_brand":[],"product_cat":[17,122,29],"product_tag":[],"class_list":{"0":"post-41110","1":"product","2":"type-product","3":"status-publish","4":"has-post-thumbnail","6":"product_cat-pecas-e-acessorios-automotivos","7":"product_cat-sensores-automotivos-sensores-automotivos","8":"product_cat-sensores-automotivos","10":"first","11":"instock","12":"shipping-taxable","13":"purchasable","14":"product-type-variable","15":"has-default-attributes"},"jetpack_sharing_enabled":true,"_links":{"self":[{"href":"https:\/\/listman.shop\/autoparts-br\/wp-json\/wp\/v2\/product\/41110","targetHints":{"allow":["GET"]}}],"collection":[{"href":"https:\/\/listman.shop\/autoparts-br\/wp-json\/wp\/v2\/product"}],"about":[{"href":"https:\/\/listman.shop\/autoparts-br\/wp-json\/wp\/v2\/types\/product"}],"wp:featuredmedia":[{"embeddable":true,"href":"https:\/\/listman.shop\/autoparts-br\/wp-json\/wp\/v2\/media\/41106"}],"wp:attachment":[{"href":"https:\/\/listman.shop\/autoparts-br\/wp-json\/wp\/v2\/media?parent=41110"}],"wp:term":[{"taxonomy":"product_brand","embeddable":true,"href":"https:\/\/listman.shop\/autoparts-br\/wp-json\/wp\/v2\/product_brand?post=41110"},{"taxonomy":"product_cat","embeddable":true,"href":"https:\/\/listman.shop\/autoparts-br\/wp-json\/wp\/v2\/product_cat?post=41110"},{"taxonomy":"product_tag","embeddable":true,"href":"https:\/\/listman.shop\/autoparts-br\/wp-json\/wp\/v2\/product_tag?post=41110"}],"curies":[{"name":"wp","href":"https:\/\/api.w.org\/{rel}","templated":true}]}}