{"id":41152,"date":"2025-03-27T07:51:02","date_gmt":"2025-03-26T22:51:02","guid":{"rendered":"https:\/\/listman.shop\/autoparts-br\/product\/1005007550268261\/"},"modified":"2026-04-15T00:01:10","modified_gmt":"2026-04-14T15:01:10","slug":"1005007550268261","status":"publish","type":"product","link":"https:\/\/listman.shop\/autoparts-br\/product\/1005007550268261\/","title":{"rendered":"Cnspeed 2 &#8220;\/2.5&#8243;\/3 &#8220;crg sensor de fluxo de ar em massa adaptador de montagem tubo base de flange para nissan para honda para ford epaa02g10k"},"content":{"rendered":"<div class=\"detailmodule_html\">\n<div class=\"detail-desc-decorate-richtext\">\n<p><span style=\"font-size:24px\"><strong>HUB esportes 2&#8243;\/2,5&#8243;\/3&#8243; MAF Sensor de fluxo de ar em massa Adaptador de montagem Tubo Base de flange para Nissan Para Honda Para Ford EPAA02G10K<\/strong><\/span><\/p>\n<p><\/p>\n<\/p>\n<p><strong><span style=\"font-size:24px\">Tamanho dispon\u00edvel:<\/span><\/strong><span style=\"font-size:20px\">2.0&#8243;\/2,5&#8243;\/3.0&#8243; (escolha o tamanho correto antes da compra)<\/span><\/p>\n<p><span style=\"font-size:20px\">N\u00famero da pe\u00e7a: EPAA02G10K51 Tamanho: 2,0 polegadas (51 mm)<\/span><\/p>\n<p><span style=\"font-size:20px\">N\u00famero da pe\u00e7a: EPAA02G10K63 Tamanho: 2,5 polegadas (63 mm)<\/span><\/p>\n<p><span style=\"font-size:20px\">N\u00famero da pe\u00e7a: EPAA02G10K76 Tamanho: 3,0 polegadas (76 mm)<\/span><\/p>\n<p><\/p>\n<p><strong><span style=\"font-size:24px\">Especifica\u00e7\u00f5es:<\/span><\/strong><\/p>\n<p><span style=\"font-size:20px\">Nome do item: Base de flange (sensor de admiss\u00e3o)<\/span><\/p>\n<p><span style=\"font-size:20px\">Cor: Prata<\/span><\/p>\n<p><\/p>\n<p><strong><span style=\"font-size:24px\">RECURSOS:<\/span><\/strong><\/p>\n<p><span style=\"font-size:20px\">Condi\u00e7\u00e3o: 100% novo<\/span><\/p>\n<p><span style=\"font-size:20px\">Material: liga de alum\u00ednio<\/span><\/p>\n<p><span style=\"font-size:20px\">Excelente qualidade e design atraente.<\/span><\/p>\n<p><span style=\"font-size:20px\">Efici\u00eancia de combust\u00edvel e aumento de pot\u00eancia.<\/span><\/p>\n<p><span style=\"font-size:20px\">Adote excelente o material de liga de alum\u00ednio.<\/span><\/p>\n<p><\/p>\n<p><strong><span style=\"font-size:24px\">MONTAGEM:<\/span><\/strong><\/p>\n<p><span style=\"font-size:20px\">Adequado para TOYOTA Para MAZDA Para SUBARU Para SUZUKI (para sua refer\u00eancia).<\/span><\/p>\n<p><span style=\"font-size:20px\">Ajuste universal para a maioria dos ve\u00edculos<\/span><\/p>\n<p><span style=\"font-size:20px\">(Confirme o tamanho do adaptador de entrada de ar original antes da compra)<\/span><\/p>\n<p><\/p>\n<p><strong><span style=\"font-size:24px\">O PACOTE INCLUI:<\/span><\/strong><\/p>\n<p><span style=\"font-size:20px\">1 x adaptador de montagem do sensor de fluxo de ar<\/span><\/p>\n<p><\/p>\n<p><strong><span style=\"font-size:24px\">NOTAS:<\/span><\/strong><\/p>\n<p><span style=\"font-size:20px\">1.A cor dos itens reais pode ser ligeiramente diferente das imagens da lista devido \u00e0s diferentes telas do computador, obrigado pela sua compreens\u00e3o.<\/span><\/p>\n<p><span style=\"font-size:20px\">2.Todas as dimens\u00f5es s\u00e3o medidas \u00e0 m\u00e3o. Por favor, permita uma diferen\u00e7a de 0,5-1 polegada devido \u00e0 medi\u00e7\u00e3o manual.(1 polegada = 2,54 cm).<\/span><\/p>\n<p><span style=\"font-size:20px\">3.A instru\u00e7\u00e3o n\u00e3o est\u00e1 inclu\u00edda. A instala\u00e7\u00e3o profissional \u00e9 altamente recomendada!<\/span><\/p>\n<p><\/p>\n<p><span style=\"font-size:20px\">Todos os itens s\u00e3o novos, salvo indica\u00e7\u00e3o em contr\u00e1rio na listagem. Vendemos itens DIY (fa\u00e7a voc\u00ea mesmo) com algumas exce\u00e7\u00f5es. N\u00e3o nos responsabilizamos em ensin\u00e1-lo como instalar. A instala\u00e7\u00e3o profissional \u00e9 fortemente recomendada.<\/span><\/p>\n<p><img data-recalc-dims=\"1\" decoding=\"async\" src=\"https:\/\/i0.wp.com\/ae01.alicdn.com\/kf\/S48078a3fee584577bc102a39777c90acT.jpg?w=1200&#038;ssl=1\"><img data-recalc-dims=\"1\" decoding=\"async\" src=\"https:\/\/i0.wp.com\/ae01.alicdn.com\/kf\/Sb70784c913a24d8faf9432a1d9d165451.jpg?w=1200&#038;ssl=1\"><img data-recalc-dims=\"1\" decoding=\"async\" src=\"https:\/\/i0.wp.com\/ae01.alicdn.com\/kf\/S7f720d9a71164329b055cdc63083b69b4.jpg?w=1200&#038;ssl=1\"><img data-recalc-dims=\"1\" decoding=\"async\" src=\"https:\/\/i0.wp.com\/ae01.alicdn.com\/kf\/S75528e2102c349598c984c27fb85d8b4s.jpg?w=1200&#038;ssl=1\"><img data-recalc-dims=\"1\" decoding=\"async\" src=\"https:\/\/i0.wp.com\/ae01.alicdn.com\/kf\/S0027b6dcf8484aa0981f0a4f5c77d53bc.jpg?w=1200&#038;ssl=1\"><img data-recalc-dims=\"1\" decoding=\"async\" src=\"https:\/\/i0.wp.com\/ae01.alicdn.com\/kf\/S3df01533d0d740c5a3ce55bfa3214ea5t.jpg?w=1200&#038;ssl=1\"><\/p>\n<\/div>\n<\/div>\n","protected":false},"excerpt":{"rendered":"<p>HUB esportes 2&#8243;\/2,5&#8243;\/3&#8243; MAF Sensor de fluxo de ar em massa Adaptador de montagem Tubo Base de flange para Nissan Para Honda Para Ford EPAA02G10K Tamanho dispon\u00edvel:2.0&#8243;\/2,5&#8243;\/3.0&#8243; (escolha o tamanho correto antes da compra) N\u00famero da pe\u00e7a: EPAA02G10K51 Tamanho: 2,0 polegadas (51 mm) N\u00famero da pe\u00e7a: EPAA02G10K63 Tamanho: 2,5 polegadas (63 mm) N\u00famero da pe\u00e7a:&hellip;&nbsp;<\/p>\n","protected":false},"featured_media":41146,"template":"","meta":{"neve_meta_sidebar":"","neve_meta_container":"","neve_meta_enable_content_width":"","neve_meta_content_width":0,"neve_meta_title_alignment":"","neve_meta_author_avatar":"","neve_post_elements_order":"","neve_meta_disable_header":"","neve_meta_disable_footer":"","neve_meta_disable_title":""},"product_brand":[],"product_cat":[17,122,29],"product_tag":[],"class_list":{"0":"post-41152","1":"product","2":"type-product","3":"status-publish","4":"has-post-thumbnail","6":"product_cat-pecas-e-acessorios-automotivos","7":"product_cat-sensores-automotivos-sensores-automotivos","8":"product_cat-sensores-automotivos","10":"first","11":"instock","12":"shipping-taxable","13":"purchasable","14":"product-type-variable","15":"has-default-attributes"},"jetpack_sharing_enabled":true,"_links":{"self":[{"href":"https:\/\/listman.shop\/autoparts-br\/wp-json\/wp\/v2\/product\/41152","targetHints":{"allow":["GET"]}}],"collection":[{"href":"https:\/\/listman.shop\/autoparts-br\/wp-json\/wp\/v2\/product"}],"about":[{"href":"https:\/\/listman.shop\/autoparts-br\/wp-json\/wp\/v2\/types\/product"}],"wp:featuredmedia":[{"embeddable":true,"href":"https:\/\/listman.shop\/autoparts-br\/wp-json\/wp\/v2\/media\/41146"}],"wp:attachment":[{"href":"https:\/\/listman.shop\/autoparts-br\/wp-json\/wp\/v2\/media?parent=41152"}],"wp:term":[{"taxonomy":"product_brand","embeddable":true,"href":"https:\/\/listman.shop\/autoparts-br\/wp-json\/wp\/v2\/product_brand?post=41152"},{"taxonomy":"product_cat","embeddable":true,"href":"https:\/\/listman.shop\/autoparts-br\/wp-json\/wp\/v2\/product_cat?post=41152"},{"taxonomy":"product_tag","embeddable":true,"href":"https:\/\/listman.shop\/autoparts-br\/wp-json\/wp\/v2\/product_tag?post=41152"}],"curies":[{"name":"wp","href":"https:\/\/api.w.org\/{rel}","templated":true}]}}