{"id":41233,"date":"2025-03-27T08:10:06","date_gmt":"2025-03-26T23:10:06","guid":{"rendered":"https:\/\/listman.shop\/autoparts-br\/product\/1005002347229338\/"},"modified":"2026-04-14T15:53:08","modified_gmt":"2026-04-14T06:53:08","slug":"1005002347229338","status":"publish","type":"product","link":"https:\/\/listman.shop\/autoparts-br\/product\/1005002347229338\/","title":{"rendered":"Luz de Sinaliza\u00e7\u00e3o Din\u00e2mica LED para Espelho Lateral, Luz Sequencial para Nissan X-Trail T32 Rogue Qashqai J11 Murano Z52 Juke Navara Pathfinder"},"content":{"rendered":"<div class=\"detailmodule_html\">\n<div class=\"detail-desc-decorate-richtext\">\n<div>\n<div>\n<div><\/div>\n<\/div>\n<p><strong><span style=\"font-size:24px;font-family:arial, helvetica, sans-serif\">Led espelho lateral din\u00e2mico sinal de volta luz sequencial para nissan x-trail t32 roogue qashqai j11 murano z52 juke navara caminhofinder<\/span><\/strong><\/p>\n<div>\n<div style=\", sans-serif;font-size:14px;font-weight:400;letter-spacing:normal;text-align:start;white-space:normal;margin:0px;margin-bottom:0px;margin-top:0px;margin-left:0px;margin-right:0px;padding:0px 0px 0px 0em;padding-bottom:0px;padding-top:0px;padding-right:0px\" align=\"start\"><img data-recalc-dims=\"1\" decoding=\"async\" src=\"https:\/\/i0.wp.com\/ae01.alicdn.com\/kf\/Hd36afff3231246c58cdb8417f9d923f48.jpg?w=1200&#038;ssl=1\"><\/div>\n<div>\n<div>\n<div><span style=\"font-size:16px;font-family:arial, helvetica, sans-serif\">Condi\u00e7\u00e3o: 100% novo,<\/span><span style=\"font-size:16px;font-family:arial, helvetica, sans-serif\">100% testado na f\u00e1brica.<\/span><\/div>\n<div><span style=\"font-size:16px;font-family:arial, helvetica, sans-serif\">Tipo: luz de sinaliza\u00e7\u00e3o led de fluxo sequencial din\u00e2mico<\/span><\/div>\n<div><span style=\"font-size:16px;font-family:arial, helvetica, sans-serif\">Material: PC Shell de alta qualidade + luz LED<\/span><\/div>\n<div><span style=\"font-size:16px;font-family:arial, helvetica, sans-serif\">Tens\u00e3o: 12V<\/span><\/div>\n<div><span style=\"font-size:16px;font-family:arial, helvetica, sans-serif\">Cor da luz LED: Amarelo\/\u00c2mbar<\/span><\/div>\n<div><span style=\"font-size:16px;font-family:arial, helvetica, sans-serif\">Cor da caixa: Preto Fumado<\/span><\/div>\n<div><span style=\"font-size:16px;font-family:arial, helvetica, sans-serif\">Certificado: IP67 E-mark, CE, DOT, SAE<\/span><\/div>\n<div><span style=\"font-size:16px;font-family:arial, helvetica, sans-serif\">Coloca\u00e7\u00e3o no ve\u00edculo: esquerda, direita, frente<\/span><\/div>\n<div><span style=\"font-size:16px;font-family:arial, helvetica, sans-serif\">A lista inclui: 2 \u00d7 luz de marca\u00e7\u00e3o lateral LED (esquerda e direita)<\/span><\/div>\n<div style=\", sans-serif;font-size:14px;font-weight:400;letter-spacing:normal;text-align:start;white-space:normal;margin:0px;margin-bottom:0px;margin-top:0px;margin-left:0px;margin-right:0px;padding:0px 0px 0px 0em;padding-bottom:0px;padding-top:0px;padding-right:0px\" align=\"start\"><span style=\"font-size:16px;font-family:arial, helvetica, sans-serif\">Benef\u00edcios: Sinal de mudan\u00e7a de dire\u00e7\u00e3o din\u00e2mico, rolagem suave. Mais f\u00e1cil de ser visto por outros motoristas quando voc\u00ea est\u00e1 virando para a direita\/esquerda.<\/span><\/div>\n<div style=\", sans-serif;font-size:14px;font-weight:400;letter-spacing:normal;text-align:start;white-space:normal;margin:0px;margin-bottom:0px;margin-top:0px;margin-left:0px;margin-right:0px;padding:0px 0px 0px 0em;padding-bottom:0px;padding-top:0px;padding-right:0px\" align=\"start\"><span style=\"font-size:16px;font-family:arial, helvetica, sans-serif\">Novo design bonito.<\/span><span style=\"font-size:16px;font-family:arial, helvetica, sans-serif\">D\u00ea ao seu carro um estilo Euro premium exclusivo com excelente ilumina\u00e7\u00e3o LED e maior seguran\u00e7a.<\/span><\/div>\n<div>\n<div>\n<div>\n<p><span style=\"font-size:16px;font-family:arial, helvetica, sans-serif\">F\u00e1cil de instalar, basta remover o vidro do espelho para acessar os parafusos\/clipes internos e solt\u00e1-los para retirar ainda mais a tampa\/tampa e substituir diretamente o conjunto da l\u00e2mpada do pisca-pisca do espelho OEM.<\/span><\/p>\n<\/div>\n<\/div>\n<\/div>\n<\/div>\n<\/div>\n<\/div>\n<div><img data-recalc-dims=\"1\" decoding=\"async\" src=\"https:\/\/i0.wp.com\/ae01.alicdn.com\/kf\/Hcdf2c8acef3349df9ab45df1e07fd64bP.jpg?w=1200&#038;ssl=1\"><\/div>\n<div>\n<div><span style=\"font-size:16px;font-family:arial, helvetica, sans-serif\"><span style=\"font-size:16px;font-family:arial, helvetica, sans-serif\">Adequado para Nissan X-Trail\/Rogue T32 2014-2020<\/span><\/span><\/div>\n<div><span style=\"font-size:16px;font-family:arial, helvetica, sans-serif\"><span style=\"font-size:16px;font-family:arial, helvetica, sans-serif\">Adequado para Nissan Qashqai J11 (Rogue Sport) 2014-2019<\/span><\/span><\/div>\n<div><span style=\"font-size:16px;font-family:arial, helvetica, sans-serif\"><span style=\"font-size:16px;font-family:arial, helvetica, sans-serif\">Adequado para Nissan Murano Z52 2015-2019<\/span><\/span><\/div>\n<div><span style=\"font-size:16px;font-family:arial, helvetica, sans-serif\"><span style=\"font-size:16px;font-family:arial, helvetica, sans-serif\">Adequado para Nissan Navara NP300 D23 2015-2019 (n\u00e3o para vers\u00e3o europeia!)<\/span><\/span><\/div>\n<div><span style=\"font-size:16px;font-family:arial, helvetica, sans-serif\"><span style=\"font-size:16px;font-family:arial, helvetica, sans-serif\">Adequado para modelo Nissan Juke 2015 2016 2017 2018 F15 Facelift (n\u00e3o para vers\u00e3o europeia!)<\/span><\/span><\/div>\n<div><span style=\"font-size:16px;font-family:arial, helvetica, sans-serif\"><span style=\"font-size:16px;font-family:arial, helvetica, sans-serif\">Adequado para Nissan Pathfinder R52 Facelift modelo 2017-2019<\/span><\/span><\/div>\n<div><span style=\"font-size:16px;font-family:arial, helvetica, sans-serif\"><span style=\"font-size:16px;font-family:arial, helvetica, sans-serif\">Adequado para Nissan Terra 2018 2019<\/span><\/span><\/div>\n<div><span style=\"font-size:16px;font-family:arial, helvetica, sans-serif\"><span style=\"font-size:16px;font-family:arial, helvetica, sans-serif\">Adequado para Nissan Kashkay J11 2019<\/span><\/span><\/div>\n<div><span style=\"font-size:16px;font-family:arial, helvetica, sans-serif\"><span style=\"font-size:16px;font-family:arial, helvetica, sans-serif\">Nota: O plugue \u00e9 adequado para o plugue original do espelho lateral da vers\u00e3o UE\/EUA\/JP, pode ser plug &amp; play.<\/span><\/span><\/div>\n<div><span style=\"font-size:16px;font-family:arial, helvetica, sans-serif\"><span style=\"font-size:16px;font-family:arial, helvetica, sans-serif\">N\u00e3o precisa cortar o fio para conectar.<\/span><\/span><\/div>\n<div>\n<p><img data-recalc-dims=\"1\" decoding=\"async\" src=\"https:\/\/i0.wp.com\/ae01.alicdn.com\/kf\/H68d21cd299d147cb939de22960b8ab3cb.jpg?w=1200&#038;ssl=1\"><\/p>\n<p><span style=\"font-size:16px;font-family:arial, helvetica, sans-serif\">1. compare o formato com o seu carro antes de fazer o pedido,<\/span><\/p>\n<p style=\"text-align:start\" align=\"start\"><span style=\"font-size:16px;font-family:arial, helvetica, sans-serif\">Como sabemos, as vers\u00f5es dos carros ter\u00e3o algumas diferen\u00e7as em diferentes pa\u00edses.<\/span><\/p>\n<p style=\"text-align:start\" align=\"start\"><span style=\"font-size:16px;font-family:arial, helvetica, sans-serif\">certifique-se de que a adequa\u00e7\u00e3o seja cuidadosamente antes da compra, obrigado.<\/span><\/p>\n<p style=\"text-align:start\" align=\"start\"><span style=\"font-size:16px;font-family:arial, helvetica, sans-serif\"><span style=\"font-size:16px;font-family:arial, helvetica, sans-serif\">2. As instru\u00e7\u00f5es de instala\u00e7\u00e3o N\u00c3O est\u00e3o inclu\u00eddas.A instala\u00e7\u00e3o profissional \u00e9 altamente recomendada.<\/span><\/span><\/p>\n<p style=\"text-align:start\" align=\"start\"><span style=\"font-size:16px;font-family:arial, helvetica, sans-serif\">3. permita um erro de 1-2mm devido \u00e0 medi\u00e7\u00e3o manual.<\/span><\/p>\n<p style=\"text-align:start\" align=\"start\"><span style=\"font-size:16px;font-family:arial, helvetica, sans-serif\">4.A cor real do item pode ser ligeiramente diferente das imagens mostradas no site, causadas por muitos fatores, como o brilho do monitor e o brilho da luz.<\/span><\/p>\n<p><img data-recalc-dims=\"1\" decoding=\"async\" src=\"https:\/\/i0.wp.com\/ae01.alicdn.com\/kf\/H7e9afc0616ba4c568ac21724328a988fm.jpg?w=1200&#038;ssl=1\"><\/p>\n<p><img data-recalc-dims=\"1\" decoding=\"async\" src=\"https:\/\/i0.wp.com\/ae01.alicdn.com\/kf\/Sde75e01f3d8c4d69a76e8943b19378df6.jpg?w=1200&#038;ssl=1\"><img data-recalc-dims=\"1\" decoding=\"async\" src=\"https:\/\/i0.wp.com\/ae01.alicdn.com\/kf\/S79812ddaa63647629378c94529b445c27.jpg?w=1200&#038;ssl=1\"><img data-recalc-dims=\"1\" decoding=\"async\" src=\"https:\/\/i0.wp.com\/ae01.alicdn.com\/kf\/S4ede960fed4d4299a1de34da097acfb8q.jpg?w=1200&#038;ssl=1\"><img data-recalc-dims=\"1\" decoding=\"async\" src=\"https:\/\/i0.wp.com\/ae01.alicdn.com\/kf\/S72c512a5f70a450f8bdbe5ebb55e3a2dw.jpg?w=1200&#038;ssl=1\"><img data-recalc-dims=\"1\" decoding=\"async\" src=\"https:\/\/i0.wp.com\/ae01.alicdn.com\/kf\/S05cc770fd859468a9ba35a25d06033dbX.jpg?w=1200&#038;ssl=1\"><img data-recalc-dims=\"1\" decoding=\"async\" src=\"https:\/\/i0.wp.com\/ae01.alicdn.com\/kf\/S524fbfcc1adc4e04905e151ef7bb488er.jpg?w=1200&#038;ssl=1\"><img data-recalc-dims=\"1\" decoding=\"async\" src=\"https:\/\/i0.wp.com\/ae01.alicdn.com\/kf\/S2e7a8495028a463daf289c690521a12bT.jpg?w=1200&#038;ssl=1\"><img data-recalc-dims=\"1\" decoding=\"async\" src=\"https:\/\/i0.wp.com\/ae01.alicdn.com\/kf\/Sc1ae9e177f65485f97a3c5f9e065403fP.jpg?w=1200&#038;ssl=1\"><img data-recalc-dims=\"1\" decoding=\"async\" src=\"https:\/\/i0.wp.com\/ae01.alicdn.com\/kf\/S6b89831aad9d4b6e9db617a548a59a94C.jpg?w=1200&#038;ssl=1\"><img data-recalc-dims=\"1\" decoding=\"async\" src=\"https:\/\/i0.wp.com\/ae01.alicdn.com\/kf\/Sed8cbaa2aa514c48b4d2e997e15c3d9ex.jpg?w=1200&#038;ssl=1\"><img data-recalc-dims=\"1\" decoding=\"async\" src=\"https:\/\/i0.wp.com\/ae01.alicdn.com\/kf\/S32b288ae2f984470b4406bb060895e0bS.jpg?w=1200&#038;ssl=1\"><img data-recalc-dims=\"1\" decoding=\"async\" src=\"https:\/\/i0.wp.com\/ae01.alicdn.com\/kf\/Sce46efd1be974d8a9de9b4d7651f352bS.jpg?w=1200&#038;ssl=1\"><img data-recalc-dims=\"1\" decoding=\"async\" src=\"https:\/\/i0.wp.com\/ae01.alicdn.com\/kf\/S70a8574a182a4501b9c08822a6302532u.jpg?w=1200&#038;ssl=1\"><img data-recalc-dims=\"1\" decoding=\"async\" src=\"https:\/\/i0.wp.com\/ae01.alicdn.com\/kf\/Sa405026b596844daa0f009ada7c553e0J.jpg?w=1200&#038;ssl=1\"><img data-recalc-dims=\"1\" decoding=\"async\" src=\"https:\/\/i0.wp.com\/ae01.alicdn.com\/kf\/S3297f01bbf5d49cd9d046d68dbfc45f9h.jpg?w=1200&#038;ssl=1\"><img data-recalc-dims=\"1\" decoding=\"async\" src=\"https:\/\/i0.wp.com\/ae01.alicdn.com\/kf\/S2147b98fb0654abd84c372d2ccd55ed3F.jpg?w=1200&#038;ssl=1\"><\/p>\n<p><img data-recalc-dims=\"1\" decoding=\"async\" src=\"https:\/\/i0.wp.com\/ae01.alicdn.com\/kf\/H68dc428bedc94c07a8e99b3d59366d99K.jpg?w=1200&#038;ssl=1\"><\/p>\n<p style=\"text-align:start\" align=\"start\"><span style=\"font-size:16px;font-family:arial, helvetica, sans-serif\"><span style=\"font-size:16px;font-family:arial, helvetica, sans-serif\">1. Marcas l\u00edderes globais, populares entre os clientes, valem a pena confiar. Somos fornecedores profissionais de pe\u00e7as automotivas, se voc\u00ea tiver alguma necessidade, n\u00e3o hesite em entrar em contato comigo, obrigado!<\/span><\/span><\/p>\n<p style=\"text-align:start\" align=\"start\"><span style=\"font-size:16px;font-family:arial, helvetica, sans-serif\"><span style=\"font-size:16px;font-family:arial, helvetica, sans-serif\"><span style=\"font-size:16px;font-family:arial, helvetica, sans-serif\">2. Suporte t\u00e9cnico vital\u00edcio da loja Malcayang Autoparts.<\/span><\/span><\/span><\/p>\n<p style=\"text-align:start\" align=\"start\"><span style=\"font-size:16px;font-family:arial, helvetica, sans-serif\"><span style=\"font-size:16px;font-family:arial, helvetica, sans-serif\">3. suporte para pre\u00e7o de atacado e dropshipping.<\/span><\/span><\/p>\n<p><img data-recalc-dims=\"1\" decoding=\"async\" src=\"https:\/\/i0.wp.com\/ae01.alicdn.com\/kf\/H3c928d9f4c604b8698d85686240f57427.jpg?w=1200&#038;ssl=1\"><\/p>\n<p style=\"text-align:start\" align=\"start\"><span style=\"font-size:16px;font-family:arial, helvetica, sans-serif\"><span style=\"font-size:16px;font-family:arial, helvetica, sans-serif\">1. todos os produtos foram aprovados em rigorosos testes de qualidade antes do envio, certifique-se de alta qualidade.<\/span><\/span><\/p>\n<p style=\"text-align:start\" align=\"start\"><span style=\"font-size:16px;font-family:arial, helvetica, sans-serif\">2. todos os itens ser\u00e3o enviados dentro de 2 dias \u00fateis ap\u00f3s a confirma\u00e7\u00e3o do pagamento.<\/span><\/p>\n<p style=\"text-align:start\" align=\"start\"><span style=\"font-size:16px;font-family:arial, helvetica, sans-serif\"><span style=\"font-size:16px;font-family:arial, helvetica, sans-serif\">3.Sua satisfa\u00e7\u00e3o \u00e9 nosso melhor prazer!<\/span><\/span><\/p>\n<p><img data-recalc-dims=\"1\" decoding=\"async\" src=\"https:\/\/i0.wp.com\/ae01.alicdn.com\/kf\/Hac5873177a844e8eb71b7cca290ef4ed0.jpg?w=1200&#038;ssl=1\"><\/p>\n<p style=\"text-align:start\" align=\"start\"><span style=\"font-size:16px;font-family:arial, helvetica, sans-serif\"><span style=\"font-size:16px;font-family:arial, helvetica, sans-serif\">Retorno gratuito local de 1,15 dias: R\u00fassia, Brasil, Fran\u00e7a, Espanha, Alemanha, Pol\u00f4nia, Holanda, It\u00e1lia, Reino Unido, EUA, Canad\u00e1, Austr\u00e1lia, Israel, Coreia do Sul, Ar\u00e1bia Saudita, Emirados \u00c1rabes Unidos (entre em contato com o vendedor antes da devolu\u00e7\u00e3o).<\/span><\/span><\/p>\n<div style=\"text-align:start\" align=\"start\"><span style=\"font-size:16px;font-family:arial, helvetica, sans-serif\"><span style=\"font-size:16px;font-family:arial, helvetica, sans-serif\">2.Entre em contato conosco antes de devolver itens ou deixar qualquer coisa que n\u00e3o seja um feedback positivo, faremos o poss\u00edvel para resolver seu problema, obrigado!<\/span><\/span><\/div>\n<div style=\"text-align:start\" align=\"start\"><span style=\"font-size:16px;font-family:arial, helvetica, sans-serif\"><span style=\"font-size:16px;font-family:arial, helvetica, sans-serif\">3. Se voc\u00ea estiver satisfeito com nosso produto e servi\u00e7o, espero que nos deixe um bom feedback, isso \u00e9 muito importante para n\u00f3s, obrigado!<\/span><\/span><img data-recalc-dims=\"1\" decoding=\"async\" style=\"border:0px;margin:0px;margin-bottom:0px;margin-top:0px;margin-left:0px;margin-right:0px;padding:0px;padding-bottom:0px;padding-top:0px;padding-left:0px;padding-right:0px;max-width:100%\" src=\"https:\/\/i0.wp.com\/ae01.alicdn.com\/kf\/H1fef9a425189429bac0a3e46fcd7d748G.jpg?w=1200&#038;ssl=1\"><\/div>\n<p><\/p>\n<p><\/p>\n<\/div>\n<\/div>\n<\/div>\n<p><\/p>\n<\/div>\n<\/div>\n","protected":false},"excerpt":{"rendered":"<p>Led espelho lateral din\u00e2mico sinal de volta luz sequencial para nissan x-trail t32 roogue qashqai j11 murano z52 juke navara caminhofinder Condi\u00e7\u00e3o: 100% novo,100% testado na f\u00e1brica. Tipo: luz de sinaliza\u00e7\u00e3o led de fluxo sequencial din\u00e2mico Material: PC Shell de alta qualidade + luz LED Tens\u00e3o: 12V Cor da luz LED: Amarelo\/\u00c2mbar Cor da caixa:&hellip;&nbsp;<\/p>\n","protected":false},"featured_media":41227,"template":"","meta":{"neve_meta_sidebar":"","neve_meta_container":"","neve_meta_enable_content_width":"","neve_meta_content_width":0,"neve_meta_title_alignment":"","neve_meta_author_avatar":"","neve_post_elements_order":"","neve_meta_disable_header":"","neve_meta_disable_footer":"","neve_meta_disable_title":""},"product_brand":[],"product_cat":[72,19,17],"product_tag":[],"class_list":{"0":"post-41233","1":"product","2":"type-product","3":"status-publish","4":"has-post-thumbnail","6":"product_cat-lampada-sinalizadora","7":"product_cat-luzes-automotivas","8":"product_cat-pecas-e-acessorios-automotivos","10":"first","11":"instock","12":"shipping-taxable","13":"purchasable","14":"product-type-variable","15":"has-default-attributes"},"jetpack_sharing_enabled":true,"_links":{"self":[{"href":"https:\/\/listman.shop\/autoparts-br\/wp-json\/wp\/v2\/product\/41233","targetHints":{"allow":["GET"]}}],"collection":[{"href":"https:\/\/listman.shop\/autoparts-br\/wp-json\/wp\/v2\/product"}],"about":[{"href":"https:\/\/listman.shop\/autoparts-br\/wp-json\/wp\/v2\/types\/product"}],"wp:featuredmedia":[{"embeddable":true,"href":"https:\/\/listman.shop\/autoparts-br\/wp-json\/wp\/v2\/media\/41227"}],"wp:attachment":[{"href":"https:\/\/listman.shop\/autoparts-br\/wp-json\/wp\/v2\/media?parent=41233"}],"wp:term":[{"taxonomy":"product_brand","embeddable":true,"href":"https:\/\/listman.shop\/autoparts-br\/wp-json\/wp\/v2\/product_brand?post=41233"},{"taxonomy":"product_cat","embeddable":true,"href":"https:\/\/listman.shop\/autoparts-br\/wp-json\/wp\/v2\/product_cat?post=41233"},{"taxonomy":"product_tag","embeddable":true,"href":"https:\/\/listman.shop\/autoparts-br\/wp-json\/wp\/v2\/product_tag?post=41233"}],"curies":[{"name":"wp","href":"https:\/\/api.w.org\/{rel}","templated":true}]}}