{"id":41244,"date":"2025-03-27T08:10:37","date_gmt":"2025-03-26T23:10:37","guid":{"rendered":"https:\/\/listman.shop\/autoparts-br\/product\/1005002711534146\/"},"modified":"2026-05-04T14:48:49","modified_gmt":"2026-05-04T05:48:49","slug":"1005002711534146","status":"publish","type":"product","link":"https:\/\/listman.shop\/autoparts-br\/product\/1005002711534146\/","title":{"rendered":"AUXITO 2 unidades H27 880 881 l\u00e2mpada LED H27W\/2 H27W\/1 LED H27W luz de neblina para carro l\u00e2mpada de circula\u00e7\u00e3o diurna autom\u00e1tica 12V 24V 2000LM 6500K branco"},"content":{"rendered":"<div class=\"detailmodule_html\">\n<div class=\"detail-desc-decorate-richtext\">\n<div class=\"detailmodule_image\"><img data-recalc-dims=\"1\" decoding=\"async\" class=\"detail-desc-decorate-image\" src=\"https:\/\/i0.wp.com\/ae01.alicdn.com\/kf\/Hddc44980db7f497a86def4bfbbf44d64p.jpg?w=1200&#038;ssl=1\"><\/div>\n<div class=\"detailmodule_text\">\n<p style=\"font-family:OpenSans;font-size:20px;font-weight:900;line-height:28px;white-space:pre-wrap;margin-bottom:12px\" class=\"detail-desc-decorate-title\">\n<p style=\"font-family:OpenSans;font-size:20px;font-weight:900;line-height:28px;white-space:pre-wrap;margin-bottom:12px\" class=\"detail-desc-decorate-title\">AUXITO 2 pe\u00e7as H27W\/2 H27W\/1 H27 LED 880 881 l\u00e2mpada LED H27W 2000LM 6500K luz de neblina branca para carro, l\u00e2mpada de corrida para dia de condu\u00e7\u00e3o, autom\u00f3vel 12V 24V<\/p>\n<\/div>\n<div class=\"detailmodule_text\">\n<p style=\"font-family:OpenSans;font-size:20px;font-weight:900;line-height:28px;white-space:pre-wrap;margin-bottom:12px\" class=\"detail-desc-decorate-title\">Descri\u00e7\u00e3o do item<\/p>\n<p style=\"font-family:OpenSans;font-size:14px;font-weight:300;line-height:20px;white-space:pre-wrap;margin-bottom:12px\" class=\"detail-desc-decorate-content\">Tens\u00e3o: CC 9-30V<br \/>Pot\u00eancia: 30W\/conjunto<br \/>L\u00famen: 4000Lm\/conjunto<br \/>Conjuntos de chips LED: CSP SMD<br \/>Garantia: 1 ano<br \/>Temperatura de cor: 6500K branco, 3000K amarelo dourado<br \/>Aplica\u00e7\u00e3o: DRL, l\u00e2mpada de neblina<br \/>h27 881 led \u0432 \u043f\u0440\u043e\u0432\u043e\u0442\u0443\u043c\u0430\u043d\u043a\u0438<\/p>\n<\/div>\n<div class=\"detailmodule_text\">\n<p style=\"font-family:OpenSans;font-size:20px;font-weight:900;line-height:28px;white-space:pre-wrap;margin-bottom:12px\" class=\"detail-desc-decorate-title\">Refer\u00eancia de interface:<\/p>\n<p style=\"font-family:OpenSans;font-size:14px;font-weight:300;line-height:20px;white-space:pre-wrap;margin-bottom:12px\" class=\"detail-desc-decorate-content\">5202 H27\/880\/881 PSX24W<\/p>\n<p>Por favor, confirme seu soquete antes de fazer um pedido.Obrigado.<\/p>\n<\/div>\n<div class=\"detailmodule_text\">\n<p style=\"font-family:OpenSans;font-size:20px;font-weight:900;line-height:28px;white-space:pre-wrap;margin-bottom:12px\" class=\"detail-desc-decorate-title\">NOTA<\/p>\n<p style=\"font-family:OpenSans;font-size:14px;font-weight:300;line-height:20px;white-space:pre-wrap;margin-bottom:12px\" class=\"detail-desc-decorate-content\">Os ve\u00edculos europeus, americanos e mais recentes equipados com sistema CAN-BUS podem exigir resistores de carga para contornar os c\u00f3digos de erro\/problema de cintila\u00e7\u00e3o.Saiba que o resistor de carga que voc\u00ea precisa comprar separadamente.<\/p>\n<\/div>\n<div class=\"detailmodule_text\">\n<p style=\"font-family:OpenSans;font-size:20px;font-weight:900;line-height:28px;white-space:pre-wrap;margin-bottom:12px\" class=\"detail-desc-decorate-title\">Pacote inclu\u00eddo: 2pcs l\u00e2mpadas de luz de nevoeiro LED<\/p>\n<\/div>\n<div class=\"detailmodule_text-image\"><img data-recalc-dims=\"1\" decoding=\"async\" style=\"margin-bottom:10px\" class=\"detail-desc-decorate-image\" src=\"https:\/\/i0.wp.com\/ae01.alicdn.com\/kf\/H635e38986b07456c965877e257c97bf9D.jpg?w=1200&#038;ssl=1\"><img data-recalc-dims=\"1\" decoding=\"async\" style=\"margin-bottom:10px\" class=\"detail-desc-decorate-image\" src=\"https:\/\/i0.wp.com\/ae01.alicdn.com\/kf\/H780c16fef8e5404aac53659ae1ae035aZ.jpg?w=1200&#038;ssl=1\"><img data-recalc-dims=\"1\" decoding=\"async\" style=\"margin-bottom:10px\" class=\"detail-desc-decorate-image\" src=\"https:\/\/i0.wp.com\/ae01.alicdn.com\/kf\/Hee2abb88d26c47cb89ab2d56771160fe6.jpg?w=1200&#038;ssl=1\"><img data-recalc-dims=\"1\" decoding=\"async\" style=\"margin-bottom:10px\" class=\"detail-desc-decorate-image\" src=\"https:\/\/i0.wp.com\/ae01.alicdn.com\/kf\/H38a87e9188fc4a528a79e919d115662db.jpg?w=1200&#038;ssl=1\"><img data-recalc-dims=\"1\" decoding=\"async\" style=\"margin-bottom:10px\" class=\"detail-desc-decorate-image\" src=\"https:\/\/i0.wp.com\/ae01.alicdn.com\/kf\/He57c62be8e344fbfaf92d8ec51230a2cy.jpg?w=1200&#038;ssl=1\"><img data-recalc-dims=\"1\" decoding=\"async\" style=\"margin-bottom:10px\" class=\"detail-desc-decorate-image\" src=\"https:\/\/i0.wp.com\/ae01.alicdn.com\/kf\/H02d9a29b215e4e43a7645f2335fa9b2cb.jpg?w=1200&#038;ssl=1\"><img data-recalc-dims=\"1\" decoding=\"async\" style=\"margin-bottom:10px\" class=\"detail-desc-decorate-image\" src=\"https:\/\/i0.wp.com\/ae01.alicdn.com\/kf\/H3cd75d0c473b408dbe56f1b97f73c87fh.jpg?w=1200&#038;ssl=1\"><img data-recalc-dims=\"1\" decoding=\"async\" style=\"margin-bottom:10px\" class=\"detail-desc-decorate-image\" src=\"https:\/\/i0.wp.com\/ae01.alicdn.com\/kf\/Hfbe7ecafefb849b4986fe7bc7802df39m.jpg?w=1200&#038;ssl=1\"><img data-recalc-dims=\"1\" decoding=\"async\" style=\"margin-bottom:10px\" class=\"detail-desc-decorate-image\" src=\"https:\/\/i0.wp.com\/ae01.alicdn.com\/kf\/H11a06f637ecc4004b5a4539d223f78efJ.jpg?w=1200&#038;ssl=1\"><img data-recalc-dims=\"1\" decoding=\"async\" style=\"margin-bottom:10px\" class=\"detail-desc-decorate-image\" src=\"https:\/\/i0.wp.com\/ae01.alicdn.com\/kf\/H8caf5e798dad41a3af44e4a4655b22d2V.jpg?w=1200&#038;ssl=1\"><\/div>\n<div class=\"detailmodule_text-image\">\n<p style=\"font-family:OpenSans;font-size:20px;font-weight:900;line-height:28px;white-space:pre-wrap;margin-bottom:12px\" class=\"detail-desc-decorate-title\">Tamanho do produto<\/p>\n<p style=\"font-family:OpenSans;font-size:14px;font-weight:300;line-height:20px;white-space:pre-wrap;margin-bottom:12px\" class=\"detail-desc-decorate-content\">Substitui\u00e7\u00e3o do 5202 H27\/880\/881 PSX24W<\/p>\n<div><img data-recalc-dims=\"1\" decoding=\"async\" class=\"detail-desc-decorate-image\" src=\"https:\/\/i0.wp.com\/ae01.alicdn.com\/kf\/H3650f2432b484d25a31fd7a2c61bb8c9k.jpg?w=1200&#038;ssl=1\"><\/div>\n<\/div>\n<div class=\"detailmodule_text-image\">\n<p style=\"font-family:OpenSans;font-size:20px;font-weight:900;line-height:28px;white-space:pre-wrap;margin-bottom:12px\" class=\"detail-desc-decorate-title\">Perguntas e respostas<\/p>\n<p style=\"font-family:OpenSans;font-size:14px;font-weight:300;line-height:20px;white-space:pre-wrap;margin-bottom:12px\" class=\"detail-desc-decorate-content\">P: Quantas l\u00e2mpadas est\u00e3o inclu\u00eddas no pacote?<br \/>R: Existem 2 pe\u00e7as de l\u00e2mpadas LED no pacote.<\/p>\n<p>P: Esta l\u00e2mpada \u00e9 canbus para o meu carro?<br \/>R: Esta l\u00e2mpada \u00e9 compat\u00edvel com mais de 98% do sistema de ve\u00edculos.<\/p>\n<p>P: Esta l\u00e2mpada LED \u00e9 adequada para o meu carro?<br \/>R: Adequado, mas voc\u00ea precisa confirmar o tipo de soquete da sua l\u00e2mpada hal\u00f3gena original.Se voc\u00ea n\u00e3o tiver certeza, envie-nos uma foto do soquete da l\u00e2mpada original para nossa confirma\u00e7\u00e3o.<\/p>\n<p>P: Quando voc\u00ea envia meu pedido?<br \/>R: AUXITO enviar\u00e1 o pedido dentro de 48 horas (exceto feriados) ap\u00f3s a verifica\u00e7\u00e3o do pagamento.<\/p>\n<p>P: Preciso pagar impostos de desembara\u00e7o aduaneiro?<br \/>R: Sim, os consumidores t\u00eam a obriga\u00e7\u00e3o de pagar impostos e liberar alf\u00e2ndega.Ent\u00e3o todos os compradores devem fazer isso conscientemente<\/p>\n<p>P: Posso confiar na foto postada?<br \/>R: Sim, AUXITO promete que as fotos correspondem 100% ao produto real. Se o produto n\u00e3o for conforme descrito, reembolsaremos para voc\u00ea.Observa\u00e7\u00e3o: saiba que as cores podem ser diferentes devido a varia\u00e7\u00f5es entre a configura\u00e7\u00e3o dos monitores do computador e a diferen\u00e7a de cor a olho nu<\/p>\n<p>P: Posso devolver o produto se n\u00e3o gostar?<br \/>R: AUXITO fornece 15 dias de devolu\u00e7\u00e3o gratuita para 16 pa\u00edses (Federa\u00e7\u00e3o Russain, Fran\u00e7a, Espanha, Holanda, Pol\u00f4nia, Coreia do Sul, Reino Unido, Estados Unidos, Austr\u00e1lia, Canad\u00e1, Alemanha, It\u00e1lia, Brasil, Israel, Ar\u00e1bia Saudita, Emirados \u00c1rabes Unidos).Voc\u00ea pode devolver itens por qualquer motivo para um de nossos armaz\u00e9ns locais, desde que n\u00e3o sejam utilizados, n\u00e3o sejam lavados e em sua condi\u00e7\u00e3o original &#8211; completos com as etiquetas da embalagem original, etc.<br \/>Lembre-se de selecionar \u201cDevolu\u00e7\u00e3o Local F\u00e1cil\u201d como motivo da devolu\u00e7\u00e3o.<br \/>Para pessoas que n\u00e3o pertencem aos 16 pa\u00edses, n\u00e3o aceitamos devolu\u00e7\u00e3o gratuita dos produtos, a menos que voc\u00ea esteja disposto a pagar o custo de envio da devolu\u00e7\u00e3o.<\/p>\n<p>P: Posso obter desconto no meu pedido?<br \/>R: Sim, se for um pedido em grandes quantidades, entre em contato conosco, lhe daremos algum desconto.<\/p>\n<p>P: Este item tem garantia?<br \/>R: Sim, AUXITO oferece garantia de 1 ano.<\/p>\n<p>Termos de garantia:<br \/>1.Esta garantia cobre os defeitos resultantes de pe\u00e7as, materiais ou fabrica\u00e7\u00e3o defeituosos, se tais defeitos forem revelados durante o per\u00edodo de 12 meses a partir da data da compra.<br \/>2.A garantia cobre apenas os produtos entregues de acordo com pedidos on-line v\u00e1lidos, mas n\u00e3o para sua instala\u00e7\u00e3o.<br \/>3.O produto \u00e9 considerado defeituoso se n\u00e3o executar as fun\u00e7\u00f5es descritas nas especifica\u00e7\u00f5es acima ou exceder a taxa m\u00e9dia de falha nominal.<br \/>4.A garantia n\u00e3o cobre a redu\u00e7\u00e3o normal da sa\u00edda de luz e o deslocamento da temperatura da cor da luz durante a vida \u00fatil dos chips LED.<br \/>5.A garantia n\u00e3o cobre danos devido a neglig\u00eancia, uso indevido ou instala\u00e7\u00e3o inadequada.<br \/>6. A garantia gira imediatamente quando h\u00e1 modifica\u00e7\u00f5es ou reparos feitos sem nossa permiss\u00e3o pr\u00e9via.<\/p>\n<p>Reivindica\u00e7\u00f5es de garantia:<br \/>Sinta-se \u00e0 vontade para entrar em contato conosco para registrar uma reclama\u00e7\u00e3o de garantia, se voc\u00ea acredita que est\u00e1 enfrentando produtos com defeito.Os servi\u00e7os de garantia ser\u00e3o fornecidos imediatamente ao atender \u00e0s seguintes condi\u00e7\u00f5es:<br \/>1. Interrompa o uso de produtos defeituosos e informe-nos os problemas t\u00e9cnicos.<br \/>2.Forne\u00e7a a prova de compra que corresponda ao n\u00famero do pedido, n\u00famero de s\u00e9rie do produto ou outros n\u00fameros para identifica\u00e7\u00e3o do produto e data de compra.<br \/>3.Foto ou v\u00eddeo de produtos defeituosos, com pelo menos uma moldura onde o item do produto e seu n\u00famero de s\u00e9rie intacto s\u00e3o todos capturados.<br \/>Assim que uma reclama\u00e7\u00e3o de garantia for valida, enviaremos uma substitui\u00e7\u00e3o ou faremos um reembolso parcial ou total de acordo com a gravidade dos defeitos.Reservamo-nos o direito de cobrar o custo de entrega de uma substitui\u00e7\u00e3o.<\/p>\n<p>Entre em contato com a equipe de atendimento ao cliente AUXITO para obter mais assist\u00eancia.<\/p>\n<div><img data-recalc-dims=\"1\" decoding=\"async\" class=\"detail-desc-decorate-image\" src=\"https:\/\/i0.wp.com\/ae01.alicdn.com\/kf\/H3c4bf31084a148679e9bf1176b9da220p.jpg?w=1200&#038;ssl=1\"><img data-recalc-dims=\"1\" decoding=\"async\" style=\"margin-bottom:10px\" class=\"detail-desc-decorate-image\" src=\"https:\/\/i0.wp.com\/ae01.alicdn.com\/kf\/H60f86bab2b784a009dd99e72ce2c3b7e6.jpg?w=1200&#038;ssl=1\"><\/div>\n<\/div>\n<div class=\"detailmodule_text\">\n<p style=\"font-family:OpenSans;font-size:14px;font-weight:300;line-height:20px;white-space:pre-wrap;margin-bottom:12px\" class=\"detail-desc-decorate-content\">h27 led \u0432 \u043f\u0440\u043e\u0432\u043e\u0442\u0443\u043c\u0430\u043d\u043a\u0438<br \/>h 27 led \u043f\u0440\u043ewai\u0432\u043e\u0442\u0443\u043c\u0430\u043d\u043a\u0438<br \/>\uc790\ub3d9tuyauled881<\/p>\n<\/div>\n<p><\/p>\n<\/div>\n<\/div>\n","protected":false},"excerpt":{"rendered":"<p>AUXITO 2 pe\u00e7as H27W\/2 H27W\/1 H27 LED 880 881 l\u00e2mpada LED H27W 2000LM 6500K luz de neblina branca para carro, l\u00e2mpada de corrida para dia de condu\u00e7\u00e3o, autom\u00f3vel 12V 24V Descri\u00e7\u00e3o do item Tens\u00e3o: CC 9-30VPot\u00eancia: 30W\/conjuntoL\u00famen: 4000Lm\/conjuntoConjuntos de chips LED: CSP SMDGarantia: 1 anoTemperatura de cor: 6500K branco, 3000K amarelo douradoAplica\u00e7\u00e3o: DRL, l\u00e2mpada de&hellip;&nbsp;<\/p>\n","protected":false},"featured_media":41238,"template":"","meta":{"neve_meta_sidebar":"","neve_meta_container":"","neve_meta_enable_content_width":"","neve_meta_content_width":0,"neve_meta_title_alignment":"","neve_meta_author_avatar":"","neve_post_elements_order":"","neve_meta_disable_header":"","neve_meta_disable_footer":"","neve_meta_disable_title":""},"product_brand":[],"product_cat":[115,19,17],"product_tag":[],"class_list":{"0":"post-41244","1":"product","2":"type-product","3":"status-publish","4":"has-post-thumbnail","6":"product_cat-lampadas-para-farois-de-neblina","7":"product_cat-luzes-automotivas","8":"product_cat-pecas-e-acessorios-automotivos","10":"first","11":"instock","12":"shipping-taxable","13":"purchasable","14":"product-type-variable","15":"has-default-attributes"},"jetpack_sharing_enabled":true,"_links":{"self":[{"href":"https:\/\/listman.shop\/autoparts-br\/wp-json\/wp\/v2\/product\/41244","targetHints":{"allow":["GET"]}}],"collection":[{"href":"https:\/\/listman.shop\/autoparts-br\/wp-json\/wp\/v2\/product"}],"about":[{"href":"https:\/\/listman.shop\/autoparts-br\/wp-json\/wp\/v2\/types\/product"}],"wp:featuredmedia":[{"embeddable":true,"href":"https:\/\/listman.shop\/autoparts-br\/wp-json\/wp\/v2\/media\/41238"}],"wp:attachment":[{"href":"https:\/\/listman.shop\/autoparts-br\/wp-json\/wp\/v2\/media?parent=41244"}],"wp:term":[{"taxonomy":"product_brand","embeddable":true,"href":"https:\/\/listman.shop\/autoparts-br\/wp-json\/wp\/v2\/product_brand?post=41244"},{"taxonomy":"product_cat","embeddable":true,"href":"https:\/\/listman.shop\/autoparts-br\/wp-json\/wp\/v2\/product_cat?post=41244"},{"taxonomy":"product_tag","embeddable":true,"href":"https:\/\/listman.shop\/autoparts-br\/wp-json\/wp\/v2\/product_tag?post=41244"}],"curies":[{"name":"wp","href":"https:\/\/api.w.org\/{rel}","templated":true}]}}