{"id":41285,"date":"2025-03-27T08:12:06","date_gmt":"2025-03-26T23:12:06","guid":{"rendered":"https:\/\/listman.shop\/autoparts-br\/product\/1005003335580977\/"},"modified":"2026-04-14T16:09:07","modified_gmt":"2026-04-14T07:09:07","slug":"1005003335580977","status":"publish","type":"product","link":"https:\/\/listman.shop\/autoparts-br\/product\/1005003335580977\/","title":{"rendered":"Mdng 16 p\u00e7s canbus led kit de luz interior para mitsubishi montero v60 pajero 1999-2004 2005 2006 mapa c\u00fapula tronco l\u00e2mpada da placa de licen\u00e7a"},"content":{"rendered":"<div class=\"detailmodule_html\">\n<div class=\"detail-desc-decorate-richtext\">\n<div class=\"detailmodule_html\">\n<div class=\"detail-desc-decorate-richtext\">\n<p style=\"font-family:OpenSans;font-size:20px;font-weight:900;line-height:28px;white-space:pre-wrap;margin-bottom:12px\" class=\"detail-desc-decorate-title\">Este pacote de kit de luzes LED Canbus interno \u00e9 adequado para Mitsubishi Montero V60 Pajero 1999-2006<\/p>\n<p style=\"font-family:OpenSans;font-size:14px;font-weight:300;line-height:20px;white-space:pre-wrap;margin-bottom:12px\" class=\"detail-desc-decorate-content\">O pacote inclui:<br \/>Luz do mapa frontal X 3<br \/>Luz de c\u00fapula X 2<br \/>Luz de cortesia X 4<br \/>Luz do porta-malas X 1<br \/>Luz da placa de licen\u00e7a X 2<br \/>Luz sobressalente (4 pe\u00e7as)<br \/>Ferramentas de instala\u00e7\u00e3o gratuitas + Luvas de instala\u00e7\u00e3o<\/p>\n<p>Sobre nossos produtos:<\/p>\n<p>\u25b6Economize sua fonte de alimenta\u00e7\u00e3o.<br \/>\u25b6 Longa vida \u00fatil chegando a 50.000 horas.<br \/>\u25b6 Fornece essas l\u00e2mpadas LED brilhantes sem erros, substitui\u00e7\u00e3o perfeita das l\u00e2mpadas originais, tornando uma ilumina\u00e7\u00e3o interior muito mais brilhante para o seu carro.<br \/>\u25b6 Todas as l\u00e2mpadas LED s\u00e3o 100% Canbus Error Free Plug and play, sem necessidade de modifica\u00e7\u00e3o.<br \/>\u25b6 As imagens do produto s\u00e3o apenas para refer\u00eancia do tipo de l\u00e2mpada LED, forneceremos kits de luz interior LED compat\u00edveis de acordo com o seu carro.<\/p>\n<p>Notas de instala\u00e7\u00e3o:<\/p>\n<p>\u25b6 Desligue a luz primeiro antes da instala\u00e7\u00e3o e tenha cuidado ao remover a l\u00e2mpada original, ela pode estar muito quente.<br \/>\u25b6 Simplesmente remova sua l\u00e2mpada antiga e instale a nova l\u00e2mpada LED em seu lugar.Se a luz n\u00e3o acender imediatamente, vire-a 180 graus.<br \/>\u25b6 Por favor, aproxime os clipes de metal para que eles possam montar o fest\u00e3o com mais for\u00e7a, caso a l\u00e2mpada esteja ligeiramente solta no soquete<\/p>\n<div>\n <img data-recalc-dims=\"1\" decoding=\"async\" style=\"margin-bottom:10px\" class=\"detail-desc-decorate-image\" src=\"https:\/\/i0.wp.com\/ae01.alicdn.com\/kf\/S5f76a8cfe3044a3bb5e0423c1082ff38k.jpg?w=1200&#038;ssl=1\"><br \/>\n <img data-recalc-dims=\"1\" decoding=\"async\" style=\"margin-bottom:10px\" class=\"detail-desc-decorate-image\" src=\"https:\/\/i0.wp.com\/ae01.alicdn.com\/kf\/H502b1eb3775843229101d42c7739ab41E.jpg?w=1200&#038;ssl=1\"><br \/>\n <img data-recalc-dims=\"1\" decoding=\"async\" style=\"margin-bottom:10px\" class=\"detail-desc-decorate-image\" src=\"https:\/\/i0.wp.com\/ae01.alicdn.com\/kf\/Sbcf4f277a1a0413b9a2217f510d28a42h.jpg?w=1200&#038;ssl=1\"><br \/>\n <img data-recalc-dims=\"1\" decoding=\"async\" class=\"detail-desc-decorate-image\" src=\"https:\/\/i0.wp.com\/ae01.alicdn.com\/kf\/Hd460ec91786242c28985d552423b8a6eb.jpg?w=1200&#038;ssl=1\"><br \/>\n <img data-recalc-dims=\"1\" decoding=\"async\" class=\"detail-desc-decorate-image\" src=\"https:\/\/i0.wp.com\/ae01.alicdn.com\/kf\/H86dd24c028f24946b91f0bd99a5de82da.jpg?w=1200&#038;ssl=1\"><br \/>\n <img data-recalc-dims=\"1\" decoding=\"async\" class=\"detail-desc-decorate-image\" src=\"https:\/\/i0.wp.com\/ae01.alicdn.com\/kf\/H6fd12036ddd14b849a89e783230464005.jpg?w=1200&#038;ssl=1\"><br \/>\n <img data-recalc-dims=\"1\" decoding=\"async\" class=\"detail-desc-decorate-image\" src=\"https:\/\/i0.wp.com\/ae01.alicdn.com\/kf\/H6befce08738f41158ae4a65cc1856c70J.jpg?w=1200&#038;ssl=1\"><br \/>\n <img data-recalc-dims=\"1\" decoding=\"async\" class=\"detail-desc-decorate-image\" src=\"https:\/\/i0.wp.com\/ae01.alicdn.com\/kf\/Hd33d5651d6d54e3781159c138468065bx.jpg?w=1200&#038;ssl=1\">\n<\/div>\n<div class=\"detailmodule_text\">\n<p style=\"font-family:OpenSans;font-size:14px;font-weight:300;line-height:20px;white-space:pre-wrap;margin-bottom:12px\" class=\"detail-desc-decorate-content\">\u25b6Entrega<\/p>\n<p>1. os itens ser\u00e3o enviados dentro de 1-3 dias \u00fateis quando recebermos o pagamento.<br \/>2. O prazo de entrega depende do destino e de outras f\u00e1bricas.<br \/>3. impostos, taxas e encargos de importa\u00e7\u00e3o n\u00e3o est\u00e3o inclu\u00eddos no pre\u00e7o do item ou nos custos de envio, faremos o poss\u00edvel para reduzir o risco dos direitos aduaneiros.<\/p>\n<p>\u25b6Garantia<\/p>\n<p>1. Todos os nossos itens oferecem garantia de 1 ano. Compre com confian\u00e7a!<br \/>2.Se voc\u00ea n\u00e3o estiver satisfeito com o item enquanto ele estiver em boas condi\u00e7\u00f5es ou se o item n\u00e3o funcionar ao receb\u00ea-lo, tire fotos ou v\u00eddeos e entre em contato conosco, enviaremos a substitui\u00e7\u00e3o ou reembolso para voc\u00ea.Em uma palavra, resolveremos isso at\u00e9 sua satisfa\u00e7\u00e3o.<\/p>\n<p>\u25b6Retorno<\/p>\n<p>1. se voc\u00ea n\u00e3o estiver satisfeito ao receber seu item, devolva-o no prazo de 30 dias para substitui\u00e7\u00e3o ou dinheiro<br \/>de tr\u00e1s.Entre em contato comigo antes de devolv\u00ea-lo.<br \/>2. Itens defeituosos devem ser relatados e devolvidos dentro do per\u00edodo de garantia (e na embalagem original, se poss\u00edvel).<br \/>3. A taxa de envio de devolu\u00e7\u00e3o ser\u00e1 paga pelo comprador.<\/p>\n<\/div>\n<p><\/p>\n<p><\/div>\n<\/div>\n<\/div>\n<\/div>\n","protected":false},"excerpt":{"rendered":"<p>Este pacote de kit de luzes LED Canbus interno \u00e9 adequado para Mitsubishi Montero V60 Pajero 1999-2006 O pacote inclui:Luz do mapa frontal X 3Luz de c\u00fapula X 2Luz de cortesia X 4Luz do porta-malas X 1Luz da placa de licen\u00e7a X 2Luz sobressalente (4 pe\u00e7as)Ferramentas de instala\u00e7\u00e3o gratuitas + Luvas de instala\u00e7\u00e3o Sobre nossos&hellip;&nbsp;<\/p>\n","protected":false},"featured_media":41279,"template":"","meta":{"neve_meta_sidebar":"","neve_meta_container":"","neve_meta_enable_content_width":"","neve_meta_content_width":0,"neve_meta_title_alignment":"","neve_meta_author_avatar":"","neve_post_elements_order":"","neve_meta_disable_header":"","neve_meta_disable_footer":"","neve_meta_disable_title":""},"product_brand":[],"product_cat":[72,19,17],"product_tag":[],"class_list":{"0":"post-41285","1":"product","2":"type-product","3":"status-publish","4":"has-post-thumbnail","6":"product_cat-lampada-sinalizadora","7":"product_cat-luzes-automotivas","8":"product_cat-pecas-e-acessorios-automotivos","10":"first","11":"instock","12":"shipping-taxable","13":"purchasable","14":"product-type-variable","15":"has-default-attributes"},"jetpack_sharing_enabled":true,"_links":{"self":[{"href":"https:\/\/listman.shop\/autoparts-br\/wp-json\/wp\/v2\/product\/41285","targetHints":{"allow":["GET"]}}],"collection":[{"href":"https:\/\/listman.shop\/autoparts-br\/wp-json\/wp\/v2\/product"}],"about":[{"href":"https:\/\/listman.shop\/autoparts-br\/wp-json\/wp\/v2\/types\/product"}],"wp:featuredmedia":[{"embeddable":true,"href":"https:\/\/listman.shop\/autoparts-br\/wp-json\/wp\/v2\/media\/41279"}],"wp:attachment":[{"href":"https:\/\/listman.shop\/autoparts-br\/wp-json\/wp\/v2\/media?parent=41285"}],"wp:term":[{"taxonomy":"product_brand","embeddable":true,"href":"https:\/\/listman.shop\/autoparts-br\/wp-json\/wp\/v2\/product_brand?post=41285"},{"taxonomy":"product_cat","embeddable":true,"href":"https:\/\/listman.shop\/autoparts-br\/wp-json\/wp\/v2\/product_cat?post=41285"},{"taxonomy":"product_tag","embeddable":true,"href":"https:\/\/listman.shop\/autoparts-br\/wp-json\/wp\/v2\/product_tag?post=41285"}],"curies":[{"name":"wp","href":"https:\/\/api.w.org\/{rel}","templated":true}]}}