{"id":41303,"date":"2025-03-27T08:12:48","date_gmt":"2025-03-26T23:12:48","guid":{"rendered":"https:\/\/listman.shop\/autoparts-br\/product\/1005003584227787\/"},"modified":"2026-04-14T16:29:07","modified_gmt":"2026-04-14T07:29:07","slug":"1005003584227787","status":"publish","type":"product","link":"https:\/\/listman.shop\/autoparts-br\/product\/1005003584227787\/","title":{"rendered":"Novo 2x \u00e2mbar led anjo olho farol halo anel luz drl h8 l\u00e2mpada 80w canbus para e90 e92 e82 e60 e70 e71"},"content":{"rendered":"<div class=\"detailmodule_html\">\n<div class=\"detail-desc-decorate-richtext\">\n<div style=\"margin:3px auto;margin-bottom:3px;margin-top:3px;margin-left:auto;margin-right:auto;height:auto\" class=\"ee_box zhedie\">\n<p style=\"font-size:0px;overflow:hidden;width:1px;height:0px\">[xlmodel]-[custom]-[8888]<\/p>\n<div style=\"padding:5px;padding-bottom:5px;padding-top:5px;padding-left:5px;padding-right:5px;overflow:visible;height:auto\" class=\"ee_box_content\">\n<p>2 pe\u00e7as (um par) de 8x LED Angel Eyes Halo Ring Headlight Light H8 L\u00e2mpada<\/p>\n<p>Emite luz colorida \u00e2mbar (amarelo-laranja), longa vida \u00fatil; ~40W, ~1100 l\u00famens por l\u00e2mpada<\/p>\n<p>Substitui\u00e7\u00e3o direta com qualidade e montagem OEM; Instala\u00e7\u00e3o Plug and Play; Tempo de inicializa\u00e7\u00e3o Instant\u00e2neo R\u00e1pido; Funciona em ~12V<\/p>\n<h2 style=\", Arial, sans-serif;font-size:medium;line-height:32px;white-space:normal;margin-bottom:0.25em;padding-bottom:4px\" class=\"default\">Descri\u00e7\u00e3o do produto<\/h2>\n<div id=\"productDescription\" style=\", Arial, sans-serif;font-size:small;line-height:initial;white-space:normal;margin-bottom:0em;margin-top:0.5em;margin-left:25px\" class=\"a-section a-spacing-small\">\n<p style=\"margin-bottom:1em;margin-top:0em;margin-left:1em\"><span>Especialmente projetado para BMW sem c\u00f3digos de erro de aviso, mensagem de aviso de l\u00e2mpada apagada; N\u00e3o \u00e9 necess\u00e1ria reprograma\u00e7\u00e3o do computador<\/span><\/p>\n<p style=\"margin-bottom:1em;margin-top:0em;margin-left:1em\"><span>Para BMW (somente com far\u00f3is de Angel Eyes\/Xenon equipados em estoque):<\/span><\/p>\n<p style=\"margin-bottom:1em;margin-top:0em;margin-left:1em\"><span>08-12 BMW s\u00e9rie 1 E82 E87 E88<\/span><\/p>\n<p style=\"margin-bottom:1em;margin-top:0em;margin-left:1em\"><span>09-12 BMW S\u00e9rie 3 E90 sedan Face lifted \/ LCI<\/span><\/p>\n<p style=\"margin-bottom:1em;margin-top:0em;margin-left:1em\"><span>09-12 BMW S\u00e9rie 3 E91 touring Face elevada \/ LCI<\/span><\/p>\n<p style=\"margin-bottom:1em;margin-top:0em;margin-left:1em\"><span>07-13 Coupe BMW S\u00e9rie 3 E92<\/span><\/p>\n<p style=\"margin-bottom:1em;margin-top:0em;margin-left:1em\"><span>08-13 BMW S\u00e9rie 3 E92 M3<\/span><\/p>\n<p style=\"margin-bottom:1em;margin-top:0em;margin-left:1em\"><span>07-13 BMW S\u00e9rie 3 E93 convers\u00edvel<\/span><\/p>\n<p style=\"margin-bottom:1em;margin-top:0em;margin-left:1em\"><span>08-10 BMW s\u00e9rie 5 E60 sedan Face lifted \/ LCI<\/span><\/p>\n<p style=\"margin-bottom:1em;margin-top:0em;margin-left:1em\"><span>08-10 BMW s\u00e9rie 5 E61 touring Face elevada \/ LCI<\/span><\/p>\n<p style=\"margin-bottom:1em;margin-top:0em;margin-left:1em\"><span>08-10 BMW S\u00e9rie 6 E63\/E64 Face lifted \/ LCI<\/span><\/p>\n<p style=\"margin-bottom:1em;margin-top:0em;margin-left:1em\"><span>10-13 BMW S\u00e9rie X E84 X1<\/span><\/p>\n<p style=\"margin-bottom:1em;margin-top:0em;margin-left:1em\"><span>07-13 BMW S\u00e9rie X E70 X5<\/span><\/p>\n<p style=\"margin-bottom:1em;margin-top:0em;margin-left:1em\"><span>08-13 BMW S\u00e9rie X E71 X6<\/span><\/p>\n<p style=\"margin-bottom:1em;margin-top:0em;margin-left:1em\"><span>09-12 BMW s\u00e9rie Z E89 Z4<\/span><\/p>\n<\/div>\n<p><\/p>\n<\/div>\n<\/div>\n<div id=\"ee_boxPhoto1\" style=\"margin:3px auto;margin-bottom:3px;margin-top:3px;margin-left:auto;margin-right:auto;height:auto\" class=\"ee_box zhedie\">\n<p style=\"font-size:0px;overflow:hidden;width:1px;height:0px\">[xlmodel]-[foto]-[0000]<\/p>\n<div style=\"text-align:center;padding:5px;padding-bottom:5px;padding-top:5px;padding-left:5px;padding-right:5px;overflow:visible;height:auto\" class=\"ee_box_content ui-sortable\" align=\"center\">\n<p style=\"font-size:0px;padding:0px;padding-bottom:0px;padding-top:0px;padding-left:0px;padding-right:0px\" class=\"detailp\"><img data-recalc-dims=\"1\" decoding=\"async\" src=\"https:\/\/i0.wp.com\/ae01.alicdn.com\/kf\/Hb3d455e32e694b149e35cabf5e72373fJ.jpg?w=1200&#038;ssl=1\"><\/p>\n<p style=\"font-size:0px;padding:0px;padding-bottom:0px;padding-top:0px;padding-left:0px;padding-right:0px\" class=\"detailp\"><img data-recalc-dims=\"1\" decoding=\"async\" src=\"https:\/\/i0.wp.com\/ae01.alicdn.com\/kf\/Hde79b3febc194329a56dd75225134b1ae.jpg?w=1200&#038;ssl=1\"><\/p>\n<p style=\"font-size:0px;padding:0px;padding-bottom:0px;padding-top:0px;padding-left:0px;padding-right:0px\" class=\"detailp\"><img data-recalc-dims=\"1\" decoding=\"async\" src=\"https:\/\/i0.wp.com\/ae01.alicdn.com\/kf\/H9c85d42cbbfe40cca214a08e4060542ds.jpg?w=1200&#038;ssl=1\"><\/p>\n<p style=\"font-size:0px;padding:0px;padding-bottom:0px;padding-top:0px;padding-left:0px;padding-right:0px\" class=\"detailp\"><img data-recalc-dims=\"1\" decoding=\"async\" src=\"https:\/\/i0.wp.com\/ae01.alicdn.com\/kf\/H5eb186c0dd994f89aff7938daf280930q.jpg?w=1200&#038;ssl=1\"><\/p>\n<p style=\"font-size:0px;padding:0px;padding-bottom:0px;padding-top:0px;padding-left:0px;padding-right:0px\" class=\"detailp\"><img data-recalc-dims=\"1\" decoding=\"async\" src=\"https:\/\/i0.wp.com\/ae01.alicdn.com\/kf\/H40dff139954341a48afbf78e2fd9349av.jpg?w=1200&#038;ssl=1\"><\/p>\n<p style=\"font-size:0px;padding:0px;padding-bottom:0px;padding-top:0px;padding-left:0px;padding-right:0px\" class=\"detailp\"><img data-recalc-dims=\"1\" decoding=\"async\" src=\"https:\/\/i0.wp.com\/ae01.alicdn.com\/kf\/H1f4378559e7f4ed28d4da48957b0d3abx.jpg?w=1200&#038;ssl=1\"><\/p>\n<p style=\"font-size:0px;padding:0px;padding-bottom:0px;padding-top:0px;padding-left:0px;padding-right:0px\" class=\"detailp\"><img data-recalc-dims=\"1\" decoding=\"async\" src=\"https:\/\/i0.wp.com\/ae01.alicdn.com\/kf\/H510fd9081e4d41bb975f11668ab0b9eaF.jpg?w=1200&#038;ssl=1\"><\/p>\n<\/div>\n<\/div>\n<p><\/p>\n<\/div>\n<\/div>\n","protected":false},"excerpt":{"rendered":"<p>[xlmodel]-[custom]-[8888] 2 pe\u00e7as (um par) de 8x LED Angel Eyes Halo Ring Headlight Light H8 L\u00e2mpada Emite luz colorida \u00e2mbar (amarelo-laranja), longa vida \u00fatil; ~40W, ~1100 l\u00famens por l\u00e2mpada Substitui\u00e7\u00e3o direta com qualidade e montagem OEM; Instala\u00e7\u00e3o Plug and Play; Tempo de inicializa\u00e7\u00e3o Instant\u00e2neo R\u00e1pido; Funciona em ~12V Descri\u00e7\u00e3o do produto Especialmente projetado para BMW&hellip;&nbsp;<\/p>\n","protected":false},"featured_media":41298,"template":"","meta":{"neve_meta_sidebar":"","neve_meta_container":"","neve_meta_enable_content_width":"","neve_meta_content_width":0,"neve_meta_title_alignment":"","neve_meta_author_avatar":"","neve_post_elements_order":"","neve_meta_disable_header":"","neve_meta_disable_footer":"","neve_meta_disable_title":""},"product_brand":[],"product_cat":[72,19,17],"product_tag":[],"class_list":{"0":"post-41303","1":"product","2":"type-product","3":"status-publish","4":"has-post-thumbnail","6":"product_cat-lampada-sinalizadora","7":"product_cat-luzes-automotivas","8":"product_cat-pecas-e-acessorios-automotivos","10":"first","11":"instock","12":"shipping-taxable","13":"purchasable","14":"product-type-variable","15":"has-default-attributes"},"jetpack_sharing_enabled":true,"_links":{"self":[{"href":"https:\/\/listman.shop\/autoparts-br\/wp-json\/wp\/v2\/product\/41303","targetHints":{"allow":["GET"]}}],"collection":[{"href":"https:\/\/listman.shop\/autoparts-br\/wp-json\/wp\/v2\/product"}],"about":[{"href":"https:\/\/listman.shop\/autoparts-br\/wp-json\/wp\/v2\/types\/product"}],"wp:featuredmedia":[{"embeddable":true,"href":"https:\/\/listman.shop\/autoparts-br\/wp-json\/wp\/v2\/media\/41298"}],"wp:attachment":[{"href":"https:\/\/listman.shop\/autoparts-br\/wp-json\/wp\/v2\/media?parent=41303"}],"wp:term":[{"taxonomy":"product_brand","embeddable":true,"href":"https:\/\/listman.shop\/autoparts-br\/wp-json\/wp\/v2\/product_brand?post=41303"},{"taxonomy":"product_cat","embeddable":true,"href":"https:\/\/listman.shop\/autoparts-br\/wp-json\/wp\/v2\/product_cat?post=41303"},{"taxonomy":"product_tag","embeddable":true,"href":"https:\/\/listman.shop\/autoparts-br\/wp-json\/wp\/v2\/product_tag?post=41303"}],"curies":[{"name":"wp","href":"https:\/\/api.w.org\/{rel}","templated":true}]}}