{"id":41313,"date":"2025-03-27T08:13:05","date_gmt":"2025-03-26T23:13:05","guid":{"rendered":"https:\/\/listman.shop\/autoparts-br\/product\/1005004027796727\/"},"modified":"2026-04-07T23:46:23","modified_gmt":"2026-04-07T14:46:23","slug":"1005004027796727","status":"publish","type":"product","link":"https:\/\/listman.shop\/autoparts-br\/product\/1005004027796727\/","title":{"rendered":"Led cristal anjo olhos corte estilo drl dtm u forma luz 6000k branco amarelo para bmw s\u00e9rie 1 e82 e88 e87 e81 2004-2012"},"content":{"rendered":"<div class=\"detailmodule_html\">\n<div class=\"detail-desc-decorate-richtext\">\n<p style=\"text-align: left;margin:0\"><span style=\"margin: 0px;padding: 0px;font-family: Arial;font-style: normal;font-weight: normal;letter-spacing: normal;text-align: left;text-indent: 0px;text-transform: none;white-space: pre-wrap;font-size: 16pt;text-decoration: none\">Nossa promessa: Este produto tem garantia de tr\u00eas anos.Reenvie se houver um problema de qualidade dentro de tr\u00eas anos.Devolu\u00e7\u00e3o gratuita se voc\u00ea n\u00e3o estiver satisfeito dentro de 15 dias<\/span><span style=\"margin: 0px;padding: 0px;font-family: Arial;font-size: 10pt;font-style: normal;font-weight: normal;letter-spacing: normal;text-align: left;text-indent: 0px;text-transform: none;white-space: pre-wrap;text-decoration: none\"><\/span><br style=\"margin: 0px;padding: 0px\"> <img data-recalc-dims=\"1\" decoding=\"async\" src=\"https:\/\/i0.wp.com\/ae01.alicdn.com\/kf\/Sfdef0abce7a6415b84aff3de684a9b26J.jpg?w=1200&#038;ssl=1\"><br style=\"margin: 0px;padding: 0px\"> <span style=\"margin: 0px;padding: 0px;font-family: Arial;font-style: normal;font-weight: normal;letter-spacing: normal;text-align: left;text-indent: 0px;text-transform: none;white-space: pre-wrap;font-size: 14pt;text-decoration: none\">Especifica\u00e7\u00e3o:<\/span><span style=\"margin: 0px;padding: 0px;font-family: Arial;font-size: 10pt;font-style: normal;font-weight: normal;letter-spacing: normal;text-align: left;text-indent: 0px;text-transform: none;white-space: pre-wrap;text-decoration: none\"><br style=\"margin: 0px;padding: 0px\"> <br style=\"margin: 0px;padding: 0px\">1.Controle t\u00e9rmico de prote\u00e7\u00e3o.<br style=\"margin: 0px;padding: 0px\">2.Nenhuma interfer\u00eancia no r\u00e1dio FM.<br style=\"margin: 0px;padding: 0px\">3.Baixo consumo de energia.<br style=\"margin: 0px;padding: 0px\">4.Cor: Branco\/Branco amarelo.<br style=\"margin: 0px;padding: 0px\">5.Boa resist\u00eancia \u00e0 vibra\u00e7\u00e3o e emiss\u00e3o est\u00e1vel.<br style=\"margin: 0px;padding: 0px\">6.Os olhos de anjo OEM de estoque devem ser desinstalados durante a instala\u00e7\u00e3o.<br style=\"margin: 0px;padding: 0px\">7.Chips de LED, 3 vezes mais brilhantes que os olhos de anjo CCFL.Al\u00e9m disso, a vida \u00fatil dos an\u00e9is de LED \u00e9 3 vezes maior que a dos olhos de anjo CCFL.<br style=\"margin: 0px;padding: 0px\">8.4 pe\u00e7as de an\u00e9is de halo LED estilo DTM e v\u00eam com tampas de acr\u00edlico de cristal para lhe dar a aura como os mais recentes an\u00e9is de halo LED OEM de alta qualidade<br style=\"margin: 0px;padding: 0px\">9.Luzes LED agressivas, mas limpas e elegantes.\u00c9 perfeito para o seu Bimmer se voc\u00ea comprou o pacote b\u00e1sico padr\u00e3o, mas deseja atualizar seu carro para uma apar\u00eancia mais luxuosa.<br style=\"margin: 0px;padding: 0px\">10.Branco para olhos de anjo DRL, \u00e2mbar para l\u00e2mpadas de mudan\u00e7a de sinaliza\u00e7\u00e3o.Fa\u00e7a seu carro parecer especial.<br style=\"margin: 0px;padding: 0px\">Nome da banda: HochiTech<\/span><br style=\"margin: 0px;padding: 0px\"> <span style=\"margin: 0px;padding: 0px;font-family: Arial;font-style: normal;font-weight: normal;letter-spacing: normal;text-align: left;text-indent: 0px;text-transform: none;white-space: pre-wrap;font-size: 14pt;text-decoration: none\"><br style=\"margin: 0px;padding: 0px\">Pacote incluindo:<\/span><span style=\"margin: 0px;padding: 0px;font-family: Arial;font-size: 10pt;font-style: normal;font-weight: normal;letter-spacing: normal;text-align: left;text-indent: 0px;text-transform: none;white-space: pre-wrap;text-decoration: none\"><br style=\"margin: 0px;padding: 0px\"> <br style=\"margin: 0px;padding: 0px\">4 unidades de olhos de anjo LED com capas de acr\u00edlico<br style=\"margin: 0px;padding: 0px\">Algumas fitas para instala\u00e7\u00e3o<\/span><br style=\"margin: 0px;padding: 0px\"> <br \/> <span style=\"font-size:26px\"><strong><span>Nossa compara\u00e7\u00e3o com os outros<\/span>:<\/strong><\/span><\/p>\n<ul>\n<li style=\"text-align: left;margin: 0px\">A espessura do nosso produto \u00e9 de 14,9 mm.<\/li>\n<li style=\"text-align: left;margin: 0px\"><span>A espessura dos produtos de outras lojas \u00e9 de 8,6 mm<\/span><\/li>\n<\/ul>\n<p style=\"text-align: left;margin:0\"><span style=\"font-size:26px\"><strong><span style=\"font-size:20px\"><span><img data-recalc-dims=\"1\" decoding=\"async\" src=\"https:\/\/i0.wp.com\/ae01.alicdn.com\/kf\/Sddd58b5323594ff1b47143f87549abf81.jpg?w=1200&#038;ssl=1\"><img data-recalc-dims=\"1\" decoding=\"async\" src=\"https:\/\/i0.wp.com\/ae01.alicdn.com\/kf\/S3642653a230f486f9805be1e13d05f5bS.jpg?w=1200&#038;ssl=1\"><\/span><\/span><\/strong><\/span><\/p>\n<ul>\n<li style=\"text-align: left;margin: 0px\">Voc\u00ea n\u00e3o consegue ver o chip LED na lateral do nosso produto.<\/li>\n<li style=\"text-align: left;margin: 0px\"><span>Outros produtos da loja podem ver claramente o chip LED.<\/span><\/li>\n<\/ul>\n<div style=\"text-align: left;margin: 0px\">\n<p style=\"text-align: left;margin:0\"><img data-recalc-dims=\"1\" decoding=\"async\" src=\"https:\/\/i0.wp.com\/ae01.alicdn.com\/kf\/S19a8928533ed443ea7df9494990e5ddc3.jpg?w=1200&#038;ssl=1\"><\/p>\n<ul>\n<li style=\"text-align: left;margin: 0px\"><span>Usamos fios de silicone resistentes a altas temperaturas.<\/span><\/li>\n<li style=\"text-align: left;margin: 0px\"><span>Outros vendedores usam fios inflam\u00e1veis.<\/span><\/li>\n<\/ul>\n<div style=\"text-align: left;margin: 0px\">\n<p style=\"text-align: left;margin:0\"><img data-recalc-dims=\"1\" decoding=\"async\" src=\"https:\/\/i0.wp.com\/ae01.alicdn.com\/kf\/S9dea39bbd0a344438bb495a154ade51bW.jpg?w=1200&#038;ssl=1\"><\/p>\n<ul>\n<li style=\"text-align: left;margin: 0px\">Usamos mais chips de LED.Maior brilho.voc\u00ea n\u00e3o consegue ver o ponto de luz<\/li>\n<li style=\"text-align: left;margin: 0px\">outra loja usa menos chips de LED.o brilho \u00e9 fraco.voc\u00ea pode ver o ponto de luz.<\/li>\n<\/ul>\n<p style=\"text-align: left;margin:0\"><img data-recalc-dims=\"1\" decoding=\"async\" src=\"https:\/\/i0.wp.com\/ae01.alicdn.com\/kf\/S36e395a5339247419a14ae4b59dca941E.jpg?w=1200&#038;ssl=1\"><img data-recalc-dims=\"1\" decoding=\"async\" src=\"https:\/\/i0.wp.com\/ae01.alicdn.com\/kf\/S3fab79f88f994c04866aa8776526e4ddf.jpg?w=1200&#038;ssl=1\"><br \/> <img data-recalc-dims=\"1\" decoding=\"async\" src=\"https:\/\/i0.wp.com\/ae01.alicdn.com\/kf\/S149ab4a9566f4e70862d1bd68128bd2br.jpg?w=1200&#038;ssl=1\" style=\"width:800px\"><img data-recalc-dims=\"1\" decoding=\"async\" src=\"https:\/\/i0.wp.com\/ae01.alicdn.com\/kf\/S9d601802e9a349aa99221cc9d78b1dac9.jpg?w=1200&#038;ssl=1\" style=\"width:800px\"><img data-recalc-dims=\"1\" decoding=\"async\" src=\"https:\/\/i0.wp.com\/ae01.alicdn.com\/kf\/S3a2695096b654d51818fb1f4bcd101aba.jpg?w=1200&#038;ssl=1\" style=\"width:800px\"><img data-recalc-dims=\"1\" decoding=\"async\" src=\"https:\/\/i0.wp.com\/ae01.alicdn.com\/kf\/S93e20b5e142040fe828dc1c6214677f2P.jpg?w=1200&#038;ssl=1\" style=\"width:800px\"><img data-recalc-dims=\"1\" decoding=\"async\" src=\"https:\/\/i0.wp.com\/ae01.alicdn.com\/kf\/S49c22cb5102048a3a26ad04a47c45dca0.jpg?w=1200&#038;ssl=1\" style=\"width:800px\"><img data-recalc-dims=\"1\" decoding=\"async\" src=\"https:\/\/i0.wp.com\/ae01.alicdn.com\/kf\/Scd1d92b1dfad47b79c23f34e94d07170F.jpg?w=1200&#038;ssl=1\" style=\"width:800px\"><img data-recalc-dims=\"1\" decoding=\"async\" src=\"https:\/\/i0.wp.com\/ae01.alicdn.com\/kf\/S271f6e104ca9471a9386ccb563b0c280C.jpg?w=1200&#038;ssl=1\" style=\"width:800px\"><img data-recalc-dims=\"1\" decoding=\"async\" src=\"https:\/\/i0.wp.com\/ae01.alicdn.com\/kf\/S5a31fe6124604b3c84977a3fa49b78a3Z.jpg?w=1200&#038;ssl=1\" style=\"width:800px\"><img data-recalc-dims=\"1\" decoding=\"async\" src=\"https:\/\/i0.wp.com\/ae01.alicdn.com\/kf\/S55a9b26b1f364f3db81e422488bab44db.jpg?w=1200&#038;ssl=1\" style=\"width:800px\"><br \/> <img data-recalc-dims=\"1\" decoding=\"async\" src=\"https:\/\/i0.wp.com\/ae01.alicdn.com\/kf\/Sd62de3c34de74183a863674d0b308c91Y.jpg?w=1200&#038;ssl=1\" style=\"vertical-align: middle;border: 0px;margin: 0px;padding: 0px;max-width: 100%;, sans-serif;font-size: 14px;font-style: normal;font-weight: 400;letter-spacing: normal;text-align: start;text-indent: 0px;text-transform: none;white-space: normal\"><br \/> <span style=\", sans-serif;font-size: 36px;font-style: normal;font-weight: 400;letter-spacing: normal;text-align: start;text-indent: 0px;text-transform: none;white-space: normal;display: inline !important;float: none\">Cor branca:<\/span><br \/> <img data-recalc-dims=\"1\" decoding=\"async\" src=\"https:\/\/i0.wp.com\/ae01.alicdn.com\/kf\/Sb30e4f185205458db96af631f3ee4283Z.jpg?w=1200&#038;ssl=1\"><img data-recalc-dims=\"1\" decoding=\"async\" src=\"https:\/\/i0.wp.com\/ae01.alicdn.com\/kf\/S47c12eee70a946f39adaaf86e6b9ed7bV.jpg?w=1200&#038;ssl=1\"><img data-recalc-dims=\"1\" decoding=\"async\" src=\"https:\/\/i0.wp.com\/ae01.alicdn.com\/kf\/S85f45548606d4fe0a1adf285bfd22b88z.jpg?w=1200&#038;ssl=1\"><img data-recalc-dims=\"1\" decoding=\"async\" src=\"https:\/\/i0.wp.com\/ae01.alicdn.com\/kf\/S992538efe79a416fb0d3857568b6cc3dT.jpg?w=1200&#038;ssl=1\"><img data-recalc-dims=\"1\" decoding=\"async\" src=\"https:\/\/i0.wp.com\/ae01.alicdn.com\/kf\/Sf59ee1955985454890c18656a96d26ccY.jpg?w=1200&#038;ssl=1\"><img data-recalc-dims=\"1\" decoding=\"async\" src=\"https:\/\/i0.wp.com\/ae01.alicdn.com\/kf\/Sfa6d13ad5d464d35b440f369ec65d0bd7.jpg?w=1200&#038;ssl=1\"><img data-recalc-dims=\"1\" decoding=\"async\" src=\"https:\/\/i0.wp.com\/ae01.alicdn.com\/kf\/S8348af5601b341beb2315dcefcd640ddC.jpg?w=1200&#038;ssl=1\"><img data-recalc-dims=\"1\" decoding=\"async\" src=\"https:\/\/i0.wp.com\/ae01.alicdn.com\/kf\/S7b85e97b11864d2cb0131849fe28e400D.jpg?w=1200&#038;ssl=1\"><img data-recalc-dims=\"1\" decoding=\"async\" src=\"https:\/\/i0.wp.com\/ae01.alicdn.com\/kf\/S0306b534e0654ecc84e69cd1cbcdda5cA.jpg?w=1200&#038;ssl=1\"><img data-recalc-dims=\"1\" decoding=\"async\" src=\"https:\/\/i0.wp.com\/ae01.alicdn.com\/kf\/S44975216d47d41bdaac2c1a9c55404f7y.jpg?w=1200&#038;ssl=1\"><img data-recalc-dims=\"1\" decoding=\"async\" src=\"https:\/\/i0.wp.com\/ae01.alicdn.com\/kf\/S9184616a2dfc4742a237eb63d66050e2R.jpg?w=1200&#038;ssl=1\"><img data-recalc-dims=\"1\" decoding=\"async\" src=\"https:\/\/i0.wp.com\/ae01.alicdn.com\/kf\/Sfdf56bb01fdd4d9b99807d0de8b56759J.jpg?w=1200&#038;ssl=1\"><img data-recalc-dims=\"1\" decoding=\"async\" src=\"https:\/\/i0.wp.com\/ae01.alicdn.com\/kf\/S021a356912244d0bbe2bd7555e684807G.jpg?w=1200&#038;ssl=1\"><img data-recalc-dims=\"1\" decoding=\"async\" src=\"https:\/\/i0.wp.com\/ae01.alicdn.com\/kf\/Sc83763d192674896ac6605cfa4ded4feC.jpg?w=1200&#038;ssl=1\"><img data-recalc-dims=\"1\" decoding=\"async\" src=\"https:\/\/i0.wp.com\/ae01.alicdn.com\/kf\/S27ed61d90f2d468f84084bbe465b2b27W.jpg?w=1200&#038;ssl=1\"><img data-recalc-dims=\"1\" decoding=\"async\" src=\"https:\/\/i0.wp.com\/ae01.alicdn.com\/kf\/S1e540ecd39ad4b1f93b171978f49ba4af.jpg?w=1200&#038;ssl=1\"><br \/> <span style=\", sans-serif;font-size: 36px;font-style: normal;font-weight: 400;letter-spacing: normal;text-align: start;text-indent: 0px;text-transform: none;white-space: normal;display: inline !important;float: none\">Branco e Amarelo<\/span> :<br \/> <img data-recalc-dims=\"1\" decoding=\"async\" src=\"https:\/\/i0.wp.com\/ae01.alicdn.com\/kf\/Sfe181d14f71147428ea8a5d921cf4e5a8.jpg?w=1200&#038;ssl=1\"><img data-recalc-dims=\"1\" decoding=\"async\" src=\"https:\/\/i0.wp.com\/ae01.alicdn.com\/kf\/S75caf0de03b945718d8e93461d8c15c8N.jpg?w=1200&#038;ssl=1\"><img data-recalc-dims=\"1\" decoding=\"async\" src=\"https:\/\/i0.wp.com\/ae01.alicdn.com\/kf\/S33be3ddd913846858d87bfba6b0686540.jpg?w=1200&#038;ssl=1\"><img data-recalc-dims=\"1\" decoding=\"async\" src=\"https:\/\/i0.wp.com\/ae01.alicdn.com\/kf\/Sf1f1ff6958d54f09a890ac548cc27676T.jpg?w=1200&#038;ssl=1\"><img data-recalc-dims=\"1\" decoding=\"async\" src=\"https:\/\/i0.wp.com\/ae01.alicdn.com\/kf\/S3b69103c02dd40ff92b3b17896ee1564N.jpg?w=1200&#038;ssl=1\"><img data-recalc-dims=\"1\" decoding=\"async\" src=\"https:\/\/i0.wp.com\/ae01.alicdn.com\/kf\/S6e3cf319cc154a9fb575be0c8b2ab0937.jpg?w=1200&#038;ssl=1\"><img data-recalc-dims=\"1\" decoding=\"async\" src=\"https:\/\/i0.wp.com\/ae01.alicdn.com\/kf\/S13925b8999204fdeb0a958a517efc23cK.jpg?w=1200&#038;ssl=1\"><img data-recalc-dims=\"1\" decoding=\"async\" src=\"https:\/\/i0.wp.com\/ae01.alicdn.com\/kf\/Sb2566ac6772a4334b9cf41c7333fac18A.jpg?w=1200&#038;ssl=1\"><img data-recalc-dims=\"1\" decoding=\"async\" src=\"https:\/\/i0.wp.com\/ae01.alicdn.com\/kf\/Saa2329971718412eb77e6dff22fb91d6t.jpg?w=1200&#038;ssl=1\"><img data-recalc-dims=\"1\" decoding=\"async\" src=\"https:\/\/i0.wp.com\/ae01.alicdn.com\/kf\/S85a69b411c804fe8864ea6227e617802w.jpg?w=1200&#038;ssl=1\"><img data-recalc-dims=\"1\" decoding=\"async\" src=\"https:\/\/i0.wp.com\/ae01.alicdn.com\/kf\/S385f637a3142402691f1fefcfbae9591V.jpg?w=1200&#038;ssl=1\"><img data-recalc-dims=\"1\" decoding=\"async\" src=\"https:\/\/i0.wp.com\/ae01.alicdn.com\/kf\/S8ddab09e279848428672183ac738583eC.jpg?w=1200&#038;ssl=1\"><img data-recalc-dims=\"1\" decoding=\"async\" src=\"https:\/\/i0.wp.com\/ae01.alicdn.com\/kf\/S26cfcbcc8bb14d40a8331ab764eda796m.jpg?w=1200&#038;ssl=1\"><img data-recalc-dims=\"1\" decoding=\"async\" src=\"https:\/\/i0.wp.com\/ae01.alicdn.com\/kf\/Sf5d2d11b14784f6ba25be37165e681del.jpg?w=1200&#038;ssl=1\"><br \/> <img data-recalc-dims=\"1\" decoding=\"async\" src=\"https:\/\/i0.wp.com\/ae01.alicdn.com\/kf\/S1c48a7fffdc14c7badf6a023a0ac1c6br.jpg?w=1200&#038;ssl=1\" style=\"vertical-align: middle;border: 0px none;margin: 0px;padding: 0px;max-width: 100%;, sans-serif;font-style: normal;font-weight: 400;letter-spacing: normal;text-indent: 0px;text-transform: none;white-space: normal;font-size: 14px;text-align: left\"><img data-recalc-dims=\"1\" decoding=\"async\" src=\"https:\/\/i0.wp.com\/ae01.alicdn.com\/kf\/Sd476481832ad427083262e897c381432E.jpg?w=1200&#038;ssl=1\" style=\"vertical-align: middle;border: 0px none;margin: 0px;padding: 0px;max-width: 100%;, sans-serif;font-style: normal;font-weight: 400;letter-spacing: normal;text-indent: 0px;text-transform: none;white-space: normal;font-size: 14px;text-align: left\"><br \/> <img data-recalc-dims=\"1\" decoding=\"async\" src=\"https:\/\/i0.wp.com\/ae01.alicdn.com\/kf\/Se3c5233de006421b8e1d400fb2e16d5eS.jpg?w=1200&#038;ssl=1\" style=\"vertical-align: middle;border: 0px;margin: 0px;padding: 0px;max-width: 100%;, sans-serif;font-size: 14px;font-style: normal;font-weight: 400;letter-spacing: normal;text-align: start;text-indent: 0px;text-transform: none;white-space: normal\"><\/p>\n<p> <img data-recalc-dims=\"1\" decoding=\"async\" src=\"https:\/\/i0.wp.com\/ae01.alicdn.com\/kf\/Sff86cc53d4a54596b1ff13dfc1bd54e5N.jpg?w=1200&#038;ssl=1\" style=\"vertical-align: middle;border: 0px;margin: 0px;padding: 0px;max-width: 100%;, sans-serif;font-size: 14px;font-style: normal;font-weight: 400;letter-spacing: normal;text-align: start;text-indent: 0px;text-transform: none;white-space: normal\"><span style=\", sans-serif;font-size: 14px;font-style: normal;font-weight: 400;letter-spacing: normal;text-align: start;text-indent: 0px;text-transform: none;white-space: normal;display: inline !important;float: none\"><span>&nbsp;<\/span><\/span><img data-recalc-dims=\"1\" decoding=\"async\" src=\"https:\/\/i0.wp.com\/ae01.alicdn.com\/kf\/S12c22529f778499db49c15851cca41c4f.jpg?w=1200&#038;ssl=1\" style=\"vertical-align: middle;border: 0px;margin: 0px;padding: 0px;max-width: 100%;, sans-serif;font-size: 14px;font-style: normal;font-weight: 400;letter-spacing: normal;text-align: start;text-indent: 0px;text-transform: none;white-space: normal\"><span style=\", sans-serif;font-size: 14px;font-style: normal;font-weight: 400;letter-spacing: normal;text-align: start;text-indent: 0px;text-transform: none;white-space: normal;display: inline !important;float: none\"><span>&nbsp;<\/span><\/span><img data-recalc-dims=\"1\" decoding=\"async\" src=\"https:\/\/i0.wp.com\/ae01.alicdn.com\/kf\/Se66dc7be24d64f6ab481a83a1f0bb44fp.jpg?w=1200&#038;ssl=1\" style=\"vertical-align: middle;border: 0px;margin: 0px;padding: 0px;max-width: 100%;, sans-serif;font-size: 14px;font-style: normal;font-weight: 400;letter-spacing: normal;text-align: start;text-indent: 0px;text-transform: none;white-space: normal\"><span style=\", sans-serif;font-size: 14px;font-style: normal;font-weight: 400;letter-spacing: normal;text-align: start;text-indent: 0px;text-transform: none;white-space: normal;display: inline !important;float: none\"><span>&nbsp;<\/span><\/span><img data-recalc-dims=\"1\" decoding=\"async\" src=\"https:\/\/i0.wp.com\/ae01.alicdn.com\/kf\/S335eacf2abfd4582a32405783fe517f1I.jpg?w=1200&#038;ssl=1\" style=\"vertical-align: middle;border: 0px;margin: 0px;padding: 0px;max-width: 100%;, sans-serif;font-size: 14px;font-style: normal;font-weight: 400;letter-spacing: normal;text-align: start;text-indent: 0px;text-transform: none;white-space: normal\"><span style=\", sans-serif;font-size: 14px;font-style: normal;font-weight: 400;letter-spacing: normal;text-align: start;text-indent: 0px;text-transform: none;white-space: normal;display: inline !important;float: none\"><span>&nbsp;<\/span><\/span><img data-recalc-dims=\"1\" decoding=\"async\" src=\"https:\/\/i0.wp.com\/ae01.alicdn.com\/kf\/Sb01a31c51d1243e4822a323751cbc190v.jpg?w=1200&#038;ssl=1\" style=\"vertical-align: middle;border: 0px;margin: 0px;padding: 0px;max-width: 100%;, sans-serif;font-size: 14px;font-style: normal;font-weight: 400;letter-spacing: normal;text-align: start;text-indent: 0px;text-transform: none;white-space: normal\"> <span style=\", sans-serif;font-size: 14px;font-style: normal;font-weight: 400;letter-spacing: normal;text-align: start;text-indent: 0px;text-transform: none;white-space: normal;display: inline !important;float: none\"><span>&nbsp;<\/span>&nbsp;&nbsp;&nbsp;&nbsp;&nbsp;&nbsp;&nbsp;&nbsp;&nbsp;&nbsp;&nbsp;&nbsp;<\/span><\/p>\n<\/p><\/div>\n<\/div>\n<\/div>\n<\/div>\n","protected":false},"excerpt":{"rendered":"<p>Nossa promessa: Este produto tem garantia de tr\u00eas anos.Reenvie se houver um problema de qualidade dentro de tr\u00eas anos.Devolu\u00e7\u00e3o gratuita se voc\u00ea n\u00e3o estiver satisfeito dentro de 15 dias Especifica\u00e7\u00e3o: 1.Controle t\u00e9rmico de prote\u00e7\u00e3o.2.Nenhuma interfer\u00eancia no r\u00e1dio FM.3.Baixo consumo de energia.4.Cor: Branco\/Branco amarelo.5.Boa resist\u00eancia \u00e0 vibra\u00e7\u00e3o e emiss\u00e3o est\u00e1vel.6.Os olhos de anjo OEM de estoque&hellip;&nbsp;<\/p>\n","protected":false},"featured_media":41307,"template":"","meta":{"neve_meta_sidebar":"","neve_meta_container":"","neve_meta_enable_content_width":"","neve_meta_content_width":0,"neve_meta_title_alignment":"","neve_meta_author_avatar":"","neve_post_elements_order":"","neve_meta_disable_header":"","neve_meta_disable_footer":"","neve_meta_disable_title":""},"product_brand":[],"product_cat":[19,92,17],"product_tag":[],"class_list":{"0":"post-41313","1":"product","2":"type-product","3":"status-publish","4":"has-post-thumbnail","6":"product_cat-luzes-automotivas","7":"product_cat-montagem-de-luz-do-carro","8":"product_cat-pecas-e-acessorios-automotivos","10":"first","11":"instock","12":"shipping-taxable","13":"purchasable","14":"product-type-variable","15":"has-default-attributes"},"jetpack_sharing_enabled":true,"_links":{"self":[{"href":"https:\/\/listman.shop\/autoparts-br\/wp-json\/wp\/v2\/product\/41313","targetHints":{"allow":["GET"]}}],"collection":[{"href":"https:\/\/listman.shop\/autoparts-br\/wp-json\/wp\/v2\/product"}],"about":[{"href":"https:\/\/listman.shop\/autoparts-br\/wp-json\/wp\/v2\/types\/product"}],"wp:featuredmedia":[{"embeddable":true,"href":"https:\/\/listman.shop\/autoparts-br\/wp-json\/wp\/v2\/media\/41307"}],"wp:attachment":[{"href":"https:\/\/listman.shop\/autoparts-br\/wp-json\/wp\/v2\/media?parent=41313"}],"wp:term":[{"taxonomy":"product_brand","embeddable":true,"href":"https:\/\/listman.shop\/autoparts-br\/wp-json\/wp\/v2\/product_brand?post=41313"},{"taxonomy":"product_cat","embeddable":true,"href":"https:\/\/listman.shop\/autoparts-br\/wp-json\/wp\/v2\/product_cat?post=41313"},{"taxonomy":"product_tag","embeddable":true,"href":"https:\/\/listman.shop\/autoparts-br\/wp-json\/wp\/v2\/product_tag?post=41313"}],"curies":[{"name":"wp","href":"https:\/\/api.w.org\/{rel}","templated":true}]}}