{"id":41366,"date":"2025-03-27T08:15:32","date_gmt":"2025-03-26T23:15:32","guid":{"rendered":"https:\/\/listman.shop\/autoparts-br\/product\/1005004588857297\/"},"modified":"2026-05-04T15:44:24","modified_gmt":"2026-05-04T06:44:24","slug":"1005004588857297","status":"publish","type":"product","link":"https:\/\/listman.shop\/autoparts-br\/product\/1005004588857297\/","title":{"rendered":"Amortecedor dianteiro luz de nevoeiro l\u00e2mpada para bmw mini cooper r55 r56 r57 para mini clubman pe\u00e7as reposi\u00e7\u00e3o dur\u00e1vel 63172751295"},"content":{"rendered":"<div class=\"detailmodule_html\">\n<div class=\"detail-desc-decorate-richtext\">\n<div class=\"detailmodule_dynamic\">\n<\/div>\n<div class=\"detailmodule_text\">\n<div>\n  <br \/> \n <\/div>\n<p style=\"font-family:OpenSans;font-size:20px;font-weight:900;line-height:28px;white-space:pre-wrap;margin-bottom:12px\" class=\"detail-desc-decorate-title\" id=\"tl_1\">Front Bumper Fog Light Lamp For BMW MINI Cooper R55 R56 R57 For MINI Clubman Replacement Spare Parts Durable 63172751295<\/p>\n<\/div>\n<div class=\"detailmodule_text\">\n<p style=\"font-family:OpenSans;font-size:20px;font-weight:900;line-height:28px;white-space:pre-wrap;margin-bottom:12px\" class=\"detail-desc-decorate-title\" id=\"tl_2\">Feature:<\/p>\n<p style=\"font-family:OpenSans;font-size:14px;font-weight:300;line-height:20px;white-space:pre-wrap;margin-bottom:12px\" class=\"detail-desc-decorate-content\" id=\"tl_3\">This OEM-style high-power LED daytime running light\/fog lamp shade assembly will directly replace the off-the-shelf fog lamp\/stop lamp shade for mini cooper.<br \/>Our direct-mounted LED daytime running light shades are alternatives, can be perfectly integrated into your car, and have a newer OEM style and appearance.<br \/>Clear lenses are easier to transmit light.<\/p>\n<\/div>\n<div class=\"detailmodule_text\">\n<p style=\"font-family:OpenSans;font-size:20px;font-weight:900;line-height:28px;white-space:pre-wrap;margin-bottom:12px\" class=\"detail-desc-decorate-title\" id=\"tl_4\">Specification:<\/p>\n<p style=\"font-family:OpenSans;font-size:14px;font-weight:300;line-height:20px;white-space:pre-wrap;margin-bottom:12px\" class=\"detail-desc-decorate-content\" id=\"tl_5\">Name: Car LED Daytime Running Light Shade<br \/>Product OE: 63172751295<br \/>Waterproof rating: IP68<br \/>Product size: 18.5x14x10.5cm\/7.28&#215;5.51&#215;4.13in<\/p>\n<\/div>\n<div class=\"detailmodule_text\">\n<p style=\"font-family:OpenSans;font-size:20px;font-weight:900;line-height:28px;white-space:pre-wrap;margin-bottom:12px\" class=\"detail-desc-decorate-title\" id=\"tl_6\">Fitment:<\/p>\n<p style=\"font-family:OpenSans;font-size:14px;font-weight:300;line-height:20px;white-space:pre-wrap;margin-bottom:12px\" class=\"detail-desc-decorate-content\" id=\"tl_7\">for Mini R55 R56 R57 R58 R59 2006-2014<br \/>for Mini Clubvan 2012-2014<br \/>for Mini Cooper 2006 onwards<br \/>for Mini Clubman 2007 onwards<br \/>for Mini Roadster 2012-2015<br \/>for Mini Countryman one 2011-2012<\/p>\n<\/div>\n<div class=\"detailmodule_text\">\n<p style=\"font-family:OpenSans;font-size:20px;font-weight:900;line-height:28px;white-space:pre-wrap;margin-bottom:12px\" class=\"detail-desc-decorate-title\" id=\"tl_8\">Packing list:<\/p>\n<p style=\"font-family:OpenSans;font-size:14px;font-weight:300;line-height:20px;white-space:pre-wrap;margin-bottom:12px\" class=\"detail-desc-decorate-content\" id=\"tl_9\">Left and Right \uff1a1Pc Left and 1Pc Right Fog Lamp Assembly <br \/>1Pc Left \uff1a1Pc Left Fog Lamp Assembly <br \/>1Pc Right\uff1a1Pc Right Fog Lamp Assembly<\/p>\n<\/div>\n<div class=\"detailmodule_text\">\n<p style=\"font-family:OpenSans;font-size:20px;font-weight:900;line-height:28px;white-space:pre-wrap;margin-bottom:12px\" class=\"detail-desc-decorate-title\" id=\"tl_10\">Note\uff1a<\/p>\n<p style=\"font-family:OpenSans;font-size:14px;font-weight:300;line-height:20px;white-space:pre-wrap;margin-bottom:12px\" class=\"detail-desc-decorate-content\" id=\"tl_11\">Due to the different monitor and light effect, the actual color of the item might be slightly different from the color showed on the pictures. Thank you!<br \/>Please allow 1-2cm measuring deviation due to manual measurement.<\/p>\n<\/div>\n<div class=\"detailmodule_image\">\n <img data-recalc-dims=\"1\" decoding=\"async\" style=\"margin-bottom:10px\" class=\"detail-desc-decorate-image\" src=\"https:\/\/i0.wp.com\/ae01.alicdn.com\/kf\/S5a7fb742d2734a0ab3002629a8315ea9m.png?w=1200&#038;ssl=1\" \/><br \/>\n <img data-recalc-dims=\"1\" decoding=\"async\" style=\"margin-bottom:10px\" class=\"detail-desc-decorate-image\" src=\"https:\/\/i0.wp.com\/ae01.alicdn.com\/kf\/Sc20fdf3ea8a74697a82e1e75df904ec4E.png?w=1200&#038;ssl=1\" \/><br \/>\n <img data-recalc-dims=\"1\" decoding=\"async\" style=\"margin-bottom:10px\" class=\"detail-desc-decorate-image\" src=\"https:\/\/i0.wp.com\/ae01.alicdn.com\/kf\/Sf5a6f20d32984d85b66d9f3c9633afc5B.png?w=1200&#038;ssl=1\" \/><br \/>\n <img data-recalc-dims=\"1\" decoding=\"async\" style=\"margin-bottom:10px\" class=\"detail-desc-decorate-image\" src=\"https:\/\/i0.wp.com\/ae01.alicdn.com\/kf\/S4fe32ca8c473406aa24284860403cc380.png?w=1200&#038;ssl=1\" \/>\n<\/div>\n<p><\/p>\n<\/div>\n<\/div>\n","protected":false},"excerpt":{"rendered":"<p>Front Bumper Fog Light Lamp For BMW MINI Cooper R55 R56 R57 For MINI Clubman Replacement Spare Parts Durable 63172751295 Feature: This OEM-style high-power LED daytime running light\/fog lamp shade assembly will directly replace the off-the-shelf fog lamp\/stop lamp shade for mini cooper.Our direct-mounted LED daytime running light shades are alternatives, can be perfectly integrated&hellip;&nbsp;<\/p>\n","protected":false},"featured_media":41360,"template":"","meta":{"neve_meta_sidebar":"","neve_meta_container":"","neve_meta_enable_content_width":"","neve_meta_content_width":0,"neve_meta_title_alignment":"","neve_meta_author_avatar":"","neve_post_elements_order":"","neve_meta_disable_header":"","neve_meta_disable_footer":"","neve_meta_disable_title":""},"product_brand":[],"product_cat":[95,19,17],"product_tag":[],"class_list":{"0":"post-41366","1":"product","2":"type-product","3":"status-publish","4":"has-post-thumbnail","6":"product_cat-assembleia-lampada-sinal","7":"product_cat-luzes-automotivas","8":"product_cat-pecas-e-acessorios-automotivos","10":"first","11":"instock","12":"shipping-taxable","13":"purchasable","14":"product-type-variable","15":"has-default-attributes"},"jetpack_sharing_enabled":true,"_links":{"self":[{"href":"https:\/\/listman.shop\/autoparts-br\/wp-json\/wp\/v2\/product\/41366","targetHints":{"allow":["GET"]}}],"collection":[{"href":"https:\/\/listman.shop\/autoparts-br\/wp-json\/wp\/v2\/product"}],"about":[{"href":"https:\/\/listman.shop\/autoparts-br\/wp-json\/wp\/v2\/types\/product"}],"wp:featuredmedia":[{"embeddable":true,"href":"https:\/\/listman.shop\/autoparts-br\/wp-json\/wp\/v2\/media\/41360"}],"wp:attachment":[{"href":"https:\/\/listman.shop\/autoparts-br\/wp-json\/wp\/v2\/media?parent=41366"}],"wp:term":[{"taxonomy":"product_brand","embeddable":true,"href":"https:\/\/listman.shop\/autoparts-br\/wp-json\/wp\/v2\/product_brand?post=41366"},{"taxonomy":"product_cat","embeddable":true,"href":"https:\/\/listman.shop\/autoparts-br\/wp-json\/wp\/v2\/product_cat?post=41366"},{"taxonomy":"product_tag","embeddable":true,"href":"https:\/\/listman.shop\/autoparts-br\/wp-json\/wp\/v2\/product_tag?post=41366"}],"curies":[{"name":"wp","href":"https:\/\/api.w.org\/{rel}","templated":true}]}}