{"id":41510,"date":"2025-03-27T08:21:09","date_gmt":"2025-03-26T23:21:09","guid":{"rendered":"https:\/\/listman.shop\/autoparts-br\/product\/1005005222541754\/"},"modified":"2026-05-04T15:14:06","modified_gmt":"2026-05-04T06:14:06","slug":"1005005222541754","status":"publish","type":"product","link":"https:\/\/listman.shop\/autoparts-br\/product\/1005005222541754\/","title":{"rendered":"Luzes de nevoeiro led para toyota land cruiser 100 lc100 uzj100 fzj10 1998-2008 carro drl sinal de volta l\u00e2mpada de condu\u00e7\u00e3o diurna branco amarelo"},"content":{"rendered":"<div class=\"detailmodule_html\">\n<div class=\"detail-desc-decorate-richtext\">\n<p><span style=\"font-size:20px\">Luzes de neblina led para toyota land cruiser 100 LC100 UZJ100 FZJ10 1998-2008 carro DRL sinal volta l\u00e2mpada condu\u00e7\u00e3o diurna branco amarelo<\/span><\/p>\n<p><\/p>\n<p><strong><span style=\"font-size:18px\">O Branco e Amarelo possuem duas fun\u00e7\u00f5es, DRL e piscas.<\/span><\/strong><\/p>\n<p><\/p>\n<p><\/p>\n<p><strong><span style=\"font-size:18px\">Quando voc\u00ea est\u00e1 dirigindo em linha reta, ele acende em branco.Quando voc\u00ea o gira piscando em luz branca e amarela.<\/span><\/strong><\/p>\n<p><\/p>\n<p><\/p>\n<p><strong><span style=\"font-size:18px\">Adequado para: Toyota Land Cruiser 100 LC100 UZJ100 FZJ10 1998 1999 2000 2001 2003 2004 2006 2007 2008<\/span><\/strong><\/p>\n<p><\/p>\n<p><span style=\"font-size:18px\">Caracter\u00edsticas:<\/span><\/p>\n<p>1.100% novo e de alta qualidade.Adote LEDs 100% novos de alta qualidade e alta lumin\u00e2ncia<\/p>\n<p>2.Design de instala\u00e7\u00e3o elaborado e f\u00e1cil<\/p>\n<p>3.O LED brilhante consome muito menos energia do que uma l\u00e2mpada padr\u00e3o, mantendo uma sa\u00edda de luz ideal<\/p>\n<p>4.Refletor \u00e0 prova d&#8217;\u00e1gua IP67 para todas as condi\u00e7\u00f5es clim\u00e1ticas da estrada<\/p>\n<p>5.Brilhante com luz de circula\u00e7\u00e3o diurna super feixe para seguran\u00e7a ao dirigir<\/p>\n<p>6.Vida \u00fatil mais longa do LED de at\u00e9 50.000 horas, custo m\u00ednimo de manuten\u00e7\u00e3o<\/p>\n<p>7.Melhore a apar\u00eancia total O feixe branco extra frio melhora a apar\u00eancia total do seu carro<\/p>\n<p>8.O farol de neblina melhora a seguran\u00e7a durante a condu\u00e7\u00e3o e permite que seu ve\u00edculo seja visto a dist\u00e2ncias muito maiores.Melhora muito o tempo de rea\u00e7\u00e3o dos motoristas que se aproximam em um incidente<\/p>\n<p><\/p>\n<p><span style=\"font-size:18px\">Especifica\u00e7\u00e3o:<\/span><\/p>\n<p>Fonte de luz: LED<\/p>\n<p>Tens\u00e3o: 12V<\/p>\n<p>Caracter\u00edsticas especiais: alta pot\u00eancia e baixo consumo de filhos<\/p>\n<p>\u00c0 prova d&#8217;\u00e1gua: IP67<\/p>\n<p>Vida \u00fatil: 50.000 horas<\/p>\n<p><\/p>\n<p><span style=\"font-size:18px\">Pacote inclu\u00eddo:<\/span><\/p>\n<p>1 conjunto de far\u00f3is de neblina LED (L\/R)<\/p>\n<p><img data-recalc-dims=\"1\" decoding=\"async\" src=\"https:\/\/i0.wp.com\/ae01.alicdn.com\/kf\/S435f5eb4c97544dcbf9a0bddfc3276f2N.jpg?w=1200&#038;ssl=1\"><img data-recalc-dims=\"1\" decoding=\"async\" src=\"https:\/\/i0.wp.com\/ae01.alicdn.com\/kf\/S12f2ae5c23874b30b42991274eb916e0O.jpg?w=1200&#038;ssl=1\"><img data-recalc-dims=\"1\" decoding=\"async\" src=\"https:\/\/i0.wp.com\/ae01.alicdn.com\/kf\/S593936848ab9454db830d34c675b1090C.jpg?w=1200&#038;ssl=1\"><img data-recalc-dims=\"1\" decoding=\"async\" src=\"https:\/\/i0.wp.com\/ae01.alicdn.com\/kf\/Sbf2ffb370bd54a43b0cfb9fe6724fcf7H.jpg?w=1200&#038;ssl=1\"><img data-recalc-dims=\"1\" decoding=\"async\" src=\"https:\/\/i0.wp.com\/ae01.alicdn.com\/kf\/S5d99c51a75ff412487896f7539a9ea1dc.jpg?w=1200&#038;ssl=1\"><\/p>\n<p><\/p>\n<\/p>\n<\/div>\n<\/div>\n","protected":false},"excerpt":{"rendered":"<p>Luzes de neblina led para toyota land cruiser 100 LC100 UZJ100 FZJ10 1998-2008 carro DRL sinal volta l\u00e2mpada condu\u00e7\u00e3o diurna branco amarelo O Branco e Amarelo possuem duas fun\u00e7\u00f5es, DRL e piscas. Quando voc\u00ea est\u00e1 dirigindo em linha reta, ele acende em branco.Quando voc\u00ea o gira piscando em luz branca e amarela. Adequado para: Toyota&hellip;&nbsp;<\/p>\n","protected":false},"featured_media":41504,"template":"","meta":{"neve_meta_sidebar":"","neve_meta_container":"","neve_meta_enable_content_width":"","neve_meta_content_width":0,"neve_meta_title_alignment":"","neve_meta_author_avatar":"","neve_post_elements_order":"","neve_meta_disable_header":"","neve_meta_disable_footer":"","neve_meta_disable_title":""},"product_brand":[],"product_cat":[95,19,17],"product_tag":[],"class_list":{"0":"post-41510","1":"product","2":"type-product","3":"status-publish","4":"has-post-thumbnail","6":"product_cat-assembleia-lampada-sinal","7":"product_cat-luzes-automotivas","8":"product_cat-pecas-e-acessorios-automotivos","10":"first","11":"instock","12":"shipping-taxable","13":"purchasable","14":"product-type-variable","15":"has-default-attributes"},"jetpack_sharing_enabled":true,"_links":{"self":[{"href":"https:\/\/listman.shop\/autoparts-br\/wp-json\/wp\/v2\/product\/41510","targetHints":{"allow":["GET"]}}],"collection":[{"href":"https:\/\/listman.shop\/autoparts-br\/wp-json\/wp\/v2\/product"}],"about":[{"href":"https:\/\/listman.shop\/autoparts-br\/wp-json\/wp\/v2\/types\/product"}],"wp:featuredmedia":[{"embeddable":true,"href":"https:\/\/listman.shop\/autoparts-br\/wp-json\/wp\/v2\/media\/41504"}],"wp:attachment":[{"href":"https:\/\/listman.shop\/autoparts-br\/wp-json\/wp\/v2\/media?parent=41510"}],"wp:term":[{"taxonomy":"product_brand","embeddable":true,"href":"https:\/\/listman.shop\/autoparts-br\/wp-json\/wp\/v2\/product_brand?post=41510"},{"taxonomy":"product_cat","embeddable":true,"href":"https:\/\/listman.shop\/autoparts-br\/wp-json\/wp\/v2\/product_cat?post=41510"},{"taxonomy":"product_tag","embeddable":true,"href":"https:\/\/listman.shop\/autoparts-br\/wp-json\/wp\/v2\/product_tag?post=41510"}],"curies":[{"name":"wp","href":"https:\/\/api.w.org\/{rel}","templated":true}]}}