{"id":4156,"date":"2024-10-13T02:05:33","date_gmt":"2024-10-12T17:05:33","guid":{"rendered":"https:\/\/listman.shop\/autoparts-br\/product\/32904772917\/"},"modified":"2026-04-14T21:08:08","modified_gmt":"2026-04-14T12:08:08","slug":"32904772917","status":"publish","type":"product","link":"https:\/\/listman.shop\/autoparts-br\/product\/32904772917\/","title":{"rendered":"Filtro de entrada de ar universal para carro R-EP 76MM 70mm 65mm Filtros de alto fluxo de desempenho para entrada de ar frio 3 polegadas 2,75 polegadas 2,5 polegadas"},"content":{"rendered":"<div class=\"detailmodule_html\">\n<div class=\"detail-desc-decorate-richtext\">\n<div style=\"margin:0px auto;margin-bottom:0px;margin-top:0px;margin-left:auto;margin-right:auto;display:inline-block;max-width:1000px\">\n<p style=\"margin:0px;margin-bottom:0px;margin-top:0px;margin-left:0px;margin-right:0px;padding:0px;padding-bottom:0px;padding-top:0px;padding-left:0px;padding-right:0px;display:block;overflow:hidden;height:1px\">RM8603266175205611<\/p>\n<div><img data-recalc-dims=\"1\" decoding=\"async\" style=\"font-size:10px\" src=\"https:\/\/i0.wp.com\/ae01.alicdn.com\/kf\/Ha256f8e327a14d95b67f9db1182f7bfbG.jpg?w=1200\"><\/div>\n<div style=\"margin-top:-75.43%\">\n<div style=\"margin-left:0%;width:25%\"><a href=\"http:\/\/www.aliexpress.com\/item\/info\/4000152097241.html\" target=\"_self\" class=\"\"><img data-recalc-dims=\"1\" decoding=\"async\" style=\"font-size:10px\" src=\"https:\/\/i0.wp.com\/ae01.alicdn.com\/kf\/H5643f1aeb78d4371b44e30098dd59a0da.png?w=1200\"><\/a><\/div>\n<div style=\"margin-top:-37.72%;margin-left:25%;width:25%\"><a href=\"http:\/\/www.aliexpress.com\/item\/info\/32802943919.html\" target=\"_self\" class=\"\"><img data-recalc-dims=\"1\" decoding=\"async\" style=\"font-size:10px\" src=\"https:\/\/i0.wp.com\/ae01.alicdn.com\/kf\/H5643f1aeb78d4371b44e30098dd59a0da.png?w=1200\"><\/a><\/div>\n<div style=\"margin-top:-37.72%;margin-left:50%;width:25%\"><a href=\"http:\/\/www.aliexpress.com\/item\/info\/32904772917.html\" target=\"_self\" class=\"\"><img data-recalc-dims=\"1\" decoding=\"async\" style=\"font-size:10px\" src=\"https:\/\/i0.wp.com\/ae01.alicdn.com\/kf\/H5643f1aeb78d4371b44e30098dd59a0da.png?w=1200\"><\/a><\/div>\n<div style=\"margin-top:-37.72%;margin-left:75%;width:25%\"><a href=\"http:\/\/www.aliexpress.com\/item\/info\/32974472204.html\" target=\"_self\" class=\"\"><img data-recalc-dims=\"1\" decoding=\"async\" style=\"font-size:10px\" src=\"https:\/\/i0.wp.com\/ae01.alicdn.com\/kf\/H5643f1aeb78d4371b44e30098dd59a0da.png?w=1200\"><\/a><\/div>\n<div style=\"margin-left:0%;width:25%\"><a href=\"http:\/\/www.aliexpress.com\/item\/info\/4001229996172.html\" target=\"_self\" class=\"\"><img data-recalc-dims=\"1\" decoding=\"async\" style=\"font-size:10px\" src=\"https:\/\/i0.wp.com\/ae01.alicdn.com\/kf\/H5643f1aeb78d4371b44e30098dd59a0da.png?w=1200\"><\/a><\/div>\n<div style=\"margin-top:-37.72%;margin-left:25%;width:25%\"><a href=\"http:\/\/www.aliexpress.com\/item\/info\/4001219613138.html\" target=\"_self\" class=\"\"><img data-recalc-dims=\"1\" decoding=\"async\" style=\"font-size:10px\" src=\"https:\/\/i0.wp.com\/ae01.alicdn.com\/kf\/H5643f1aeb78d4371b44e30098dd59a0da.png?w=1200\"><\/a><\/div>\n<div style=\"margin-top:-37.72%;margin-left:50%;width:25%\"><a href=\"http:\/\/www.aliexpress.com\/item\/info\/4000986322130.html\" target=\"_self\" class=\"\"><img data-recalc-dims=\"1\" decoding=\"async\" style=\"font-size:10px\" src=\"https:\/\/i0.wp.com\/ae01.alicdn.com\/kf\/H5643f1aeb78d4371b44e30098dd59a0da.png?w=1200\"><\/a><\/div>\n<div style=\"margin-top:-37.72%;margin-left:75%;width:25%\"><a href=\"http:\/\/www.aliexpress.com\/item\/info\/32812792221.html\" target=\"_self\" class=\"\"><img data-recalc-dims=\"1\" decoding=\"async\" style=\"font-size:10px\" src=\"https:\/\/i0.wp.com\/ae01.alicdn.com\/kf\/H5643f1aeb78d4371b44e30098dd59a0da.png?w=1200\"><\/a><\/div>\n<\/div>\n<\/div>\n<div>\n<div>\n<div>\n<div>\n<div>\n<div>\n<div>\n<div>\n<div>\n<div>\n<div>\n<div>\n<div>\n<div>\n<div>\n<div>\n<div>\n<div>\n<div>\n<div>\n<div>\n<div>\n<div>\n<div>\n<div>\n<div>\n<div>\n<div>\n<div>\n<div>\n<div>\n<div>\n<div>\n<div>\n<div>\n<div>\n<div>\n<div>\n<div>\n<div>\n<div>\n<div>\n<div>\n<div>\n<div>\n<div>\n<div>\n<div>\n<div>\n<div>\n<div>\n<div>\n<div>\n<div>\n<div>\n<div>\n<div>\n<div>\n<div>\n<div>\n<div>\n<div>\n<div>\n<div>\n<div>\n<div>\n<div>\n<div>\n<div>\n<div>\n<div>\n<div>\n<div>\n<div>\n<div>\n<div>\n<div>\n<div>\n<div>\n<div>\n<div>\n<div>\n<div>\n<div>\n<div>\n<div>\n<div>\n<div>\n<div>\n<div>\n<div>\n<div>\n<div>\n<div>\n<div>\n<div>\n<div>\n<div>\n<div>\n<div>\n<div>\n<div>\n<div>\n<div>\n<div>\n<div>\n<div>\n<div>\n<div>\n<div>\n<div>\n<div>\n<div>\n<div>\n<div>\n<div>\n<div>\n<div>\n<div>\n<div>\n<div>\n<div>\n<div>\n<div>\n<div>\n<div>\n<div>\n<div>\n<div>\n<div>\n<div>\n<div>\n<div>\n<div>\n<div>\n<div>\n<div>\n<div>\n<div>\n<div>\n<div>\n<div>\n<div>\n<div>\n<div>\n<div>\n<div>\n<div>\n<div>\n<div>\n<div>\n<div>\n<div>\n<div>\n<div>\n<div>\n<div>\n<div>\n<div>\n<div>\n<div>\n<div>\n<div>\n<div>\n<div>\n<div>\n<div>\n<div>\n<div>\n<div>\n<div>\n<div>\n<div>\n<div>\n<div>\n<div>\n<div>\n<div>\n<div>\n<div>\n<div>\n<div>\n<div>\n<div>\n<div>\n<div>\n<div>\n<div>\n<div>\n<div>\n<div>\n<div>\n<div>\n<div>\n<div>\n<div>\n<div>\n<div>\n<div>\n<div>\n<div>\n<div>\n<div>\n<div>\n<div>\n<div>\n<div>\n<div>\n<div>\n<div>\n<div>\n<div>\n<div>\n<div>\n<div>\n<div>\n<div>\n<div>\n<div>\n<div>\n<div>\n<div>\n<div>\n<div>\n<div>\n<div>\n<div>\n<div>\n<div>\n<div>\n<div>\n<div>\n<div>\n<div>\n<div>\n<div>\n<div>\n<div>\n<div>\n<div>\n<div>\n<div>\n<div>\n<div>\n<div>\n<div>\n<div>\n<div>\n<div>\n<div>\n<div>\n<div>\n<div>\n<div>\n<div>\n<div>\n<div>\n<div>\n<div>\n<div>\n<div>\n<div>\n<div>\n<div>\n<div>\n<div>\n<div>\n<div>\n<div>\n<div>\n<div>\n<div>\n<div>\n<div>\n<div>\n<div>\n<div>\n<div>\n<div>\n<div>\n<div>\n<div>\n<div>\n<div>\n<div>\n<div>\n<div>\n<div>\n<div>\n<div>\n<div>\n<div>\n<div>\n<div>\n<div>\n<div>\n<div>\n<div>\n<div>\n<div>\n<div>\n<div>\n<div>\n<div>\n<div>\n<div>\n<div>\n<div>\n<div>\n<div>\n<div>\n<div>\n<div>\n<div>\n<div>\n<div>\n<div>\n<div>\n<div>\n<div>\n<div>\n<div>\n<div>\n<div>\n<div>\n<div>\n<div>\n<div>\n<div>\n<div>\n<div>\n<div>\n<div>\n<div>\n<div>\n<div>\n<div>\n<div>\n<div>\n<div>\n<div>\n<div>\n<div>\n<div>\n<div>\n<div>\n<div>\n<div>\n<div>\n<div>\n<div>\n<div>\n<div>\n<div>\n<div>\n<div>\n<div>\n<div>\n<div>\n<div>\n<div>\n<div>\n<div>\n<div>\n<div>\n<div>\n<div>\n<div>\n<div>\n<div>\n<div>\n<div>\n<div>\n<div>\n<div>\n<div>\n<div>\n<div>\n<div>\n<div>\n<div>\n<div>\n<div>\n<div>\n<div>\n<div>\n<div>\n<div>\n<div>\n<div>\n<div>\n<div>\n<div>\n<div>\n<div>\n<div>\n<div>\n<div>\n<div>\n<div>\n<div>\n<div>\n<div>\n<div>\n<div>\n<div>\n<div>\n<div>\n<div>\n<div>\n<div>\n<div>\n<div>\n<div>\n<div>\n<div>\n<div>\n<div>\n<div>\n<div>\n<div>\n<div>\n<div>\n<div>\n<div>\n<div>\n<div>\n<div>\n<div>\n<div>\n<div>\n<div>\n<div>\n<div>\n<div>\n<div>\n<div>\n<div>\n<div>\n<div>\n<div>\n<div>\n<div>\n<div>\n<div>\n<div>\n<div>\n<div>\n<div>\n<div>\n<div>\n<div>\n<div>\n<div>\n<div>\n<div>\n<div>\n<div>\n<div>\n<div>\n<div>\n<div>\n<div>\n<div>\n<div>\n<div>\n<div>\n<div>\n<div>\n<div>\n<div>\n<div>\n<div>\n<div>\n<div>\n<div>\n<div>\n<div>\n<div>\n<div>\n<div>\n<div>\n<div>\n<div>\n<div>\n<div>\n<div>\n<div>\n<div>\n<div>\n<div>\n<div>\n<div>\n<div>\n<div>\n<div>\n<div>\n<div>\n<div>\n<div>\n<div>\n<div>\n<div>\n<div>\n<div>\n<div>\n<p style=\"text-align:center;margin:0px;margin-bottom:0px;margin-top:0px;margin-left:0px;margin-right:0px\" align=\"center\"><a href=\"http:\/\/www.aliexpress.com\/store\/product\/R-EP-Tuning-Car-Spoiler-Universal-for-Sedan-Rear-Car-3D-Carbon-Fiber-Rear-Hatchback-Auto\/2951130_33008776839.html?spm=2114.12010612.8148356.9.69c157c9v4wNfC\" target=\"_blank\" class=\"\"><img data-recalc-dims=\"1\" decoding=\"async\" src=\"https:\/\/i0.wp.com\/ae01.alicdn.com\/kf\/HTB1_LT8TxTpK1RjSZFKq6y2wXXas.jpg?w=1200\"><\/a><\/p>\n<div><\/div>\n<p><span style=\"font-size:22px\"><strong>Filtro de entrada de ar de alto fluxo universal para carro 76mm 70mm 65mm<\/strong><\/span><\/p>\n<p><span style=\"font-size:18px\">Pode atrair mais ar para o seu motor.Como resultado, melhora a resposta do acelerador e mais pot\u00eancia.A malha fina aumenta a quantidade de fluxo de ar, endireita o fluxo e para de sugar o ar quente do compartimento do motor de alta temperatura. Lav\u00e1vel e reutiliz\u00e1vel.Ganhe pot\u00eancia instant\u00e2nea (5-8 cv) melhorando o processo de filtra\u00e7\u00e3o.F\u00e1cil instala\u00e7\u00e3o, aparafusado diretamente, instru\u00e7\u00f5es de instala\u00e7\u00e3o n\u00e3o inclu\u00eddas.<\/span><\/p>\n<div><\/div>\n<p><strong><span style=\"font-size:22px\">Descri\u00e7\u00e3o:<\/span><\/strong><\/p>\n<p><span style=\"font-size:18px\">&#8211; 100% novo com pacote original<\/span><\/p>\n<div><\/div>\n<p><span style=\"font-size:18px\">&#8211; Aplica\u00e7\u00e3o: Ajuste universal para ve\u00edculos com entrada de ar de 3&#8243;, 2,75&#8221;, 2,5&#8221; (verifique o tamanho da sua entrada antes de comprar!!)<\/span><\/p>\n<div><\/div>\n<p><span style=\"font-size:18px\">&#8211; Material: Alum\u00ednio e tecido Di\u00e2metro: 76 mm, 70 mm, 65 mm (cerca de 3 polegadas, 2,75 polegadas, 2,5 polegadas)<\/span><\/p>\n<div><\/div>\n<p><span style=\"font-size:18px\">-Cor: Preto<\/span><\/p>\n<div><\/div>\n<p><strong><span style=\"font-size:22px\">Pacote incluindo:<\/span><\/strong><\/p>\n<p><span style=\"font-size:18px\">1x filtro de ar do carro<\/span><\/p>\n<div><\/div>\n<p><span style=\"font-size:18px\">1x adaptador de borracha<\/span><\/p>\n<div><\/div>\n<p><span style=\"font-size:18px\">(76mm n\u00e3o inclui adaptador redutor)<\/span><\/p>\n<div><\/div>\n<p style=\"font-family:arial, helvetica, sans-serif;font-size:13px;line-height:16.9px;border:0px;margin:0px;margin-bottom:0px;margin-top:0px;margin-left:0px;margin-right:0px;padding:0px;padding-bottom:0px;padding-top:0px;padding-left:0px;padding-right:0px\"><img data-recalc-dims=\"1\" decoding=\"async\" src=\"https:\/\/i0.wp.com\/ae01.alicdn.com\/kf\/HTB1YzUezZyYBuNkSnfoq6AWgVXaF.jpg?w=1200&#038;ssl=1\"><\/p>\n<p style=\"font-family:arial, helvetica, sans-serif;font-size:13px;line-height:16.9px;border:0px;margin:0px;margin-bottom:0px;margin-top:0px;margin-left:0px;margin-right:0px;padding:0px;padding-bottom:0px;padding-top:0px;padding-left:0px;padding-right:0px\"><img data-recalc-dims=\"1\" decoding=\"async\" src=\"https:\/\/i0.wp.com\/ae01.alicdn.com\/kf\/HTB1Vefmbi6guuRjy1Xdq6yAwpXaw.jpg?w=1200&#038;ssl=1\"><\/p>\n<p style=\"font-family:arial, helvetica, sans-serif;font-size:13px;line-height:16.9px;border:0px;margin:0px;margin-bottom:0px;margin-top:0px;margin-left:0px;margin-right:0px;padding:0px;padding-bottom:0px;padding-top:0px;padding-left:0px;padding-right:0px\"><img data-recalc-dims=\"1\" decoding=\"async\" src=\"https:\/\/i0.wp.com\/ae01.alicdn.com\/kf\/H8673ad62d43e418d82da0e04ad435058m.jpg?w=1200&#038;ssl=1\"><img data-recalc-dims=\"1\" decoding=\"async\" src=\"https:\/\/i0.wp.com\/ae01.alicdn.com\/kf\/H8189c8e35e3342c0a7ead5ead22b7f73T.jpg?w=1200&#038;ssl=1\"><img data-recalc-dims=\"1\" decoding=\"async\" src=\"https:\/\/i0.wp.com\/ae01.alicdn.com\/kf\/Hd8cea464fa4a49d98f64a101c1530c78h.jpg?w=1200&#038;ssl=1\"><img data-recalc-dims=\"1\" decoding=\"async\" src=\"https:\/\/i0.wp.com\/ae01.alicdn.com\/kf\/HTB1fXJJIx1YBuNjy1zcq6zNcXXag.jpg?w=1200&#038;ssl=1\"><img data-recalc-dims=\"1\" decoding=\"async\" src=\"https:\/\/i0.wp.com\/ae01.alicdn.com\/kf\/HTB1JDpjIuuSBuNjy1Xcq6AYjFXaU.jpg?w=1200&#038;ssl=1\"><img data-recalc-dims=\"1\" decoding=\"async\" src=\"https:\/\/i0.wp.com\/ae01.alicdn.com\/kf\/HTB18maTIASWBuNjSszdq6zeSpXa2.jpg?w=1200&#038;ssl=1\"><img data-recalc-dims=\"1\" decoding=\"async\" src=\"https:\/\/i0.wp.com\/ae01.alicdn.com\/kf\/HTB1DdNUIxSYBuNjSspjq6x73VXa6.jpg?w=1200&#038;ssl=1\"><\/p>\n<div>\n<\/div>\n<\/div>\n<\/div>\n<\/div>\n<\/div>\n<\/div>\n<\/div>\n<\/div>\n<\/div>\n<\/div>\n<\/div>\n<\/div>\n<\/div>\n<\/div>\n<\/div>\n<\/div>\n<\/div>\n<\/div>\n<\/div>\n<\/div>\n<\/div>\n<\/div>\n<\/div>\n<\/div>\n<\/div>\n<\/div>\n<\/div>\n<\/div>\n<\/div>\n<\/div>\n<\/div>\n<\/div>\n<\/div>\n<\/div>\n<\/div>\n<\/div>\n<\/div>\n<\/div>\n<\/div>\n<\/div>\n<\/div>\n<\/div>\n<\/div>\n<\/div>\n<\/div>\n<\/div>\n<\/div>\n<\/div>\n<\/div>\n<\/div>\n<\/div>\n<\/div>\n<\/div>\n<\/div>\n<\/div>\n<\/div>\n<\/div>\n<\/div>\n<\/div>\n<\/div>\n<\/div>\n<\/div>\n<\/div>\n<\/div>\n<\/div>\n<\/div>\n<\/div>\n<\/div>\n<\/div>\n<\/div>\n<\/div>\n<\/div>\n<\/div>\n<\/div>\n<\/div>\n<\/div>\n<\/div>\n<\/div>\n<\/div>\n<\/div>\n<\/div>\n<\/div>\n<\/div>\n<\/div>\n<\/div>\n<\/div>\n<\/div>\n<\/div>\n<\/div>\n<\/div>\n<\/div>\n<\/div>\n<\/div>\n<\/div>\n<\/div>\n<\/div>\n<\/div>\n<\/div>\n<\/div>\n<\/div>\n<\/div>\n<\/div>\n<\/div>\n<\/div>\n<\/div>\n<\/div>\n<\/div>\n<\/div>\n<\/div>\n<\/div>\n<\/div>\n<\/div>\n<\/div>\n<\/div>\n<\/div>\n<\/div>\n<\/div>\n<\/div>\n<\/div>\n<\/div>\n<\/div>\n<\/div>\n<\/div>\n<\/div>\n<\/div>\n<\/div>\n<\/div>\n<\/div>\n<\/div>\n<\/div>\n<\/div>\n<\/div>\n<\/div>\n<\/div>\n<\/div>\n<\/div>\n<\/div>\n<\/div>\n<\/div>\n<\/div>\n<\/div>\n<\/div>\n<\/div>\n<\/div>\n<\/div>\n<\/div>\n<\/div>\n<\/div>\n<\/div>\n<\/div>\n<\/div>\n<\/div>\n<\/div>\n<\/div>\n<\/div>\n<\/div>\n<\/div>\n<\/div>\n<\/div>\n<\/div>\n<\/div>\n<\/div>\n<\/div>\n<\/div>\n<\/div>\n<\/div>\n<\/div>\n<\/div>\n<\/div>\n<\/div>\n<\/div>\n<\/div>\n<\/div>\n<\/div>\n<\/div>\n<\/div>\n<\/div>\n<\/div>\n<\/div>\n<\/div>\n<\/div>\n<\/div>\n<\/div>\n<\/div>\n<\/div>\n<\/div>\n<\/div>\n<\/div>\n<\/div>\n<\/div>\n<\/div>\n<\/div>\n<\/div>\n<\/div>\n<\/div>\n<\/div>\n<\/div>\n<\/div>\n<\/div>\n<\/div>\n<\/div>\n<\/div>\n<\/div>\n<\/div>\n<\/div>\n<\/div>\n<\/div>\n<\/div>\n<\/div>\n<\/div>\n<\/div>\n<\/div>\n<\/div>\n<\/div>\n<\/div>\n<\/div>\n<\/div>\n<\/div>\n<\/div>\n<\/div>\n<\/div>\n<\/div>\n<\/div>\n<\/div>\n<\/div>\n<\/div>\n<\/div>\n<\/div>\n<\/div>\n<\/div>\n<\/div>\n<\/div>\n<\/div>\n<\/div>\n<\/div>\n<\/div>\n<\/div>\n<\/div>\n<\/div>\n<\/div>\n<\/div>\n<\/div>\n<\/div>\n<\/div>\n<\/div>\n<\/div>\n<\/div>\n<\/div>\n<\/div>\n<\/div>\n<\/div>\n<\/div>\n<\/div>\n<\/div>\n<\/div>\n<\/div>\n<\/div>\n<\/div>\n<\/div>\n<\/div>\n<\/div>\n<\/div>\n<\/div>\n<\/div>\n<\/div>\n<\/div>\n<\/div>\n<\/div>\n<\/div>\n<\/div>\n<\/div>\n<\/div>\n<\/div>\n<\/div>\n<\/div>\n<\/div>\n<\/div>\n<\/div>\n<\/div>\n<\/div>\n<\/div>\n<\/div>\n<\/div>\n<\/div>\n<\/div>\n<\/div>\n<\/div>\n<\/div>\n<\/div>\n<\/div>\n<\/div>\n<\/div>\n<\/div>\n<\/div>\n<\/div>\n<\/div>\n<\/div>\n<\/div>\n<\/div>\n<\/div>\n<\/div>\n<\/div>\n<\/div>\n<\/div>\n<\/div>\n<\/div>\n<\/div>\n<\/div>\n<\/div>\n<\/div>\n<\/div>\n<\/div>\n<\/div>\n<\/div>\n<\/div>\n<\/div>\n<\/div>\n<\/div>\n<\/div>\n<\/div>\n<\/div>\n<\/div>\n<\/div>\n<\/div>\n<\/div>\n<\/div>\n<\/div>\n<\/div>\n<\/div>\n<\/div>\n<\/div>\n<\/div>\n<\/div>\n<\/div>\n<\/div>\n<\/div>\n<\/div>\n<\/div>\n<\/div>\n<\/div>\n<\/div>\n<\/div>\n<\/div>\n<\/div>\n<\/div>\n<\/div>\n<\/div>\n<\/div>\n<\/div>\n<\/div>\n<\/div>\n<\/div>\n<\/div>\n<\/div>\n<\/div>\n<\/div>\n<\/div>\n<\/div>\n<\/div>\n<\/div>\n<\/div>\n<\/div>\n<\/div>\n<\/div>\n<\/div>\n<\/div>\n<\/div>\n<\/div>\n<\/div>\n<\/div>\n<\/div>\n<\/div>\n<\/div>\n<\/div>\n<\/div>\n<\/div>\n<\/div>\n<\/div>\n<\/div>\n<\/div>\n<\/div>\n<\/div>\n<\/div>\n<\/div>\n<\/div>\n<\/div>\n<\/div>\n<\/div>\n<\/div>\n<\/div>\n<\/div>\n<\/div>\n<\/div>\n<\/div>\n<\/div>\n<\/div>\n<\/div>\n<\/div>\n<\/div>\n<\/div>\n<\/div>\n<\/div>\n<\/div>\n<\/div>\n<\/div>\n<\/div>\n<\/div>\n<\/div>\n<\/div>\n<\/div>\n<\/div>\n<\/div>\n<\/div>\n<\/div>\n<\/div>\n<\/div>\n<\/div>\n<\/div>\n<\/div>\n<\/div>\n<\/div>\n<\/div>\n<\/div>\n<\/div>\n<\/div>\n<\/div>\n<\/div>\n<\/div>\n<\/div>\n<\/div>\n<\/div>\n<\/div>\n<\/div>\n<\/div>\n<\/div>\n<\/div>\n<\/div>\n<\/div>\n<\/div>\n<\/div>\n<\/div>\n<\/div>\n<\/div>\n<\/div>\n<\/div>\n<\/div>\n<\/div>\n<\/div>\n<\/div>\n<\/div>\n<\/div>\n<\/div>\n<\/div>\n<\/div>\n<\/div>\n<\/div>\n<\/div>\n<\/div>\n<\/div>\n<\/div>\n<\/div>\n<\/div>\n<\/div>\n<\/div>\n<\/div>\n<\/div>\n<\/div>\n<\/div>\n<\/div>\n<\/div>\n<\/div>\n<\/div>\n<\/div>\n<\/div>\n<\/div>\n<\/div>\n<\/div>\n<\/div>\n<\/div>\n<\/div>\n<\/div>\n<\/div>\n<\/div>\n<\/div>\n<\/div>\n<\/div>\n<\/div>\n<\/div>\n<\/div>\n<\/div>\n<\/div>\n<\/div>\n<\/div>\n<\/div>\n<\/div>\n<\/div>\n<\/div>\n<\/div>\n<\/div>\n<\/div>\n<\/div>\n<\/div>\n<\/div>\n<\/div>\n<\/div>\n<\/div>\n<\/div>\n<div style=\"margin:0px auto;margin-bottom:0px;margin-top:0px;margin-left:auto;margin-right:auto;display:inline-block;max-width:1000px\">\n<p style=\"margin:0px;margin-bottom:0px;margin-top:0px;margin-left:0px;margin-right:0px;padding:0px;padding-bottom:0px;padding-top:0px;padding-left:0px;padding-right:0px;display:block;overflow:hidden;height:1px\">RM 8603266175205613<\/p>\n<div><img data-recalc-dims=\"1\" decoding=\"async\" style=\"font-size:10px\" src=\"https:\/\/i0.wp.com\/ae01.alicdn.com\/kf\/He31bf97c0da049c9b9d5c6dde1b4aec2T.jpg?w=1200\"><\/div>\n<div style=\"margin-top:-75.11%\">\n<div style=\"margin-left:0%;width:25%\"><a href=\"http:\/\/www.aliexpress.com\/item\/info\/4000152097241.html\" target=\"_self\" class=\"\"><img data-recalc-dims=\"1\" decoding=\"async\" style=\"font-size:10px\" src=\"https:\/\/i0.wp.com\/ae01.alicdn.com\/kf\/H5643f1aeb78d4371b44e30098dd59a0da.png?w=1200\"><\/a><\/div>\n<div style=\"margin-top:-37.55%;margin-left:25%;width:25%\"><a href=\"http:\/\/www.aliexpress.com\/item\/info\/32802943919.html\" target=\"_self\" class=\"\"><img data-recalc-dims=\"1\" decoding=\"async\" style=\"font-size:10px\" src=\"https:\/\/i0.wp.com\/ae01.alicdn.com\/kf\/H5643f1aeb78d4371b44e30098dd59a0da.png?w=1200\"><\/a><\/div>\n<div style=\"margin-top:-37.55%;margin-left:50%;width:25%\"><a href=\"http:\/\/www.aliexpress.com\/item\/info\/32904772917.html\" target=\"_self\" class=\"\"><img data-recalc-dims=\"1\" decoding=\"async\" style=\"font-size:10px\" src=\"https:\/\/i0.wp.com\/ae01.alicdn.com\/kf\/H5643f1aeb78d4371b44e30098dd59a0da.png?w=1200\"><\/a><\/div>\n<div style=\"margin-top:-37.55%;margin-left:75%;width:25%\"><a href=\"http:\/\/www.aliexpress.com\/item\/info\/32974472204.html\" target=\"_self\" class=\"\"><img data-recalc-dims=\"1\" decoding=\"async\" style=\"font-size:10px\" src=\"https:\/\/i0.wp.com\/ae01.alicdn.com\/kf\/H5643f1aeb78d4371b44e30098dd59a0da.png?w=1200\"><\/a><\/div>\n<div style=\"margin-left:0%;width:25%\"><a href=\"http:\/\/www.aliexpress.com\/item\/info\/4001229996172.html\" target=\"_self\" class=\"\"><img data-recalc-dims=\"1\" decoding=\"async\" style=\"font-size:10px\" src=\"https:\/\/i0.wp.com\/ae01.alicdn.com\/kf\/H5643f1aeb78d4371b44e30098dd59a0da.png?w=1200\"><\/a><\/div>\n<div style=\"margin-top:-37.55%;margin-left:25%;width:25%\"><a href=\"http:\/\/www.aliexpress.com\/item\/info\/32812792221.html\" target=\"_self\" class=\"\"><img data-recalc-dims=\"1\" decoding=\"async\" style=\"font-size:10px\" src=\"https:\/\/i0.wp.com\/ae01.alicdn.com\/kf\/H5643f1aeb78d4371b44e30098dd59a0da.png?w=1200\"><\/a><\/div>\n<div style=\"margin-top:-37.55%;margin-left:50%;width:25%\"><a href=\"http:\/\/www.aliexpress.com\/item\/info\/4001219613138.html\" target=\"_self\" class=\"\"><img data-recalc-dims=\"1\" decoding=\"async\" style=\"font-size:10px\" src=\"https:\/\/i0.wp.com\/ae01.alicdn.com\/kf\/H5643f1aeb78d4371b44e30098dd59a0da.png?w=1200\"><\/a><\/div>\n<div style=\"margin-top:-37.55%;margin-left:75%;width:25%\"><a href=\"http:\/\/www.aliexpress.com\/item\/info\/4000986322130.html\" target=\"_self\" class=\"\"><img data-recalc-dims=\"1\" decoding=\"async\" style=\"font-size:10px\" src=\"https:\/\/i0.wp.com\/ae01.alicdn.com\/kf\/H5643f1aeb78d4371b44e30098dd59a0da.png?w=1200\"><\/a><\/div>\n<\/div>\n<\/div>\n<p><\/p>\n<\/div>\n<\/div>\n","protected":false},"excerpt":{"rendered":"<p>RM8603266175205611 Filtro de entrada de ar de alto fluxo universal para carro 76mm 70mm 65mm Pode atrair mais ar para o seu motor.Como resultado, melhora a resposta do acelerador e mais pot\u00eancia.A malha fina aumenta a quantidade de fluxo de ar, endireita o fluxo e para de sugar o ar quente do compartimento do motor&hellip;&nbsp;<\/p>\n","protected":false},"featured_media":4150,"template":"","meta":{"neve_meta_sidebar":"","neve_meta_container":"","neve_meta_enable_content_width":"","neve_meta_content_width":0,"neve_meta_title_alignment":"","neve_meta_author_avatar":"","neve_post_elements_order":"","neve_meta_disable_header":"","neve_meta_disable_footer":"","neve_meta_disable_title":""},"product_brand":[],"product_cat":[44,26,17],"product_tag":[],"class_list":{"0":"post-4156","1":"product","2":"type-product","3":"status-publish","4":"has-post-thumbnail","6":"product_cat-filtros-de-automoveis","7":"product_cat-pecas-de-desgaste","8":"product_cat-pecas-e-acessorios-automotivos","10":"first","11":"instock","12":"shipping-taxable","13":"purchasable","14":"product-type-variable","15":"has-default-attributes"},"jetpack_sharing_enabled":true,"_links":{"self":[{"href":"https:\/\/listman.shop\/autoparts-br\/wp-json\/wp\/v2\/product\/4156","targetHints":{"allow":["GET"]}}],"collection":[{"href":"https:\/\/listman.shop\/autoparts-br\/wp-json\/wp\/v2\/product"}],"about":[{"href":"https:\/\/listman.shop\/autoparts-br\/wp-json\/wp\/v2\/types\/product"}],"wp:featuredmedia":[{"embeddable":true,"href":"https:\/\/listman.shop\/autoparts-br\/wp-json\/wp\/v2\/media\/4150"}],"wp:attachment":[{"href":"https:\/\/listman.shop\/autoparts-br\/wp-json\/wp\/v2\/media?parent=4156"}],"wp:term":[{"taxonomy":"product_brand","embeddable":true,"href":"https:\/\/listman.shop\/autoparts-br\/wp-json\/wp\/v2\/product_brand?post=4156"},{"taxonomy":"product_cat","embeddable":true,"href":"https:\/\/listman.shop\/autoparts-br\/wp-json\/wp\/v2\/product_cat?post=4156"},{"taxonomy":"product_tag","embeddable":true,"href":"https:\/\/listman.shop\/autoparts-br\/wp-json\/wp\/v2\/product_tag?post=4156"}],"curies":[{"name":"wp","href":"https:\/\/api.w.org\/{rel}","templated":true}]}}