{"id":4172,"date":"2024-10-13T02:06:26","date_gmt":"2024-10-12T17:06:26","guid":{"rendered":"https:\/\/listman.shop\/autoparts-br\/product\/32968853147\/"},"modified":"2026-05-04T18:13:06","modified_gmt":"2026-05-04T09:13:06","slug":"32968853147","status":"publish","type":"product","link":"https:\/\/listman.shop\/autoparts-br\/product\/32968853147\/","title":{"rendered":"Controle do ventilador do radiador de rel\u00e9 para VW Beetle Golf MK4 BORA POLO para Audi A3 TT 1J 0919506 K"},"content":{"rendered":"<div class=\"detailmodule_html\">\n<div class=\"detail-desc-decorate-richtext\">\n<div class=\"detailmodule_html\">\n<div class=\"detail-desc-decorate-richtext\">\n<div style=\"width: 100.0%\">\n<div style=\"height: 1.0px;padding-bottom: 0.0px;padding-top: 0.0px;padding-left: 0.0px;margin: -9.0px 0.0px 0.0px;display: block;padding-right: 0.0px;width: 1.0px\">\n<div>\n&nbsp;\n<\/div>\n<\/div>\n<\/div>\n<div>\n<strong><span style=\"font-size: 18.0px\"><span style=\"font-family: times new roman , times , serif\">N\u00famero da pe\u00e7a de refer\u00eancia:<\/span><\/span><\/strong>\n<\/div>\n<div>\n<span style=\"font-size: 18.0px\"><span style=\"font-family: times new roman , times , serif\">1J0919506K<\/span><\/span>\n<\/div>\n<div>\n&nbsp;\n<\/div>\n<div>\n<span style=\"font-size: 18.0px\"><span style=\"font-family: times new roman , times , serif\">para AUDI:<\/span><\/span>\n<\/div>\n<div>\n<span style=\"font-size: 18.0px\"><span style=\"font-family: times new roman , times , serif\">para A3 (8L) (1997-2000)<\/span><\/span>\n<\/div>\n<div>\n<span style=\"font-size: 18.0px\"><span style=\"font-family: times new roman , times , serif\">para A3 (8L) (2000-2003)<\/span><\/span>\n<\/div>\n<div>\n<span style=\"font-size: 18.0px\"><span style=\"font-family: times new roman , times , serif\">para TT (2000-2004)<\/span><\/span>\n<\/div>\n<div>\n&nbsp;\n<\/div>\n<div>\n<span style=\"font-size: 18.0px\"><span style=\"font-family: times new roman , times , serif\">para ASSENTO:<\/span><\/span>\n<\/div>\n<div>\n<span style=\"font-size: 18.0px\"><span style=\"font-family: times new roman , times , serif\">para AROSA (6H) (1997-2000)<\/span><\/span>\n<\/div>\n<div>\n<span style=\"font-size: 18.0px\"><span style=\"font-family: times new roman , times , serif\">para AROSA (6H) (2000-2004)<\/span><\/span>\n<\/div>\n<div>\n<span style=\"font-size: 18.0px\"><span style=\"font-family: times new roman , times , serif\">para LEON I (1M) (1999-2006)<\/span><\/span>\n<\/div>\n<div>\n<span style=\"font-size: 18.0px\"><span style=\"font-family: times new roman , times , serif\">para TOLEDO II (1M) (1999-2004)<\/span><\/span>\n<\/div>\n<div>\n&nbsp;\n<\/div>\n<div>\n<span style=\"font-size: 18.0px\"><span style=\"font-family: times new roman , times , serif\">para SKODA:<\/span><\/span>\n<\/div>\n<div>\n<span style=\"font-size: 18.0px\"><span style=\"font-family: times new roman , times , serif\">para OCTAVIA (1U) (2000-2011)<\/span><\/span>\n<\/div>\n<div>\n&nbsp;\n<\/div>\n<div>\n<span style=\"font-size: 18.0px\"><span style=\"font-family: times new roman , times , serif\">para VW:<\/span><\/span>\n<\/div>\n<div>\n<span style=\"font-size: 18.0px\"><span style=\"font-family: times new roman , times , serif\">para BORA (1J) (1999-2005)<\/span><\/span>\n<\/div>\n<div>\n<span style=\"font-size: 18.0px\"><span style=\"font-family: times new roman , times , serif\">para GOLF IV (1J) (1997-2004)<\/span><\/span>\n<\/div>\n<div>\n<span style=\"font-size: 18.0px\"><span style=\"font-family: times new roman , times , serif\">Para LUPO (6X \/ 6E) (1998-2005)<\/span><\/span>\n<\/div>\n<div>\n<span style=\"font-size: 18.0px\"><span style=\"font-family: times new roman , times , serif\">para NOVA BEETLE (9C \/ 1Y) (1999-2005)<\/span><\/span>\n<\/div>\n<div>\n<span style=\"font-size: 18.0px\"><span style=\"font-family: times new roman , times , serif\">para POLO (6N) (1999) -2001)<\/span><\/span>\n<\/div>\n<div>\n&nbsp;\n<\/div>\n<div>\n<strong style=\"color: #000000;font-family: arial\"><span style=\"line-height: 27.0px;font-size: 18.0px\"><span style=\"line-height: 27.0px;font-family: times new roman , times , serif\">Pacote inclu\u00eddo:<\/span><\/span><\/strong>\n<\/div>\n<div style=\"color: #000000;font-family: arial\">\n&nbsp;\n<\/div>\n<div style=\"color: #000000;font-family: arial\">\n<span style=\"line-height: 27.0px;font-size: 18.0px\"><span style=\"line-height: 27.0px;font-family: times new roman , times , serif\">1 * interruptor de rel\u00e9<\/span><\/span>\n<\/div>\n<div>\n<img data-recalc-dims=\"1\" decoding=\"async\" alt=\"_DSC8977\" src=\"https:\/\/i0.wp.com\/ae01.alicdn.com\/kf\/He7be2ed547fa45099b0025b30cac7d0by.jpg?w=1200&#038;ssl=1\"><img data-recalc-dims=\"1\" decoding=\"async\" alt=\"_DSC8979\" src=\"https:\/\/i0.wp.com\/ae01.alicdn.com\/kf\/Hc16ef85fffdb4dd3a3e2ed9c20e8c0feC.jpg?w=1200&#038;ssl=1\"><img data-recalc-dims=\"1\" decoding=\"async\" alt=\"_DSC8981\" src=\"https:\/\/i0.wp.com\/ae01.alicdn.com\/kf\/H77142c0264e1402b9a2f43476a96e1dfM.jpg?w=1200&#038;ssl=1\">\n<\/div>\n<p>\n&#8216;\n<\/p>\n<\/div>\n<\/div>\n<\/div>\n<\/div>\n","protected":false},"excerpt":{"rendered":"<p>&nbsp; N\u00famero da pe\u00e7a de refer\u00eancia: 1J0919506K &nbsp; para AUDI: para A3 (8L) (1997-2000) para A3 (8L) (2000-2003) para TT (2000-2004) &nbsp; para ASSENTO: para AROSA (6H) (1997-2000) para AROSA (6H) (2000-2004) para LEON I (1M) (1999-2006) para TOLEDO II (1M) (1999-2004) &nbsp; para SKODA: para OCTAVIA (1U) (2000-2011) &nbsp; para VW: para BORA (1J)&hellip;&nbsp;<\/p>\n","protected":false},"featured_media":4169,"template":"","meta":{"neve_meta_sidebar":"","neve_meta_container":"","neve_meta_enable_content_width":"","neve_meta_content_width":0,"neve_meta_title_alignment":"","neve_meta_author_avatar":"","neve_post_elements_order":"","neve_meta_disable_header":"","neve_meta_disable_footer":"","neve_meta_disable_title":""},"product_brand":[],"product_cat":[43,22,17],"product_tag":[],"class_list":{"0":"post-4172","1":"product","2":"type-product","3":"status-publish","4":"has-post-thumbnail","6":"product_cat-interruptores-e-controles","7":"product_cat-partes-interiores","8":"product_cat-pecas-e-acessorios-automotivos","10":"first","11":"instock","12":"shipping-taxable","13":"purchasable","14":"product-type-variable"},"jetpack_sharing_enabled":true,"_links":{"self":[{"href":"https:\/\/listman.shop\/autoparts-br\/wp-json\/wp\/v2\/product\/4172","targetHints":{"allow":["GET"]}}],"collection":[{"href":"https:\/\/listman.shop\/autoparts-br\/wp-json\/wp\/v2\/product"}],"about":[{"href":"https:\/\/listman.shop\/autoparts-br\/wp-json\/wp\/v2\/types\/product"}],"wp:featuredmedia":[{"embeddable":true,"href":"https:\/\/listman.shop\/autoparts-br\/wp-json\/wp\/v2\/media\/4169"}],"wp:attachment":[{"href":"https:\/\/listman.shop\/autoparts-br\/wp-json\/wp\/v2\/media?parent=4172"}],"wp:term":[{"taxonomy":"product_brand","embeddable":true,"href":"https:\/\/listman.shop\/autoparts-br\/wp-json\/wp\/v2\/product_brand?post=4172"},{"taxonomy":"product_cat","embeddable":true,"href":"https:\/\/listman.shop\/autoparts-br\/wp-json\/wp\/v2\/product_cat?post=4172"},{"taxonomy":"product_tag","embeddable":true,"href":"https:\/\/listman.shop\/autoparts-br\/wp-json\/wp\/v2\/product_tag?post=4172"}],"curies":[{"name":"wp","href":"https:\/\/api.w.org\/{rel}","templated":true}]}}