{"id":41800,"date":"2025-03-27T08:38:40","date_gmt":"2025-03-26T23:38:40","guid":{"rendered":"https:\/\/listman.shop\/autoparts-br\/product\/1005005552943815\/"},"modified":"2026-04-07T23:08:07","modified_gmt":"2026-04-07T14:08:07","slug":"1005005552943815","status":"publish","type":"product","link":"https:\/\/listman.shop\/autoparts-br\/product\/1005005552943815\/","title":{"rendered":"1 pe\u00e7a para Volkswagen Golf 6 Golf 7 Mk6 Polo Hatchback 6R 2011-2017 5K 0945087 B LED Terceira Luzes de Parada Traseiras Luz de Freio Traseiro CANbus"},"content":{"rendered":"<div class=\"detailmodule_html\">\n<div class=\"detail-desc-decorate-richtext\">\n<div class=\"detailmodule_html\">\n<div class=\"detail-desc-decorate-richtext\"><\/p>\n<p><\/p>\n<p><\/p>\n<div class=\"detailmodule_text\">\n<p style=\"font-family:OpenSans;font-size:20px;font-weight:900;line-height:28px;white-space:pre-wrap;margin-bottom:12px\" class=\"detail-desc-decorate-title\">Modelos de carros<\/p>\n<p style=\"font-family:OpenSans;font-size:14px;font-weight:300;line-height:20px;white-space:pre-wrap;margin-bottom:12px\" class=\"detail-desc-decorate-content\">Para VW Para GOLF VI (5K1) 2008\/10 &#8211; 2013\/11<br \/>Para VW Para GOLF VII (5G1, BE1) 2012\/08 &#8211; acima<br \/>Para VW Para GOLF VII Estate (BA5) 2013\/04 &#8211; acima<br \/>Para VW Para GOLF PLUS (5M1, 521) 2005\/01 -up 2013\/12<br \/>Para VW Para POLO (6R, 6C) 2009\/06 -up<\/p>\n<p>OEM: 5G0945087B, 5K0945087B, 5K0945087C, 5K0945087D<\/p>\n<\/div>\n<p><\/p>\n<p><\/p>\n<p><\/p>\n<p><\/p>\n<div class=\"detailmodule_media\">\n<div class=\"video-container-1100082681399\">\n<div class=\"detail-video\" id=\"1100082681399\" data-previewurl=\"https:\/\/ae01.alicdn.com\/kf\/S033df248f6dc4a11a0eb544c193c6cafr.jpg\"><\/div>\n<\/p><\/div>\n<\/div>\n<p><\/p>\n<p><\/p>\n<p><\/p>\n<p><\/p>\n<div class=\"detailmodule_text\">\n<p style=\"font-family:OpenSans;font-size:20px;font-weight:900;line-height:28px;white-space:pre-wrap;margin-bottom:12px\" class=\"detail-desc-decorate-title\">Especifica\u00e7\u00e3o:<\/p>\n<p style=\"font-family:OpenSans;font-size:14px;font-weight:300;line-height:20px;white-space:pre-wrap;margin-bottom:12px\" class=\"detail-desc-decorate-content\">100% novo!!!<br \/>Nome: Terceira luz de freio LED de alto n\u00edvel<br \/>Material: Pl\u00e1stico + led<br \/>Cor da concha: Vermelho\/Fuma\u00e7a<br \/>Substitui\u00e7\u00e3o direta de estoque OEM original\/n\u00fameros de pe\u00e7as do fabricante: 5G0945087B, 5K0945087B, 5K0945087C, 5K0945087D<br \/>Quantidade de contas de l\u00e2mpada: 21-SMD<\/p>\n<\/div>\n<div class=\"detailmodule_text\">\n<p style=\"font-family:OpenSans;font-size:20px;font-weight:900;line-height:28px;white-space:pre-wrap;margin-bottom:12px\" class=\"detail-desc-decorate-title\">Caracter\u00edstica:<\/p>\n<p style=\"font-family:OpenSans;font-size:14px;font-weight:300;line-height:20px;white-space:pre-wrap;margin-bottom:12px\" class=\"detail-desc-decorate-content\">Feito de material pl\u00e1stico de alta qualidade, que n\u00e3o \u00e9 apenas dur\u00e1vel, mas tamb\u00e9m est\u00e1vel.<br \/>\u00c9 f\u00e1cil de instalar e tem uma instala\u00e7\u00e3o est\u00e1vel com parafusos, o que pode economizar energia e tempo.<br \/>Constru\u00eddo sob padr\u00f5es de controle de qualidade extremamente r\u00edgidos, o que lhe confere um desempenho mais est\u00e1vel.<br \/>O excelente produto durar\u00e1 uma vida \u00fatil mais longa e proporcionar\u00e1 uma experi\u00eancia inacredit\u00e1vel.<\/p>\n<\/div>\n<div class=\"detailmodule_text\">\n<p style=\"font-family:OpenSans;font-size:20px;font-weight:900;line-height:28px;white-space:pre-wrap;margin-bottom:12px\" class=\"detail-desc-decorate-title\">O pacote inclui:<\/p>\n<p style=\"font-family:OpenSans;font-size:14px;font-weight:300;line-height:20px;white-space:pre-wrap;margin-bottom:12px\" class=\"detail-desc-decorate-content\">1 PCS LED de alto n\u00edvel Terceira luz de freio<\/p>\n<\/div>\n<div class=\"detailmodule_image\">\n <img data-recalc-dims=\"1\" decoding=\"async\" class=\"detail-desc-decorate-image\" src=\"https:\/\/i0.wp.com\/ae01.alicdn.com\/kf\/Sc90dba614dbd4159a12af222fa5f2a50x.jpg?w=1200&#038;ssl=1\"><br \/>\n <img data-recalc-dims=\"1\" decoding=\"async\" class=\"detail-desc-decorate-image\" src=\"https:\/\/i0.wp.com\/ae01.alicdn.com\/kf\/Secf5c2b40bd84922aba4190eb48904a21.jpg?w=1200&#038;ssl=1\"><br \/>\n <img data-recalc-dims=\"1\" decoding=\"async\" class=\"detail-desc-decorate-image\" src=\"https:\/\/i0.wp.com\/ae01.alicdn.com\/kf\/S761f6c89b80c4d58810de891b85d4f84H.jpg?w=1200&#038;ssl=1\"><br \/>\n <img data-recalc-dims=\"1\" decoding=\"async\" class=\"detail-desc-decorate-image\" src=\"https:\/\/i0.wp.com\/ae01.alicdn.com\/kf\/S1faf5778180b4eb1ba80d993c857459b6.jpg?w=1200&#038;ssl=1\"><br \/>\n <img data-recalc-dims=\"1\" decoding=\"async\" class=\"detail-desc-decorate-image\" src=\"https:\/\/i0.wp.com\/ae01.alicdn.com\/kf\/Scfa6ea1bec5f4e08b72832adce3a6d27E.jpg?w=1200&#038;ssl=1\"><br \/>\n <img data-recalc-dims=\"1\" decoding=\"async\" class=\"detail-desc-decorate-image\" src=\"https:\/\/i0.wp.com\/ae01.alicdn.com\/kf\/S763d3c4645a94070a7b471a3d36b720aY.jpg?w=1200&#038;ssl=1\"><br \/>\n <img data-recalc-dims=\"1\" decoding=\"async\" class=\"detail-desc-decorate-image\" src=\"https:\/\/i0.wp.com\/ae01.alicdn.com\/kf\/Sb66b4958f904412baaa2e81803300ba3y.jpg?w=1200&#038;ssl=1\"><br \/>\n <img data-recalc-dims=\"1\" decoding=\"async\" class=\"detail-desc-decorate-image\" src=\"https:\/\/i0.wp.com\/ae01.alicdn.com\/kf\/S6a4eba39ef5a454f9e42c8954691c385P.jpg?w=1200&#038;ssl=1\">\n<\/div>\n<p><\/p>\n<p><\/p>\n<p><\/p>\n<p><\/p>\n<p><\/div>\n<\/div>\n<\/div>\n<\/div>\n","protected":false},"excerpt":{"rendered":"<p>Modelos de carros Para VW Para GOLF VI (5K1) 2008\/10 &#8211; 2013\/11Para VW Para GOLF VII (5G1, BE1) 2012\/08 &#8211; acimaPara VW Para GOLF VII Estate (BA5) 2013\/04 &#8211; acimaPara VW Para GOLF PLUS (5M1, 521) 2005\/01 -up 2013\/12Para VW Para POLO (6R, 6C) 2009\/06 -up OEM: 5G0945087B, 5K0945087B, 5K0945087C, 5K0945087D Especifica\u00e7\u00e3o: 100% novo!!!Nome: Terceira&hellip;&nbsp;<\/p>\n","protected":false},"featured_media":41794,"template":"","meta":{"neve_meta_sidebar":"","neve_meta_container":"","neve_meta_enable_content_width":"","neve_meta_content_width":0,"neve_meta_title_alignment":"","neve_meta_author_avatar":"","neve_post_elements_order":"","neve_meta_disable_header":"","neve_meta_disable_footer":"","neve_meta_disable_title":""},"product_brand":[],"product_cat":[72,19,17],"product_tag":[],"class_list":{"0":"post-41800","1":"product","2":"type-product","3":"status-publish","4":"has-post-thumbnail","6":"product_cat-lampada-sinalizadora","7":"product_cat-luzes-automotivas","8":"product_cat-pecas-e-acessorios-automotivos","10":"first","11":"instock","12":"shipping-taxable","13":"purchasable","14":"product-type-variable","15":"has-default-attributes"},"jetpack_sharing_enabled":true,"_links":{"self":[{"href":"https:\/\/listman.shop\/autoparts-br\/wp-json\/wp\/v2\/product\/41800","targetHints":{"allow":["GET"]}}],"collection":[{"href":"https:\/\/listman.shop\/autoparts-br\/wp-json\/wp\/v2\/product"}],"about":[{"href":"https:\/\/listman.shop\/autoparts-br\/wp-json\/wp\/v2\/types\/product"}],"wp:featuredmedia":[{"embeddable":true,"href":"https:\/\/listman.shop\/autoparts-br\/wp-json\/wp\/v2\/media\/41794"}],"wp:attachment":[{"href":"https:\/\/listman.shop\/autoparts-br\/wp-json\/wp\/v2\/media?parent=41800"}],"wp:term":[{"taxonomy":"product_brand","embeddable":true,"href":"https:\/\/listman.shop\/autoparts-br\/wp-json\/wp\/v2\/product_brand?post=41800"},{"taxonomy":"product_cat","embeddable":true,"href":"https:\/\/listman.shop\/autoparts-br\/wp-json\/wp\/v2\/product_cat?post=41800"},{"taxonomy":"product_tag","embeddable":true,"href":"https:\/\/listman.shop\/autoparts-br\/wp-json\/wp\/v2\/product_tag?post=41800"}],"curies":[{"name":"wp","href":"https:\/\/api.w.org\/{rel}","templated":true}]}}