{"id":41877,"date":"2025-03-27T08:42:33","date_gmt":"2025-03-26T23:42:33","guid":{"rendered":"https:\/\/listman.shop\/autoparts-br\/product\/1005005728044411\/"},"modified":"2026-04-14T15:45:07","modified_gmt":"2026-04-14T06:45:07","slug":"1005005728044411","status":"publish","type":"product","link":"https:\/\/listman.shop\/autoparts-br\/product\/1005005728044411\/","title":{"rendered":"Para vw golf 7 gti r gtd mk7.5 13-19 touran jetta mk7 led sinal de volta din\u00e2mico pisca sequencial espelho lateral luz indicadora"},"content":{"rendered":"<div class=\"detailmodule_html\">\n<div class=\"detail-desc-decorate-richtext\">\n<p><span style=\"font-size:14px;, Roboto, Arial, Helvetica, sans-serif, SimSun\">Descri\u00e7\u00e3o do produto:<\/span><br \/><span style=\"font-size:14px;, Roboto, Arial, Helvetica, sans-serif, SimSun\">-100% novo, 100% testado na f\u00e1brica.<\/span><br \/><span style=\"font-size:14px;, Roboto, Arial, Helvetica, sans-serif, SimSun\">-Marcas l\u00edderes globais, populares entre os clientes.<\/span><br \/><span style=\"font-size:14px;, Roboto, Arial, Helvetica, sans-serif, SimSun\">-Suporte t\u00e9cnico vital\u00edcio das marcas HochiTech.<\/span><br \/><span style=\"font-size:14px;, Roboto, Arial, Helvetica, sans-serif, SimSun\">-Pre\u00e7o competitivo com servi\u00e7o profissional e alto padr\u00e3o de qualidade.<\/span><br \/><span style=\"font-size:14px;, Roboto, Arial, Helvetica, sans-serif, SimSun\">-Instala\u00e7\u00e3o plug and play, conectada diretamente ao plugue original. 100% LIVRE DE ERROS.<\/span><br \/><span style=\"font-size:14px;, Roboto, Arial, Helvetica, sans-serif, SimSun\">-Confirme o n\u00famero das pe\u00e7as antes da compra ou forne\u00e7a o formato da imagem original do produto.<\/span><br \/><span style=\"font-size:14px;, Roboto, Arial, Helvetica, sans-serif, SimSun\">-Lente semi-fuma\u00e7ada, parece luxuosa como estilo esportivo.<\/span><br \/><span style=\"font-size:14px;, Roboto, Arial, Helvetica, sans-serif, SimSun\">&#8211;<\/span><span style=\"font-size:14px;, Roboto, Arial, Helvetica, sans-serif, SimSun\"><span>&nbsp;<\/span><\/span><span style=\"font-size:14px;, Roboto, Arial, Helvetica, sans-serif, SimSun\">Marca: HochiTech<\/span><br \/><span style=\"font-size:14px;, Roboto, Arial, Helvetica, sans-serif, SimSun\">-Sinal de mudan\u00e7a de dire\u00e7\u00e3o din\u00e2mico, rolagem suavemente. Mais f\u00e1cil de ser visto por outros motoristas quando voc\u00ea est\u00e1 virando \u00e0 direita\/esquerda.<\/span><br \/><span style=\"font-size:14px;, Roboto, Arial, Helvetica, sans-serif, SimSun\">-Tecnologia LED, mais dur\u00e1vel. Com superf\u00edcie fosca para resistente a arranh\u00f5es.<\/span><br \/><span style=\"font-size:14px;, Roboto, Arial, Helvetica, sans-serif, SimSun\">-Certificado: IP67 E-mark, CE, DOT, SAE<\/span><br \/><span style=\"font-size:14px;, Roboto, Arial, Helvetica, sans-serif, SimSun\">-Parece perfeito dia e noite!Assista ao nosso v\u00eddeo. Substitui\u00e7\u00e3o verdadeiramente perfeita!<\/span><\/p>\n<p><span style=\"font-size:22px\"><strong><span style=\", Roboto, Arial, Helvetica, sans-serif, SimSun\">Modelos dispon\u00edveis:<\/span><\/strong><\/span><br \/><span style=\"font-size:14px;, sans-serif\"><strong><span style=\"font-size:18px\"><span style=\"font-family:arial, helvetica, sans-serif\"><span>Para VW Golf 7 2012-2018<br \/>Para VW Golf 7 Facelift 2015 em diante (todos os modelos)<br \/>Para VW Golf 7 G-T-I 2012-2018<br \/>Para VW Golf 7 R 2012-2018<br \/>Para VW Golf 7,5 2012-2018<br \/>Para VW Golf Sportsvan 2014-up (todos os modelos)<br \/>Para VW Touran L II 2016-2018 (todos os modelos)<br \/><\/span><\/span><\/span><\/strong><\/span><span style=\"font-size:14px;, sans-serif\"><strong><span style=\"font-size:18px\"><span style=\"font-family:arial, helvetica, sans-serif\"><span><span>N\u00e3o funciona com Golf 7.5 R 2018 2019 \/ Golf 7.5 G-T-I 2018 2019<\/span><\/span><\/span><\/span><\/strong><\/span> <span style=\"font-size:20px;font-family:arial, helvetica, sans-serif\"><span style=\"font-size:20px;font-family:arial, helvetica, sans-serif\"><\/p>\n<p>Nota:<\/span><\/span><\/p>\n<div style=\", sans-serif;font-size:14px;font-weight:400;letter-spacing:normal;text-align:start;white-space:normal;margin:0px;margin-bottom:0px;margin-top:0px;margin-left:0px;margin-right:0px;padding:0px 0px 0px 0em;padding-bottom:0px;padding-top:0px;padding-right:0px\" align=\"start\">\n<div><span style=\"font-size:20px;font-family:arial, helvetica, sans-serif\">Compare cuidadosamente o n\u00famero da pe\u00e7a e as fotos com o seu ve\u00edculo antes da compra!<\/span><\/div>\n<p style=\"text-align:left;margin:0px;margin-bottom:0px;margin-top:0px;margin-left:0px;margin-right:0px\" align=\"left\"><img data-recalc-dims=\"1\" decoding=\"async\" style=\"width:800px\"  src=\"https:\/\/i0.wp.com\/ae01.alicdn.com\/kf\/S415604b05d914f1c8a06aae2d74646a5p.jpg?w=1200&#038;ssl=1\"><img data-recalc-dims=\"1\" decoding=\"async\" src=\"https:\/\/i0.wp.com\/ae01.alicdn.com\/kf\/Sc415c4efc5644e7d8e8257a5656f68e75.jpg?w=1200&#038;ssl=1\"><img data-recalc-dims=\"1\" decoding=\"async\" src=\"https:\/\/i0.wp.com\/ae01.alicdn.com\/kf\/Sbdca5771de7947159666cb0b1368659a5.jpg?w=1200&#038;ssl=1\"><img data-recalc-dims=\"1\" decoding=\"async\" src=\"https:\/\/i0.wp.com\/ae01.alicdn.com\/kf\/S0f0a0dd4a69c477a93784c187f62147cO.jpg?w=1200&#038;ssl=1\"><img data-recalc-dims=\"1\" decoding=\"async\" src=\"https:\/\/i0.wp.com\/ae01.alicdn.com\/kf\/S3681d40cdbf64ed7b29ef84469138fedw.jpg?w=1200&#038;ssl=1\"><img data-recalc-dims=\"1\" decoding=\"async\" src=\"https:\/\/i0.wp.com\/ae01.alicdn.com\/kf\/Sb4ee691cf7eb48309d432235761823a6e.jpg?w=1200&#038;ssl=1\"><img data-recalc-dims=\"1\" decoding=\"async\" src=\"https:\/\/i0.wp.com\/ae01.alicdn.com\/kf\/S9d2bc43cc7b2436ba48411bdd8bf9b24M.jpg?w=1200&#038;ssl=1\"><img data-recalc-dims=\"1\" decoding=\"async\" src=\"https:\/\/i0.wp.com\/ae01.alicdn.com\/kf\/S0cdd51de95354efe985fac9ca60f7921e.jpg?w=1200&#038;ssl=1\"><img data-recalc-dims=\"1\" decoding=\"async\" src=\"https:\/\/i0.wp.com\/ae01.alicdn.com\/kf\/S6a93390f1d8e4afc86a9a91bdd27d22dT.jpg?w=1200&#038;ssl=1\"><img data-recalc-dims=\"1\" decoding=\"async\" src=\"https:\/\/i0.wp.com\/ae01.alicdn.com\/kf\/Sa647f41805354be7b55a931669174cd9y.jpg?w=1200&#038;ssl=1\"><img data-recalc-dims=\"1\" decoding=\"async\" src=\"https:\/\/i0.wp.com\/ae01.alicdn.com\/kf\/S0f2feb28bb1d427d90600d622b6e91aaY.jpg?w=1200&#038;ssl=1\"><img data-recalc-dims=\"1\" decoding=\"async\" src=\"https:\/\/i0.wp.com\/ae01.alicdn.com\/kf\/S6e753710178047c393b645ed69795d26E.jpg?w=1200&#038;ssl=1\"><img data-recalc-dims=\"1\" decoding=\"async\" src=\"https:\/\/i0.wp.com\/ae01.alicdn.com\/kf\/Sf27f5a5d2c0f4b42a522dd2c91f01bb0y.jpg?w=1200&#038;ssl=1\"><img data-recalc-dims=\"1\" decoding=\"async\" src=\"https:\/\/i0.wp.com\/ae01.alicdn.com\/kf\/Sc7d78b65bc9a4a6187d1d3a33933de43v.jpg?w=1200&#038;ssl=1\"><img data-recalc-dims=\"1\" decoding=\"async\" src=\"https:\/\/i0.wp.com\/ae01.alicdn.com\/kf\/S4ff90dc3d42746d8b91124e4ff2198dcm.jpg?w=1200&#038;ssl=1\"><img data-recalc-dims=\"1\" decoding=\"async\" src=\"https:\/\/i0.wp.com\/ae01.alicdn.com\/kf\/S6a6cf684dba24736b86b91d273b6ae60u.jpg?w=1200&#038;ssl=1\"><img data-recalc-dims=\"1\" decoding=\"async\" src=\"https:\/\/i0.wp.com\/ae01.alicdn.com\/kf\/S643bd98307264336a1c7fc7ec3af0a6fl.jpg?w=1200&#038;ssl=1\"><img data-recalc-dims=\"1\" decoding=\"async\" style=\"width:800px\"  src=\"https:\/\/i0.wp.com\/ae01.alicdn.com\/kf\/Sfce79d117d3644f184a4d2ff65943ff8K.jpg?w=1200&#038;ssl=1\"><img data-recalc-dims=\"1\" decoding=\"async\" style=\"width:800px\"  src=\"https:\/\/i0.wp.com\/ae01.alicdn.com\/kf\/Se2e95517401047c28ca99296900b43e2X.jpg?w=1200&#038;ssl=1\"><img data-recalc-dims=\"1\" decoding=\"async\" style=\"width:800px\"  src=\"https:\/\/i0.wp.com\/ae01.alicdn.com\/kf\/S269987bc82ff43279318ca9c9476a800V.jpg?w=1200&#038;ssl=1\"><img data-recalc-dims=\"1\" decoding=\"async\" style=\"width:800px\"  src=\"https:\/\/i0.wp.com\/ae01.alicdn.com\/kf\/S6a05adf3bbd6441a945f4c2e3c8770e7F.jpg?w=1200&#038;ssl=1\"><img data-recalc-dims=\"1\" decoding=\"async\" style=\"width:800px\"  src=\"https:\/\/i0.wp.com\/ae01.alicdn.com\/kf\/S28aaa6d900264d6bb53af063b186e713l.jpg?w=1200&#038;ssl=1\"><img data-recalc-dims=\"1\" decoding=\"async\" style=\"width:800px\"  src=\"https:\/\/i0.wp.com\/ae01.alicdn.com\/kf\/S4d70fdf80a734888bdb37420a8c78f7es.jpg?w=1200&#038;ssl=1\"><img data-recalc-dims=\"1\" decoding=\"async\" style=\"width:800px\"  src=\"https:\/\/i0.wp.com\/ae01.alicdn.com\/kf\/Sc48503ef04cf4ee6958122047d5223b5U.jpg?w=1200&#038;ssl=1\"><img data-recalc-dims=\"1\" decoding=\"async\" style=\"width:800px\"  src=\"https:\/\/i0.wp.com\/ae01.alicdn.com\/kf\/S1ae3478d4f6c46799a4dbfd9c22717811.jpg?w=1200&#038;ssl=1\"><img data-recalc-dims=\"1\" decoding=\"async\" style=\"width:800px\"  src=\"https:\/\/i0.wp.com\/ae01.alicdn.com\/kf\/S20da87f6b72641f699ccd21f8c75458d2.jpg?w=1200&#038;ssl=1\"><img data-recalc-dims=\"1\" decoding=\"async\" style=\"width:800px\"  src=\"https:\/\/i0.wp.com\/ae01.alicdn.com\/kf\/Sf528b16568cd47cb9a836b4d2595fcf5V.jpg?w=1200&#038;ssl=1\"><img data-recalc-dims=\"1\" decoding=\"async\" style=\"width:800px\"  src=\"https:\/\/i0.wp.com\/ae01.alicdn.com\/kf\/S0e87868e3c7a401f98550aea02827e75k.jpg?w=1200&#038;ssl=1\"><img data-recalc-dims=\"1\" decoding=\"async\" style=\"width:800px\"  src=\"https:\/\/i0.wp.com\/ae01.alicdn.com\/kf\/S32f7c71a64bb4a92b2508a1f29921100W.jpg?w=1200&#038;ssl=1\"><img data-recalc-dims=\"1\" decoding=\"async\" style=\"width:800px\"  src=\"https:\/\/i0.wp.com\/ae01.alicdn.com\/kf\/S0e1751adbec048b4b4e51760edb42ed4r.jpg?w=1200&#038;ssl=1\"><\/p>\n<div><span style=\"font-size:20px;font-family:arial, helvetica, sans-serif\"><span style=\"font-size:14px;, Roboto, Arial, Helvetica, sans-serif, SimSun\">Envio<\/span><\/span><\/div>\n<\/div>\n<p style=\", Arial, Helvetica, sans-serif, Heiti;font-size:14px;font-weight:400;letter-spacing:normal;line-height:inherit;text-align:start;white-space:normal;margin:0px;margin-bottom:0px;margin-top:0px;margin-left:0px;margin-right:0px;padding:0px;padding-bottom:0px;padding-top:0px;padding-left:0px;padding-right:0px\" align=\"start\">1.Enviamos para todo o mundo, exceto algumas \u00e1reas remotas.<\/p>\n<p style=\", Arial, Helvetica, sans-serif, Heiti;font-size:14px;font-weight:400;letter-spacing:normal;line-height:inherit;text-align:start;white-space:normal;margin:0px;margin-bottom:0px;margin-top:0px;margin-left:0px;margin-right:0px;padding:0px;padding-bottom:0px;padding-top:0px;padding-left:0px;padding-right:0px\" align=\"start\">2.Pedidos processados dentro de 24 a 48 horas ap\u00f3s a verifica\u00e7\u00e3o do pagamento.<\/p>\n<p style=\", Arial, Helvetica, sans-serif, Heiti;font-size:14px;font-weight:400;letter-spacing:normal;line-height:inherit;text-align:start;white-space:normal;margin:0px;margin-bottom:0px;margin-top:0px;margin-left:0px;margin-right:0px;padding:0px;padding-bottom:0px;padding-top:0px;padding-left:0px;padding-right:0px\" align=\"start\">3.Antes de comprar, verifique se seu endere\u00e7o est\u00e1 correto.Ou n\u00e3o, corrija antes do pagamento.<\/p>\n<p style=\", Arial, Helvetica, sans-serif, Heiti;font-size:14px;font-weight:400;letter-spacing:normal;line-height:inherit;text-align:start;white-space:normal;margin:0px;margin-bottom:0px;margin-top:0px;margin-left:0px;margin-right:0px;padding:0px;padding-bottom:0px;padding-top:0px;padding-left:0px;padding-right:0px\" align=\"start\">4.Se voc\u00ea n\u00e3o recebeu sua remessa dentro de 30 dias ap\u00f3s o pagamento, entre em contato conosco.Rastrearemos o envio e entraremos em contato com voc\u00ea o mais breve poss\u00edvel<\/p>\n<p style=\", Arial, Helvetica, sans-serif, Heiti;font-size:14px;font-weight:400;letter-spacing:normal;line-height:inherit;text-align:start;white-space:normal;margin:0px;margin-bottom:0px;margin-top:0px;margin-left:0px;margin-right:0px;padding:0px;padding-bottom:0px;padding-top:0px;padding-left:0px;padding-right:0px\" align=\"start\">o mais poss\u00edvel com uma resposta.Nosso objetivo \u00e9 a satisfa\u00e7\u00e3o do cliente!<\/p>\n<p style=\", Arial, Helvetica, sans-serif, Heiti;font-size:14px;font-weight:400;letter-spacing:normal;line-height:inherit;text-align:start;white-space:normal;margin:0px;margin-bottom:0px;margin-top:0px;margin-left:0px;margin-right:0px;padding:0px;padding-bottom:0px;padding-top:0px;padding-left:0px;padding-right:0px\" align=\"start\">5.Devido ao status do estoque e \u00e0s diferen\u00e7as de hor\u00e1rio, optaremos por enviar seu item do nosso primeiro armaz\u00e9m dispon\u00edvel para entrega r\u00e1pida.<\/p>\n<h2 style=\", Arial, Helvetica, sans-serif, Heiti;font-size:20px;font-weight:500;letter-spacing:normal;line-height:30px;text-align:start;white-space:normal;margin:0px 0px 10px;margin-bottom:10px;margin-top:0px;margin-left:0px;margin-right:0px;padding:0px;padding-bottom:0px;padding-top:0px;padding-left:0px;padding-right:0px\" align=\"start\">Pagamento:<\/h2>\n<p style=\", Arial, Helvetica, sans-serif, Heiti;font-size:14px;font-weight:400;letter-spacing:normal;line-height:inherit;text-align:start;white-space:normal;margin:0px;margin-bottom:0px;margin-top:0px;margin-left:0px;margin-right:0px;padding:0px;padding-bottom:0px;padding-top:0px;padding-left:0px;padding-right:0px\" align=\"start\">1.Aceitamos Alipay, todos os principais cart\u00f5es de cr\u00e9dito s\u00e3o aceitos atrav\u00e9s do dep\u00f3sito seguro do processador de pagamento.<\/p>\n<p style=\", Arial, Helvetica, sans-serif, Heiti;font-size:14px;font-weight:400;letter-spacing:normal;line-height:inherit;text-align:start;white-space:normal;margin:0px;margin-bottom:0px;margin-top:0px;margin-left:0px;margin-right:0px;padding:0px;padding-bottom:0px;padding-top:0px;padding-left:0px;padding-right:0px\" align=\"start\">2.O pagamento deve ser feito dentro de 3 dias ap\u00f3s o pedido.<\/p>\n<p style=\", Arial, Helvetica, sans-serif, Heiti;font-size:14px;font-weight:400;letter-spacing:normal;line-height:inherit;text-align:start;white-space:normal;margin:0px;margin-bottom:0px;margin-top:0px;margin-left:0px;margin-right:0px;padding:0px;padding-bottom:0px;padding-top:0px;padding-left:0px;padding-right:0px\" align=\"start\">3.Se voc\u00ea puder finalizar a compra imediatamente ap\u00f3s o t\u00e9rmino do leil\u00e3o, aguarde alguns minutos e o novo pagamento de teste dever\u00e1 ser conclu\u00eddo dentro de 3 dias.<\/p>\n<h2 style=\", Arial, Helvetica, sans-serif, Heiti;font-size:20px;font-weight:500;letter-spacing:normal;line-height:30px;text-align:start;white-space:normal;margin:0px 0px 10px;margin-bottom:10px;margin-top:0px;margin-left:0px;margin-right:0px;padding:0px;padding-bottom:0px;padding-top:0px;padding-left:0px;padding-right:0px\" align=\"start\">Garantia:<\/h2>\n<p style=\", Arial, Helvetica, sans-serif, Heiti;font-size:14px;font-weight:400;letter-spacing:normal;line-height:inherit;text-align:start;white-space:normal;margin:0px;margin-bottom:0px;margin-top:0px;margin-left:0px;margin-right:0px;padding:0px;padding-bottom:0px;padding-top:0px;padding-left:0px;padding-right:0px\" align=\"start\">1.24 meses de garantia do fabricante.Compre com confian\u00e7a!<\/p>\n<p style=\", Arial, Helvetica, sans-serif, Heiti;font-size:14px;font-weight:400;letter-spacing:normal;line-height:inherit;text-align:start;white-space:normal;margin:0px;margin-bottom:0px;margin-top:0px;margin-left:0px;margin-right:0px;padding:0px;padding-bottom:0px;padding-top:0px;padding-left:0px;padding-right:0px\" align=\"start\">2.Se voc\u00ea n\u00e3o ficar satisfeito ao receber seu item, devolva-o dentro de 30 dias para substitui\u00e7\u00e3o ou devolu\u00e7\u00e3o do dinheiro.Entre em contato comigo antes de devolv\u00ea-lo.<\/p>\n<p style=\", Arial, Helvetica, sans-serif, Heiti;font-size:14px;font-weight:400;letter-spacing:normal;line-height:inherit;text-align:start;white-space:normal;margin:0px;margin-bottom:0px;margin-top:0px;margin-left:0px;margin-right:0px;padding:0px;padding-bottom:0px;padding-top:0px;padding-left:0px;padding-right:0px\" align=\"start\">3.Itens defeituosos devem ser relatados e devolvidos dentro do per\u00edodo de garantia (e na embalagem original, se poss\u00edvel).Voc\u00ea deve nos informar qual \u00e9 o defeito e nos fornecer o n\u00famero do seu pedido.<\/p>\n<p style=\", Arial, Helvetica, sans-serif, Heiti;font-size:14px;font-weight:400;letter-spacing:normal;line-height:inherit;text-align:start;white-space:normal;margin:0px;margin-bottom:0px;margin-top:0px;margin-left:0px;margin-right:0px;padding:0px;padding-bottom:0px;padding-top:0px;padding-left:0px;padding-right:0px\" align=\"start\">4.O frete de devolu\u00e7\u00e3o ser\u00e1 pago pelo Comprador.<\/p>\n<h1 style=\", Arial, Helvetica, sans-serif, Heiti;font-size:24px;font-weight:500;letter-spacing:normal;line-height:36px;text-align:start;white-space:normal;margin:0.67em 0px 12px;margin-bottom:12px;margin-top:0.67em;margin-left:0px;margin-right:0px;padding:0px;padding-bottom:0px;padding-top:0px;padding-left:0px;padding-right:0px\" align=\"start\"><span style=\"font-size:28px\">Pol\u00edticas:<\/span><\/h1>\n<p style=\", Arial, Helvetica, sans-serif, Heiti;font-size:14px;font-weight:400;letter-spacing:normal;line-height:inherit;text-align:start;white-space:normal;margin:0px;margin-bottom:0px;margin-top:0px;margin-left:0px;margin-right:0px;padding:0px;padding-bottom:0px;padding-top:0px;padding-left:0px;padding-right:0px\" align=\"start\">1.N\u00e3o somos respons\u00e1veis por quaisquer direitos aduaneiros ou impostos de importa\u00e7\u00e3o.<\/p>\n<p style=\", Arial, Helvetica, sans-serif, Heiti;font-size:14px;font-weight:400;letter-spacing:normal;line-height:inherit;text-align:start;white-space:normal;margin:0px;margin-bottom:0px;margin-top:0px;margin-left:0px;margin-right:0px;padding:0px;padding-bottom:0px;padding-top:0px;padding-left:0px;padding-right:0px\" align=\"start\">2.Mantemos altos padr\u00f5es de excel\u00eancia e buscamos 100% de satisfa\u00e7\u00e3o do cliente!O feedback \u00e9 muito importante Solicitamos que voc\u00ea entre em contato conosco imediatamente antes de nos dar um feedback neutro ou negativo, para que possamos resolver suas preocupa\u00e7\u00f5es de forma satisfat\u00f3ria.\u00c9 imposs\u00edvel resolver problemas se n\u00e3o tivermos conhecimento deles!<\/p>\n<p style=\", Arial, Helvetica, sans-serif, Heiti;font-size:14px;font-weight:400;letter-spacing:normal;line-height:inherit;text-align:start;white-space:normal;margin:0px;margin-bottom:0px;margin-top:0px;margin-left:0px;margin-right:0px;padding:0px;padding-bottom:0px;padding-top:0px;padding-left:0px;padding-right:0px\" align=\"start\">3.Todos os e-mails ser\u00e3o respondidos dentro de um dia \u00fatil.Se voc\u00ea n\u00e3o receber nossa resposta, por favor, reenvie seu e-mail e responderemos o mais breve poss\u00edvel.<\/p>\n<p style=\", Arial, Helvetica, sans-serif, Heiti;font-size:14px;font-weight:400;letter-spacing:normal;line-height:inherit;text-align:start;white-space:normal;margin:0px;margin-bottom:0px;margin-top:0px;margin-left:0px;margin-right:0px;padding:0px;padding-bottom:0px;padding-top:0px;padding-left:0px;padding-right:0px\" align=\"start\">4. Voc\u00ea concorda com todas as pol\u00edticas listadas acima ao licitar e vencer este leil\u00e3o!<\/p>\n<p><\/p>\n<p style=\", Arial, Helvetica, sans-serif, Heiti;font-size:14px;font-weight:400;letter-spacing:normal;line-height:inherit;text-align:start;white-space:normal;margin:0px;margin-bottom:0px;margin-top:0px;margin-left:0px;margin-right:0px;padding:0px;padding-bottom:0px;padding-top:0px;padding-left:0px;padding-right:0px;display:block;width:944px\" align=\"start\"><img data-recalc-dims=\"1\" decoding=\"async\" style=\"border:0px none;margin:0px;margin-bottom:0px;margin-top:0px;margin-left:0px;margin-right:0px;padding:0px;padding-bottom:0px;padding-top:0px;padding-left:0px;padding-right:0px;max-width:100%\" src=\"https:\/\/i0.wp.com\/ae01.alicdn.com\/kf\/H1f96a8633b2c49a199ccfe78a04881cev.jpg?w=1200&#038;ssl=1\"><\/p>\n<\/div>\n<\/div>\n","protected":false},"excerpt":{"rendered":"<p>Descri\u00e7\u00e3o do produto:-100% novo, 100% testado na f\u00e1brica.-Marcas l\u00edderes globais, populares entre os clientes.-Suporte t\u00e9cnico vital\u00edcio das marcas HochiTech.-Pre\u00e7o competitivo com servi\u00e7o profissional e alto padr\u00e3o de qualidade.-Instala\u00e7\u00e3o plug and play, conectada diretamente ao plugue original. 100% LIVRE DE ERROS.-Confirme o n\u00famero das pe\u00e7as antes da compra ou forne\u00e7a o formato da imagem original do&hellip;&nbsp;<\/p>\n","protected":false},"featured_media":41871,"template":"","meta":{"neve_meta_sidebar":"","neve_meta_container":"","neve_meta_enable_content_width":"","neve_meta_content_width":0,"neve_meta_title_alignment":"","neve_meta_author_avatar":"","neve_post_elements_order":"","neve_meta_disable_header":"","neve_meta_disable_footer":"","neve_meta_disable_title":""},"product_brand":[],"product_cat":[72,19,17],"product_tag":[],"class_list":{"0":"post-41877","1":"product","2":"type-product","3":"status-publish","4":"has-post-thumbnail","6":"product_cat-lampada-sinalizadora","7":"product_cat-luzes-automotivas","8":"product_cat-pecas-e-acessorios-automotivos","10":"first","11":"instock","12":"shipping-taxable","13":"purchasable","14":"product-type-variable","15":"has-default-attributes"},"jetpack_sharing_enabled":true,"_links":{"self":[{"href":"https:\/\/listman.shop\/autoparts-br\/wp-json\/wp\/v2\/product\/41877","targetHints":{"allow":["GET"]}}],"collection":[{"href":"https:\/\/listman.shop\/autoparts-br\/wp-json\/wp\/v2\/product"}],"about":[{"href":"https:\/\/listman.shop\/autoparts-br\/wp-json\/wp\/v2\/types\/product"}],"wp:featuredmedia":[{"embeddable":true,"href":"https:\/\/listman.shop\/autoparts-br\/wp-json\/wp\/v2\/media\/41871"}],"wp:attachment":[{"href":"https:\/\/listman.shop\/autoparts-br\/wp-json\/wp\/v2\/media?parent=41877"}],"wp:term":[{"taxonomy":"product_brand","embeddable":true,"href":"https:\/\/listman.shop\/autoparts-br\/wp-json\/wp\/v2\/product_brand?post=41877"},{"taxonomy":"product_cat","embeddable":true,"href":"https:\/\/listman.shop\/autoparts-br\/wp-json\/wp\/v2\/product_cat?post=41877"},{"taxonomy":"product_tag","embeddable":true,"href":"https:\/\/listman.shop\/autoparts-br\/wp-json\/wp\/v2\/product_tag?post=41877"}],"curies":[{"name":"wp","href":"https:\/\/api.w.org\/{rel}","templated":true}]}}