{"id":4199,"date":"2024-10-13T02:07:13","date_gmt":"2024-10-12T17:07:13","guid":{"rendered":"https:\/\/listman.shop\/autoparts-br\/product\/33048555343\/"},"modified":"2026-05-01T10:19:06","modified_gmt":"2026-05-01T01:19:06","slug":"33048555343","status":"publish","type":"product","link":"https:\/\/listman.shop\/autoparts-br\/product\/33048555343\/","title":{"rendered":"Interruptor da janela el\u00e9trica esquerda (lado do motorista) frontal 84820-42060 para Toyota RAV4 Corolla 1997 1998 1999 2000 2001"},"content":{"rendered":"<div class=\"detailmodule_html\">\n<div class=\"detail-desc-decorate-richtext\">\n<div class=\"detailmodule_html\">\n<div class=\"detail-desc-decorate-richtext\">\n<div>\n<div class=\"detailmodule_dynamic\">\n  <span style=\"font-size:20px;, times, serif\"><strong>Caracter\u00edsticas:<\/strong><\/span>\n <\/div>\n<\/div>\n<div class=\"\">\n<div class=\"\">\n<div>\n<div>\n    <span style=\"font-size:20px;, times, serif\">100% novo e de alta qualidade.<\/span>\n   <\/div>\n<div>\n    <span style=\"font-size:20px;, times, serif\">F\u00e1cil de instalar<\/span>\n   <\/div>\n<div>\n     &nbsp;\n   <\/div>\n<div>\n    <span style=\"font-size:20px;, times, serif\"><strong>Especifica\u00e7\u00f5es:<\/strong><\/span>\n   <\/div>\n<div>\n    <span style=\"font-size:20px;, times, serif\">OE:84820-42060<\/span>\n   <\/div>\n<div>\n    <span style=\"font-size:20px;, times, serif\">Tamanho: 15cm * 6cm * 5cm<\/span>\n   <\/div>\n<div>\n    <span style=\"font-size:20px;, times, serif\">Cor: como mostra a imagem<\/span>\n   <\/div>\n<div>\n    <span style=\"font-size:20px;, times, serif\">Material: pl\u00e1stico<\/span>\n   <\/div>\n<div>\n    <span style=\"font-size:20px;, times, serif\">Peso do item: 0,15 kg<\/span>\n   <\/div>\n<div>\n     &nbsp;\n   <\/div>\n<div>\n<div>\n     <span style=\"font-size:20px;, times, serif\"><strong>Montagem:<\/strong><\/span>\n    <\/div>\n<div>\n     <span style=\"font-size:20px;, times, serif\">PARA TOYOTA COROLLA AE11*,CE110,EE11*,ZZE11* 05\/1995-11\/2004 (Geral)<\/span>\n    <\/div>\n<div>\n     <span style=\"font-size:20px;, times, serif\">PARA TOYOTA COROLLA AE11*,EE110 05\/1997-08\/2001 (Europa)<\/span>\n    <\/div>\n<div>\n     <span style=\"font-size:20px;, times, serif\">PARA TOYOTA RAV4 1998-2000<\/span>\n    <\/div>\n<\/p><\/div>\n<div>\n     &nbsp;\n   <\/div>\n<div>\n    <span style=\"font-size:20px;, times, serif\"><strong>Pacote inclu\u00eddo:<\/strong><\/span>\n   <\/div>\n<div>\n    <span style=\"font-size:20px;, times, serif\">1 * interruptor de janela<\/span>\n   <\/div>\n<\/p><\/div>\n<div>\n<div>\n    <img data-recalc-dims=\"1\" decoding=\"async\" src=\"https:\/\/i0.wp.com\/ae01.alicdn.com\/kf\/HTB1RJ1gaMFY.1VjSZFqq6ydbXXah.jpg?w=1200&#038;ssl=1\"><br \/>\n    <img data-recalc-dims=\"1\" decoding=\"async\" src=\"https:\/\/i0.wp.com\/ae01.alicdn.com\/kf\/H0e49cfd450db42f2936caafccc7210c8d.jpg?w=1200&#038;ssl=1\"><br \/>\n    <img data-recalc-dims=\"1\" decoding=\"async\" src=\"https:\/\/i0.wp.com\/ae01.alicdn.com\/kf\/Hf0f7b4476408407187489e3313d10f25r.jpg?w=1200&#038;ssl=1\">\n   <\/div>\n<\/p><\/div>\n<p> \n <\/div>\n<\/div>\n<p><\/div>\n<\/div>\n<\/div>\n<\/div>\n","protected":false},"excerpt":{"rendered":"<p>Caracter\u00edsticas: 100% novo e de alta qualidade. F\u00e1cil de instalar &nbsp; Especifica\u00e7\u00f5es: OE:84820-42060 Tamanho: 15cm * 6cm * 5cm Cor: como mostra a imagem Material: pl\u00e1stico Peso do item: 0,15 kg &nbsp; Montagem: PARA TOYOTA COROLLA AE11*,CE110,EE11*,ZZE11* 05\/1995-11\/2004 (Geral) PARA TOYOTA COROLLA AE11*,EE110 05\/1997-08\/2001 (Europa) PARA TOYOTA RAV4 1998-2000 &nbsp; Pacote inclu\u00eddo: 1 * interruptor&hellip;&nbsp;<\/p>\n","protected":false},"featured_media":4195,"template":"","meta":{"neve_meta_sidebar":"","neve_meta_container":"","neve_meta_enable_content_width":"","neve_meta_content_width":0,"neve_meta_title_alignment":"","neve_meta_author_avatar":"","neve_post_elements_order":"","neve_meta_disable_header":"","neve_meta_disable_footer":"","neve_meta_disable_title":""},"product_brand":[],"product_cat":[43,22,17],"product_tag":[],"class_list":{"0":"post-4199","1":"product","2":"type-product","3":"status-publish","4":"has-post-thumbnail","6":"product_cat-interruptores-e-controles","7":"product_cat-partes-interiores","8":"product_cat-pecas-e-acessorios-automotivos","10":"first","11":"instock","12":"shipping-taxable","13":"purchasable","14":"product-type-variable"},"jetpack_sharing_enabled":true,"_links":{"self":[{"href":"https:\/\/listman.shop\/autoparts-br\/wp-json\/wp\/v2\/product\/4199","targetHints":{"allow":["GET"]}}],"collection":[{"href":"https:\/\/listman.shop\/autoparts-br\/wp-json\/wp\/v2\/product"}],"about":[{"href":"https:\/\/listman.shop\/autoparts-br\/wp-json\/wp\/v2\/types\/product"}],"wp:featuredmedia":[{"embeddable":true,"href":"https:\/\/listman.shop\/autoparts-br\/wp-json\/wp\/v2\/media\/4195"}],"wp:attachment":[{"href":"https:\/\/listman.shop\/autoparts-br\/wp-json\/wp\/v2\/media?parent=4199"}],"wp:term":[{"taxonomy":"product_brand","embeddable":true,"href":"https:\/\/listman.shop\/autoparts-br\/wp-json\/wp\/v2\/product_brand?post=4199"},{"taxonomy":"product_cat","embeddable":true,"href":"https:\/\/listman.shop\/autoparts-br\/wp-json\/wp\/v2\/product_cat?post=4199"},{"taxonomy":"product_tag","embeddable":true,"href":"https:\/\/listman.shop\/autoparts-br\/wp-json\/wp\/v2\/product_tag?post=4199"}],"curies":[{"name":"wp","href":"https:\/\/api.w.org\/{rel}","templated":true}]}}