{"id":42037,"date":"2025-03-27T08:49:35","date_gmt":"2025-03-26T23:49:35","guid":{"rendered":"https:\/\/listman.shop\/autoparts-br\/product\/1005005797267787\/"},"modified":"2026-05-04T15:11:06","modified_gmt":"2026-05-04T06:11:06","slug":"1005005797267787","status":"publish","type":"product","link":"https:\/\/listman.shop\/autoparts-br\/product\/1005005797267787\/","title":{"rendered":"Luz diurna led para toyota highlander 2017 2018 2019 drl amortecedor dianteiro luzes diurnas sinal de volta l\u00e2mpada nevoeiro branco amarelo 12v"},"content":{"rendered":"<div class=\"detailmodule_html\">\n<div class=\"detail-desc-decorate-richtext\">\n<p><span style=\"font-size:20px\">Luz de circula\u00e7\u00e3o diurna led para toyota highlander 2017 2018 2019 drl amortecedor dianteiro luzes diurnas sinal volta l\u00e2mpada de neblina branco amarelo 12v<\/span><\/p>\n<\/p>\n<p><span style=\"font-size:16px\">Acess\u00f3rios<\/span><\/p>\n<p>Adequado para<span style=\"font-size:15px;, Roboto, Arial, Helvetica, sans-serif, SimSun\">Toyota Highlander 2017 2018 2019<\/span><\/p>\n<p><\/p>\n<p><span style=\"font-size:16px\">Recursos<\/span><\/p>\n<p>1.100% novo e de alta qualidade<\/p>\n<p>2.Adote LEDs 100% novos de alta qualidade e alta lumin\u00e2ncia<\/p>\n<p>3.Design de instala\u00e7\u00e3o elaborado e f\u00e1cil<\/p>\n<p>4.O LED brilhante consome muito menos energia do que uma l\u00e2mpada padr\u00e3o, mantendo uma sa\u00edda de luz ideal<\/p>\n<p>5.L\u00e2mpada IP 67 \u00e0 prova d&#8217;\u00e1gua para todas as condi\u00e7\u00f5es clim\u00e1ticas da estrada<\/p>\n<p>Brilhante com luz de circula\u00e7\u00e3o diurna super feixe para seguran\u00e7a ao dirigir<\/p>\n<p>6.Vida \u00fatil mais longa do LED de at\u00e9 50.000 horas, custo m\u00ednimo de manuten\u00e7\u00e3o<\/p>\n<p>7.Melhore a apar\u00eancia total O feixe extra melhora a apar\u00eancia total do seu carro<\/p>\n<p>8.As luzes diurnas melhoram a seguran\u00e7a durante a condu\u00e7\u00e3o e permitem que seu ve\u00edculo seja visto a dist\u00e2ncias muito maiores.<\/p>\n<p>9.Melhora muito o tempo de rea\u00e7\u00e3o dos motoristas que se aproximam em um incidente<\/p>\n<p><\/p>\n<p><span style=\"font-size:16px\">Especifica\u00e7\u00f5es<\/span><\/p>\n<p>Fonte de luz: LED<\/p>\n<p>Tens\u00e3o: 12V<\/p>\n<p>\u00c0 prova d&#8217;\u00e1gua: IP 67<\/p>\n<p>Vida \u00fatil: 50.000 horas<\/p>\n<p><\/p>\n<p><span style=\"font-size:16px\">Pacote inclu\u00eddo<\/span><\/p>\n<p>1x conjunto de luzes diurnas (esquerda e direita)<\/p>\n<p>1x fio<\/p>\n<p><img data-recalc-dims=\"1\" decoding=\"async\" src=\"https:\/\/i0.wp.com\/ae01.alicdn.com\/kf\/S884b40c857f04b1db5f8e87aade669f8A.jpg?w=1200&#038;ssl=1\"><img data-recalc-dims=\"1\" decoding=\"async\" src=\"https:\/\/i0.wp.com\/ae01.alicdn.com\/kf\/S7ededc489f2142c5a54843e87c795e07R.jpg?w=1200&#038;ssl=1\"><img data-recalc-dims=\"1\" decoding=\"async\" src=\"https:\/\/i0.wp.com\/ae01.alicdn.com\/kf\/Sedd64bdfbdee4941aee238ea44af4f83E.jpg?w=1200&#038;ssl=1\"><img data-recalc-dims=\"1\" decoding=\"async\" src=\"https:\/\/i0.wp.com\/ae01.alicdn.com\/kf\/Scfefe534888d46b19aa0fc421822db2c1.jpg?w=1200&#038;ssl=1\"><img data-recalc-dims=\"1\" decoding=\"async\" src=\"https:\/\/i0.wp.com\/ae01.alicdn.com\/kf\/Sfde6df03aaaa41e4b7e1a08161803161W.jpg?w=1200&#038;ssl=1\"><\/p>\n<\/p>\n<\/div>\n<\/div>\n","protected":false},"excerpt":{"rendered":"<p>Luz de circula\u00e7\u00e3o diurna led para toyota highlander 2017 2018 2019 drl amortecedor dianteiro luzes diurnas sinal volta l\u00e2mpada de neblina branco amarelo 12v Acess\u00f3rios Adequado paraToyota Highlander 2017 2018 2019 Recursos 1.100% novo e de alta qualidade 2.Adote LEDs 100% novos de alta qualidade e alta lumin\u00e2ncia 3.Design de instala\u00e7\u00e3o elaborado e f\u00e1cil 4.O&hellip;&nbsp;<\/p>\n","protected":false},"featured_media":42031,"template":"","meta":{"neve_meta_sidebar":"","neve_meta_container":"","neve_meta_enable_content_width":"","neve_meta_content_width":0,"neve_meta_title_alignment":"","neve_meta_author_avatar":"","neve_post_elements_order":"","neve_meta_disable_header":"","neve_meta_disable_footer":"","neve_meta_disable_title":""},"product_brand":[],"product_cat":[95,19,17],"product_tag":[],"class_list":{"0":"post-42037","1":"product","2":"type-product","3":"status-publish","4":"has-post-thumbnail","6":"product_cat-assembleia-lampada-sinal","7":"product_cat-luzes-automotivas","8":"product_cat-pecas-e-acessorios-automotivos","10":"first","11":"instock","12":"shipping-taxable","13":"purchasable","14":"product-type-variable","15":"has-default-attributes"},"jetpack_sharing_enabled":true,"_links":{"self":[{"href":"https:\/\/listman.shop\/autoparts-br\/wp-json\/wp\/v2\/product\/42037","targetHints":{"allow":["GET"]}}],"collection":[{"href":"https:\/\/listman.shop\/autoparts-br\/wp-json\/wp\/v2\/product"}],"about":[{"href":"https:\/\/listman.shop\/autoparts-br\/wp-json\/wp\/v2\/types\/product"}],"wp:featuredmedia":[{"embeddable":true,"href":"https:\/\/listman.shop\/autoparts-br\/wp-json\/wp\/v2\/media\/42031"}],"wp:attachment":[{"href":"https:\/\/listman.shop\/autoparts-br\/wp-json\/wp\/v2\/media?parent=42037"}],"wp:term":[{"taxonomy":"product_brand","embeddable":true,"href":"https:\/\/listman.shop\/autoparts-br\/wp-json\/wp\/v2\/product_brand?post=42037"},{"taxonomy":"product_cat","embeddable":true,"href":"https:\/\/listman.shop\/autoparts-br\/wp-json\/wp\/v2\/product_cat?post=42037"},{"taxonomy":"product_tag","embeddable":true,"href":"https:\/\/listman.shop\/autoparts-br\/wp-json\/wp\/v2\/product_tag?post=42037"}],"curies":[{"name":"wp","href":"https:\/\/api.w.org\/{rel}","templated":true}]}}