{"id":42113,"date":"2025-03-27T08:53:01","date_gmt":"2025-03-26T23:53:01","guid":{"rendered":"https:\/\/listman.shop\/autoparts-br\/product\/1005005911005115\/"},"modified":"2026-04-14T15:40:07","modified_gmt":"2026-04-14T06:40:07","slug":"1005005911005115","status":"publish","type":"product","link":"https:\/\/listman.shop\/autoparts-br\/product\/1005005911005115\/","title":{"rendered":"Para ford focus mk3 luz led 2 3 mk2 mondeo mk4 l\u00e2mpada de sinal volta fluindo asa lateral espelho retrovisor pisca din\u00e2mico"},"content":{"rendered":"<div class=\"detailmodule_html\">\n<div class=\"detail-desc-decorate-richtext\">\n<p style=\", Roboto, Arial, Helvetica, sans-serif, SimSun;font-size:14px;font-weight:400;letter-spacing:normal;line-height:inherit;text-align:start;white-space:normal;margin:0px;margin-bottom:0px;margin-top:0px;margin-left:0px;margin-right:0px;padding:0px;padding-bottom:0px;padding-top:0px;padding-left:0px;padding-right:0px\" align=\"start\"><strong><span style=\"font-size:18px\">Descri\u00e7\u00e3o do produto:<br \/>-100% novo, 100% testado na f\u00e1brica.<br \/>-Marcas l\u00edderes globais, populares entre os clientes.<br \/>-Suporte t\u00e9cnico vital\u00edcio das marcas HochiTech.<br \/>-Pre\u00e7o competitivo com servi\u00e7o profissional e alto padr\u00e3o de qualidade.<br \/>-Instala\u00e7\u00e3o plug and play, conectada diretamente ao plugue original. 100% LIVRE DE ERROS.<br \/>-Confirme o n\u00famero das pe\u00e7as antes da compra ou forne\u00e7a o formato da imagem original do produto.<br \/>-Lente semi-fuma\u00e7ada, parece luxuosa como estilo esportivo.<br \/>-Sinal de mudan\u00e7a de dire\u00e7\u00e3o din\u00e2mico, rolagem suavemente. Mais f\u00e1cil de ser visto por outros motoristas quando voc\u00ea est\u00e1 virando \u00e0 direita\/esquerda.<br \/>-Tecnologia LED, mais dur\u00e1vel. Com superf\u00edcie fosca para resistente a arranh\u00f5es.<br \/>-Certificado: IP67 E-mark, CE, DOT, SAE<br \/>-Parece perfeito dia e noite!Assista ao nosso v\u00eddeo. Substitui\u00e7\u00e3o verdadeiramente perfeita!<\/span><\/strong><br \/><img data-recalc-dims=\"1\" decoding=\"async\" src=\"https:\/\/i0.wp.com\/ae01.alicdn.com\/kf\/Sfb3599b6cd4f4e27aeddd6f9335268e8d.jpg?w=1200&#038;ssl=1\"><br \/><span style=\"font-size:28px\"><span><strong>Montagem:<\/strong><\/span><\/span><span style=\"font-size:28px\"><br \/><\/span><span style=\"font-size:26px\"><strong>Para modelo de lifting facial Ford Focus 2 MK2 2008-2011 (vers\u00e3o UE)<br \/>Para Ford Focus 3 MK3 \/ MK3.5 2011-2018 Hatchback (vers\u00e3o UE)<br \/>(n\u00e3o funciona no modelo 2013)<br \/>Para ford mondeo mk4 facelift 2011-2014<br \/>Aviso: N\u00e3o cabe no modelo norte-americano ou no modelo sul-americano<\/strong><\/span><br \/><img data-recalc-dims=\"1\" decoding=\"async\" src=\"https:\/\/i0.wp.com\/ae01.alicdn.com\/kf\/S2fb982461960479db5c5975c913ed994N.jpg?w=1200&#038;ssl=1\"><img data-recalc-dims=\"1\" decoding=\"async\" src=\"https:\/\/i0.wp.com\/ae01.alicdn.com\/kf\/Sd63c93cb6398411391c5585b23d2ead82.jpg?w=1200&#038;ssl=1\"><img data-recalc-dims=\"1\" decoding=\"async\" src=\"https:\/\/i0.wp.com\/ae01.alicdn.com\/kf\/S16e1b439ccc34661ba8561455257ff31T.jpg?w=1200&#038;ssl=1\"><img data-recalc-dims=\"1\" decoding=\"async\" src=\"https:\/\/i0.wp.com\/ae01.alicdn.com\/kf\/Sa6cd67183af34e008dca3a0be107735e0.jpg?w=1200&#038;ssl=1\"><img data-recalc-dims=\"1\" decoding=\"async\" src=\"https:\/\/i0.wp.com\/ae01.alicdn.com\/kf\/S250dd5cf5d674be59472bf5b61cf25deU.jpg?w=1200&#038;ssl=1\"><img data-recalc-dims=\"1\" decoding=\"async\" src=\"https:\/\/i0.wp.com\/ae01.alicdn.com\/kf\/S5b909f75abfb41e3afa9cc5b95c26f377.jpg?w=1200&#038;ssl=1\"><img data-recalc-dims=\"1\" decoding=\"async\" src=\"https:\/\/i0.wp.com\/ae01.alicdn.com\/kf\/S434e61a1e4874ee798d614f2c666d7ea1.jpg?w=1200&#038;ssl=1\"><img data-recalc-dims=\"1\" decoding=\"async\" src=\"https:\/\/i0.wp.com\/ae01.alicdn.com\/kf\/S0f4ccc86a13b49479316a4e12f8411bey.jpg?w=1200&#038;ssl=1\"><img data-recalc-dims=\"1\" decoding=\"async\" src=\"https:\/\/i0.wp.com\/ae01.alicdn.com\/kf\/Scf249b935ac04f8abd1f722c9e122259d.jpg?w=1200&#038;ssl=1\"><img data-recalc-dims=\"1\" decoding=\"async\" src=\"https:\/\/i0.wp.com\/ae01.alicdn.com\/kf\/S0fa49d7a9b1d4238b8bfb0e6d47327feS.jpg?w=1200&#038;ssl=1\"><img data-recalc-dims=\"1\" decoding=\"async\" src=\"https:\/\/i0.wp.com\/ae01.alicdn.com\/kf\/S4334c619bef645f8ac325115b6f54134T.jpg?w=1200&#038;ssl=1\"><img data-recalc-dims=\"1\" decoding=\"async\" src=\"https:\/\/i0.wp.com\/ae01.alicdn.com\/kf\/S8291cfc7e77e4e49906d972b6fbc4e436.jpg?w=1200&#038;ssl=1\"><img data-recalc-dims=\"1\" decoding=\"async\" src=\"https:\/\/i0.wp.com\/ae01.alicdn.com\/kf\/S29c73fdb344647859ea3524d9cb52795a.jpg?w=1200&#038;ssl=1\"><img data-recalc-dims=\"1\" decoding=\"async\" src=\"https:\/\/i0.wp.com\/ae01.alicdn.com\/kf\/Sff686d052d644de19f4344eea1f25aa8k.jpg?w=1200&#038;ssl=1\"><img data-recalc-dims=\"1\" decoding=\"async\" src=\"https:\/\/i0.wp.com\/ae01.alicdn.com\/kf\/Sfa70334e9c6548a294ef1e1bd69c472fm.jpg?w=1200&#038;ssl=1\"><img data-recalc-dims=\"1\" decoding=\"async\" src=\"https:\/\/i0.wp.com\/ae01.alicdn.com\/kf\/S30385f1975964024bd31cb9212c441a5c.jpg?w=1200&#038;ssl=1\"><img data-recalc-dims=\"1\" decoding=\"async\" src=\"https:\/\/i0.wp.com\/ae01.alicdn.com\/kf\/S28f711c7b845466da8461190aff6f5d2S.jpg?w=1200&#038;ssl=1\"><img data-recalc-dims=\"1\" decoding=\"async\" src=\"https:\/\/i0.wp.com\/ae01.alicdn.com\/kf\/Sec4ba8696dfb4ff8b1bb1f456dcd13eaU.jpg?w=1200&#038;ssl=1\"><img data-recalc-dims=\"1\" decoding=\"async\" src=\"https:\/\/i0.wp.com\/ae01.alicdn.com\/kf\/Sb6cdb236c9054e18b7b2cd4b92c21093g.jpg?w=1200&#038;ssl=1\"><img data-recalc-dims=\"1\" decoding=\"async\" src=\"https:\/\/i0.wp.com\/ae01.alicdn.com\/kf\/S553cbd1ce9204982bd52ffb605d1fc76e.jpg?w=1200&#038;ssl=1\"><img data-recalc-dims=\"1\" decoding=\"async\" src=\"https:\/\/i0.wp.com\/ae01.alicdn.com\/kf\/Sb87c29f5d64c41e7a13568e3468323f2k.jpg?w=1200&#038;ssl=1\"><img data-recalc-dims=\"1\" decoding=\"async\" src=\"https:\/\/i0.wp.com\/ae01.alicdn.com\/kf\/Scdedaa9c17fe46f0866b139c14a90398I.jpg?w=1200&#038;ssl=1\"><img data-recalc-dims=\"1\" decoding=\"async\" src=\"https:\/\/i0.wp.com\/ae01.alicdn.com\/kf\/S5dbf5b532a4a4716aaef30983d4af3afA.jpg?w=1200&#038;ssl=1\"><img data-recalc-dims=\"1\" decoding=\"async\" src=\"https:\/\/i0.wp.com\/ae01.alicdn.com\/kf\/S7e3249ca016748cf9152fa937d87a296l.jpg?w=1200&#038;ssl=1\"><img data-recalc-dims=\"1\" decoding=\"async\" src=\"https:\/\/i0.wp.com\/ae01.alicdn.com\/kf\/S6bcbd6aec7fa41d789607be1e6fc1841L.jpg?w=1200&#038;ssl=1\"><img data-recalc-dims=\"1\" decoding=\"async\" src=\"https:\/\/i0.wp.com\/ae01.alicdn.com\/kf\/Sb0c0dfb22989405291b33de04da64377C.jpg?w=1200&#038;ssl=1\"><\/p>\n<p><\/p>\n<p style=\", Arial, Helvetica, sans-serif, Heiti;font-size:14px;font-weight:400;letter-spacing:normal;line-height:inherit;text-align:start;white-space:normal;margin:0px;margin-bottom:0px;margin-top:0px;margin-left:0px;margin-right:0px;padding:0px;padding-bottom:0px;padding-top:0px;padding-left:0px;padding-right:0px;display:block;width:944px\" align=\"start\"><img data-recalc-dims=\"1\" decoding=\"async\" style=\"border:0px none;margin:0px;margin-bottom:0px;margin-top:0px;margin-left:0px;margin-right:0px;padding:0px;padding-bottom:0px;padding-top:0px;padding-left:0px;padding-right:0px;max-width:100%\" src=\"https:\/\/i0.wp.com\/ae01.alicdn.com\/kf\/H1f96a8633b2c49a199ccfe78a04881cev.jpg?w=1200&#038;ssl=1\"><\/p>\n<p><\/p>\n<\/div>\n<\/div>\n","protected":false},"excerpt":{"rendered":"<p>Descri\u00e7\u00e3o do produto:-100% novo, 100% testado na f\u00e1brica.-Marcas l\u00edderes globais, populares entre os clientes.-Suporte t\u00e9cnico vital\u00edcio das marcas HochiTech.-Pre\u00e7o competitivo com servi\u00e7o profissional e alto padr\u00e3o de qualidade.-Instala\u00e7\u00e3o plug and play, conectada diretamente ao plugue original. 100% LIVRE DE ERROS.-Confirme o n\u00famero das pe\u00e7as antes da compra ou forne\u00e7a o formato da imagem original do&hellip;&nbsp;<\/p>\n","protected":false},"featured_media":42107,"template":"","meta":{"neve_meta_sidebar":"","neve_meta_container":"","neve_meta_enable_content_width":"","neve_meta_content_width":0,"neve_meta_title_alignment":"","neve_meta_author_avatar":"","neve_post_elements_order":"","neve_meta_disable_header":"","neve_meta_disable_footer":"","neve_meta_disable_title":""},"product_brand":[],"product_cat":[72,19,17],"product_tag":[],"class_list":{"0":"post-42113","1":"product","2":"type-product","3":"status-publish","4":"has-post-thumbnail","6":"product_cat-lampada-sinalizadora","7":"product_cat-luzes-automotivas","8":"product_cat-pecas-e-acessorios-automotivos","10":"first","11":"instock","12":"shipping-taxable","13":"purchasable","14":"product-type-variable","15":"has-default-attributes"},"jetpack_sharing_enabled":true,"_links":{"self":[{"href":"https:\/\/listman.shop\/autoparts-br\/wp-json\/wp\/v2\/product\/42113","targetHints":{"allow":["GET"]}}],"collection":[{"href":"https:\/\/listman.shop\/autoparts-br\/wp-json\/wp\/v2\/product"}],"about":[{"href":"https:\/\/listman.shop\/autoparts-br\/wp-json\/wp\/v2\/types\/product"}],"wp:featuredmedia":[{"embeddable":true,"href":"https:\/\/listman.shop\/autoparts-br\/wp-json\/wp\/v2\/media\/42107"}],"wp:attachment":[{"href":"https:\/\/listman.shop\/autoparts-br\/wp-json\/wp\/v2\/media?parent=42113"}],"wp:term":[{"taxonomy":"product_brand","embeddable":true,"href":"https:\/\/listman.shop\/autoparts-br\/wp-json\/wp\/v2\/product_brand?post=42113"},{"taxonomy":"product_cat","embeddable":true,"href":"https:\/\/listman.shop\/autoparts-br\/wp-json\/wp\/v2\/product_cat?post=42113"},{"taxonomy":"product_tag","embeddable":true,"href":"https:\/\/listman.shop\/autoparts-br\/wp-json\/wp\/v2\/product_tag?post=42113"}],"curies":[{"name":"wp","href":"https:\/\/api.w.org\/{rel}","templated":true}]}}