{"id":42153,"date":"2025-03-27T08:54:44","date_gmt":"2025-03-26T23:54:44","guid":{"rendered":"https:\/\/listman.shop\/autoparts-br\/product\/1005005937803816\/"},"modified":"2026-05-04T15:23:26","modified_gmt":"2026-05-04T06:23:26","slug":"1005005937803816","status":"publish","type":"product","link":"https:\/\/listman.shop\/autoparts-br\/product\/1005005937803816\/","title":{"rendered":"Zitwo kit completo de luz interior para carro, l\u00e2mpada led canbus para mercedes benz mb m ml classe w163 w164 w166 ml350 ml300 ml500 ml400 ml63"},"content":{"rendered":"<div class=\"detailmodule_html\">\n<div class=\"detail-desc-decorate-richtext\">\n<div class=\"detailmodule_text-image\">\n<p style=\"font-family:OpenSans;font-size:20px;font-weight:900;line-height:28px;white-space:pre-wrap;margin-bottom:12px\" class=\"detail-desc-decorate-title\">ZITWO Kit de luz interior de l\u00e2mpada LED de carro completo Canbus para Mercedes Benz MB M ML Classe W163 W164 W166 ML350 ML300 ML500 ML400 ML63<\/p>\n<\/div>\n<div class=\"detailmodule_text\">\n<p style=\"font-family:OpenSans;font-size:14px;font-weight:300;line-height:20px;white-space:pre-wrap;margin-bottom:12px\" class=\"detail-desc-decorate-content\">\u25b6 Para classe M W163 1998-2005 (16 unidades)<br \/>O pacote inclui:<br \/>Luz de c\u00fapula\/mapa frontal-2 unidade<br \/>Luz de c\u00fapula\/mapa traseira &#8211; 3 unidades<br \/>Luz do espelho de vaidade-2pc<br \/>Luz do porta-malas-1 unidade<br \/>Luz do porta-luvas-1 unidade<br \/>Luz do po\u00e7o dos p\u00e9s-2 unidades<br \/>Luz da porta-4 unidade<br \/>Luz extra-1 unidade<br \/>Ferramenta de instala\u00e7\u00e3o-1 unidade<\/p>\n<p>\u25b6 Para classe M ML W164 2006-2011 (19 unidades)<br \/>O pacote inclui:<br \/>Luz de c\u00fapula\/mapa frontal-2 unidade<br \/>Luz de c\u00fapula\/mapa traseira &#8211; 3 unidades<br \/>Luz do espelho de vaidade-2pc<br \/>Luz do porta-malas-2 unidades<br \/>Luz do porta-luvas-1 unidade<br \/>Luz do po\u00e7o dos p\u00e9s-4 unidade<br \/>Luz da porta-4 unidade<br \/>Luz extra-1 unidade<br \/>Ferramenta de instala\u00e7\u00e3o-1 unidade<\/p>\n<p>\u25b6 Para classe M ML W166 2012-2015 (17PCS)<br \/>O pacote inclui:<br \/>Luz de c\u00fapula\/mapa traseira &#8211; 3 unidades<br \/>Luz do espelho de vaidade-2pc<br \/>Luz do porta-malas-2 unidades<br \/>Luz do porta-luvas-1 unidade<br \/>Luz do po\u00e7o dos p\u00e9s-4 unidade<br \/>Luz da porta-4 unidade<br \/>Luz extra-1 unidade<br \/>Ferramenta de instala\u00e7\u00e3o-1 unidade<\/p>\n<\/div>\n<div class=\"detailmodule_text\">\n<p style=\"font-family:OpenSans;font-size:20px;font-weight:900;line-height:28px;white-space:pre-wrap;margin-bottom:12px\" class=\"detail-desc-decorate-title\">Sobre nossos produtos:<\/p>\n<p style=\"font-family:OpenSans;font-size:14px;font-weight:300;line-height:20px;white-space:pre-wrap;margin-bottom:12px\" class=\"detail-desc-decorate-content\">\u25b6Economize sua fonte de alimenta\u00e7\u00e3o.<br \/>\u25b6 Longa vida \u00fatil chegando a 50.000 horas.<br \/>\u25b6 Fornece essas l\u00e2mpadas LED brilhantes sem erros, substitui\u00e7\u00e3o perfeita das l\u00e2mpadas originais, tornando uma ilumina\u00e7\u00e3o interior muito mais brilhante para o seu carro.<br \/>\u25b6 Todas as l\u00e2mpadas LED s\u00e3o 100% Canbus Error Free Plug and play, sem necessidade de modifica\u00e7\u00e3o.<br \/>\u25b6 As imagens do produto s\u00e3o apenas para refer\u00eancia do tipo de l\u00e2mpada LED, forneceremos kits de luz interior LED compat\u00edveis de acordo com o seu carro.<\/p>\n<\/div>\n<div class=\"detailmodule_text\">\n<p style=\"font-family:OpenSans;font-size:20px;font-weight:900;line-height:28px;white-space:pre-wrap;margin-bottom:12px\" class=\"detail-desc-decorate-title\">Notas de instala\u00e7\u00e3o:<\/p>\n<p style=\"font-family:OpenSans;font-size:14px;font-weight:300;line-height:20px;white-space:pre-wrap;margin-bottom:12px\" class=\"detail-desc-decorate-content\">\u25b6 Desligue a luz primeiro antes da instala\u00e7\u00e3o e tenha cuidado ao remover a l\u00e2mpada original, ela pode estar muito quente.<br \/>\u25b6 Simplesmente remova sua l\u00e2mpada antiga e instale a nova l\u00e2mpada LED em seu lugar.Se a luz n\u00e3o acender imediatamente, vire-a 180 graus.<br \/>\u25b6 Por favor, aproxime os clipes de metal para que eles possam montar o fest\u00e3o com mais for\u00e7a, caso a l\u00e2mpada esteja ligeiramente solta no soquete<\/p>\n<\/div>\n<div class=\"detailmodule_image\"><img data-recalc-dims=\"1\" loading=\"lazy\" decoding=\"async\" style=\"margin-bottom:10px\" class=\"detail-desc-decorate-image\" width=\"800\" height=\"800\" src=\"https:\/\/i0.wp.com\/ae01.alicdn.com\/kf\/S0a7c473cbabc406389d0217d3dd3270fE.jpg?resize=800%2C800&#038;ssl=1\"><img data-recalc-dims=\"1\" decoding=\"async\" style=\"margin-bottom:10px\" class=\"detail-desc-decorate-image\" src=\"https:\/\/i0.wp.com\/ae01.alicdn.com\/kf\/Sc5a29f16655949aaa7c36da6fca75e3fD.jpg?w=1200&#038;ssl=1\"><img data-recalc-dims=\"1\" decoding=\"async\" style=\"margin-bottom:10px\" class=\"detail-desc-decorate-image\" src=\"https:\/\/i0.wp.com\/ae01.alicdn.com\/kf\/Sadec076b330d4ff7aaccf6eef728c784d.jpg?w=1200&#038;ssl=1\"><img data-recalc-dims=\"1\" decoding=\"async\" style=\"margin-bottom:10px\" class=\"detail-desc-decorate-image\" src=\"https:\/\/i0.wp.com\/ae01.alicdn.com\/kf\/S2f34f7cdcf344a609e099578855c0eb50.jpg?w=1200&#038;ssl=1\"><img data-recalc-dims=\"1\" decoding=\"async\" style=\"margin-bottom:10px\" class=\"detail-desc-decorate-image\" src=\"https:\/\/i0.wp.com\/ae01.alicdn.com\/kf\/S8ee7990aaafb4c5ba0894997351d96e2V.jpg?w=1200&#038;ssl=1\"><img data-recalc-dims=\"1\" decoding=\"async\" style=\"margin-bottom:10px\" class=\"detail-desc-decorate-image\" src=\"https:\/\/i0.wp.com\/ae01.alicdn.com\/kf\/S3250957fa6464f8e9561dd21297ce755r.jpg?w=1200&#038;ssl=1\"><img data-recalc-dims=\"1\" decoding=\"async\" style=\"margin-bottom:10px\" class=\"detail-desc-decorate-image\" src=\"https:\/\/i0.wp.com\/ae01.alicdn.com\/kf\/Sa333707f962e4a4c9cd85a0431d044d9M.jpg?w=1200&#038;ssl=1\"><img data-recalc-dims=\"1\" decoding=\"async\" style=\"margin-bottom:10px\" class=\"detail-desc-decorate-image\" src=\"https:\/\/i0.wp.com\/ae01.alicdn.com\/kf\/S6985f104d4434790904129b54a8d0279G.jpg?w=1200&#038;ssl=1\"><\/div>\n<div class=\"detailmodule_text\">\n<p style=\"font-family:OpenSans;font-size:20px;font-weight:900;line-height:28px;white-space:pre-wrap;margin-bottom:12px\" class=\"detail-desc-decorate-title\">\u25b6Pol\u00edtica de entrega<\/p>\n<p style=\"font-family:OpenSans;font-size:14px;font-weight:300;line-height:20px;white-space:pre-wrap;margin-bottom:12px\" class=\"detail-desc-decorate-content\">1. os itens ser\u00e3o enviados dentro de 1-3 dias \u00fateis quando recebermos o pagamento.<br \/>2. O prazo de entrega depende do destino e de outras f\u00e1bricas.<br \/>3. impostos, taxas e encargos de importa\u00e7\u00e3o n\u00e3o est\u00e3o inclu\u00eddos no pre\u00e7o do item ou nos custos de envio, faremos o poss\u00edvel para reduzir o risco dos direitos aduaneiros.<\/p>\n<\/div>\n<div class=\"detailmodule_text\">\n<p style=\"font-family:OpenSans;font-size:20px;font-weight:900;line-height:28px;white-space:pre-wrap;margin-bottom:12px\" class=\"detail-desc-decorate-title\">\u25b6Pol\u00edtica de garantia<\/p>\n<p style=\"font-family:OpenSans;font-size:14px;font-weight:300;line-height:20px;white-space:pre-wrap;margin-bottom:12px\" class=\"detail-desc-decorate-content\">1. Todos os nossos itens oferecem garantia de 2 anos. Compre com confian\u00e7a!<br \/>2.Se voc\u00ea n\u00e3o estiver satisfeito com o item enquanto ele estiver em boas condi\u00e7\u00f5es ou se o item n\u00e3o funcionar ao receb\u00ea-lo, tire fotos ou v\u00eddeos e entre em contato conosco, enviaremos a substitui\u00e7\u00e3o ou reembolso para voc\u00ea.Em uma palavra, resolveremos isso at\u00e9 sua satisfa\u00e7\u00e3o.<\/p>\n<\/div>\n<div class=\"detailmodule_text\">\n<p style=\"font-family:OpenSans;font-size:20px;font-weight:900;line-height:28px;white-space:pre-wrap;margin-bottom:12px\" class=\"detail-desc-decorate-title\">\u25b6Pol\u00edtica de devolu\u00e7\u00e3o<\/p>\n<p style=\"font-family:OpenSans;font-size:14px;font-weight:300;line-height:20px;white-space:pre-wrap;margin-bottom:12px\" class=\"detail-desc-decorate-content\">1. se voc\u00ea n\u00e3o estiver satisfeito ao receber seu item, devolva-o no prazo de 30 dias para substitui\u00e7\u00e3o ou dinheiro<br \/>de tr\u00e1s.Entre em contato comigo antes de devolv\u00ea-lo.<br \/>2. Itens defeituosos devem ser relatados e devolvidos dentro do per\u00edodo de garantia (e na embalagem original, se poss\u00edvel).<br \/>3. A taxa de envio de devolu\u00e7\u00e3o ser\u00e1 paga pelo comprador.<\/p>\n<\/div>\n<p><\/p>\n<\/div>\n<\/div>\n","protected":false},"excerpt":{"rendered":"<p>ZITWO Kit de luz interior de l\u00e2mpada LED de carro completo Canbus para Mercedes Benz MB M ML Classe W163 W164 W166 ML350 ML300 ML500 ML400 ML63 \u25b6 Para classe M W163 1998-2005 (16 unidades)O pacote inclui:Luz de c\u00fapula\/mapa frontal-2 unidadeLuz de c\u00fapula\/mapa traseira &#8211; 3 unidadesLuz do espelho de vaidade-2pcLuz do porta-malas-1 unidadeLuz do&hellip;&nbsp;<\/p>\n","protected":false},"featured_media":42147,"template":"","meta":{"neve_meta_sidebar":"","neve_meta_container":"","neve_meta_enable_content_width":"","neve_meta_content_width":0,"neve_meta_title_alignment":"","neve_meta_author_avatar":"","neve_post_elements_order":"","neve_meta_disable_header":"","neve_meta_disable_footer":"","neve_meta_disable_title":""},"product_brand":[],"product_cat":[95,19,17],"product_tag":[],"class_list":{"0":"post-42153","1":"product","2":"type-product","3":"status-publish","4":"has-post-thumbnail","6":"product_cat-assembleia-lampada-sinal","7":"product_cat-luzes-automotivas","8":"product_cat-pecas-e-acessorios-automotivos","10":"first","11":"instock","12":"shipping-taxable","13":"purchasable","14":"product-type-variable","15":"has-default-attributes"},"jetpack_sharing_enabled":true,"_links":{"self":[{"href":"https:\/\/listman.shop\/autoparts-br\/wp-json\/wp\/v2\/product\/42153","targetHints":{"allow":["GET"]}}],"collection":[{"href":"https:\/\/listman.shop\/autoparts-br\/wp-json\/wp\/v2\/product"}],"about":[{"href":"https:\/\/listman.shop\/autoparts-br\/wp-json\/wp\/v2\/types\/product"}],"wp:featuredmedia":[{"embeddable":true,"href":"https:\/\/listman.shop\/autoparts-br\/wp-json\/wp\/v2\/media\/42147"}],"wp:attachment":[{"href":"https:\/\/listman.shop\/autoparts-br\/wp-json\/wp\/v2\/media?parent=42153"}],"wp:term":[{"taxonomy":"product_brand","embeddable":true,"href":"https:\/\/listman.shop\/autoparts-br\/wp-json\/wp\/v2\/product_brand?post=42153"},{"taxonomy":"product_cat","embeddable":true,"href":"https:\/\/listman.shop\/autoparts-br\/wp-json\/wp\/v2\/product_cat?post=42153"},{"taxonomy":"product_tag","embeddable":true,"href":"https:\/\/listman.shop\/autoparts-br\/wp-json\/wp\/v2\/product_tag?post=42153"}],"curies":[{"name":"wp","href":"https:\/\/api.w.org\/{rel}","templated":true}]}}