{"id":42244,"date":"2025-03-27T08:58:54","date_gmt":"2025-03-26T23:58:54","guid":{"rendered":"https:\/\/listman.shop\/autoparts-br\/product\/1005005968279801\/"},"modified":"2026-04-14T16:15:13","modified_gmt":"2026-04-14T07:15:13","slug":"1005005968279801","status":"publish","type":"product","link":"https:\/\/listman.shop\/autoparts-br\/product\/1005005968279801\/","title":{"rendered":"2x maxgtrs 50w resistor de carga carro led decodificador canbus livre de erros para h1 h3 h7 h8 h11 h4 9005 9006 hb3 hb4 acess\u00f3rios de luzes de carro"},"content":{"rendered":"<div class=\"detailmodule_html\">\n<div class=\"detail-desc-decorate-richtext\">\n<div style=\", Roboto, Arial, Helvetica, sans-serif, SimSun;font-size:14px;font-weight:normal;letter-spacing:normal;text-align:start;white-space:normal;margin:0px;margin-bottom:0px;margin-top:0px;margin-left:0px;margin-right:0px;padding:0px;padding-bottom:0px;padding-top:0px;padding-left:0px;padding-right:0px\" class=\"detailmodule_text\" align=\"start\">\n<p><span style=\"font-size:18px\"><strong>Cancelador de aviso de decodificador LED sem erros MAXGTRS (resistor de carga integrado)<\/strong><\/span><\/p>\n<div>100% novo<\/div>\n<div>Decodificador de resist\u00eancia<\/div>\n<div>Tens\u00e3o: CC 9V-16V<\/div>\n<div>Pot\u00eancia: 6 Ohm, 50W<\/div>\n<div>Material: caixa de metal + cabo tran\u00e7ado anti-interfer\u00eancia<\/div>\n<div>Montagem compat\u00edvel com H1\/H3 H7 H4 H8\/H11\/H16JP 9005\/HB3 9006\/HB4, 9012etc.<\/div>\n<div>&nbsp;<\/div>\n<div><strong><span>Vantagem<\/span><\/strong><\/div>\n<div>\u2022 Resolva os problemas causados por baixa corrente ao usar l\u00e2mpada hal\u00f3gena atualizada de l\u00e2mpada LED.<\/div>\n<div>\u2022 Evitar c\u00f3digo de erro de aviso OBC, erro canbus em ve\u00edculos espec\u00edficos.<\/div>\n<div>&nbsp;<\/div>\n<div><strong><span>Pacote inclu\u00eddo:<\/span><\/strong><\/div>\n<div>Decodificador de l\u00e2mpada LED de 2 unidades<\/div>\n<div>&nbsp;<\/div>\n<div><strong><span>Nota:<\/span><\/strong><\/div>\n<div>A maioria dos carros s\u00f3 precisa instalar um resistor em cada l\u00e2mpada para resolver o erro, mas alguns carros precisam instalar dois resistores em cada l\u00e2mpada para resolver o erro.(como 1157\/7443\/3157\/H4)<\/div>\n<div>&nbsp;<\/div>\n<div><span><strong>Por que escolher o MAXGTRS?<\/strong><\/span><\/div>\n<div>Os produtos MAXGTRS n\u00e3o precisam danificar a linha original do carro, enquanto outros produtos danificar\u00e3o a linha original do carro.<\/div>\n<\/div>\n<div style=\", Roboto, Arial, Helvetica, sans-serif, SimSun;font-size:14px;font-weight:normal;letter-spacing:normal;text-align:start;white-space:normal;margin:0px;margin-bottom:0px;margin-top:0px;margin-left:0px;margin-right:0px;padding:0px;padding-bottom:0px;padding-top:0px;padding-left:0px;padding-right:0px\" class=\"detailmodule_text\" align=\"start\"><img data-recalc-dims=\"1\" decoding=\"async\" src=\"https:\/\/i0.wp.com\/ae01.alicdn.com\/kf\/S0b511a742f72459380eb31df2e3b6f81C.jpg?w=1200&#038;ssl=1\"><img data-recalc-dims=\"1\" decoding=\"async\" src=\"https:\/\/i0.wp.com\/ae01.alicdn.com\/kf\/Se4fffed57c7042bc8df46eace4802008K.jpg?w=1200&#038;ssl=1\"><img data-recalc-dims=\"1\" decoding=\"async\" src=\"https:\/\/i0.wp.com\/ae01.alicdn.com\/kf\/Sdb9efc3e3308406f89acadb7c5c0a935W.jpg?w=1200&#038;ssl=1\"><img data-recalc-dims=\"1\" decoding=\"async\" src=\"https:\/\/i0.wp.com\/ae01.alicdn.com\/kf\/S9eb14353bb1d40acbca8aff733d77b8dc.jpg?w=1200&#038;ssl=1\"><img data-recalc-dims=\"1\" decoding=\"async\" src=\"https:\/\/i0.wp.com\/ae01.alicdn.com\/kf\/S03ab344f6b5b49a89d2ee4381e2ff212J.jpg?w=1200&#038;ssl=1\"><img data-recalc-dims=\"1\" decoding=\"async\" src=\"https:\/\/i0.wp.com\/ae01.alicdn.com\/kf\/Sd2be6c637bb849968cecd21ae54261df4.jpg?w=1200&#038;ssl=1\"><img data-recalc-dims=\"1\" decoding=\"async\" src=\"https:\/\/i0.wp.com\/ae01.alicdn.com\/kf\/Sc46f015592ce49c0b927fb11efd178997.jpg?w=1200&#038;ssl=1\"><img data-recalc-dims=\"1\" decoding=\"async\" src=\"https:\/\/i0.wp.com\/ae01.alicdn.com\/kf\/Sf1db4be23d5040b691ff41229016e14dJ.jpg?w=1200&#038;ssl=1\"><\/div>\n<p><img data-recalc-dims=\"1\" decoding=\"async\" src=\"https:\/\/i0.wp.com\/ae01.alicdn.com\/kf\/S6de617350989491689e462a92e988345q.jpg?w=1200&#038;ssl=1\"><\/p>\n<\/div>\n<\/div>\n","protected":false},"excerpt":{"rendered":"<p>Cancelador de aviso de decodificador LED sem erros MAXGTRS (resistor de carga integrado) 100% novo Decodificador de resist\u00eancia Tens\u00e3o: CC 9V-16V Pot\u00eancia: 6 Ohm, 50W Material: caixa de metal + cabo tran\u00e7ado anti-interfer\u00eancia Montagem compat\u00edvel com H1\/H3 H7 H4 H8\/H11\/H16JP 9005\/HB3 9006\/HB4, 9012etc. &nbsp; Vantagem \u2022 Resolva os problemas causados por baixa corrente ao usar&hellip;&nbsp;<\/p>\n","protected":false},"featured_media":42238,"template":"","meta":{"neve_meta_sidebar":"","neve_meta_container":"","neve_meta_enable_content_width":"","neve_meta_content_width":0,"neve_meta_title_alignment":"","neve_meta_author_avatar":"","neve_post_elements_order":"","neve_meta_disable_header":"","neve_meta_disable_footer":"","neve_meta_disable_title":""},"product_brand":[],"product_cat":[119,19,17],"product_tag":[],"class_list":{"0":"post-42244","1":"product","2":"type-product","3":"status-publish","4":"has-post-thumbnail","6":"product_cat-acessorios-de-iluminacao-para-carro","7":"product_cat-luzes-automotivas","8":"product_cat-pecas-e-acessorios-automotivos","10":"first","11":"instock","12":"shipping-taxable","13":"purchasable","14":"product-type-variable","15":"has-default-attributes"},"jetpack_sharing_enabled":true,"_links":{"self":[{"href":"https:\/\/listman.shop\/autoparts-br\/wp-json\/wp\/v2\/product\/42244","targetHints":{"allow":["GET"]}}],"collection":[{"href":"https:\/\/listman.shop\/autoparts-br\/wp-json\/wp\/v2\/product"}],"about":[{"href":"https:\/\/listman.shop\/autoparts-br\/wp-json\/wp\/v2\/types\/product"}],"wp:featuredmedia":[{"embeddable":true,"href":"https:\/\/listman.shop\/autoparts-br\/wp-json\/wp\/v2\/media\/42238"}],"wp:attachment":[{"href":"https:\/\/listman.shop\/autoparts-br\/wp-json\/wp\/v2\/media?parent=42244"}],"wp:term":[{"taxonomy":"product_brand","embeddable":true,"href":"https:\/\/listman.shop\/autoparts-br\/wp-json\/wp\/v2\/product_brand?post=42244"},{"taxonomy":"product_cat","embeddable":true,"href":"https:\/\/listman.shop\/autoparts-br\/wp-json\/wp\/v2\/product_cat?post=42244"},{"taxonomy":"product_tag","embeddable":true,"href":"https:\/\/listman.shop\/autoparts-br\/wp-json\/wp\/v2\/product_tag?post=42244"}],"curies":[{"name":"wp","href":"https:\/\/api.w.org\/{rel}","templated":true}]}}