{"id":42328,"date":"2025-03-27T09:02:53","date_gmt":"2025-03-27T00:02:53","guid":{"rendered":"https:\/\/listman.shop\/autoparts-br\/product\/1005006067566197\/"},"modified":"2026-04-14T15:32:08","modified_gmt":"2026-04-14T06:32:08","slug":"1005006067566197","status":"publish","type":"product","link":"https:\/\/listman.shop\/autoparts-br\/product\/1005006067566197\/","title":{"rendered":"Capa de luz de nevoeiro para audi q3 2019 2020 2021 2022 amortecedor dianteiro do carro luz nevoeiro guarni\u00e7\u00e3o capa quadro tampa moldura cap\u00f4"},"content":{"rendered":"<div class=\"detailmodule_html\">\n<div class=\"detail-desc-decorate-richtext\">\n<div class=\"detailmodule_html\">\n<div class=\"detail-desc-decorate-richtext\">\n<div class=\"detailmodule_text\">\n<p style=\"font-size:20px;font-weight:bold;text-align:left;margin-bottom:12px\" class=\"detail-desc-decorate-title\" align=\"left\">Para Audi Q3 2019-2022<\/p>\n<p style=\"font-size:16px;font-weight:normal;text-align:left;margin-bottom:12px\" class=\"detail-desc-decorate-content\" align=\"left\">* Certifique-se de que \u00e9 adequado para o seu carro antes de comprar, se n\u00e3o tiver certeza, entre em contato conosco, obrigado<\/p>\n<\/div>\n<div class=\"detailmodule_image\"><img data-recalc-dims=\"1\" decoding=\"async\" class=\"detail-desc-decorate-image\" src=\"https:\/\/i0.wp.com\/ae01.alicdn.com\/kf\/S398578ba07ce4b3cae3d44f1c0de71053.jpg?w=1200&#038;ssl=1\"><br \/><img data-recalc-dims=\"1\" decoding=\"async\" class=\"detail-desc-decorate-image\" src=\"https:\/\/i0.wp.com\/ae01.alicdn.com\/kf\/Sf719ab2732724b6e8e2c2915cb75f7b6K.jpg?w=1200&#038;ssl=1\"><br \/><img data-recalc-dims=\"1\" decoding=\"async\" class=\"detail-desc-decorate-image\" src=\"https:\/\/i0.wp.com\/ae01.alicdn.com\/kf\/S4e428037da314f239214b61d4a741d94F.jpg?w=1200&#038;ssl=1\"><br \/><img data-recalc-dims=\"1\" decoding=\"async\" class=\"detail-desc-decorate-image\" src=\"https:\/\/i0.wp.com\/ae01.alicdn.com\/kf\/S205ba91fb0fa4ae78c942c2f34ac9adcH.jpg?w=1200&#038;ssl=1\"><br \/><img data-recalc-dims=\"1\" decoding=\"async\" class=\"detail-desc-decorate-image\" src=\"https:\/\/i0.wp.com\/ae01.alicdn.com\/kf\/S585ab0ccb107406c9db654fe1583555cX.jpg?w=1200&#038;ssl=1\"><br \/><img data-recalc-dims=\"1\" decoding=\"async\" class=\"detail-desc-decorate-image\" src=\"https:\/\/i0.wp.com\/ae01.alicdn.com\/kf\/S19c705d198db4363b0f0a7a4fe3ae61cS.jpg?w=1200&#038;ssl=1\"><br \/><img data-recalc-dims=\"1\" decoding=\"async\" class=\"detail-desc-decorate-image\" src=\"https:\/\/i0.wp.com\/ae01.alicdn.com\/kf\/Sc4eaf18a543e4d18a2911ef07b81e5e6E.jpg?w=1200&#038;ssl=1\"><br \/><img data-recalc-dims=\"1\" decoding=\"async\" class=\"detail-desc-decorate-image\" src=\"https:\/\/i0.wp.com\/ae01.alicdn.com\/kf\/S16c01a5f179c4e1d8d774c228db7ab1d3.jpg?w=1200&#038;ssl=1\"><br \/><img data-recalc-dims=\"1\" decoding=\"async\" class=\"detail-desc-decorate-image\" src=\"https:\/\/i0.wp.com\/ae01.alicdn.com\/kf\/Sb11c926c2b8b41378362e2b9fffd2e4bF.jpg?w=1200&#038;ssl=1\"><br \/><img data-recalc-dims=\"1\" decoding=\"async\" class=\"detail-desc-decorate-image\" src=\"https:\/\/i0.wp.com\/ae01.alicdn.com\/kf\/Sbfeb5cc494a34d0da8bb10bf29b877e7v.jpg?w=1200&#038;ssl=1\"><\/div>\n<\/div>\n<\/div>\n<p><\/div>\n<\/div>\n","protected":false},"excerpt":{"rendered":"<p>Para Audi Q3 2019-2022 * Certifique-se de que \u00e9 adequado para o seu carro antes de comprar, se n\u00e3o tiver certeza, entre em contato conosco, obrigado<\/p>\n","protected":false},"featured_media":42322,"template":"","meta":{"neve_meta_sidebar":"","neve_meta_container":"","neve_meta_enable_content_width":"","neve_meta_content_width":0,"neve_meta_title_alignment":"","neve_meta_author_avatar":"","neve_post_elements_order":"","neve_meta_disable_header":"","neve_meta_disable_footer":"","neve_meta_disable_title":""},"product_brand":[],"product_cat":[94,19,17],"product_tag":[],"class_list":{"0":"post-42328","1":"product","2":"type-product","3":"status-publish","4":"has-post-thumbnail","6":"product_cat-concha","7":"product_cat-luzes-automotivas","8":"product_cat-pecas-e-acessorios-automotivos","10":"first","11":"instock","12":"shipping-taxable","13":"purchasable","14":"product-type-variable","15":"has-default-attributes"},"jetpack_sharing_enabled":true,"_links":{"self":[{"href":"https:\/\/listman.shop\/autoparts-br\/wp-json\/wp\/v2\/product\/42328","targetHints":{"allow":["GET"]}}],"collection":[{"href":"https:\/\/listman.shop\/autoparts-br\/wp-json\/wp\/v2\/product"}],"about":[{"href":"https:\/\/listman.shop\/autoparts-br\/wp-json\/wp\/v2\/types\/product"}],"wp:featuredmedia":[{"embeddable":true,"href":"https:\/\/listman.shop\/autoparts-br\/wp-json\/wp\/v2\/media\/42322"}],"wp:attachment":[{"href":"https:\/\/listman.shop\/autoparts-br\/wp-json\/wp\/v2\/media?parent=42328"}],"wp:term":[{"taxonomy":"product_brand","embeddable":true,"href":"https:\/\/listman.shop\/autoparts-br\/wp-json\/wp\/v2\/product_brand?post=42328"},{"taxonomy":"product_cat","embeddable":true,"href":"https:\/\/listman.shop\/autoparts-br\/wp-json\/wp\/v2\/product_cat?post=42328"},{"taxonomy":"product_tag","embeddable":true,"href":"https:\/\/listman.shop\/autoparts-br\/wp-json\/wp\/v2\/product_tag?post=42328"}],"curies":[{"name":"wp","href":"https:\/\/api.w.org\/{rel}","templated":true}]}}