{"id":42380,"date":"2025-03-27T09:04:55","date_gmt":"2025-03-27T00:04:55","guid":{"rendered":"https:\/\/listman.shop\/autoparts-br\/product\/1005006112581492\/"},"modified":"2026-05-04T14:53:20","modified_gmt":"2026-05-04T05:53:20","slug":"1005006112581492","status":"publish","type":"product","link":"https:\/\/listman.shop\/autoparts-br\/product\/1005006112581492\/","title":{"rendered":"Osram original h1 h4 h3 h7 12v l\u00e2mpada padr\u00e3o autom\u00e1tico 3200k cabe\u00e7a luz de nevoeiro 55w 80 100 l\u00e2mpada hal\u00f3gena do carro qualidade oem atacado 10 pe\u00e7as"},"content":{"rendered":"<div class=\"detailmodule_html\">\n<div class=\"detail-desc-decorate-richtext\">\n<div class=\"detailmodule_text\">\n<p style=\"font-family:OpenSans;font-size:20px;font-weight:900;line-height:28px;white-space:pre-wrap;margin-bottom:12px\" class=\"detail-desc-decorate-title\">Osram original h1 h4 h3 h7 12v l&acirc;mpada padr&atilde;o autom&aacute;tica 3200k cabe&ccedil;a luz de nevoeiro 55w 80w 100w carro l&acirc;mpada hal&oacute;gena qualidade oem atacado 10 pe&ccedil;as<\/p>\n<p style=\"font-family:OpenSans;font-size:14px;font-weight:300;line-height:20px;white-space:pre-wrap;margin-bottom:12px\" class=\"detail-desc-decorate-content\">As l&acirc;mpadas hal&oacute;genas OSRAM ORIGINAL LINE oferecem desempenho convincente para requisitos padr&atilde;o, s&atilde;o robustas e econ&ocirc;micas.Eles j&aacute; foram usados com sucesso em milh&otilde;es de carros novos de fabricantes renomados, seja como equipamento inicial padr&atilde;o ou pe&ccedil;as de reposi&ccedil;&atilde;o originais.Convide-se com a excelente rela&ccedil;&atilde;o custo-benef&iacute;cio, a qualidade OEM confi&aacute;vel e a ampla gama de produtos da LINHA ORIGINAL.<\/p>\n<p>** Pacote de atacado de 10 unidades.<\/p>\n<\/div>\n<div class=\"detailmodule_text\">\n<p style=\"font-family:OpenSans;font-size:20px;font-weight:900;line-height:28px;white-space:pre-wrap;margin-bottom:12px\" class=\"detail-desc-decorate-title\">Recursos e benef&iacute;cios<\/p>\n<p style=\"font-family:OpenSans;font-size:14px;font-weight:300;line-height:20px;white-space:pre-wrap;margin-bottom:12px\" class=\"detail-desc-decorate-content\">\u2014 Pe&ccedil;a de reposi&ccedil;&atilde;o original<br \/>\u2014 Excelente custo-benef&iacute;cio<br \/>\u2014 Brilho e confiabilidade impressionantes<br \/>\u2014 Luz amarelada de 3200K<br \/>\u2014 Feito na China<\/p>\n<\/div>\n<div class=\"detailmodule_text\">\n<p style=\"font-family:OpenSans;font-size:20px;font-weight:900;line-height:28px;white-space:pre-wrap;margin-bottom:12px\" class=\"detail-desc-decorate-title\">Especifica&ccedil;&atilde;o<\/p>\n<p style=\"font-family:OpenSans;font-size:14px;font-weight:300;line-height:20px;white-space:pre-wrap;margin-bottom:12px\" class=\"detail-desc-decorate-content\">&#8211; N&uacute;mero de l&acirc;mpadas: 10 l&acirc;mpadas<br \/>Encaixe: H1, H3, H4, H7<br \/>Tipo de l&acirc;mpada: Original<br \/>Tecnologia: hal&oacute;gena<br \/>Classifica&ccedil;&atilde;o Kelvin: 3200K<br \/>Tens&atilde;o: 12V<br \/>Base: P14.5s(H1), Pk22s(H3), P43t(H4), PX26d(H7)<br \/>&#8211; Faixa: Padr&atilde;o<br \/>&#8211; SKU: 64150(H1), 64151(H3), 64193(H4), 64210(H7), 62200(H1), 62201(H3), 62204(H4), 62261(H7)<br \/>&#8211; Condi&ccedil;&atilde;o: Novo<br \/>&#8211; Garantia: 1 ano<\/p>\n<\/div>\n<div class=\"detailmodule_image\">\n <img data-recalc-dims=\"1\" decoding=\"async\" class=\"detail-desc-decorate-image\" src=\"https:\/\/i0.wp.com\/ae01.alicdn.com\/kf\/Hf10d75bc833f472aa30620e0d5ccc954Q.jpg?w=1200&#038;ssl=1\" \/><br \/>\n <img data-recalc-dims=\"1\" decoding=\"async\" class=\"detail-desc-decorate-image\" src=\"https:\/\/i0.wp.com\/ae01.alicdn.com\/kf\/H248e977c76a84ec4a9c56de6670961bcY.jpg?w=1200&#038;ssl=1\" \/><br \/>\n <img data-recalc-dims=\"1\" decoding=\"async\" class=\"detail-desc-decorate-image\" src=\"https:\/\/i0.wp.com\/ae01.alicdn.com\/kf\/H81b2252e25524d2f8a6a1e007dbdf7a7S.jpg?w=1200&#038;ssl=1\" \/><br \/>\n <img data-recalc-dims=\"1\" decoding=\"async\" class=\"detail-desc-decorate-image\" src=\"https:\/\/i0.wp.com\/ae01.alicdn.com\/kf\/Ha510a65c23384d7a8f350d419756bccbJ.jpg?w=1200&#038;ssl=1\" \/><br \/>\n <img data-recalc-dims=\"1\" decoding=\"async\" class=\"detail-desc-decorate-image\" src=\"https:\/\/i0.wp.com\/ae01.alicdn.com\/kf\/H13364eee6fbc48adbbdfa0a4988bf7bbY.jpg?w=1200&#038;ssl=1\" \/><br \/>\n <img data-recalc-dims=\"1\" decoding=\"async\" class=\"detail-desc-decorate-image\" src=\"https:\/\/i0.wp.com\/ae01.alicdn.com\/kf\/He6777a1ed1944e488dd412be6d9338d96.jpg?w=1200&#038;ssl=1\" \/><br \/>\n <img data-recalc-dims=\"1\" decoding=\"async\" class=\"detail-desc-decorate-image\" src=\"https:\/\/i0.wp.com\/ae01.alicdn.com\/kf\/H232e493ffb434e1bbd3ae5e3b2ffe564v.jpg?w=1200&#038;ssl=1\" \/><br \/>\n <img data-recalc-dims=\"1\" decoding=\"async\" class=\"detail-desc-decorate-image\" src=\"https:\/\/i0.wp.com\/ae01.alicdn.com\/kf\/H60fef0b36c854d359ebb2bd4f14a2ec49.jpg?w=1200&#038;ssl=1\" \/><br \/>\n <img data-recalc-dims=\"1\" decoding=\"async\" class=\"detail-desc-decorate-image\" src=\"https:\/\/i0.wp.com\/ae01.alicdn.com\/kf\/H34b5f5af92244c20a422ba2abf89eb40r.jpg?w=1200&#038;ssl=1\" \/>\n<\/div>\n<div class=\"detailmodule_image\">\n <img data-recalc-dims=\"1\" decoding=\"async\" class=\"detail-desc-decorate-image\" src=\"https:\/\/i0.wp.com\/ae01.alicdn.com\/kf\/Hb87d510ade1347149d6cbbe5a58fae21q.jpg?w=1200&#038;ssl=1\" \/><br \/>\n <img data-recalc-dims=\"1\" decoding=\"async\" class=\"detail-desc-decorate-image\" src=\"https:\/\/i0.wp.com\/ae01.alicdn.com\/kf\/H0d86c195ba324b95b38509019e91f961j.jpg?w=1200&#038;ssl=1\" \/><br \/>\n <img data-recalc-dims=\"1\" decoding=\"async\" class=\"detail-desc-decorate-image\" src=\"https:\/\/i0.wp.com\/ae01.alicdn.com\/kf\/Sb2b8ff08384343afa0848728d3e2269cQ.jpg?w=1200&#038;ssl=1\" \/>\n<\/div>\n<p><\/p>\n<\/div>\n<\/div>\n","protected":false},"excerpt":{"rendered":"<p>Osram original h1 h4 h3 h7 12v l&acirc;mpada padr&atilde;o autom&aacute;tica 3200k cabe&ccedil;a luz de nevoeiro 55w 80w 100w carro l&acirc;mpada hal&oacute;gena qualidade oem atacado 10 pe&ccedil;as As l&acirc;mpadas hal&oacute;genas OSRAM ORIGINAL LINE oferecem desempenho convincente para requisitos padr&atilde;o, s&atilde;o robustas e econ&ocirc;micas.Eles j&aacute; foram usados com sucesso em milh&otilde;es de carros novos de fabricantes renomados,&hellip;&nbsp;<\/p>\n","protected":false},"featured_media":42374,"template":"","meta":{"neve_meta_sidebar":"","neve_meta_container":"","neve_meta_enable_content_width":"","neve_meta_content_width":0,"neve_meta_title_alignment":"","neve_meta_author_avatar":"","neve_post_elements_order":"","neve_meta_disable_header":"","neve_meta_disable_footer":"","neve_meta_disable_title":""},"product_brand":[],"product_cat":[55,19,17],"product_tag":[],"class_list":{"0":"post-42380","1":"product","2":"type-product","3":"status-publish","4":"has-post-thumbnail","6":"product_cat-lampadas-para-farois-halogenas","7":"product_cat-luzes-automotivas","8":"product_cat-pecas-e-acessorios-automotivos","10":"first","11":"instock","12":"shipping-taxable","13":"purchasable","14":"product-type-variable","15":"has-default-attributes"},"jetpack_sharing_enabled":true,"_links":{"self":[{"href":"https:\/\/listman.shop\/autoparts-br\/wp-json\/wp\/v2\/product\/42380","targetHints":{"allow":["GET"]}}],"collection":[{"href":"https:\/\/listman.shop\/autoparts-br\/wp-json\/wp\/v2\/product"}],"about":[{"href":"https:\/\/listman.shop\/autoparts-br\/wp-json\/wp\/v2\/types\/product"}],"wp:featuredmedia":[{"embeddable":true,"href":"https:\/\/listman.shop\/autoparts-br\/wp-json\/wp\/v2\/media\/42374"}],"wp:attachment":[{"href":"https:\/\/listman.shop\/autoparts-br\/wp-json\/wp\/v2\/media?parent=42380"}],"wp:term":[{"taxonomy":"product_brand","embeddable":true,"href":"https:\/\/listman.shop\/autoparts-br\/wp-json\/wp\/v2\/product_brand?post=42380"},{"taxonomy":"product_cat","embeddable":true,"href":"https:\/\/listman.shop\/autoparts-br\/wp-json\/wp\/v2\/product_cat?post=42380"},{"taxonomy":"product_tag","embeddable":true,"href":"https:\/\/listman.shop\/autoparts-br\/wp-json\/wp\/v2\/product_tag?post=42380"}],"curies":[{"name":"wp","href":"https:\/\/api.w.org\/{rel}","templated":true}]}}