{"id":42403,"date":"2025-03-27T09:06:10","date_gmt":"2025-03-27T00:06:10","guid":{"rendered":"https:\/\/listman.shop\/autoparts-br\/product\/1005006117838553\/"},"modified":"2026-04-14T16:26:06","modified_gmt":"2026-04-14T07:26:06","slug":"1005006117838553","status":"publish","type":"product","link":"https:\/\/listman.shop\/autoparts-br\/product\/1005006117838553\/","title":{"rendered":"2x pisca din\u00e2mico led sinal de volta luz indicador espelho lateral l\u00e2mpada para vw polo mk4 9n 05-09 para skoda octavia mk2 1z 04-10"},"content":{"rendered":"<div class=\"detailmodule_html\">\n<div class=\"detail-desc-decorate-richtext\">\n<div class=\"detailmodule_html\">\n<div class=\"detail-desc-decorate-richtext\">\n<p>Descri\u00e7\u00e3o do produto:<br \/>-100% novo, 100% testado na f\u00e1brica.<br \/>-Marcas l\u00edderes globais, populares entre os clientes.<br \/>-Suporte t\u00e9cnico vital\u00edcio das marcas HochiTech.<br \/>-Pre\u00e7o competitivo com servi\u00e7o profissional e alto padr\u00e3o de qualidade.<br \/>-Instala\u00e7\u00e3o plug and play, conectada diretamente ao plugue original. 100% LIVRE DE ERROS.<br \/>-Confirme o n\u00famero das pe\u00e7as antes da compra ou forne\u00e7a o formato da imagem original do produto.<br \/>-Lente semi-fuma\u00e7ada, parece luxuosa como estilo esportivo.<br \/>-Sinal de mudan\u00e7a de dire\u00e7\u00e3o din\u00e2mico, rolagem suavemente. Mais f\u00e1cil de ser visto por outros motoristas quando voc\u00ea est\u00e1 virando \u00e0 direita\/esquerda.<br \/>-Tecnologia LED, mais dur\u00e1vel. Com superf\u00edcie fosca para resistente a arranh\u00f5es.<br \/>-Certificado: IP67 E-mark, CE, DOT, SAE<br \/>-Parece perfeito dia e noite!Assista ao nosso v\u00eddeo. Substitui\u00e7\u00e3o verdadeiramente perfeita!<\/p>\n<p>Modelos dispon\u00edveis:<br \/>Para Volkswagen Polo mk4 FL 2005-2009<br \/>Para Volkswagen Vento 2005-2010<br \/>Para Skoda Octavia 2004-2010<br \/>N\u00c3O \u00e9 adequado para Skoda Octavia 2 2004<br \/>N\u00c3O \u00e9 adequado para Skoda Octavia A5 2006<br \/>N\u00c3O \u00e9 adequado para VW Polo 9n3 GTI 2008<\/p>\n<p>N\u00famero da pe\u00e7a de refer\u00eancia:<br \/>Esquerda: 6QD949101, 1Z0949101C, 6Q0949101<br \/>Direita: 6QD949102, 1Z0949102C, 6Q0949102<br \/> <img data-recalc-dims=\"1\" decoding=\"async\" style=\", Arial, Helvetica, sans-serif, Heiti;font-size:14px;font-weight:400;letter-spacing:normal;text-align:left;white-space:normal;margin:0px;margin-bottom:0px;margin-top:0px;margin-left:0px;margin-right:0px;padding:0px;padding-bottom:0px;padding-top:0px;padding-left:0px;padding-right:0px;max-width:100%\" src=\"https:\/\/i0.wp.com\/ae01.alicdn.com\/kf\/S2e32765f28c74811b13e78975554c5665.jpg?w=1200&#038;ssl=1\"><br \/> <span style=\"font-size:14px;, Arial, Helvetica, sans-serif, Heiti\"><span style=\"font-size:22px\"><strong>Certifique-se de que a capa do espelho do seu carro seja a mesma antes de fazer o pedido<br \/><\/strong><\/span><\/span><img data-recalc-dims=\"1\" decoding=\"async\" src=\"https:\/\/i0.wp.com\/ae01.alicdn.com\/kf\/S9b79fb495d1a4bac958513856f42398fH.jpg?w=1200&#038;ssl=1\"><\/p>\n<p><img data-recalc-dims=\"1\" decoding=\"async\" style=\", Arial, Helvetica, sans-serif, Heiti;font-size:26px;font-weight:400;letter-spacing:normal;text-align:start;white-space:normal;margin:0px;margin-bottom:0px;margin-top:0px;margin-left:0px;margin-right:0px;padding:0px;padding-bottom:0px;padding-top:0px;padding-left:0px;padding-right:0px;max-width:100%\" src=\"https:\/\/i0.wp.com\/ae01.alicdn.com\/kf\/S2ccf0edb98e8461999a2053901bf1decj.jpg?w=1200&#038;ssl=1\"><br \/> <img data-recalc-dims=\"1\" decoding=\"async\" src=\"https:\/\/i0.wp.com\/ae01.alicdn.com\/kf\/Sb843fdbe55c74fc990ede9c3c84f817eF.jpg?w=1200&#038;ssl=1\"><img data-recalc-dims=\"1\" decoding=\"async\" src=\"https:\/\/i0.wp.com\/ae01.alicdn.com\/kf\/S0905736ba7004ecb9ff9d3cf12527a3eb.jpg?w=1200&#038;ssl=1\"><img data-recalc-dims=\"1\" decoding=\"async\" src=\"https:\/\/i0.wp.com\/ae01.alicdn.com\/kf\/S4e40e770093042fdaf337f166ff528f10.jpg?w=1200&#038;ssl=1\"><img data-recalc-dims=\"1\" decoding=\"async\" src=\"https:\/\/i0.wp.com\/ae01.alicdn.com\/kf\/Saef4b839dbf24bc1b70f57dd64a8c7386.jpg?w=1200&#038;ssl=1\"><img data-recalc-dims=\"1\" decoding=\"async\" src=\"https:\/\/i0.wp.com\/ae01.alicdn.com\/kf\/Sae869ca103c34aa9a732e7c5f5abfb89V.jpg?w=1200&#038;ssl=1\"><img data-recalc-dims=\"1\" decoding=\"async\" src=\"https:\/\/i0.wp.com\/ae01.alicdn.com\/kf\/Se71a543d0f544cd89209a31de849f345P.jpg?w=1200&#038;ssl=1\"><img data-recalc-dims=\"1\" decoding=\"async\" src=\"https:\/\/i0.wp.com\/ae01.alicdn.com\/kf\/Sf0abbf78571242408e72e2135d131cb2A.jpg?w=1200&#038;ssl=1\"><img data-recalc-dims=\"1\" decoding=\"async\" src=\"https:\/\/i0.wp.com\/ae01.alicdn.com\/kf\/S3f29202ea8744b19b2d45aedf9d91d75y.jpg?w=1200&#038;ssl=1\"><img data-recalc-dims=\"1\" decoding=\"async\" src=\"https:\/\/i0.wp.com\/ae01.alicdn.com\/kf\/Sac53912eb23740078065f175134962a0X.jpg?w=1200&#038;ssl=1\"><img data-recalc-dims=\"1\" decoding=\"async\" src=\"https:\/\/i0.wp.com\/ae01.alicdn.com\/kf\/Se9861fdbd4b84defa0638bf75ff97033k.jpg?w=1200&#038;ssl=1\"><img data-recalc-dims=\"1\" decoding=\"async\" src=\"https:\/\/i0.wp.com\/ae01.alicdn.com\/kf\/Sbcc57122f99d4713a4387807443779f6Z.jpg?w=1200&#038;ssl=1\"><img data-recalc-dims=\"1\" decoding=\"async\" src=\"https:\/\/i0.wp.com\/ae01.alicdn.com\/kf\/Se72de22539fe49da939a318b17b4ab5ek.jpg?w=1200&#038;ssl=1\"><img data-recalc-dims=\"1\" decoding=\"async\" src=\"https:\/\/i0.wp.com\/ae01.alicdn.com\/kf\/S3eb2bf0c8c084a809e261f73de1825cc5.jpg?w=1200&#038;ssl=1\"><img data-recalc-dims=\"1\" decoding=\"async\" src=\"https:\/\/i0.wp.com\/ae01.alicdn.com\/kf\/S91bfe2bd2eb7479e9e332879e034ffaei.jpg?w=1200&#038;ssl=1\"><img data-recalc-dims=\"1\" decoding=\"async\" src=\"https:\/\/i0.wp.com\/ae01.alicdn.com\/kf\/S381cefde651c443086691c0bf6e7c40ad.jpg?w=1200&#038;ssl=1\"><img data-recalc-dims=\"1\" decoding=\"async\" src=\"https:\/\/i0.wp.com\/ae01.alicdn.com\/kf\/Sfd6f3a5790e541b59804fd2c40def4fd4.jpg?w=1200&#038;ssl=1\"><img data-recalc-dims=\"1\" decoding=\"async\" src=\"https:\/\/i0.wp.com\/ae01.alicdn.com\/kf\/S5d7c96e07fc6449f9414294a188398a6N.jpg?w=1200&#038;ssl=1\"><img data-recalc-dims=\"1\" decoding=\"async\" src=\"https:\/\/i0.wp.com\/ae01.alicdn.com\/kf\/S441f84824b504a46800c12a9e4103070l.jpg?w=1200&#038;ssl=1\"><br \/>Envio<\/p>\n<p style=\", Arial, Helvetica, sans-serif, Heiti;font-size:14px;font-weight:400;letter-spacing:normal;line-height:inherit;text-align:start;white-space:normal;margin:0px;margin-bottom:0px;margin-top:0px;margin-left:0px;margin-right:0px;padding:0px;padding-bottom:0px;padding-top:0px;padding-left:0px;padding-right:0px\" align=\"start\">1.Enviamos para todo o mundo, exceto algumas \u00e1reas remotas.<\/p>\n<p style=\", Arial, Helvetica, sans-serif, Heiti;font-size:14px;font-weight:400;letter-spacing:normal;line-height:inherit;text-align:start;white-space:normal;margin:0px;margin-bottom:0px;margin-top:0px;margin-left:0px;margin-right:0px;padding:0px;padding-bottom:0px;padding-top:0px;padding-left:0px;padding-right:0px\" align=\"start\">2.Pedidos processados dentro de 24 a 48 horas ap\u00f3s a verifica\u00e7\u00e3o do pagamento.<\/p>\n<p style=\", Arial, Helvetica, sans-serif, Heiti;font-size:14px;font-weight:400;letter-spacing:normal;line-height:inherit;text-align:start;white-space:normal;margin:0px;margin-bottom:0px;margin-top:0px;margin-left:0px;margin-right:0px;padding:0px;padding-bottom:0px;padding-top:0px;padding-left:0px;padding-right:0px\" align=\"start\">3.Antes de comprar, verifique se seu endere\u00e7o est\u00e1 correto.Ou n\u00e3o, corrija antes do pagamento.<\/p>\n<p style=\", Arial, Helvetica, sans-serif, Heiti;font-size:14px;font-weight:400;letter-spacing:normal;line-height:inherit;text-align:start;white-space:normal;margin:0px;margin-bottom:0px;margin-top:0px;margin-left:0px;margin-right:0px;padding:0px;padding-bottom:0px;padding-top:0px;padding-left:0px;padding-right:0px\" align=\"start\">4.Se voc\u00ea n\u00e3o recebeu sua remessa dentro de 30 dias ap\u00f3s o pagamento, entre em contato conosco.Rastrearemos o envio e entraremos em contato com voc\u00ea o mais breve poss\u00edvel<\/p>\n<p style=\", Arial, Helvetica, sans-serif, Heiti;font-size:14px;font-weight:400;letter-spacing:normal;line-height:inherit;text-align:start;white-space:normal;margin:0px;margin-bottom:0px;margin-top:0px;margin-left:0px;margin-right:0px;padding:0px;padding-bottom:0px;padding-top:0px;padding-left:0px;padding-right:0px\" align=\"start\">o mais poss\u00edvel com uma resposta.Nosso objetivo \u00e9 a satisfa\u00e7\u00e3o do cliente!<\/p>\n<p style=\", Arial, Helvetica, sans-serif, Heiti;font-size:14px;font-weight:400;letter-spacing:normal;line-height:inherit;text-align:start;white-space:normal;margin:0px;margin-bottom:0px;margin-top:0px;margin-left:0px;margin-right:0px;padding:0px;padding-bottom:0px;padding-top:0px;padding-left:0px;padding-right:0px\" align=\"start\">5.Devido ao status do estoque e \u00e0s diferen\u00e7as de hor\u00e1rio, optaremos por enviar seu item do nosso primeiro armaz\u00e9m dispon\u00edvel para entrega r\u00e1pida.<\/p>\n<h2 style=\", Arial, Helvetica, sans-serif, Heiti;font-size:20px;font-weight:500;letter-spacing:normal;line-height:30px;text-align:start;white-space:normal;margin:0px 0px 10px;margin-bottom:10px;margin-top:0px;margin-left:0px;margin-right:0px;padding:0px;padding-bottom:0px;padding-top:0px;padding-left:0px;padding-right:0px\" align=\"start\">Pagamento:<\/h2>\n<p style=\", Arial, Helvetica, sans-serif, Heiti;font-size:14px;font-weight:400;letter-spacing:normal;line-height:inherit;text-align:start;white-space:normal;margin:0px;margin-bottom:0px;margin-top:0px;margin-left:0px;margin-right:0px;padding:0px;padding-bottom:0px;padding-top:0px;padding-left:0px;padding-right:0px\" align=\"start\">1.Aceitamos Alipay, todos os principais cart\u00f5es de cr\u00e9dito s\u00e3o aceitos atrav\u00e9s do dep\u00f3sito seguro do processador de pagamento.<\/p>\n<p style=\", Arial, Helvetica, sans-serif, Heiti;font-size:14px;font-weight:400;letter-spacing:normal;line-height:inherit;text-align:start;white-space:normal;margin:0px;margin-bottom:0px;margin-top:0px;margin-left:0px;margin-right:0px;padding:0px;padding-bottom:0px;padding-top:0px;padding-left:0px;padding-right:0px\" align=\"start\">2.O pagamento deve ser feito dentro de 3 dias ap\u00f3s o pedido.<\/p>\n<p style=\", Arial, Helvetica, sans-serif, Heiti;font-size:14px;font-weight:400;letter-spacing:normal;line-height:inherit;text-align:start;white-space:normal;margin:0px;margin-bottom:0px;margin-top:0px;margin-left:0px;margin-right:0px;padding:0px;padding-bottom:0px;padding-top:0px;padding-left:0px;padding-right:0px\" align=\"start\">3.Se voc\u00ea puder finalizar a compra imediatamente ap\u00f3s o t\u00e9rmino do leil\u00e3o, aguarde alguns minutos e o novo pagamento de teste dever\u00e1 ser conclu\u00eddo dentro de 3 dias.<\/p>\n<h2 style=\", Arial, Helvetica, sans-serif, Heiti;font-size:20px;font-weight:500;letter-spacing:normal;line-height:30px;text-align:start;white-space:normal;margin:0px 0px 10px;margin-bottom:10px;margin-top:0px;margin-left:0px;margin-right:0px;padding:0px;padding-bottom:0px;padding-top:0px;padding-left:0px;padding-right:0px\" align=\"start\">Garantia:<\/h2>\n<p style=\", Arial, Helvetica, sans-serif, Heiti;font-size:14px;font-weight:400;letter-spacing:normal;line-height:inherit;text-align:start;white-space:normal;margin:0px;margin-bottom:0px;margin-top:0px;margin-left:0px;margin-right:0px;padding:0px;padding-bottom:0px;padding-top:0px;padding-left:0px;padding-right:0px\" align=\"start\">1.24 meses de garantia do fabricante.Compre com confian\u00e7a!<\/p>\n<p style=\", Arial, Helvetica, sans-serif, Heiti;font-size:14px;font-weight:400;letter-spacing:normal;line-height:inherit;text-align:start;white-space:normal;margin:0px;margin-bottom:0px;margin-top:0px;margin-left:0px;margin-right:0px;padding:0px;padding-bottom:0px;padding-top:0px;padding-left:0px;padding-right:0px\" align=\"start\">2.Se voc\u00ea n\u00e3o ficar satisfeito ao receber seu item, devolva-o dentro de 30 dias para substitui\u00e7\u00e3o ou devolu\u00e7\u00e3o do dinheiro.Entre em contato comigo antes de devolv\u00ea-lo.<\/p>\n<p style=\", Arial, Helvetica, sans-serif, Heiti;font-size:14px;font-weight:400;letter-spacing:normal;line-height:inherit;text-align:start;white-space:normal;margin:0px;margin-bottom:0px;margin-top:0px;margin-left:0px;margin-right:0px;padding:0px;padding-bottom:0px;padding-top:0px;padding-left:0px;padding-right:0px\" align=\"start\">3.Itens defeituosos devem ser relatados e devolvidos dentro do per\u00edodo de garantia (e na embalagem original, se poss\u00edvel).Voc\u00ea deve nos informar qual \u00e9 o defeito e nos fornecer o n\u00famero do seu pedido.<\/p>\n<p style=\", Arial, Helvetica, sans-serif, Heiti;font-size:14px;font-weight:400;letter-spacing:normal;line-height:inherit;text-align:start;white-space:normal;margin:0px;margin-bottom:0px;margin-top:0px;margin-left:0px;margin-right:0px;padding:0px;padding-bottom:0px;padding-top:0px;padding-left:0px;padding-right:0px\" align=\"start\">4.O frete de devolu\u00e7\u00e3o ser\u00e1 pago pelo Comprador.<\/p>\n<h1 style=\", Arial, Helvetica, sans-serif, Heiti;font-size:24px;font-weight:500;letter-spacing:normal;line-height:36px;text-align:start;white-space:normal;margin:0.67em 0px 12px;margin-bottom:12px;margin-top:0.67em;margin-left:0px;margin-right:0px;padding:0px;padding-bottom:0px;padding-top:0px;padding-left:0px;padding-right:0px\" align=\"start\"><span style=\"font-size:28px\">Pol\u00edticas:<\/span><\/h1>\n<p style=\", Arial, Helvetica, sans-serif, Heiti;font-size:14px;font-weight:400;letter-spacing:normal;line-height:inherit;text-align:start;white-space:normal;margin:0px;margin-bottom:0px;margin-top:0px;margin-left:0px;margin-right:0px;padding:0px;padding-bottom:0px;padding-top:0px;padding-left:0px;padding-right:0px\" align=\"start\">1.N\u00e3o somos respons\u00e1veis por quaisquer direitos aduaneiros ou impostos de importa\u00e7\u00e3o.<\/p>\n<p style=\", Arial, Helvetica, sans-serif, Heiti;font-size:14px;font-weight:400;letter-spacing:normal;line-height:inherit;text-align:start;white-space:normal;margin:0px;margin-bottom:0px;margin-top:0px;margin-left:0px;margin-right:0px;padding:0px;padding-bottom:0px;padding-top:0px;padding-left:0px;padding-right:0px\" align=\"start\">2.Mantemos altos padr\u00f5es de excel\u00eancia e buscamos 100% de satisfa\u00e7\u00e3o do cliente!O feedback \u00e9 muito importante Solicitamos que voc\u00ea entre em contato conosco imediatamente antes de nos dar um feedback neutro ou negativo, para que possamos resolver suas preocupa\u00e7\u00f5es de forma satisfat\u00f3ria.\u00c9 imposs\u00edvel resolver problemas se n\u00e3o tivermos conhecimento deles!<\/p>\n<p style=\", Arial, Helvetica, sans-serif, Heiti;font-size:14px;font-weight:400;letter-spacing:normal;line-height:inherit;text-align:start;white-space:normal;margin:0px;margin-bottom:0px;margin-top:0px;margin-left:0px;margin-right:0px;padding:0px;padding-bottom:0px;padding-top:0px;padding-left:0px;padding-right:0px\" align=\"start\">3.Todos os e-mails ser\u00e3o respondidos dentro de um dia \u00fatil.Se voc\u00ea n\u00e3o receber nossa resposta, por favor, reenvie seu e-mail e responderemos o mais breve poss\u00edvel.<\/p>\n<p style=\", Arial, Helvetica, sans-serif, Heiti;font-size:14px;font-weight:400;letter-spacing:normal;line-height:inherit;text-align:start;white-space:normal;margin:0px;margin-bottom:0px;margin-top:0px;margin-left:0px;margin-right:0px;padding:0px;padding-bottom:0px;padding-top:0px;padding-left:0px;padding-right:0px\" align=\"start\">4. Voc\u00ea concorda com todas as pol\u00edticas listadas acima ao licitar e vencer este leil\u00e3o!<\/p>\n<p style=\", Arial, Helvetica, sans-serif, Heiti;font-size:14px;font-weight:400;letter-spacing:normal;line-height:inherit;text-align:start;white-space:normal;margin:0px;margin-bottom:0px;margin-top:0px;margin-left:0px;margin-right:0px;padding:0px;padding-bottom:0px;padding-top:0px;padding-left:0px;padding-right:0px;display:block;width:944px\" align=\"start\"><img data-recalc-dims=\"1\" decoding=\"async\" style=\"margin:0px;margin-bottom:0px;margin-top:0px;margin-left:0px;margin-right:0px;padding:0px;padding-bottom:0px;padding-top:0px;padding-left:0px;padding-right:0px;max-width:100%\" src=\"https:\/\/i0.wp.com\/ae01.alicdn.com\/kf\/S79e88884474e40e38f5845dd300bc67cy.jpg?w=1200&#038;ssl=1\"><\/p>\n<div><\/div>\n<\/div>\n<\/div>\n<p><\/p>\n<\/div>\n<\/div>\n","protected":false},"excerpt":{"rendered":"<p>Descri\u00e7\u00e3o do produto:-100% novo, 100% testado na f\u00e1brica.-Marcas l\u00edderes globais, populares entre os clientes.-Suporte t\u00e9cnico vital\u00edcio das marcas HochiTech.-Pre\u00e7o competitivo com servi\u00e7o profissional e alto padr\u00e3o de qualidade.-Instala\u00e7\u00e3o plug and play, conectada diretamente ao plugue original. 100% LIVRE DE ERROS.-Confirme o n\u00famero das pe\u00e7as antes da compra ou forne\u00e7a o formato da imagem original do&hellip;&nbsp;<\/p>\n","protected":false},"featured_media":42397,"template":"","meta":{"neve_meta_sidebar":"","neve_meta_container":"","neve_meta_enable_content_width":"","neve_meta_content_width":0,"neve_meta_title_alignment":"","neve_meta_author_avatar":"","neve_post_elements_order":"","neve_meta_disable_header":"","neve_meta_disable_footer":"","neve_meta_disable_title":""},"product_brand":[],"product_cat":[72,19,17],"product_tag":[],"class_list":{"0":"post-42403","1":"product","2":"type-product","3":"status-publish","4":"has-post-thumbnail","6":"product_cat-lampada-sinalizadora","7":"product_cat-luzes-automotivas","8":"product_cat-pecas-e-acessorios-automotivos","10":"first","11":"instock","12":"shipping-taxable","13":"purchasable","14":"product-type-variable","15":"has-default-attributes"},"jetpack_sharing_enabled":true,"_links":{"self":[{"href":"https:\/\/listman.shop\/autoparts-br\/wp-json\/wp\/v2\/product\/42403","targetHints":{"allow":["GET"]}}],"collection":[{"href":"https:\/\/listman.shop\/autoparts-br\/wp-json\/wp\/v2\/product"}],"about":[{"href":"https:\/\/listman.shop\/autoparts-br\/wp-json\/wp\/v2\/types\/product"}],"wp:featuredmedia":[{"embeddable":true,"href":"https:\/\/listman.shop\/autoparts-br\/wp-json\/wp\/v2\/media\/42397"}],"wp:attachment":[{"href":"https:\/\/listman.shop\/autoparts-br\/wp-json\/wp\/v2\/media?parent=42403"}],"wp:term":[{"taxonomy":"product_brand","embeddable":true,"href":"https:\/\/listman.shop\/autoparts-br\/wp-json\/wp\/v2\/product_brand?post=42403"},{"taxonomy":"product_cat","embeddable":true,"href":"https:\/\/listman.shop\/autoparts-br\/wp-json\/wp\/v2\/product_cat?post=42403"},{"taxonomy":"product_tag","embeddable":true,"href":"https:\/\/listman.shop\/autoparts-br\/wp-json\/wp\/v2\/product_tag?post=42403"}],"curies":[{"name":"wp","href":"https:\/\/api.w.org\/{rel}","templated":true}]}}