{"id":42566,"date":"2025-03-27T09:12:52","date_gmt":"2025-03-27T00:12:52","guid":{"rendered":"https:\/\/listman.shop\/autoparts-br\/product\/1005006368090502\/"},"modified":"2026-04-14T15:29:06","modified_gmt":"2026-04-14T06:29:06","slug":"1005006368090502","status":"publish","type":"product","link":"https:\/\/listman.shop\/autoparts-br\/product\/1005006368090502\/","title":{"rendered":"AUXBEAM 6,3 polegadas LED luz de trabalho l\u00e2mpada de neblina de condu\u00e7\u00e3o 60W 7200LM luz branca pod com chicote de fios para caminh\u00e3o offroad SUV ATV UTV barco"},"content":{"rendered":"<div class=\"detailmodule_html\">\n<div class=\"detail-desc-decorate-richtext\">\n<div class=\"detailmodule_html\">\n<div class=\"detail-desc-decorate-richtext\">\n<p><span style=\"font-size:18px\"><span style=\"font-family:Times New Roman,Times,serif\" id=\"tl_1\"><img data-recalc-dims=\"1\" decoding=\"async\" src=\"https:\/\/i0.wp.com\/ae01.alicdn.com\/kf\/Scad0072b44e14a558cec587aa097629fd.jpg?w=1200&#038;ssl=1\" \/> <img data-recalc-dims=\"1\" decoding=\"async\" src=\"https:\/\/i0.wp.com\/ae01.alicdn.com\/kf\/S4d03e9b662b64d17b667c9d6ea3c69bed.jpg?w=1200&#038;ssl=1\" \/>Especifica&ccedil;&otilde;es:<\/span><\/span><\/p>\n<p><span style=\"font-size:18px\"><span style=\"font-family:Times New Roman,Times,serif\" id=\"tl_2\">Nome: luz de condu&ccedil;&atilde;o LED<\/span><\/span><\/p>\n<p><span style=\"font-size:18px\"><span style=\"font-family:Times New Roman,Times,serif\" id=\"tl_3\">Modelo: CM-5030PR<\/span><\/span><\/p>\n<p><span style=\"font-size:18px\"><span style=\"font-family:Times New Roman,Times,serif\" id=\"tl_4\">Material: PC + liga de alum&iacute;nio<\/span><\/span><\/p>\n<p><span style=\"font-size:18px\"><span style=\"font-family:Times New Roman,Times,serif\" id=\"tl_5\">Quantidade: 2 unidades\/conjunto<\/span><\/span><\/p>\n<p><span style=\"font-size:18px\"><span style=\"font-family:Times New Roman,Times,serif\" id=\"tl_6\">Forma: mini barra de luz quadrada<\/span><\/span><\/p>\n<p><span style=\"font-size:18px\"><span style=\"font-family:Times New Roman,Times,serif\" id=\"tl_7\">Cor clara: luz branca<\/span><\/span><\/p>\n<p><span style=\"font-size:18px\"><span style=\"font-family:Times New Roman,Times,serif\" id=\"tl_8\">Temperatura de cor: 6500K<\/span><\/span><\/p>\n<p><span style=\"font-size:18px\"><span style=\"font-family:Times New Roman,Times,serif\" id=\"tl_9\">Fonte de luz: P8<\/span><\/span><\/p>\n<p><span style=\"font-size:18px\"><span style=\"font-family:Times New Roman,Times,serif\" id=\"tl_10\">Pot&ecirc;ncia: 60W<\/span><\/span><\/p>\n<p><span style=\"font-size:18px\"><span style=\"font-family:Times New Roman,Times,serif\" id=\"tl_11\">L&uacute;men bruto: 7200LM<\/span><\/span><\/p>\n<p><span style=\"font-size:18px\"><span style=\"font-family:Times New Roman,Times,serif\" id=\"tl_12\">L&uacute;men efetivo: 5850LM<\/span><\/span><\/p>\n<p><span style=\"font-size:18px\"><span style=\"font-family:Times New Roman,Times,serif\" id=\"tl_13\">Dist&acirc;ncia da luz: 1lux@239M<\/span><\/span><\/p>\n<p><span style=\"font-size:18px\"><span style=\"font-family:Times New Roman,Times,serif\" id=\"tl_14\">Vida &uacute;til: mais de 50.000 horas<\/span><\/span><\/p>\n<p><span style=\"font-size:18px\"><span style=\"font-family:Times New Roman,Times,serif\" id=\"tl_15\">Classifica&ccedil;&atilde;o &agrave; prova d&#8217;&aacute;gua: IP68<\/span><\/span><\/p>\n<p><span style=\"font-size:18px\"><span style=\"font-family:Times New Roman,Times,serif\" id=\"tl_16\">Cor da concha: preto<\/span><\/span><\/p>\n<p><span style=\"font-size:18px\"><span style=\"font-family:Times New Roman,Times,serif\" id=\"tl_17\">Tamanho: 6,3&quot;<\/span><\/span><\/p>\n<p><span style=\"font-size:18px\"><span style=\"font-family:Times New Roman,Times,serif\" id=\"tl_18\">:ECE R10<\/span><\/span><\/p>\n<p><span style=\"font-size:18px\"><span style=\"font-family:Times New Roman,Times,serif\"><\/span><\/span><\/p>\n<p><span style=\"font-size:18px\"><span style=\"font-family:Times New Roman,Times,serif\" id=\"tl_19\">Aplica&ccedil;&atilde;o:<\/span><\/span><\/p>\n<p><span style=\"font-size:18px\"><span style=\"font-family:Times New Roman,Times,serif\" id=\"tl_20\">Ve&iacute;culos off-road &#8211; ATVs, SUV, caminh&atilde;o, empilhadeira, trens, barco<\/span><\/span><\/p>\n<p><span style=\"font-size:18px\"><span style=\"font-family:Times New Roman,Times,serif\" id=\"tl_21\">Ve&iacute;culos especializados &#8211; motor de bombeiros, carros de pol&iacute;cia, ve&iacute;culo de resgate, ve&iacute;culo de comunica&ccedil;&atilde;o, ve&iacute;culo de comando militar, etc.<\/span><\/span><\/p>\n<p><span style=\"font-size:18px\"><span style=\"font-family:Times New Roman,Times,serif\" id=\"tl_22\">Ve&iacute;culos de engenharia &#8211; escavadeira, niveladora, rolo compactador, escavadeira, guindaste e caminh&atilde;o de minera&ccedil;&atilde;o, etc.<\/span><\/span><\/p>\n<p><span style=\"font-size:18px\"><span style=\"font-family:Times New Roman,Times,serif\"><\/span><\/span><\/p>\n<p><span style=\"font-size:18px\"><span style=\"font-family:Times New Roman,Times,serif\" id=\"tl_23\">Caracter&iacute;sticas:<\/span><\/span><\/p>\n<p><span style=\"font-size:18px\"><span style=\"font-family:Times New Roman,Times,serif\" id=\"tl_24\">* Quadro de PC, PC de inje&ccedil;&atilde;o especial.<\/span><\/span><\/p>\n<p><span style=\"font-size:18px\"><span style=\"font-family:Times New Roman,Times,serif\" id=\"tl_25\">* PC inquebr&aacute;vel.PC UV exclusivo aumentando 10% de efici&ecirc;ncia de brilho.<\/span><\/span><\/p>\n<p><span style=\"font-size:18px\"><span style=\"font-family:Times New Roman,Times,serif\" id=\"tl_26\">* Solu&ccedil;&atilde;o de 12 LED de alta efici&ecirc;ncia.<\/span><\/span><\/p>\n<p><span style=\"font-size:18px\"><span style=\"font-family:Times New Roman,Times,serif\" id=\"tl_27\">* Parafusos de a&ccedil;o inoxid&aacute;vel, a&ccedil;o inoxid&aacute;vel de alta qualidade.<\/span><\/span><\/p>\n<p><span style=\"font-size:18px\"><span style=\"font-family:Times New Roman,Times,serif\" id=\"tl_28\">* Veda&ccedil;&atilde;o de borracha auto-moldada, combinando perfeitamente com a estrutura e a tampa do PC para impermeabilidade.<\/span><\/span><\/p>\n<p><span style=\"font-size:18px\"><span style=\"font-family:Times New Roman,Times,serif\" id=\"tl_29\">* Copo de &acirc;ngulo duplo com design patenteado.Dois designs de &acirc;ngulo de copo refletor diferentes, sa&iacute;da de luz aumentada em 10%.<\/span><\/span><\/p>\n<p><span style=\"font-size:18px\"><span style=\"font-family:Times New Roman,Times,serif\" id=\"tl_30\">* Suporte de a&ccedil;o inoxid&aacute;vel, a&ccedil;o inoxid&aacute;vel de alto n&iacute;vel.<\/span><\/span><\/p>\n<p><span style=\"font-size:18px\"><span style=\"font-family:Times New Roman,Times,serif\" id=\"tl_31\">* Alum&iacute;nio de grau aeroespacial ou caixa termopl&aacute;stica exclusiva.Design especial de sistema de resfriamento de ar, fornecendo material de alum&iacute;nio de grau aeroespacial ou caixa exclusiva de materiais termopl&aacute;sticos como op&ccedil;&atilde;o.<\/span><\/span><\/p>\n<p><span style=\"font-size:18px\"><span style=\"font-family:Times New Roman,Times,serif\"><\/span><\/span><\/p>\n<p><span style=\"font-size:18px\"><span style=\"font-family:Times New Roman,Times,serif\" id=\"tl_32\">Pacote inclu&iacute;do:<\/span><\/span><\/p>\n<p><span style=\"font-size:18px\"><span style=\"font-family:Times New Roman,Times,serif\" id=\"tl_33\">2 x luz de condu&ccedil;&atilde;o led para carro<\/span><\/span><\/p>\n<p><span style=\"font-size:18px\"><span style=\"font-family:Times New Roman,Times,serif\" id=\"tl_34\">1 x conjunto de arn&ecirc;s <\/p>\n<p> <img data-recalc-dims=\"1\" decoding=\"async\" src=\"https:\/\/i0.wp.com\/ae01.alicdn.com\/kf\/S1878ab02148748b5b5d6339cf2080615A.jpg?w=1200&#038;ssl=1\" \/> <img data-recalc-dims=\"1\" decoding=\"async\" src=\"https:\/\/i0.wp.com\/ae01.alicdn.com\/kf\/S1acbd92a51844473b881b0572fcc6bd7J.jpg?w=1200&#038;ssl=1\" \/> <img data-recalc-dims=\"1\" decoding=\"async\" src=\"https:\/\/i0.wp.com\/ae01.alicdn.com\/kf\/S4a512e5df696489eaa35b8fbf6258f39K.jpg?w=1200&#038;ssl=1\" \/> <img data-recalc-dims=\"1\" decoding=\"async\" src=\"https:\/\/i0.wp.com\/ae01.alicdn.com\/kf\/Saa7b561c9b9e40cca1688804382d6abcD.jpg?w=1200&#038;ssl=1\" \/> <img data-recalc-dims=\"1\" decoding=\"async\" src=\"https:\/\/i0.wp.com\/ae01.alicdn.com\/kf\/S888cba03ce1c476e950a7da69f8472e9V.jpg?w=1200&#038;ssl=1\" \/> <img data-recalc-dims=\"1\" decoding=\"async\" src=\"https:\/\/i0.wp.com\/ae01.alicdn.com\/kf\/S919eef370d764ecbb8635d932bd48e796.jpg?w=1200&#038;ssl=1\" \/> <img data-recalc-dims=\"1\" decoding=\"async\" src=\"https:\/\/i0.wp.com\/ae01.alicdn.com\/kf\/S076004fc3fb0469b93564a410f32b6e40.jpg?w=1200&#038;ssl=1\" \/> <img data-recalc-dims=\"1\" decoding=\"async\" src=\"https:\/\/i0.wp.com\/ae01.alicdn.com\/kf\/S9025c66f14704475810323d5c15262163.jpg?w=1200&#038;ssl=1\" \/> <img data-recalc-dims=\"1\" decoding=\"async\" src=\"https:\/\/i0.wp.com\/ae01.alicdn.com\/kf\/S60b8fac40bff46d394449a93410db51eb.jpg?w=1200&#038;ssl=1\" \/> <img data-recalc-dims=\"1\" decoding=\"async\" src=\"https:\/\/i0.wp.com\/ae01.alicdn.com\/kf\/Sd10452461d7844eab6cdb0beeb4004eaA.jpg?w=1200&#038;ssl=1\" \/> <img data-recalc-dims=\"1\" decoding=\"async\" src=\"https:\/\/i0.wp.com\/ae01.alicdn.com\/kf\/S2b66936962ad477381d384d7d533e3e6p.jpg?w=1200&#038;ssl=1\" \/> <img data-recalc-dims=\"1\" decoding=\"async\" src=\"https:\/\/i0.wp.com\/ae01.alicdn.com\/kf\/Scf621a3b2d9a4eb995ddd42b41015bc7W.jpg?w=1200&#038;ssl=1\" \/> <img data-recalc-dims=\"1\" decoding=\"async\" src=\"https:\/\/i0.wp.com\/ae01.alicdn.com\/kf\/S4164df3627f442a8a3181a8cb8b98022T.jpg?w=1200&#038;ssl=1\" \/> <img data-recalc-dims=\"1\" decoding=\"async\" src=\"https:\/\/i0.wp.com\/ae01.alicdn.com\/kf\/Sa35ec78b9c2448608ffdb4f71af26a0bQ.jpg?w=1200&#038;ssl=1\" \/> <img data-recalc-dims=\"1\" decoding=\"async\" src=\"https:\/\/i0.wp.com\/ae01.alicdn.com\/kf\/S73b787f3e6c74e25995950cd905f685cr.jpg?w=1200&#038;ssl=1\" \/><\/span><\/span><\/p>\n<\/p><\/div>\n<\/div>\n<\/div>\n<\/div>\n","protected":false},"excerpt":{"rendered":"<p>Especifica&ccedil;&otilde;es: Nome: luz de condu&ccedil;&atilde;o LED Modelo: CM-5030PR Material: PC + liga de alum&iacute;nio Quantidade: 2 unidades\/conjunto Forma: mini barra de luz quadrada Cor clara: luz branca Temperatura de cor: 6500K Fonte de luz: P8 Pot&ecirc;ncia: 60W L&uacute;men bruto: 7200LM L&uacute;men efetivo: 5850LM Dist&acirc;ncia da luz: 1lux@239M Vida &uacute;til: mais de 50.000 horas Classifica&ccedil;&atilde;o &agrave;&hellip;&nbsp;<\/p>\n","protected":false},"featured_media":42560,"template":"","meta":{"neve_meta_sidebar":"","neve_meta_container":"","neve_meta_enable_content_width":"","neve_meta_content_width":0,"neve_meta_title_alignment":"","neve_meta_author_avatar":"","neve_post_elements_order":"","neve_meta_disable_header":"","neve_meta_disable_footer":"","neve_meta_disable_title":""},"product_brand":[],"product_cat":[136,161,19,17],"product_tag":[],"class_list":{"0":"post-42566","1":"product","2":"type-product","3":"status-publish","4":"has-post-thumbnail","6":"product_cat-barra-de-iluminacao","7":"product_cat-iluminacao-de-trabalho","8":"product_cat-luzes-automotivas","9":"product_cat-pecas-e-acessorios-automotivos","11":"first","12":"instock","13":"shipping-taxable","14":"purchasable","15":"product-type-variable"},"jetpack_sharing_enabled":true,"_links":{"self":[{"href":"https:\/\/listman.shop\/autoparts-br\/wp-json\/wp\/v2\/product\/42566","targetHints":{"allow":["GET"]}}],"collection":[{"href":"https:\/\/listman.shop\/autoparts-br\/wp-json\/wp\/v2\/product"}],"about":[{"href":"https:\/\/listman.shop\/autoparts-br\/wp-json\/wp\/v2\/types\/product"}],"wp:featuredmedia":[{"embeddable":true,"href":"https:\/\/listman.shop\/autoparts-br\/wp-json\/wp\/v2\/media\/42560"}],"wp:attachment":[{"href":"https:\/\/listman.shop\/autoparts-br\/wp-json\/wp\/v2\/media?parent=42566"}],"wp:term":[{"taxonomy":"product_brand","embeddable":true,"href":"https:\/\/listman.shop\/autoparts-br\/wp-json\/wp\/v2\/product_brand?post=42566"},{"taxonomy":"product_cat","embeddable":true,"href":"https:\/\/listman.shop\/autoparts-br\/wp-json\/wp\/v2\/product_cat?post=42566"},{"taxonomy":"product_tag","embeddable":true,"href":"https:\/\/listman.shop\/autoparts-br\/wp-json\/wp\/v2\/product_tag?post=42566"}],"curies":[{"name":"wp","href":"https:\/\/api.w.org\/{rel}","templated":true}]}}