{"id":42583,"date":"2025-03-27T09:13:24","date_gmt":"2025-03-27T00:13:24","guid":{"rendered":"https:\/\/listman.shop\/autoparts-br\/product\/1005006388632950\/"},"modified":"2026-05-04T14:37:08","modified_gmt":"2026-05-04T05:37:08","slug":"1005006388632950","status":"publish","type":"product","link":"https:\/\/listman.shop\/autoparts-br\/product\/1005006388632950\/","title":{"rendered":"Luz traseira led para nissan patrol gq y60 gr 1987-1997 luzes traseiras l\u00e2mpada traseira l\u00e2mpada de condu\u00e7\u00e3o l\u00e2mpada de freio 26555-05j00 26550-05j00"},"content":{"rendered":"<div class=\"detailmodule_html\">\n<div class=\"detail-desc-decorate-richtext\">\n<div class=\"detailmodule_text\">\n<p style=\"font-size:20px;font-weight:bold;text-align:left;margin-bottom:12px\" class=\"detail-desc-decorate-title\" align=\"left\" id=\"tl_1\">For Nissan Patrol GQ Y60 GR 1987 1988 1989 1990 1991 1992 1993 1994 1995 1996 1997<\/p>\n<p style=\"font-size:16px;font-weight:normal;text-align:left;margin-bottom:12px\" class=\"detail-desc-decorate-content\" align=\"left\" id=\"tl_2\">Light Source:LED<br \/>Material Type:Silicone LED<br \/>Voltage:12V<br \/>Special Features:High Power<br \/>Applicable models:Special<br \/>package include:1 pair=2pcs<\/p>\n<\/div>\n<div class=\"detailmodule_image clickDiv\">\n <img data-recalc-dims=\"1\" decoding=\"async\" class=\"detail-desc-decorate-image\" src=\"https:\/\/i0.wp.com\/ae01.alicdn.com\/kf\/Sb4defcd28d934ef0bc91dbe9002e8777Z.jpg?w=1200&#038;ssl=1\" \/><br \/>\n <br \/> <br \/>\n <img data-recalc-dims=\"1\" decoding=\"async\" class=\"detail-desc-decorate-image\" src=\"https:\/\/i0.wp.com\/ae01.alicdn.com\/kf\/S84f146e22b70454480aab50b84c0da06y.jpg?w=1200&#038;ssl=1\" \/><br \/>\n <br \/> <br \/>\n <img data-recalc-dims=\"1\" decoding=\"async\" class=\"detail-desc-decorate-image\" src=\"https:\/\/i0.wp.com\/ae01.alicdn.com\/kf\/S6cbe98047e3e465d87bfc720e2b9311cy.jpg?w=1200&#038;ssl=1\" \/><br \/>\n <br \/> <br \/>\n <img data-recalc-dims=\"1\" decoding=\"async\" class=\"detail-desc-decorate-image\" src=\"https:\/\/i0.wp.com\/ae01.alicdn.com\/kf\/Sae6f8720bdc24475ad093d1aa83e13a8R.jpg?w=1200&#038;ssl=1\" \/><br \/>\n <br \/> <br \/>\n <img data-recalc-dims=\"1\" decoding=\"async\" class=\"detail-desc-decorate-image\" src=\"https:\/\/i0.wp.com\/ae01.alicdn.com\/kf\/S0818df2780464da9bf61e025dfa8cdb7i.jpg?w=1200&#038;ssl=1\" \/><br \/>\n <br \/> <br \/>\n <img data-recalc-dims=\"1\" decoding=\"async\" class=\"detail-desc-decorate-image\" src=\"https:\/\/i0.wp.com\/ae01.alicdn.com\/kf\/S7e4a6061f80b40a09fa25b496bca7f2fU.jpg?w=1200&#038;ssl=1\" \/><br \/>\n <br \/> <br \/>\n <img data-recalc-dims=\"1\" decoding=\"async\" class=\"detail-desc-decorate-image\" src=\"https:\/\/i0.wp.com\/ae01.alicdn.com\/kf\/Se5eda088b5954cb8b934e7c203fe71f78.jpg?w=1200&#038;ssl=1\" \/><br \/>\n <br \/> <br \/>\n <img data-recalc-dims=\"1\" decoding=\"async\" class=\"detail-desc-decorate-image\" src=\"https:\/\/i0.wp.com\/ae01.alicdn.com\/kf\/S900f939c37264b8d900b65dc16db59a21.jpg?w=1200&#038;ssl=1\" \/><br \/>\n <br \/> <br \/>\n <img data-recalc-dims=\"1\" decoding=\"async\" class=\"detail-desc-decorate-image\" src=\"https:\/\/i0.wp.com\/ae01.alicdn.com\/kf\/S2e6b9e74264941f99eca91cbe0ce7a9di.jpg?w=1200&#038;ssl=1\" \/><br \/>\n <br \/> <br \/>\n <img data-recalc-dims=\"1\" decoding=\"async\" class=\"detail-desc-decorate-image\" src=\"https:\/\/i0.wp.com\/ae01.alicdn.com\/kf\/S8ede611094504854832a24b6eadbad37z.jpg?w=1200&#038;ssl=1\" \/><br \/>\n <br \/> <br \/>\n <img data-recalc-dims=\"1\" decoding=\"async\" class=\"detail-desc-decorate-image\" src=\"https:\/\/i0.wp.com\/ae01.alicdn.com\/kf\/S73786081da624626a2916f8513fe980dK.jpg?w=1200&#038;ssl=1\" \/><br \/>\n <br \/> <br \/>\n <img data-recalc-dims=\"1\" decoding=\"async\" class=\"detail-desc-decorate-image\" src=\"https:\/\/i0.wp.com\/ae01.alicdn.com\/kf\/Sff17a5eed2a94b27bedd535c4b847c6aA.jpg?w=1200&#038;ssl=1\" \/><br \/>\n <br \/> <br \/>\n <img data-recalc-dims=\"1\" decoding=\"async\" class=\"detail-desc-decorate-image\" src=\"https:\/\/i0.wp.com\/ae01.alicdn.com\/kf\/S45d1372ad969486dab7eacb023264262K.jpg?w=1200&#038;ssl=1\" \/><br \/>\n <br \/> \n<\/div>\n<\/p><\/div>\n<\/div>\n","protected":false},"excerpt":{"rendered":"<p>For Nissan Patrol GQ Y60 GR 1987 1988 1989 1990 1991 1992 1993 1994 1995 1996 1997 Light Source:LEDMaterial Type:Silicone LEDVoltage:12VSpecial Features:High PowerApplicable models:Specialpackage include:1 pair=2pcs<\/p>\n","protected":false},"featured_media":42577,"template":"","meta":{"neve_meta_sidebar":"","neve_meta_container":"","neve_meta_enable_content_width":"","neve_meta_content_width":0,"neve_meta_title_alignment":"","neve_meta_author_avatar":"","neve_post_elements_order":"","neve_meta_disable_header":"","neve_meta_disable_footer":"","neve_meta_disable_title":""},"product_brand":[],"product_cat":[95,19,17],"product_tag":[],"class_list":{"0":"post-42583","1":"product","2":"type-product","3":"status-publish","4":"has-post-thumbnail","6":"product_cat-assembleia-lampada-sinal","7":"product_cat-luzes-automotivas","8":"product_cat-pecas-e-acessorios-automotivos","10":"first","11":"instock","12":"shipping-taxable","13":"purchasable","14":"product-type-variable","15":"has-default-attributes"},"jetpack_sharing_enabled":true,"_links":{"self":[{"href":"https:\/\/listman.shop\/autoparts-br\/wp-json\/wp\/v2\/product\/42583","targetHints":{"allow":["GET"]}}],"collection":[{"href":"https:\/\/listman.shop\/autoparts-br\/wp-json\/wp\/v2\/product"}],"about":[{"href":"https:\/\/listman.shop\/autoparts-br\/wp-json\/wp\/v2\/types\/product"}],"wp:featuredmedia":[{"embeddable":true,"href":"https:\/\/listman.shop\/autoparts-br\/wp-json\/wp\/v2\/media\/42577"}],"wp:attachment":[{"href":"https:\/\/listman.shop\/autoparts-br\/wp-json\/wp\/v2\/media?parent=42583"}],"wp:term":[{"taxonomy":"product_brand","embeddable":true,"href":"https:\/\/listman.shop\/autoparts-br\/wp-json\/wp\/v2\/product_brand?post=42583"},{"taxonomy":"product_cat","embeddable":true,"href":"https:\/\/listman.shop\/autoparts-br\/wp-json\/wp\/v2\/product_cat?post=42583"},{"taxonomy":"product_tag","embeddable":true,"href":"https:\/\/listman.shop\/autoparts-br\/wp-json\/wp\/v2\/product_tag?post=42583"}],"curies":[{"name":"wp","href":"https:\/\/api.w.org\/{rel}","templated":true}]}}