{"id":42633,"date":"2025-03-27T09:14:56","date_gmt":"2025-03-27T00:14:56","guid":{"rendered":"https:\/\/listman.shop\/autoparts-br\/product\/1005006472813805\/"},"modified":"2026-04-07T23:39:06","modified_gmt":"2026-04-07T14:39:06","slug":"1005006472813805","status":"publish","type":"product","link":"https:\/\/listman.shop\/autoparts-br\/product\/1005006472813805\/","title":{"rendered":"1x carro led terceira luz de freio de alto n\u00edvel luz traseira parar l\u00e2mpada lente vermelha acess\u00f3rios para audi a3 8p rs3 2004-2012 8p 4945097 C"},"content":{"rendered":"<div class=\"detailmodule_html\">\n<div class=\"detail-desc-decorate-richtext\">\n<div class=\"detailmodule_html\">\n<div class=\"detail-desc-decorate-richtext\">\n<div>\n<\/div>\n<p><span style=\"font-size:16px\"><span style=\"font-family:Arial, Helvetica, sans-serif\"><strong><span style=\"font-family:Tahoma\">Luzes de freio de montagem central alta led terceira luzes de parada conjuntos de luz traseira para audi a3 8p rs3 2004-2013 8p4945097C<\/span><\/strong><\/span><\/span><\/p>\n<p><span style=\"font-size:16px;font-family:Tahoma\"><span style=\"font-family:Tahoma\"><strong>Caracter\u00edsticas:<\/strong><\/span><\/span><\/p>\n<p><span style=\"font-size:14px\"><span style=\"font-family:Arial, Helvetica, sans-serif\"><strong><span style=\"font-family:Tahoma\">&#8211;Alta Visibilidade:<\/span><\/strong><\/span><\/span><span style=\"font-size:14px\"><span style=\"font-family:Arial, Helvetica, sans-serif\"><span style=\"font-family:Tahoma\">Instalado mais alto na parte traseira do ve\u00edculo, tornando o sinal de freio mais vis\u00edvel para os motoristas que est\u00e3o atr\u00e1s.A cor da luz de freio de alto n\u00edvel \u00e9 vermelha, o que \u00e9 mais estimulante visualmente e pode atrair a aten\u00e7\u00e3o tanto durante o dia quanto \u00e0 noite.<\/span><\/span><\/span><\/p>\n<p><span style=\"font-size:14px\"><span style=\"font-family:Arial, Helvetica, sans-serif\"><strong><span style=\"font-family:Tahoma\">&#8211;Ilumina\u00e7\u00e3o r\u00e1pida:<\/span><\/strong><\/span><\/span><span style=\"font-size:14px\"><span style=\"font-family:Arial, Helvetica, sans-serif\"><span style=\"font-family:Tahoma\">Normalmente acende em 60 ms, o que \u00e9 muito mais r\u00e1pido que as luzes de freio tradicionais.Esta r\u00e1pida velocidade de ilumina\u00e7\u00e3o reduz o tempo de resposta do motorista que est\u00e1 atr\u00e1s e permite que o motorista que est\u00e1 atr\u00e1s observe o sinal de freio mais rapidamente, melhorando assim a seguran\u00e7a ao dirigir.<\/span><\/span><\/span><\/p>\n<p><span style=\"font-size:14px\"><span style=\"font-family:Arial, Helvetica, sans-serif\"><strong><span style=\"font-family:Tahoma\">&#8211;Longa vida:<\/span><\/strong><\/span><\/span><span style=\"font-size:14px\"><span style=\"font-family:Arial, Helvetica, sans-serif\"><span style=\"font-family:Tahoma\">usando o LED como fonte de luz, a vida \u00fatil do LED \u00e9 muito maior do que a l\u00e2mpada hal\u00f3gena tradicional.<\/span><\/span><\/span><\/p>\n<p><span style=\"font-size:14px\"><span style=\"font-family:Arial, Helvetica, sans-serif\"><strong><span style=\"font-family:Tahoma\">&#8211;Economia de energia:<\/span><\/strong><\/span><\/span><span style=\"font-size:14px\"><span style=\"font-family:Arial, Helvetica, sans-serif\"><span style=\"font-family:Tahoma\">em compara\u00e7\u00e3o com as l\u00e2mpadas hal\u00f3genas tradicionais, o LED consome muito menos energia.Al\u00e9m disso, as luzes de freio LED n\u00e3o cont\u00eam subst\u00e2ncias nocivas como o merc\u00fario, o que \u00e9 amigo do meio ambiente.<\/span><\/span><\/span><\/p>\n<p><span style=\"font-size:16px;font-family:Tahoma\"><span style=\"font-family:Tahoma\"><strong>Montagem:<\/strong><\/span><\/span><br \/><span style=\"font-family:Tahoma\"><span style=\"font-size:14px;font-family:Tahoma\"><span style=\"font-family:Tahoma\">Para Audi A3 8P RS3 2004-2013<\/span><\/span><\/span><\/p>\n<p><span style=\"font-family:Arial, Helvetica, sans-serif\"><span style=\"font-size:14px\"><span><br \/><\/span><\/span><\/span><span style=\"font-family:Arial, Helvetica, sans-serif\"><span style=\"font-size:14px\"><span style=\"font-family:Tahoma\">N\u00famero de refer\u00eancia OE: 8P4945097C<\/span><\/span><\/span><\/p>\n<p><span style=\"font-family:Arial, Helvetica, sans-serif\"><span style=\"font-size:14px\"><br \/><\/span><\/span><\/p>\n<p><span style=\"font-size:16px;font-family:Tahoma\"><span style=\"font-family:Tahoma\"><strong>Conte\u00fado do pacote:<\/strong><\/span><\/span><span style=\"font-size:14px;font-family:Tahoma\"><span style=\"font-family:Tahoma\">1 unidade<\/span><\/span><\/p>\n<div>\n<p><img data-recalc-dims=\"1\" decoding=\"async\" src=\"https:\/\/i0.wp.com\/ae01.alicdn.com\/kf\/S165da802ca4443e480bdcb4b06b0c46bW.jpg?w=1200&#038;ssl=1\" data-src=\"https:\/\/ae01.alicdn.com\/kf\/S165da802ca4443e480bdcb4b06b0c46bW.jpg\"><\/p>\n<p><img data-recalc-dims=\"1\" decoding=\"async\" src=\"https:\/\/i0.wp.com\/ae01.alicdn.com\/kf\/S38ee032fe2a745b98d51db43a28c1674p.jpg?w=1200&#038;ssl=1\" data-src=\"https:\/\/ae01.alicdn.com\/kf\/S38ee032fe2a745b98d51db43a28c1674p.jpg\"><\/p>\n<p><img data-recalc-dims=\"1\" decoding=\"async\" src=\"https:\/\/i0.wp.com\/ae01.alicdn.com\/kf\/Sf837e9093ea14901a92344705691cd84C.jpg?w=1200&#038;ssl=1\" data-src=\"https:\/\/ae01.alicdn.com\/kf\/Sf837e9093ea14901a92344705691cd84C.jpg\"><\/p>\n<p><img data-recalc-dims=\"1\" decoding=\"async\" src=\"https:\/\/i0.wp.com\/ae01.alicdn.com\/kf\/S1f63d5a470d84bdd896c87d976e436a94.jpg?w=1200&#038;ssl=1\" data-src=\"https:\/\/ae01.alicdn.com\/kf\/S1f63d5a470d84bdd896c87d976e436a94.jpg\"><\/p>\n<p><img data-recalc-dims=\"1\" decoding=\"async\" src=\"https:\/\/i0.wp.com\/ae01.alicdn.com\/kf\/S8b109059f725481d9503b35499c568d0S.jpg?w=1200&#038;ssl=1\" data-src=\"https:\/\/ae01.alicdn.com\/kf\/S8b109059f725481d9503b35499c568d0S.jpg\"><\/p>\n<p><img data-recalc-dims=\"1\" decoding=\"async\" src=\"https:\/\/i0.wp.com\/ae01.alicdn.com\/kf\/S8a1a91b236eb4ad88905caea5acd4afbU.jpg?w=1200&#038;ssl=1\" data-src=\"https:\/\/ae01.alicdn.com\/kf\/S8a1a91b236eb4ad88905caea5acd4afbU.jpg\"><\/p>\n<\/div>\n<p><\/div>\n<\/div>\n<\/div>\n<\/div>\n","protected":false},"excerpt":{"rendered":"<p>Luzes de freio de montagem central alta led terceira luzes de parada conjuntos de luz traseira para audi a3 8p rs3 2004-2013 8p4945097C Caracter\u00edsticas: &#8211;Alta Visibilidade:Instalado mais alto na parte traseira do ve\u00edculo, tornando o sinal de freio mais vis\u00edvel para os motoristas que est\u00e3o atr\u00e1s.A cor da luz de freio de alto n\u00edvel \u00e9&hellip;&nbsp;<\/p>\n","protected":false},"featured_media":42627,"template":"","meta":{"neve_meta_sidebar":"","neve_meta_container":"","neve_meta_enable_content_width":"","neve_meta_content_width":0,"neve_meta_title_alignment":"","neve_meta_author_avatar":"","neve_post_elements_order":"","neve_meta_disable_header":"","neve_meta_disable_footer":"","neve_meta_disable_title":""},"product_brand":[],"product_cat":[72,19,17],"product_tag":[],"class_list":{"0":"post-42633","1":"product","2":"type-product","3":"status-publish","4":"has-post-thumbnail","6":"product_cat-lampada-sinalizadora","7":"product_cat-luzes-automotivas","8":"product_cat-pecas-e-acessorios-automotivos","10":"first","11":"instock","12":"shipping-taxable","13":"purchasable","14":"product-type-variable"},"jetpack_sharing_enabled":true,"_links":{"self":[{"href":"https:\/\/listman.shop\/autoparts-br\/wp-json\/wp\/v2\/product\/42633","targetHints":{"allow":["GET"]}}],"collection":[{"href":"https:\/\/listman.shop\/autoparts-br\/wp-json\/wp\/v2\/product"}],"about":[{"href":"https:\/\/listman.shop\/autoparts-br\/wp-json\/wp\/v2\/types\/product"}],"wp:featuredmedia":[{"embeddable":true,"href":"https:\/\/listman.shop\/autoparts-br\/wp-json\/wp\/v2\/media\/42627"}],"wp:attachment":[{"href":"https:\/\/listman.shop\/autoparts-br\/wp-json\/wp\/v2\/media?parent=42633"}],"wp:term":[{"taxonomy":"product_brand","embeddable":true,"href":"https:\/\/listman.shop\/autoparts-br\/wp-json\/wp\/v2\/product_brand?post=42633"},{"taxonomy":"product_cat","embeddable":true,"href":"https:\/\/listman.shop\/autoparts-br\/wp-json\/wp\/v2\/product_cat?post=42633"},{"taxonomy":"product_tag","embeddable":true,"href":"https:\/\/listman.shop\/autoparts-br\/wp-json\/wp\/v2\/product_tag?post=42633"}],"curies":[{"name":"wp","href":"https:\/\/api.w.org\/{rel}","templated":true}]}}