{"id":42740,"date":"2025-03-27T09:18:36","date_gmt":"2025-03-27T00:18:36","guid":{"rendered":"https:\/\/listman.shop\/autoparts-br\/product\/1005006667588229\/"},"modified":"2026-04-07T23:52:43","modified_gmt":"2026-04-07T14:52:43","slug":"1005006667588229","status":"publish","type":"product","link":"https:\/\/listman.shop\/autoparts-br\/product\/1005006667588229\/","title":{"rendered":"10 p\u00e7s l\u00e2mpadas led do carro 1156 ba15s p21w bau15s py21w 1157 bay15d 7440 7443 3157 144smd canbus l\u00e2mpada reversa luz de sinal volta"},"content":{"rendered":"<div class=\"detailmodule_html\">\n<div class=\"detail-desc-decorate-richtext\">\n<p><span style=\"font-size:18px;, roboto, arial, helvetica, sans-serif, simsun\">Para declara\u00e7\u00e3o CANBUS:<\/span><br \/><span style=\"font-size:18px;, roboto, arial, helvetica, sans-serif, simsun\">Esta l\u00e2mpada est\u00e1 equipada com fun\u00e7\u00e3o CANBUS, 98% dos modelos n\u00e3o ter\u00e1 cintila\u00e7\u00e3o de l\u00e2mpada ou luz apagada ou erro de instrumento.Se ocorrerem os problemas acima, adicione um decodificador canbus \u00e0 l\u00e2mpada para resolver o problema.Se voc\u00ea se importa com esta regulamenta\u00e7\u00e3o, fa\u00e7a o pedido com aten\u00e7\u00e3o, obrigado.<\/span><\/p>\n<div class=\"detailmodule_html\">\n<div class=\"detail-desc-decorate-richtext\">\n<div class=\"detailmodule_html\">\n<div class=\"detail-desc-decorate-richtext\">\n<p><a href=\"https:\/\/www.aliexpress.com\/item\/1005005470467221.html\" target=\"_self\" class=\"\"><img data-recalc-dims=\"1\" loading=\"lazy\" decoding=\"async\" width=\"1009\" height=\"540\" src=\"https:\/\/i0.wp.com\/ae01.alicdn.com\/kf\/S1d3d46b9746642cb8b4cf322b165ee16n.jpg?resize=1009%2C540&#038;ssl=1\"><\/a><\/p>\n<p><span style=\"font-size:18px\">Caracter\u00edstica:<\/span><\/p>\n<p><span style=\"font-size:16px;, Roboto, Arial, Helvetica, sans-serif, SimSun\">Tens\u00e3o: DC12V<\/span><br \/><span style=\"font-size:16px;, Roboto, Arial, Helvetica, sans-serif, SimSun\">Corrente: cerca de 1,75\/0,75A [Erros de medi\u00e7\u00e3o s\u00e3o normais]<\/span><br \/><span style=\"font-size:16px;, Roboto, Arial, Helvetica, sans-serif, SimSun\">Pot\u00eancia: cerca de 21w (contato \u00fanico), 3w\/9,5w (contato duplo) [Erros de medi\u00e7\u00e3o s\u00e3o normais]<\/span><br \/><span style=\"font-size:16px;, Roboto, Arial, Helvetica, sans-serif, SimSun\">L\u00famens: 2100LM<\/span><br \/><span style=\"font-size:16px;, Roboto, Arial, Helvetica, sans-serif, SimSun\">N\u00famero de LEDs: 3014-144SMD<\/span><br \/><span style=\"font-size:16px;, Roboto, Arial, Helvetica, sans-serif, SimSun\">Cor: branco\/vermelho\/amarelo (\u00e2mbar)<\/span><br \/><span style=\"font-size:16px;, Roboto, Arial, Helvetica, sans-serif, SimSun\">Aplica\u00e7\u00e3o: Carro, motocicleta, caminh\u00e3o, SUV, ATV, etc.<\/span><br \/><span style=\"font-size:16px;, Roboto, Arial, Helvetica, sans-serif, SimSun\">Teoria da Dissipa\u00e7\u00e3o de Calor: Alum\u00ednio de Avia\u00e7\u00e3o 6063<\/span><br \/><span style=\"font-size:16px;, Roboto, Arial, Helvetica, sans-serif, SimSun\">\u00c0 prova d&#8217;\u00e1gua: IP68<\/span><br \/><span style=\"font-size:16px;, Roboto, Arial, Helvetica, sans-serif, SimSun\">Uso: luzes de r\u00e9, luzes de sinaliza\u00e7\u00e3o e luzes de freio<\/span><\/p>\n<p><span style=\"font-size:18px;, roboto, arial, helvetica, sans-serif, simsun\">Esta luz s\u00f3 pode ser usada para sinais de mudan\u00e7a de dire\u00e7\u00e3o, luz de r\u00e9, luz de freio. N\u00e3o pode ser usada como far\u00f3is, far\u00f3is de neblina, luzes diurnas!!!<\/span><\/p>\n<p><span style=\"font-size:18px;, roboto, arial, helvetica, sans-serif, simsun\">Recursos do sinal de mudan\u00e7a de dire\u00e7\u00e3o do carro LED:<\/span><br \/><span style=\"font-size:18px;, roboto, arial, helvetica, sans-serif, simsun\">1.Conta de l\u00e2mpada LED 144SMD 3014, tamanho pequeno e alto brilho;<\/span><br \/><span style=\"font-size:18px;, roboto, arial, helvetica, sans-serif, simsun\">2.Placa de circuito FPC de novo material, a placa de circuito \u00e9 macia e dobr\u00e1vel e o circuito \u00e9 integrado.[O corpo da l\u00e2mpada possui prote\u00e7\u00e3o de tampa de vidro];<\/span><br \/><span style=\"font-size:18px;, roboto, arial, helvetica, sans-serif, simsun\">3.Design de fonte de corrente constante de tens\u00e3o ampla n\u00e3o polar: o sinal de mudan\u00e7a de dire\u00e7\u00e3o do carro LED pode funcionar em carros pequenos (DC12V-24);<\/span><br \/><span style=\"font-size:18px;, roboto, arial, helvetica, sans-serif, simsun\">4.Design in-situ: conecte e acenda sem alterar o circuito;<\/span><br \/><span style=\"font-size:18px;, roboto, arial, helvetica, sans-serif, simsun\">5.As pe\u00e7as de alum\u00ednio s\u00e3o ativamente dissipadas e o efeito de dissipa\u00e7\u00e3o de calor \u00e9 r\u00e1pido;<\/span><br \/><span style=\"font-size:18px;, roboto, arial, helvetica, sans-serif, simsun\">6.Menos juntas de solda para melhorar a qualidade do produto<\/span><\/p>\n<p><span style=\"font-size:18px;, roboto, arial, helvetica, sans-serif, simsun\">Se precisar instalar 4 unidades ao mesmo tempo, muito poucos carros causar\u00e3o erros ou problemas de hiper flash, compre resistor juntos para resolver o problema, 4 l\u00e2mpadas precisam de 1 par de resistores de 25 W.<\/span><\/p>\n<p><span style=\"font-size:18px;, roboto, arial, helvetica, sans-serif, simsun\">NOTA:<\/span><br \/><span style=\"font-size:18px;, roboto, arial, helvetica, sans-serif, simsun\">1.Se a l\u00e2mpada apresentar hiperflash ou erro, adicione um decodificador de resistor de carga.<\/span><br \/><span style=\"font-size:18px;, roboto, arial, helvetica, sans-serif, simsun\">2.Com fonte de alimenta\u00e7\u00e3o DC 12v, pode-se avaliar se a pr\u00f3pria l\u00e2mpada est\u00e1 funcionando.<\/span><br \/><span style=\"font-size:18px;, roboto, arial, helvetica, sans-serif, simsun\">3. confirme seu soquete antes de fazer um pedido. Obrigado.<\/span><\/p>\n<\/div>\n<\/div>\n<\/div>\n<\/div>\n<p><\/p>\n<div class=\"detailmodule_html\">\n<div class=\"detail-desc-decorate-richtext\">\n<div class=\"detailmodule_html\">\n<div class=\"detail-desc-decorate-richtext\">\n<div style=\", roboto, arial, helvetica, sans-serif, simsun;font-size:14px;font-weight:400;letter-spacing:normal;text-align:start;white-space:normal;margin:0px;margin-bottom:0px;margin-top:0px;margin-left:0px;margin-right:0px;padding:0px;padding-bottom:0px;padding-top:0px;padding-left:0px;padding-right:0px\" align=\"start\"><img data-recalc-dims=\"1\" loading=\"lazy\" decoding=\"async\" width=\"986\" height=\"750\" src=\"https:\/\/i0.wp.com\/ae01.alicdn.com\/kf\/S966aeabdc03547909beca8b255b997ddF.jpg?resize=986%2C750&#038;ssl=1\"><\/div>\n<div style=\", roboto, arial, helvetica, sans-serif, simsun;font-size:14px;font-weight:400;letter-spacing:normal;text-align:start;white-space:normal;margin:0px;margin-bottom:0px;margin-top:0px;margin-left:0px;margin-right:0px;padding:0px;padding-bottom:0px;padding-top:0px;padding-left:0px;padding-right:0px\" align=\"start\"><img data-recalc-dims=\"1\" decoding=\"async\" src=\"https:\/\/i0.wp.com\/ae01.alicdn.com\/kf\/Sfc9f27531c56451ea8af88e14ff3d069s.jpg?w=1200&#038;ssl=1\"><img data-recalc-dims=\"1\" loading=\"lazy\" decoding=\"async\" width=\"1000\" height=\"1000\" src=\"https:\/\/i0.wp.com\/ae01.alicdn.com\/kf\/S6508ada66fc849fea7d8458f30dbcaf8S.jpg?resize=1000%2C1000&#038;ssl=1\"><\/div>\n<p><img data-recalc-dims=\"1\" decoding=\"async\" src=\"https:\/\/i0.wp.com\/ae01.alicdn.com\/kf\/Sd84467b23cf3455db66c39eeeda36714X.jpg?w=1200&#038;ssl=1\"><img data-recalc-dims=\"1\" decoding=\"async\" src=\"https:\/\/i0.wp.com\/ae01.alicdn.com\/kf\/Sabdd819bef2d458ebb05adac9957b59bd.jpg?w=1200&#038;ssl=1\"><img data-recalc-dims=\"1\" decoding=\"async\" src=\"https:\/\/i0.wp.com\/ae01.alicdn.com\/kf\/S14ae088d4afd460aa98d8d1b46f9d491H.jpg?w=1200&#038;ssl=1\"><img data-recalc-dims=\"1\" decoding=\"async\" src=\"https:\/\/i0.wp.com\/ae01.alicdn.com\/kf\/S47c4cedbd03d4dba8c54ef1e3eb67befK.jpg?w=1200&#038;ssl=1\"><img data-recalc-dims=\"1\" loading=\"lazy\" decoding=\"async\" width=\"1000\" height=\"1000\" src=\"https:\/\/i0.wp.com\/ae01.alicdn.com\/kf\/S0d8f0ab75ff9410f84be783b6e5e5228n.jpg?resize=1000%2C1000&#038;ssl=1\"><img data-recalc-dims=\"1\" loading=\"lazy\" decoding=\"async\" width=\"1000\" height=\"882\" src=\"https:\/\/i0.wp.com\/ae01.alicdn.com\/kf\/S350989dc946f4a0aae72379883247b0dI.jpg?resize=1000%2C882&#038;ssl=1\"><\/p>\n<\/div>\n<\/div>\n<\/div>\n<\/div>\n<p><\/p>\n<\/div>\n<\/div>\n","protected":false},"excerpt":{"rendered":"<p>Para declara\u00e7\u00e3o CANBUS:Esta l\u00e2mpada est\u00e1 equipada com fun\u00e7\u00e3o CANBUS, 98% dos modelos n\u00e3o ter\u00e1 cintila\u00e7\u00e3o de l\u00e2mpada ou luz apagada ou erro de instrumento.Se ocorrerem os problemas acima, adicione um decodificador canbus \u00e0 l\u00e2mpada para resolver o problema.Se voc\u00ea se importa com esta regulamenta\u00e7\u00e3o, fa\u00e7a o pedido com aten\u00e7\u00e3o, obrigado. Caracter\u00edstica: Tens\u00e3o: DC12VCorrente: cerca de&hellip;&nbsp;<\/p>\n","protected":false},"featured_media":42734,"template":"","meta":{"neve_meta_sidebar":"","neve_meta_container":"","neve_meta_enable_content_width":"","neve_meta_content_width":0,"neve_meta_title_alignment":"","neve_meta_author_avatar":"","neve_post_elements_order":"","neve_meta_disable_header":"","neve_meta_disable_footer":"","neve_meta_disable_title":""},"product_brand":[],"product_cat":[72,19,17],"product_tag":[],"class_list":{"0":"post-42740","1":"product","2":"type-product","3":"status-publish","4":"has-post-thumbnail","6":"product_cat-lampada-sinalizadora","7":"product_cat-luzes-automotivas","8":"product_cat-pecas-e-acessorios-automotivos","10":"first","11":"instock","12":"shipping-taxable","13":"purchasable","14":"product-type-variable","15":"has-default-attributes"},"jetpack_sharing_enabled":true,"_links":{"self":[{"href":"https:\/\/listman.shop\/autoparts-br\/wp-json\/wp\/v2\/product\/42740","targetHints":{"allow":["GET"]}}],"collection":[{"href":"https:\/\/listman.shop\/autoparts-br\/wp-json\/wp\/v2\/product"}],"about":[{"href":"https:\/\/listman.shop\/autoparts-br\/wp-json\/wp\/v2\/types\/product"}],"wp:featuredmedia":[{"embeddable":true,"href":"https:\/\/listman.shop\/autoparts-br\/wp-json\/wp\/v2\/media\/42734"}],"wp:attachment":[{"href":"https:\/\/listman.shop\/autoparts-br\/wp-json\/wp\/v2\/media?parent=42740"}],"wp:term":[{"taxonomy":"product_brand","embeddable":true,"href":"https:\/\/listman.shop\/autoparts-br\/wp-json\/wp\/v2\/product_brand?post=42740"},{"taxonomy":"product_cat","embeddable":true,"href":"https:\/\/listman.shop\/autoparts-br\/wp-json\/wp\/v2\/product_cat?post=42740"},{"taxonomy":"product_tag","embeddable":true,"href":"https:\/\/listman.shop\/autoparts-br\/wp-json\/wp\/v2\/product_tag?post=42740"}],"curies":[{"name":"wp","href":"https:\/\/api.w.org\/{rel}","templated":true}]}}